{"id":776,"date":"2019-09-25T16:22:34","date_gmt":"2019-09-25T16:22:34","guid":{"rendered":"https:\/\/center4smiles.com\/pagina-inicial\/reconhecimento-internacional\/"},"modified":"2019-09-25T16:22:37","modified_gmt":"2019-09-25T16:22:37","slug":"reconhecimento-internacional","status":"publish","type":"page","link":"https:\/\/center4smiles.com\/pt-br\/pagina-inicial\/reconhecimento-internacional\/","title":{"rendered":"Reconhecimento internacional"},"content":{"rendered":"<div class=\"wpb-content-wrapper\"><p>[vc_row section_type=&#8221;fullwidth&#8221; padding_top_multiplier=&#8221;&#8221; padding_bottom_multiplier=&#8221;&#8221; columns_gap=&#8221;none&#8221;][vc_column]<div class=\"grve-element grve-image grve-align-center\" style=\"\">  <div class=\"grve-image-wrapper\"><img loading=\"lazy\" decoding=\"async\" width=\"1920\" height=\"400\" src=\"https:\/\/center4smiles.com\/wp-content\/uploads\/2019\/09\/InternationalRecognition.jpg\" class=\"attachment-full size-full\" alt=\"Dr Orphanos International Recognition\" srcset=\"https:\/\/center4smiles.com\/wp-content\/uploads\/2019\/09\/InternationalRecognition.jpg 1920w, https:\/\/center4smiles.com\/wp-content\/uploads\/2019\/09\/InternationalRecognition-300x63.jpg 300w, https:\/\/center4smiles.com\/wp-content\/uploads\/2019\/09\/InternationalRecognition-768x160.jpg 768w, https:\/\/center4smiles.com\/wp-content\/uploads\/2019\/09\/InternationalRecognition-1024x213.jpg 1024w\" sizes=\"auto, (max-width: 1920px) 100vw, 1920px\" \/>   <\/div><\/div>[\/vc_column][\/vc_row][vc_row padding_bottom_multiplier=&#8221;2x&#8221;][vc_column][vc_column_text]<\/p>\n<h2 style=\"text-align: center;\">All-On-4\u00ae do Dr. Orphanos<\/h2>\n<h3 style=\"text-align: center;\">Est\u00e1 no seu Armamentarium?<\/h3>\n<p>[\/vc_column_text]<div class=\"grve-empty-space grve-height-1x\" style=\"\"><\/div>[vc_row_inner][vc_column_inner width=&#8221;2\/3&#8243;][vc_column_text]O Dr. Orphanos sentiu a necessidade de investigar uma solu\u00e7\u00e3o mais simples para restaura\u00e7\u00f5es suportadas por implantes dent\u00e1rios de arcada completa. Os enxertos \u00f3sseos requerem tempos de cicatriza\u00e7\u00e3o substanciais. Portanto, abordagens encenadas para a coloca\u00e7\u00e3o de implantes dent\u00e1rios e a necessidade de v\u00e1rias restaura\u00e7\u00f5es provis\u00f3rias se apresentaram como um obst\u00e1culo para os pacientes. Porque eles poderiam enfrentar v\u00e1rias restaura\u00e7\u00f5es, o que significava mais tempo e dinheiro.<\/p>\n<p>Para muitos pacientes, encontrar esse plano de tratamento consumia muito tempo. O treinamento em implantes dent\u00e1rios n\u00e3o era apenas uma preocupa\u00e7\u00e3o de tempo, mas tamb\u00e9m um custo financeiro. A solu\u00e7\u00e3o All on 4 paciente foi a resposta para essas duas preocupa\u00e7\u00f5es. Todos os quatro requerem menos tempo para concluir a cirurgia. O que significa que o custo \u00e9 menor para o paciente.<br \/>\n[\/vc_column_text][\/vc_column_inner][vc_column_inner width=&#8221;1\/3&#8243;]<div class=\"grve-element grve-image grve-align-center\" style=\"\">  <div class=\"grve-image-wrapper\"><img loading=\"lazy\" decoding=\"async\" width=\"380\" height=\"156\" src=\"https:\/\/center4smiles.com\/wp-content\/uploads\/2019\/09\/DrOLecture.jpg\" class=\"attachment-full size-full\" alt=\"Dr Orphanos Lecture\" srcset=\"https:\/\/center4smiles.com\/wp-content\/uploads\/2019\/09\/DrOLecture.jpg 380w, https:\/\/center4smiles.com\/wp-content\/uploads\/2019\/09\/DrOLecture-300x123.jpg 300w\" sizes=\"auto, (max-width: 380px) 100vw, 380px\" \/>   <\/div><\/div>[\/vc_column_inner][\/vc_row_inner]<div class=\"grve-empty-space grve-height-1x\" style=\"\"><\/div>[vc_column_text]<\/p>\n<h3 style=\"text-align: center;\">Treinamento em implantes dent\u00e1rios All On 4\u00ae<\/h3>\n<p>[\/vc_column_text]<div class=\"grve-empty-space grve-height-1x\" style=\"\"><\/div>[vc_row_inner][vc_column_inner width=&#8221;1\/3&#8243;]<div class=\"grve-element grve-image grve-align-center\" style=\"\">  <div class=\"grve-image-wrapper\"><img loading=\"lazy\" decoding=\"async\" width=\"380\" height=\"205\" src=\"https:\/\/center4smiles.com\/wp-content\/uploads\/2019\/09\/DrOTraining.jpg\" class=\"attachment-full size-full\" alt=\"Dr Orphanos Training\" srcset=\"https:\/\/center4smiles.com\/wp-content\/uploads\/2019\/09\/DrOTraining.jpg 380w, https:\/\/center4smiles.com\/wp-content\/uploads\/2019\/09\/DrOTraining-300x162.jpg 300w\" sizes=\"auto, (max-width: 380px) 100vw, 380px\" \/>   <\/div><\/div>[\/vc_column_inner][vc_column_inner width=&#8221;2\/3&#8243;][vc_column_text]Tudo em quatro \u00e9 uma t\u00e9cnica de tratamento que evoluiu ao longo do tempo. \u00c9 ensinado como um processo preciso de implante dent\u00e1rio. Os implantes s\u00e3o colocados com precis\u00e3o na parte superior e inferior da boca. Tudo no Four oferece benef\u00edcios significativos. Os pacientes obt\u00eam restaura\u00e7\u00e3o completa do arco, al\u00e9m de reduzir a necessidade de um gr\u00e1fico \u00f3sseo. Tamb\u00e9m reduz a perda \u00f3ssea adicional e reduz o tempo de instala\u00e7\u00e3o.<\/p>\n<p>Esse processo restaurar\u00e1 seu sorriso completo. Essa \u00e9 a beleza do all-on-four. O conceito de tratamento All-on-4 deve seu nome \u00e0 pr\u00f3pria natureza do m\u00e9todo. Pelo menos doze dentes fixados na mand\u00edbula, baseados apenas em quatro implantes de tit\u00e2nio.<\/p>\n<p>Como o implante \u00e9 feito de tit\u00e2nio, ele pode se fundir ao osso vivo. E essa habilidade \u00fanica permite que ela funcione como parte dela. Eventualmente, o implante dent\u00e1rio torna-se parte do maxilar. Isso serve como uma base forte e duradoura para os novos dentes.[\/vc_column_text][\/vc_column_inner][\/vc_row_inner]<div class=\"grve-empty-space grve-height-1x\" style=\"\"><\/div>[vc_column_text]<\/p>\n<h3 style=\"text-align: center;\">Dr. Orphanos em Confer\u00eancias Internacionais<\/h3>\n<p>[\/vc_column_text]<div class=\"grve-empty-space grve-height-1x\" style=\"\"><\/div>[vc_row_inner][vc_column_inner width=&#8221;2\/3&#8243;][vc_column_text]O Dr. Orphanos viaja regularmente para confer\u00eancias internacionais para ser o orador principal do procedimento All on 4\u00ae. Ele oferece um curso de treinamento de 2 dias, al\u00e9m de falar em p\u00fablico.[\/vc_column_text][vc_column_text]O Curso de Implante Dent\u00e1rio \u00e9 oferecido no Orphanos Implant Center. Este \u00e9 um estudo de curso de dois dias sobre o procedimento All on 4\u00ae. Ele foi projetado para ser um estudo de curso completo e abrangente, mas tamb\u00e9m para fornecer ao cl\u00ednico o conhecimento mais recente em t\u00e9cnica de implante de que eles precisam. Este curso de implante dent\u00e1rio dar\u00e1 ao dentista o conjunto de habilidades para diagnosticar e criar um plano de tratamento para o paciente. Eles tamb\u00e9m receber\u00e3o experi\u00eancia pr\u00e1tica nos aspectos cir\u00fargicos, laboratoriais e restauradores do procedimento All on 4\u00ae.<\/p>\n<p>O protocolo de est\u00e9tica orientado pelo Dr. Orphanos instruir\u00e1 os participantes do curso sobre implantes dent\u00e1rios sobre esse processo. Os participantes aprender\u00e3o definitivamente como tamb\u00e9m melhorar o sorriso do paciente, bem como aprimorar os tecidos moles faciais do paciente.[\/vc_column_text]<div class=\"grve-empty-space\" style=\"height: 30px;\"><\/div>[\/vc_column_inner][vc_column_inner width=&#8221;1\/3&#8243;]<div class=\"grve-element grve-image grve-align-center\" style=\"\">  <div class=\"grve-image-wrapper\"><img loading=\"lazy\" decoding=\"async\" width=\"380\" height=\"205\" src=\"https:\/\/center4smiles.com\/wp-content\/uploads\/2019\/09\/DrOInternational.jpg\" class=\"attachment-full size-full\" alt=\"Dr Orphanos International Recognition\" srcset=\"https:\/\/center4smiles.com\/wp-content\/uploads\/2019\/09\/DrOInternational.jpg 380w, https:\/\/center4smiles.com\/wp-content\/uploads\/2019\/09\/DrOInternational-300x162.jpg 300w\" sizes=\"auto, (max-width: 380px) 100vw, 380px\" \/>   <\/div><\/div>[\/vc_column_inner][vc_column_inner][vc_column_text]O componente did\u00e1tico do curso mostra tr\u00eas pacientes com diferentes posi\u00e7\u00f5es da borda incisal. Eles incluem extrudados demais, a posi\u00e7\u00e3o correta e posicionados apicamente. As ramifica\u00e7\u00f5es de encontrar todos os tr\u00eas cen\u00e1rios ser\u00e3o discutidas. Tamb\u00e9m deve ser discutido como tratar cada caso. Previsivelmente melhorar a est\u00e9tica e a fon\u00e9tica dos pacientes. Al\u00e9m de sua fun\u00e7\u00e3o e suporte de tecidos moles, ser\u00e3o discutidos crit\u00e9rios est\u00e9ticos cr\u00edticos, como posi\u00e7\u00e3o e mobilidade dos l\u00e1bios, sulcos nasolabiais, sulcos nasomentais e linhas de Marionette. O curso do Dr. Orphanos \u00e9 bastante singular, pois trata das preocupa\u00e7\u00f5es do paciente com rela\u00e7\u00e3o ao tecido mole at\u00e9 o esquema oclusal.<\/p>\n<p>Al\u00e9m disso, ele ilustrar\u00e1 como alterar efetivamente a apar\u00eancia dos tecidos moles de um paciente, al\u00e9m de melhorar o sorriso do paciente e proporcionar uma oclus\u00e3o funcional. Seu protocolo tamb\u00e9m ilustra um diagn\u00f3stico passo a passo e t\u00e9cnica cir\u00fargica. A abordagem do Dr. Orphanos fornecer\u00e1 efetivamente um resultado que excede as expectativas dos pacientes.<\/p>\n<p>O curso n\u00e3o se limita aos aspectos de tratamento abrangentes do procedimento. Ele tamb\u00e9m discute a t\u00e9cnica de apresenta\u00e7\u00e3o de casos, bem como a utiliza\u00e7\u00e3o do Keynote for Mac para realizar uma apresenta\u00e7\u00e3o incr\u00edvel do lado da cadeira. Os participantes ser\u00e3o ensinados a fornecer um efeito &#8220;uau&#8221; ao apresentar um caso ao paciente. Os benef\u00edcios da fotografia ser\u00e3o discutidos, bem como o uso da c\u00e2mera e a t\u00e9cnica fotogr\u00e1fica. Os participantes s\u00e3o incentivados a trazer um laptop Mac e suas c\u00e2meras.<\/p>\n<p>Portanto, este curso tamb\u00e9m n\u00e3o se destina ao iniciante. Em vez disso, o curso foi desenvolvido pelo Dr. Orphanos para aqueles que j\u00e1 possuem extensa experi\u00eancia em implantes, mas n\u00e3o possuem o protocolo de arco completo imediato em seus recursos cl\u00ednicos.[\/vc_column_text][\/vc_column_inner][\/vc_row_inner][\/vc_column][\/vc_row]<\/p>\n<\/div>","protected":false},"excerpt":{"rendered":"<p>[vc_row section_type=&#8221;fullwidth&#8221; padding_top_multiplier=&#8221;&#8221; padding_bottom_multiplier=&#8221;&#8221; columns_gap=&#8221;none&#8221;][vc_column][\/vc_column][\/vc_row][vc_row padding_bottom_multiplier=&#8221;2x&#8221;][vc_column][vc_column_text] All-On-4\u00ae do Dr. Orphanos Est\u00e1 no seu Armamentarium? [\/vc_column_text][vc_row_inner][vc_column_inner width=&#8221;2\/3&#8243;][vc_column_text]O Dr. Orphanos sentiu a necessidade de investigar uma solu\u00e7\u00e3o mais simples para restaura\u00e7\u00f5es suportadas por implantes dent\u00e1rios de arcada completa. Os enxertos \u00f3sseos requerem tempos de cicatriza\u00e7\u00e3o substanciais. Portanto, abordagens encenadas para a coloca\u00e7\u00e3o de implantes dent\u00e1rios e a [&hellip;]<\/p>\n","protected":false},"author":1,"featured_media":0,"parent":445,"menu_order":0,"comment_status":"closed","ping_status":"closed","template":"","meta":{"footnotes":""},"class_list":["post-776","page","type-page","status-publish","hentry"],"yoast_head":"<!-- This site is optimized with the Yoast SEO plugin v25.4 - https:\/\/yoast.com\/wordpress\/plugins\/seo\/ -->\n<title>Dr. Orphanos Orador P\u00fablico Internacionalmente Reconhecido - Center 4 Smiles<\/title>\n<meta name=\"description\" content=\"O Dr. Orphanos sentiu a necessidade de investigar uma solu\u00e7\u00e3o mais simples para restaura\u00e7\u00f5es suportadas por implantes de arcada dent\u00e1ria do que enxertos \u00f3sseos.\" \/>\n<meta name=\"robots\" content=\"index, follow, max-snippet:-1, max-image-preview:large, max-video-preview:-1\" \/>\n<link rel=\"canonical\" href=\"https:\/\/center4smiles.com\/pt-br\/pagina-inicial\/reconhecimento-internacional\/\" \/>\n<meta property=\"og:locale\" content=\"pt_BR\" \/>\n<meta property=\"og:type\" content=\"article\" \/>\n<meta property=\"og:title\" content=\"Dr. Orphanos Orador P\u00fablico Internacionalmente Reconhecido - Center 4 Smiles\" \/>\n<meta property=\"og:description\" content=\"O Dr. Orphanos sentiu a necessidade de investigar uma solu\u00e7\u00e3o mais simples para restaura\u00e7\u00f5es suportadas por implantes de arcada dent\u00e1ria do que enxertos \u00f3sseos.\" \/>\n<meta property=\"og:url\" content=\"https:\/\/center4smiles.com\/pt-br\/pagina-inicial\/reconhecimento-internacional\/\" \/>\n<meta property=\"og:site_name\" content=\"Center 4 Smiles\" \/>\n<meta property=\"article:modified_time\" content=\"2019-09-25T16:22:37+00:00\" \/>\n<meta name=\"twitter:card\" content=\"summary_large_image\" \/>\n<meta name=\"twitter:label1\" content=\"Est. tempo de leitura\" \/>\n\t<meta name=\"twitter:data1\" content=\"5 minutos\" \/>\n<script type=\"application\/ld+json\" class=\"yoast-schema-graph\">{\"@context\":\"https:\/\/schema.org\",\"@graph\":[{\"@type\":\"WebPage\",\"@id\":\"https:\/\/center4smiles.com\/pt-br\/pagina-inicial\/reconhecimento-internacional\/\",\"url\":\"https:\/\/center4smiles.com\/pt-br\/pagina-inicial\/reconhecimento-internacional\/\",\"name\":\"Dr. Orphanos Orador P\u00fablico Internacionalmente Reconhecido - Center 4 Smiles\",\"isPartOf\":{\"@id\":\"https:\/\/center4smiles.com\/pt-br\/#website\"},\"datePublished\":\"2019-09-25T16:22:34+00:00\",\"dateModified\":\"2019-09-25T16:22:37+00:00\",\"description\":\"O Dr. Orphanos sentiu a necessidade de investigar uma solu\u00e7\u00e3o mais simples para restaura\u00e7\u00f5es suportadas por implantes de arcada dent\u00e1ria do que enxertos \u00f3sseos.\",\"breadcrumb\":{\"@id\":\"https:\/\/center4smiles.com\/pt-br\/pagina-inicial\/reconhecimento-internacional\/#breadcrumb\"},\"inLanguage\":\"pt-BR\",\"potentialAction\":[{\"@type\":\"ReadAction\",\"target\":[\"https:\/\/center4smiles.com\/pt-br\/pagina-inicial\/reconhecimento-internacional\/\"]}]},{\"@type\":\"BreadcrumbList\",\"@id\":\"https:\/\/center4smiles.com\/pt-br\/pagina-inicial\/reconhecimento-internacional\/#breadcrumb\",\"itemListElement\":[{\"@type\":\"ListItem\",\"position\":1,\"name\":\"Home\",\"item\":\"https:\/\/center4smiles.com\/pt-br\/pagina-inicial\/\"},{\"@type\":\"ListItem\",\"position\":2,\"name\":\"P\u00e1gina Inicial\",\"item\":\"https:\/\/center4smiles.com\/pt-br\/pagina-inicial\/\"},{\"@type\":\"ListItem\",\"position\":3,\"name\":\"Reconhecimento internacional\"}]},{\"@type\":\"WebSite\",\"@id\":\"https:\/\/center4smiles.com\/pt-br\/#website\",\"url\":\"https:\/\/center4smiles.com\/pt-br\/\",\"name\":\"Center 4 Smiles\",\"description\":\"Dental Implants &amp; Specialty Center\",\"potentialAction\":[{\"@type\":\"SearchAction\",\"target\":{\"@type\":\"EntryPoint\",\"urlTemplate\":\"https:\/\/center4smiles.com\/pt-br\/?s={search_term_string}\"},\"query-input\":{\"@type\":\"PropertyValueSpecification\",\"valueRequired\":true,\"valueName\":\"search_term_string\"}}],\"inLanguage\":\"pt-BR\"}]}<\/script>\n<!-- \/ Yoast SEO plugin. -->","yoast_head_json":{"title":"Dr. Orphanos Orador P\u00fablico Internacionalmente Reconhecido - Center 4 Smiles","description":"O Dr. Orphanos sentiu a necessidade de investigar uma solu\u00e7\u00e3o mais simples para restaura\u00e7\u00f5es suportadas por implantes de arcada dent\u00e1ria do que enxertos \u00f3sseos.","robots":{"index":"index","follow":"follow","max-snippet":"max-snippet:-1","max-image-preview":"max-image-preview:large","max-video-preview":"max-video-preview:-1"},"canonical":"https:\/\/center4smiles.com\/pt-br\/pagina-inicial\/reconhecimento-internacional\/","og_locale":"pt_BR","og_type":"article","og_title":"Dr. Orphanos Orador P\u00fablico Internacionalmente Reconhecido - Center 4 Smiles","og_description":"O Dr. Orphanos sentiu a necessidade de investigar uma solu\u00e7\u00e3o mais simples para restaura\u00e7\u00f5es suportadas por implantes de arcada dent\u00e1ria do que enxertos \u00f3sseos.","og_url":"https:\/\/center4smiles.com\/pt-br\/pagina-inicial\/reconhecimento-internacional\/","og_site_name":"Center 4 Smiles","article_modified_time":"2019-09-25T16:22:37+00:00","twitter_card":"summary_large_image","twitter_misc":{"Est. tempo de leitura":"5 minutos"},"schema":{"@context":"https:\/\/schema.org","@graph":[{"@type":"WebPage","@id":"https:\/\/center4smiles.com\/pt-br\/pagina-inicial\/reconhecimento-internacional\/","url":"https:\/\/center4smiles.com\/pt-br\/pagina-inicial\/reconhecimento-internacional\/","name":"Dr. Orphanos Orador P\u00fablico Internacionalmente Reconhecido - Center 4 Smiles","isPartOf":{"@id":"https:\/\/center4smiles.com\/pt-br\/#website"},"datePublished":"2019-09-25T16:22:34+00:00","dateModified":"2019-09-25T16:22:37+00:00","description":"O Dr. Orphanos sentiu a necessidade de investigar uma solu\u00e7\u00e3o mais simples para restaura\u00e7\u00f5es suportadas por implantes de arcada dent\u00e1ria do que enxertos \u00f3sseos.","breadcrumb":{"@id":"https:\/\/center4smiles.com\/pt-br\/pagina-inicial\/reconhecimento-internacional\/#breadcrumb"},"inLanguage":"pt-BR","potentialAction":[{"@type":"ReadAction","target":["https:\/\/center4smiles.com\/pt-br\/pagina-inicial\/reconhecimento-internacional\/"]}]},{"@type":"BreadcrumbList","@id":"https:\/\/center4smiles.com\/pt-br\/pagina-inicial\/reconhecimento-internacional\/#breadcrumb","itemListElement":[{"@type":"ListItem","position":1,"name":"Home","item":"https:\/\/center4smiles.com\/pt-br\/pagina-inicial\/"},{"@type":"ListItem","position":2,"name":"P\u00e1gina Inicial","item":"https:\/\/center4smiles.com\/pt-br\/pagina-inicial\/"},{"@type":"ListItem","position":3,"name":"Reconhecimento internacional"}]},{"@type":"WebSite","@id":"https:\/\/center4smiles.com\/pt-br\/#website","url":"https:\/\/center4smiles.com\/pt-br\/","name":"Center 4 Smiles","description":"Dental Implants &amp; Specialty Center","potentialAction":[{"@type":"SearchAction","target":{"@type":"EntryPoint","urlTemplate":"https:\/\/center4smiles.com\/pt-br\/?s={search_term_string}"},"query-input":{"@type":"PropertyValueSpecification","valueRequired":true,"valueName":"search_term_string"}}],"inLanguage":"pt-BR"}]}},"_links":{"self":[{"href":"https:\/\/center4smiles.com\/pt-br\/wp-json\/wp\/v2\/pages\/776","targetHints":{"allow":["GET"]}}],"collection":[{"href":"https:\/\/center4smiles.com\/pt-br\/wp-json\/wp\/v2\/pages"}],"about":[{"href":"https:\/\/center4smiles.com\/pt-br\/wp-json\/wp\/v2\/types\/page"}],"author":[{"embeddable":true,"href":"https:\/\/center4smiles.com\/pt-br\/wp-json\/wp\/v2\/users\/1"}],"replies":[{"embeddable":true,"href":"https:\/\/center4smiles.com\/pt-br\/wp-json\/wp\/v2\/comments?post=776"}],"version-history":[{"count":1,"href":"https:\/\/center4smiles.com\/pt-br\/wp-json\/wp\/v2\/pages\/776\/revisions"}],"predecessor-version":[{"id":777,"href":"https:\/\/center4smiles.com\/pt-br\/wp-json\/wp\/v2\/pages\/776\/revisions\/777"}],"up":[{"embeddable":true,"href":"https:\/\/center4smiles.com\/pt-br\/wp-json\/wp\/v2\/pages\/445"}],"wp:attachment":[{"href":"https:\/\/center4smiles.com\/pt-br\/wp-json\/wp\/v2\/media?parent=776"}],"curies":[{"name":"wp","href":"https:\/\/api.w.org\/{rel}","templated":true}]}}