{"id":712,"date":"2019-09-25T15:17:16","date_gmt":"2019-09-25T15:17:16","guid":{"rendered":"https:\/\/center4smiles.com\/pagina-inicial\/principais-diferencas\/"},"modified":"2019-09-25T15:29:41","modified_gmt":"2019-09-25T15:29:41","slug":"principais-diferencas","status":"publish","type":"page","link":"https:\/\/center4smiles.com\/pt-br\/pagina-inicial\/principais-diferencas\/","title":{"rendered":"Principais diferen\u00e7as"},"content":{"rendered":"<div class=\"wpb-content-wrapper\"><p>[vc_row section_type=&#8221;fullwidth&#8221; padding_top_multiplier=&#8221;&#8221; padding_bottom_multiplier=&#8221;&#8221; columns_gap=&#8221;none&#8221;][vc_column]<div class=\"grve-element grve-image grve-align-center\" style=\"\">  <div class=\"grve-image-wrapper\"><img loading=\"lazy\" decoding=\"async\" width=\"1920\" height=\"400\" src=\"https:\/\/center4smiles.com\/wp-content\/uploads\/2019\/09\/KeyDifferences.jpg\" class=\"attachment-full size-full\" alt=\"Especialistas em Sorrisos do Center 4\" srcset=\"https:\/\/center4smiles.com\/wp-content\/uploads\/2019\/09\/KeyDifferences.jpg 1920w, https:\/\/center4smiles.com\/wp-content\/uploads\/2019\/09\/KeyDifferences-300x63.jpg 300w, https:\/\/center4smiles.com\/wp-content\/uploads\/2019\/09\/KeyDifferences-768x160.jpg 768w, https:\/\/center4smiles.com\/wp-content\/uploads\/2019\/09\/KeyDifferences-1024x213.jpg 1024w\" sizes=\"auto, (max-width: 1920px) 100vw, 1920px\" \/>   <\/div><\/div>[\/vc_column][\/vc_row][vc_row][vc_column][vc_custom_heading text=&#8221;Tr\u00eas especialistas sob o mesmo teto&#8221; font_container=&#8221;tag:h1|text_align:center|color:%23000000&#8243; use_theme_fonts=&#8221;yes&#8221;][vc_custom_heading text=&#8221;Tr\u00eas especialistas, uma opini\u00e3o&#8221; font_container=&#8221;tag:h2|text_align:center&#8221; use_theme_fonts=&#8221;yes&#8221;][\/vc_column][\/vc_row][vc_row][vc_column width=&#8221;2\/3&#8243;][vc_column_text]O Dr. Orphanos se uniu ao Dr. Hescheles e ao Dr. Prusakowski para criar uma linha dental de estrelas que trabalha em conjunto para cuidar de qualquer procedimento odontol\u00f3gico que seus pacientes possam precisar. Por terem origens altamente especializadas, eles trazem uma perspectiva focada para seus pacientes, al\u00e9m de trabalharem de forma colaborativa para garantir que cada caso seja examinado com habilidade e profundidade. Cada um dos m\u00e9dicos adotou a tecnologia de seu com\u00e9rcio de bra\u00e7os abertos e s\u00e3o verdadeiros especialistas em seu campo, com os equipamentos mais atualizados.[\/vc_column_text]<div class=\"grve-empty-space grve-height-1x\" style=\"\"><\/div>[vc_column_text]<\/p>\n<h4>Nossa equipe de especialistas<\/h4>\n<p>O Dr. David Prusakowski, endodontista, ingressou na cl\u00ednica em 2008. Ele \u00e9 um especialista que usa microsc\u00f3pios avan\u00e7ados, o que \u00e9 um fator chave para o sucesso de seus procedimentos. O Dr. Craig Hescheles \u00e9 um Periodontista que se especializa em procedimentos a laser LANAP. O Dr. Hescheles foi procurado pelos parceiros para trazer suas habilidades e conhecimentos com o procedimento LANAP para o consult\u00f3rio. O LANAP \u00e9 um procedimento sem bisturi para o tratamento de doen\u00e7as gengivais ao redor de dentes e implantes.[\/vc_column_text][\/vc_column][vc_column width=&#8221;1\/3&#8243;]<div class=\"grve-element grve-image grve-align-center\" style=\"\">  <div class=\"grve-image-wrapper\"><img loading=\"lazy\" decoding=\"async\" width=\"450\" height=\"300\" src=\"https:\/\/center4smiles.com\/wp-content\/uploads\/2019\/09\/Center4Smiles2-1.jpg\" class=\"attachment-full size-full\" alt=\"Tr\u00eas especialistas uma opini\u00e3o\" srcset=\"https:\/\/center4smiles.com\/wp-content\/uploads\/2019\/09\/Center4Smiles2-1.jpg 450w, https:\/\/center4smiles.com\/wp-content\/uploads\/2019\/09\/Center4Smiles2-1-300x200.jpg 300w\" sizes=\"auto, (max-width: 450px) 100vw, 450px\" \/>   <\/div><\/div>[\/vc_column][\/vc_row][vc_row padding_top_multiplier=&#8221;&#8221;][vc_column][vc_column_text]<\/p>\n<h4>A mais recente tecnologia<\/h4>\n<p>O Center 4 Smiles \u00e9 o \u00fanico consult\u00f3rio odontol\u00f3gico da regi\u00e3o a utilizar recursos 3D, microsc\u00f3pios altamente especializados e o laser LANAP, tudo sob o mesmo teto. Como um centro de especialidades odontol\u00f3gicas, os tr\u00eas m\u00e9dicos colaboram para trazer seus m\u00faltiplos talentos a cada paciente. Todos os tr\u00eas m\u00e9dicos est\u00e3o sempre procurando exceder as expectativas de seus pacientes.[\/vc_column_text][\/vc_column][\/vc_row][vc_row][vc_column width=&#8221;1\/2&#8243;][vc_raw_html]PGlmcmFtZSBzcmM9Imh0dHBzOi8vcGxheWVyLnZpbWVvLmNvbS92aWRlby8xNjA3NTkwMjQiIHdpZHRoPSI2NDAiIGhlaWdodD0iMzYwIiBmcmFtZWJvcmRlcj0iMCIgYWxsb3c9ImF1dG9wbGF5OyBmdWxsc2NyZWVuIiBhbGxvd2Z1bGxzY3JlZW4+PC9pZnJhbWU+[\/vc_raw_html][\/vc_column][vc_column width=&#8221;1\/2&#8243;][vc_column_text]<\/p>\n<h3 style=\"color: #000;\">Tecnologia<\/h3>\n<h4>Lasers<\/h4>\n<p>O Center 4 Smiles se orgulha de ter o maior n\u00famero de lasers e lasers tecnologicamente avan\u00e7ados do mercado atualmente. O Periolase Laser foi provado ser o laser mais eficaz dispon\u00edvel e v\u00e1rias publica\u00e7\u00f5es t\u00eam elogiado seu desempenho. Continua sendo o \u00fanico laser eficaz no tratamento de todos os seguintes itens:<\/p>\n<p>\u2022 Periodontite (doen\u00e7a gengival)<br \/>\n\u2022 Mucosite peri-implantar (inflama\u00e7\u00e3o da gengiva ao redor dos implantes)<br \/>\n\u2022 Peri-implantite (infec\u00e7\u00e3o gengival e \u00f3ssea ao redor dos implantes)<br \/>\n\u2022 Regenera\u00e7\u00e3o \u00f3ssea periodontal ao redor dos dentes<\/p>\n<p>Na maioria dos casos, a necessidade de corte de goma \u00e9 substancialmente reduzida ou realmente eliminada devido ao uso deste laser.[\/vc_column_text][\/vc_column][\/vc_row][vc_row padding_top_multiplier=&#8221;&#8221;][vc_column width=&#8221;2\/3&#8243;][vc_column_text]<\/p>\n<h4>Raio X 3D<\/h4>\n<p>Como a pe\u00e7a de equipamento mais importante na \u00e1rea odontol\u00f3gica hoje em dia, isso \u00e9 crucial para a an\u00e1lise 3D, e n\u00e3o apenas para a visualiza\u00e7\u00e3o bidimensional dos raios X dos anos anteriores. A limita\u00e7\u00e3o dos raios X convencionais cria casos em que erros podem acontecer e os pacientes n\u00e3o ficam felizes. A varredura 3D elimina limita\u00e7\u00f5es e faz uma an\u00e1lise precisa, precisa e precisa para o seu tratamento. A raz\u00e3o pela qual a maioria dos consult\u00f3rios odontol\u00f3gicos n\u00e3o possui escaneamento 3D \u00e9 por causa do custo, mas a equipe do Dental Implant &#038; Specialty Center n\u00e3o poupou despesas com o tratamento de seus pacientes.[\/vc_column_text]<div class=\"grve-empty-space grve-height-1x\" style=\"\"><\/div>[vc_column_text]<\/p>\n<h4>Benef\u00edcios do uso de uma digitaliza\u00e7\u00e3o 3D<\/h4>\n<p>\u2022 Identificar um problema do canal radicular que se mascara de um problema gengival<br \/>\n\u2022 Identifica\u00e7\u00e3o de infec\u00e7\u00f5es sinusais como resultado de um problema dent\u00e1rio<br \/>\n\u2022 Identificar uma les\u00e3o reabsortiva que se mascara como um problema do canal radicular<br \/>\n\u2022 Identifica\u00e7\u00e3o de canais e ra\u00edzes adicionais que n\u00e3o foram tratados por um procedimento anterior de canal radicular<br \/>\n\u2022 Identifica\u00e7\u00e3o de infec\u00e7\u00e3o \u00f3ssea que est\u00e1 presente, mas sem sintomas<br \/>\n\u2022 Identifica\u00e7\u00e3o da localiza\u00e7\u00e3o exata das estruturas vitais antes da coloca\u00e7\u00e3o do implante<br \/>\n\u2022 Identifica\u00e7\u00e3o da localiza\u00e7\u00e3o exata da posi\u00e7\u00e3o afetada dos dentes do siso<br \/>\n\u2022 Identifica\u00e7\u00e3o da localiza\u00e7\u00e3o do nervo pr\u00f3ximo ao dente do siso impactado[\/vc_column_text][\/vc_column][vc_column width=&#8221;1\/3&#8243;]<div class=\"grve-element grve-image grve-align-center\" style=\"\">  <div class=\"grve-image-wrapper\"><img loading=\"lazy\" decoding=\"async\" width=\"380\" height=\"360\" src=\"https:\/\/center4smiles.com\/wp-content\/uploads\/2019\/09\/XRay.jpg\" class=\"attachment-full size-full\" alt=\"Raio X 3D\" srcset=\"https:\/\/center4smiles.com\/wp-content\/uploads\/2019\/09\/XRay.jpg 380w, https:\/\/center4smiles.com\/wp-content\/uploads\/2019\/09\/XRay-300x284.jpg 300w\" sizes=\"auto, (max-width: 380px) 100vw, 380px\" \/>   <\/div><\/div>[\/vc_column][\/vc_row][vc_row][vc_column width=&#8221;1\/3&#8243;]<div class=\"grve-element grve-image grve-align-center\" style=\"\">  <div class=\"grve-image-wrapper\"><img loading=\"lazy\" decoding=\"async\" width=\"450\" height=\"300\" src=\"https:\/\/center4smiles.com\/wp-content\/uploads\/2019\/09\/Center4Smiles1-1.jpg\" class=\"attachment-full size-full\" alt=\"Tecnologia Center 4 Smiles\" srcset=\"https:\/\/center4smiles.com\/wp-content\/uploads\/2019\/09\/Center4Smiles1-1.jpg 450w, https:\/\/center4smiles.com\/wp-content\/uploads\/2019\/09\/Center4Smiles1-1-300x200.jpg 300w\" sizes=\"auto, (max-width: 450px) 100vw, 450px\" \/>   <\/div><\/div>[\/vc_column][vc_column width=&#8221;2\/3&#8243;][vc_column_text]<\/p>\n<h4>Unidade piezo<\/h4>\n<p>Quando se trata de procedimentos que envolvem a manipula\u00e7\u00e3o \u00f3ssea, \u00e9 absolutamente imperativo que os especialistas tenham uma Unidade Piezoel\u00e9trica no escrit\u00f3rio. A m\u00e1quina Piezo possui tecnologia patenteada que minimiza ou elimina a necessidade de aquecer o osso. Quase todos os procedimentos, exceto os procedimentos de enxerto de tecidos moles, requerem tratamento com osso. A capacidade de minimizar o superaquecimento do osso resultar\u00e1 em um tempo de cicatriza\u00e7\u00e3o mais r\u00e1pido, menos dor para o paciente e uma melhor experi\u00eancia cir\u00fargica geral.[\/vc_column_text]<div class=\"grve-empty-space grve-height-1x\" style=\"\"><\/div>[vc_column_text]<\/p>\n<h4>Raios X digitais<\/h4>\n<p>O raio-x digital ajudou o campo dental, permitindo o uso imediato e minimizando a radia\u00e7\u00e3o para nossos pacientes. Com o software de \u00faltima gera\u00e7\u00e3o, podemos aprimorar as imagens e alterar os contrastes para que a imagem fique o mais perfeita poss\u00edvel. Isso praticamente elimina a necessidade de retomar raios-x.<\/p>\n<p>[\/vc_column_text][\/vc_column][\/vc_row][vc_row padding_top_multiplier=&#8221;&#8221; padding_bottom_multiplier=&#8221;2x&#8221;][vc_column][vc_column_text]<\/p>\n<h4>Microsc\u00f3pio cir\u00fargico<\/h4>\n<p>A amplia\u00e7\u00e3o \u00e9 absolutamente essencial para nossos pacientes e \u00e9 por isso que usamos microsc\u00f3pios que integram perfeitamente \u00f3tica de alta qualidade com capacidade de manobra perfeitamente funcional. Permite uma visualiza\u00e7\u00e3o altamente detalhada de qualquer caso odontol\u00f3gico, al\u00e9m de criar a capacidade de visualizar adequadamente os m\u00ednimos detalhes de qualquer problema. Microsc\u00f3pios dent\u00e1rios s\u00e3o uma necessidade para qualquer consult\u00f3rio odontol\u00f3gico.[\/vc_column_text][\/vc_column][\/vc_row]<\/p>\n<\/div>","protected":false},"excerpt":{"rendered":"<p>[vc_row section_type=&#8221;fullwidth&#8221; padding_top_multiplier=&#8221;&#8221; padding_bottom_multiplier=&#8221;&#8221; columns_gap=&#8221;none&#8221;][vc_column][\/vc_column][\/vc_row][vc_row][vc_column][vc_custom_heading text=&#8221;Tr\u00eas especialistas sob o mesmo teto&#8221; font_container=&#8221;tag:h1|text_align:center|color:%23000000&#8243; use_theme_fonts=&#8221;yes&#8221;][vc_custom_heading text=&#8221;Tr\u00eas especialistas, uma opini\u00e3o&#8221; font_container=&#8221;tag:h2|text_align:center&#8221; use_theme_fonts=&#8221;yes&#8221;][\/vc_column][\/vc_row][vc_row][vc_column width=&#8221;2\/3&#8243;][vc_column_text]O Dr. Orphanos se uniu ao Dr. Hescheles e ao Dr. Prusakowski para criar uma linha dental de estrelas que trabalha em conjunto para cuidar de qualquer procedimento odontol\u00f3gico que seus pacientes possam precisar. Por terem [&hellip;]<\/p>\n","protected":false},"author":1,"featured_media":0,"parent":445,"menu_order":0,"comment_status":"closed","ping_status":"closed","template":"","meta":{"footnotes":""},"class_list":["post-712","page","type-page","status-publish","hentry"],"yoast_head":"<!-- This site is optimized with the Yoast SEO plugin v25.4 - https:\/\/yoast.com\/wordpress\/plugins\/seo\/ -->\n<title>Tr\u00eas especialistas sob o mesmo teto - Center 4 Smiles<\/title>\n<meta name=\"description\" content=\"Os especialistas Dr. Orphanos, Dr. Hescheles e Dr. Prusakowski se uniram para criar uma linha dental all-star que trabalha em conjunto em qualquer procedimento odontol\u00f3gico.\" \/>\n<meta name=\"robots\" content=\"index, follow, max-snippet:-1, max-image-preview:large, max-video-preview:-1\" \/>\n<link rel=\"canonical\" href=\"https:\/\/center4smiles.com\/pt-br\/pagina-inicial\/principais-diferencas\/\" \/>\n<meta property=\"og:locale\" content=\"pt_BR\" \/>\n<meta property=\"og:type\" content=\"article\" \/>\n<meta property=\"og:title\" content=\"Tr\u00eas especialistas sob o mesmo teto - Center 4 Smiles\" \/>\n<meta property=\"og:description\" content=\"Os especialistas Dr. Orphanos, Dr. Hescheles e Dr. Prusakowski se uniram para criar uma linha dental all-star que trabalha em conjunto em qualquer procedimento odontol\u00f3gico.\" \/>\n<meta property=\"og:url\" content=\"https:\/\/center4smiles.com\/pt-br\/pagina-inicial\/principais-diferencas\/\" \/>\n<meta property=\"og:site_name\" content=\"Center 4 Smiles\" \/>\n<meta property=\"article:modified_time\" content=\"2019-09-25T15:29:41+00:00\" \/>\n<meta name=\"twitter:card\" content=\"summary_large_image\" \/>\n<meta name=\"twitter:label1\" content=\"Est. tempo de leitura\" \/>\n\t<meta name=\"twitter:data1\" content=\"5 minutos\" \/>\n<script type=\"application\/ld+json\" class=\"yoast-schema-graph\">{\"@context\":\"https:\/\/schema.org\",\"@graph\":[{\"@type\":\"WebPage\",\"@id\":\"https:\/\/center4smiles.com\/pt-br\/pagina-inicial\/principais-diferencas\/\",\"url\":\"https:\/\/center4smiles.com\/pt-br\/pagina-inicial\/principais-diferencas\/\",\"name\":\"Tr\u00eas especialistas sob o mesmo teto - Center 4 Smiles\",\"isPartOf\":{\"@id\":\"https:\/\/center4smiles.com\/pt-br\/#website\"},\"datePublished\":\"2019-09-25T15:17:16+00:00\",\"dateModified\":\"2019-09-25T15:29:41+00:00\",\"description\":\"Os especialistas Dr. Orphanos, Dr. Hescheles e Dr. Prusakowski se uniram para criar uma linha dental all-star que trabalha em conjunto em qualquer procedimento odontol\u00f3gico.\",\"breadcrumb\":{\"@id\":\"https:\/\/center4smiles.com\/pt-br\/pagina-inicial\/principais-diferencas\/#breadcrumb\"},\"inLanguage\":\"pt-BR\",\"potentialAction\":[{\"@type\":\"ReadAction\",\"target\":[\"https:\/\/center4smiles.com\/pt-br\/pagina-inicial\/principais-diferencas\/\"]}]},{\"@type\":\"BreadcrumbList\",\"@id\":\"https:\/\/center4smiles.com\/pt-br\/pagina-inicial\/principais-diferencas\/#breadcrumb\",\"itemListElement\":[{\"@type\":\"ListItem\",\"position\":1,\"name\":\"Home\",\"item\":\"https:\/\/center4smiles.com\/pt-br\/pagina-inicial\/\"},{\"@type\":\"ListItem\",\"position\":2,\"name\":\"P\u00e1gina Inicial\",\"item\":\"https:\/\/center4smiles.com\/pt-br\/pagina-inicial\/\"},{\"@type\":\"ListItem\",\"position\":3,\"name\":\"Principais diferen\u00e7as\"}]},{\"@type\":\"WebSite\",\"@id\":\"https:\/\/center4smiles.com\/pt-br\/#website\",\"url\":\"https:\/\/center4smiles.com\/pt-br\/\",\"name\":\"Center 4 Smiles\",\"description\":\"Dental Implants &amp; Specialty Center\",\"potentialAction\":[{\"@type\":\"SearchAction\",\"target\":{\"@type\":\"EntryPoint\",\"urlTemplate\":\"https:\/\/center4smiles.com\/pt-br\/?s={search_term_string}\"},\"query-input\":{\"@type\":\"PropertyValueSpecification\",\"valueRequired\":true,\"valueName\":\"search_term_string\"}}],\"inLanguage\":\"pt-BR\"}]}<\/script>\n<!-- \/ Yoast SEO plugin. -->","yoast_head_json":{"title":"Tr\u00eas especialistas sob o mesmo teto - Center 4 Smiles","description":"Os especialistas Dr. Orphanos, Dr. Hescheles e Dr. Prusakowski se uniram para criar uma linha dental all-star que trabalha em conjunto em qualquer procedimento odontol\u00f3gico.","robots":{"index":"index","follow":"follow","max-snippet":"max-snippet:-1","max-image-preview":"max-image-preview:large","max-video-preview":"max-video-preview:-1"},"canonical":"https:\/\/center4smiles.com\/pt-br\/pagina-inicial\/principais-diferencas\/","og_locale":"pt_BR","og_type":"article","og_title":"Tr\u00eas especialistas sob o mesmo teto - Center 4 Smiles","og_description":"Os especialistas Dr. Orphanos, Dr. Hescheles e Dr. Prusakowski se uniram para criar uma linha dental all-star que trabalha em conjunto em qualquer procedimento odontol\u00f3gico.","og_url":"https:\/\/center4smiles.com\/pt-br\/pagina-inicial\/principais-diferencas\/","og_site_name":"Center 4 Smiles","article_modified_time":"2019-09-25T15:29:41+00:00","twitter_card":"summary_large_image","twitter_misc":{"Est. tempo de leitura":"5 minutos"},"schema":{"@context":"https:\/\/schema.org","@graph":[{"@type":"WebPage","@id":"https:\/\/center4smiles.com\/pt-br\/pagina-inicial\/principais-diferencas\/","url":"https:\/\/center4smiles.com\/pt-br\/pagina-inicial\/principais-diferencas\/","name":"Tr\u00eas especialistas sob o mesmo teto - Center 4 Smiles","isPartOf":{"@id":"https:\/\/center4smiles.com\/pt-br\/#website"},"datePublished":"2019-09-25T15:17:16+00:00","dateModified":"2019-09-25T15:29:41+00:00","description":"Os especialistas Dr. Orphanos, Dr. Hescheles e Dr. Prusakowski se uniram para criar uma linha dental all-star que trabalha em conjunto em qualquer procedimento odontol\u00f3gico.","breadcrumb":{"@id":"https:\/\/center4smiles.com\/pt-br\/pagina-inicial\/principais-diferencas\/#breadcrumb"},"inLanguage":"pt-BR","potentialAction":[{"@type":"ReadAction","target":["https:\/\/center4smiles.com\/pt-br\/pagina-inicial\/principais-diferencas\/"]}]},{"@type":"BreadcrumbList","@id":"https:\/\/center4smiles.com\/pt-br\/pagina-inicial\/principais-diferencas\/#breadcrumb","itemListElement":[{"@type":"ListItem","position":1,"name":"Home","item":"https:\/\/center4smiles.com\/pt-br\/pagina-inicial\/"},{"@type":"ListItem","position":2,"name":"P\u00e1gina Inicial","item":"https:\/\/center4smiles.com\/pt-br\/pagina-inicial\/"},{"@type":"ListItem","position":3,"name":"Principais diferen\u00e7as"}]},{"@type":"WebSite","@id":"https:\/\/center4smiles.com\/pt-br\/#website","url":"https:\/\/center4smiles.com\/pt-br\/","name":"Center 4 Smiles","description":"Dental Implants &amp; Specialty Center","potentialAction":[{"@type":"SearchAction","target":{"@type":"EntryPoint","urlTemplate":"https:\/\/center4smiles.com\/pt-br\/?s={search_term_string}"},"query-input":{"@type":"PropertyValueSpecification","valueRequired":true,"valueName":"search_term_string"}}],"inLanguage":"pt-BR"}]}},"_links":{"self":[{"href":"https:\/\/center4smiles.com\/pt-br\/wp-json\/wp\/v2\/pages\/712","targetHints":{"allow":["GET"]}}],"collection":[{"href":"https:\/\/center4smiles.com\/pt-br\/wp-json\/wp\/v2\/pages"}],"about":[{"href":"https:\/\/center4smiles.com\/pt-br\/wp-json\/wp\/v2\/types\/page"}],"author":[{"embeddable":true,"href":"https:\/\/center4smiles.com\/pt-br\/wp-json\/wp\/v2\/users\/1"}],"replies":[{"embeddable":true,"href":"https:\/\/center4smiles.com\/pt-br\/wp-json\/wp\/v2\/comments?post=712"}],"version-history":[{"count":2,"href":"https:\/\/center4smiles.com\/pt-br\/wp-json\/wp\/v2\/pages\/712\/revisions"}],"predecessor-version":[{"id":766,"href":"https:\/\/center4smiles.com\/pt-br\/wp-json\/wp\/v2\/pages\/712\/revisions\/766"}],"up":[{"embeddable":true,"href":"https:\/\/center4smiles.com\/pt-br\/wp-json\/wp\/v2\/pages\/445"}],"wp:attachment":[{"href":"https:\/\/center4smiles.com\/pt-br\/wp-json\/wp\/v2\/media?parent=712"}],"curies":[{"name":"wp","href":"https:\/\/api.w.org\/{rel}","templated":true}]}}