{"id":688,"date":"2019-09-25T15:03:38","date_gmt":"2019-09-25T15:03:38","guid":{"rendered":"https:\/\/center4smiles.com\/pagina-inicial\/sobre-os-medicos\/dr-prusakowski\/"},"modified":"2021-07-02T16:00:44","modified_gmt":"2021-07-02T16:00:44","slug":"dr-prusakowski","status":"publish","type":"page","link":"https:\/\/center4smiles.com\/pt-br\/pagina-inicial\/sobre-os-medicos\/dr-prusakowski\/","title":{"rendered":"Dr. Prusakowski"},"content":{"rendered":"<div class=\"wpb-content-wrapper\"><p>[vc_row section_type=&#8221;fullwidth&#8221; padding_top_multiplier=&#8221;&#8221; padding_bottom_multiplier=&#8221;&#8221; columns_gap=&#8221;none&#8221;][vc_column]<div class=\"grve-element grve-image grve-align-center\" style=\"\">  <div class=\"grve-image-wrapper\"><img loading=\"lazy\" decoding=\"async\" width=\"1920\" height=\"400\" src=\"https:\/\/center4smiles.com\/wp-content\/uploads\/2019\/10\/DrPrusakowskiBanner-1.jpg\" class=\"attachment-full size-full\" alt=\"Dr Prusakowski Banner\" srcset=\"https:\/\/center4smiles.com\/wp-content\/uploads\/2019\/10\/DrPrusakowskiBanner-1.jpg 1920w, https:\/\/center4smiles.com\/wp-content\/uploads\/2019\/10\/DrPrusakowskiBanner-1-300x63.jpg 300w, https:\/\/center4smiles.com\/wp-content\/uploads\/2019\/10\/DrPrusakowskiBanner-1-768x160.jpg 768w, https:\/\/center4smiles.com\/wp-content\/uploads\/2019\/10\/DrPrusakowskiBanner-1-1024x213.jpg 1024w\" sizes=\"auto, (max-width: 1920px) 100vw, 1920px\" \/>   <\/div><\/div>[\/vc_column][\/vc_row][vc_row][vc_column][vc_custom_heading text=&#8221;Dr. Prusakowski&#8221; font_container=&#8221;tag:h1|text_align:center&#8221; use_theme_fonts=&#8221;yes&#8221;][\/vc_column][\/vc_row][vc_row padding_bottom_multiplier=&#8221;3x&#8221;][vc_column width=&#8221;1\/4&#8243;]<div class=\"grve-element grve-image grve-align-center\" style=\"\">  <div class=\"grve-image-wrapper\"><img loading=\"lazy\" decoding=\"async\" width=\"253\" height=\"300\" src=\"https:\/\/center4smiles.com\/wp-content\/uploads\/2020\/01\/DrPrusakowski1.jpg\" class=\"attachment-full size-full\" alt=\"Dr Prusakowski\" \/>   <\/div><\/div>[\/vc_column][vc_column width=&#8221;3\/4&#8243;][vc_column_text]O Dr. Prusakowski \u00e9 um especialista endod\u00f4ntico altamente treinado que participou do prestigiado programa de p\u00f3s-gradua\u00e7\u00e3o no Albert Einstein Medical Center. Antes de se especializar em Endodontia, ele foi contratado como tenente no Corpo de Fuzileiros Navais dos EUA e atuou por 4 anos prestando atendimento odontol\u00f3gico a membros da ativa e do Corpo de Fuzileiros Navais.<\/p>\n<p>O Dr. Prusakowski realiza seus procedimentos endod\u00f4nticos usando um microsc\u00f3pio cir\u00fargico de precis\u00e3o. Essa tecnologia permite que ele trabalhe com visibilidade completa atrav\u00e9s de uma cavidade de acesso menor no dente &#8211; o que mant\u00e9m o dente mais forte e evita problemas com \u00e1reas n\u00e3o tratadas no dente que acontecem quando n\u00e3o h\u00e1 visibilidade adequada.<\/p>\n<p>O Dr. Prusakowski \u00e9 membro fundador da Academia Internacional de Endodontia, um grupo de m\u00e9dicos endod\u00f4nticos de primeira linha de todo o mundo que se re\u00fane anualmente para promover a educa\u00e7\u00e3o continuada endod\u00f4ntica e cient\u00edfica n\u00e3o comercial para seus membros. Ele d\u00e1 palestras a n\u00edvel nacional para Orapharma em seu sistema de tamponamento anest\u00e9sico e \u00e9 membro do Onset Speaker Bureau, para educar dentistas e especialistas sobre como administrar anestesia dent\u00e1ria indolor e previs\u00edvel. Em seu tempo livre, ele gosta de jogar golfe, brincar com seus c\u00e3es e viajar com sua esposa, a Dra. Jennifer Statler.<\/p>\n<h4>Educa\u00e7\u00e3o<\/h4>\n<p><strong>Gradua\u00e7\u00e3o:<\/strong> Universidade Villanova<br \/>\n<strong>Faculdade de Odontologia:<\/strong> Temple University School of Dentistry<br \/>\n<strong>Treinamento especializado:<\/strong> Resid\u00eancia de Odontologia Geral Naval dos EUA<br \/>\n<strong>Treinamento especializado:<\/strong> P\u00f3s-gradua\u00e7\u00e3o: Albert Einstein Medical Center[\/vc_column_text][\/vc_column][\/vc_row]<\/p>\n<\/div>","protected":false},"excerpt":{"rendered":"<p>[vc_row section_type=&#8221;fullwidth&#8221; padding_top_multiplier=&#8221;&#8221; padding_bottom_multiplier=&#8221;&#8221; columns_gap=&#8221;none&#8221;][vc_column][\/vc_column][\/vc_row][vc_row][vc_column][vc_custom_heading text=&#8221;Dr. Prusakowski&#8221; font_container=&#8221;tag:h1|text_align:center&#8221; use_theme_fonts=&#8221;yes&#8221;][\/vc_column][\/vc_row][vc_row padding_bottom_multiplier=&#8221;3x&#8221;][vc_column width=&#8221;1\/4&#8243;][\/vc_column][vc_column width=&#8221;3\/4&#8243;][vc_column_text]O Dr. Prusakowski \u00e9 um especialista endod\u00f4ntico altamente treinado que participou do prestigiado programa de p\u00f3s-gradua\u00e7\u00e3o no Albert Einstein Medical Center. Antes de se especializar em Endodontia, ele foi contratado como tenente no Corpo de Fuzileiros Navais dos EUA e atuou por 4 anos [&hellip;]<\/p>\n","protected":false},"author":1,"featured_media":0,"parent":550,"menu_order":0,"comment_status":"closed","ping_status":"closed","template":"","meta":{"footnotes":""},"class_list":["post-688","page","type-page","status-publish","hentry"],"yoast_head":"<!-- This site is optimized with the Yoast SEO plugin v25.4 - https:\/\/yoast.com\/wordpress\/plugins\/seo\/ -->\n<title>Dr. Prusakowski - Especialista do Centro 4 Sorrisos Doutor Boca Raton<\/title>\n<meta name=\"description\" content=\"O Dr. Prusakowski \u00e9 um especialista endod\u00f4ntico altamente treinado que participou do prestigiado programa de p\u00f3s-gradua\u00e7\u00e3o no Albert Einstein Medical Center.\" \/>\n<meta name=\"robots\" content=\"index, follow, max-snippet:-1, max-image-preview:large, max-video-preview:-1\" \/>\n<link rel=\"canonical\" href=\"https:\/\/center4smiles.com\/pt-br\/pagina-inicial\/sobre-os-medicos\/dr-prusakowski\/\" \/>\n<meta property=\"og:locale\" content=\"pt_BR\" \/>\n<meta property=\"og:type\" content=\"article\" \/>\n<meta property=\"og:title\" content=\"Dr. Prusakowski - Especialista do Centro 4 Sorrisos Doutor Boca Raton\" \/>\n<meta property=\"og:description\" content=\"O Dr. Prusakowski \u00e9 um especialista endod\u00f4ntico altamente treinado que participou do prestigiado programa de p\u00f3s-gradua\u00e7\u00e3o no Albert Einstein Medical Center.\" \/>\n<meta property=\"og:url\" content=\"https:\/\/center4smiles.com\/pt-br\/pagina-inicial\/sobre-os-medicos\/dr-prusakowski\/\" \/>\n<meta property=\"og:site_name\" content=\"Center 4 Smiles\" \/>\n<meta property=\"article:modified_time\" content=\"2021-07-02T16:00:44+00:00\" \/>\n<meta name=\"twitter:card\" content=\"summary_large_image\" \/>\n<meta name=\"twitter:label1\" content=\"Est. tempo de leitura\" \/>\n\t<meta name=\"twitter:data1\" content=\"2 minutos\" \/>\n<script type=\"application\/ld+json\" class=\"yoast-schema-graph\">{\"@context\":\"https:\/\/schema.org\",\"@graph\":[{\"@type\":\"WebPage\",\"@id\":\"https:\/\/center4smiles.com\/pt-br\/pagina-inicial\/sobre-os-medicos\/dr-prusakowski\/\",\"url\":\"https:\/\/center4smiles.com\/pt-br\/pagina-inicial\/sobre-os-medicos\/dr-prusakowski\/\",\"name\":\"Dr. Prusakowski - Especialista do Centro 4 Sorrisos Doutor Boca Raton\",\"isPartOf\":{\"@id\":\"https:\/\/center4smiles.com\/pt-br\/#website\"},\"datePublished\":\"2019-09-25T15:03:38+00:00\",\"dateModified\":\"2021-07-02T16:00:44+00:00\",\"description\":\"O Dr. Prusakowski \u00e9 um especialista endod\u00f4ntico altamente treinado que participou do prestigiado programa de p\u00f3s-gradua\u00e7\u00e3o no Albert Einstein Medical Center.\",\"breadcrumb\":{\"@id\":\"https:\/\/center4smiles.com\/pt-br\/pagina-inicial\/sobre-os-medicos\/dr-prusakowski\/#breadcrumb\"},\"inLanguage\":\"pt-BR\",\"potentialAction\":[{\"@type\":\"ReadAction\",\"target\":[\"https:\/\/center4smiles.com\/pt-br\/pagina-inicial\/sobre-os-medicos\/dr-prusakowski\/\"]}]},{\"@type\":\"BreadcrumbList\",\"@id\":\"https:\/\/center4smiles.com\/pt-br\/pagina-inicial\/sobre-os-medicos\/dr-prusakowski\/#breadcrumb\",\"itemListElement\":[{\"@type\":\"ListItem\",\"position\":1,\"name\":\"Home\",\"item\":\"https:\/\/center4smiles.com\/pt-br\/pagina-inicial\/\"},{\"@type\":\"ListItem\",\"position\":2,\"name\":\"P\u00e1gina Inicial\",\"item\":\"https:\/\/center4smiles.com\/pt-br\/pagina-inicial\/\"},{\"@type\":\"ListItem\",\"position\":3,\"name\":\"Cerca de\",\"item\":\"https:\/\/center4smiles.com\/pt-br\/pagina-inicial\/sobre-os-medicos\/\"},{\"@type\":\"ListItem\",\"position\":4,\"name\":\"Dr. Prusakowski\"}]},{\"@type\":\"WebSite\",\"@id\":\"https:\/\/center4smiles.com\/pt-br\/#website\",\"url\":\"https:\/\/center4smiles.com\/pt-br\/\",\"name\":\"Center 4 Smiles\",\"description\":\"Dental Implants &amp; Specialty Center\",\"potentialAction\":[{\"@type\":\"SearchAction\",\"target\":{\"@type\":\"EntryPoint\",\"urlTemplate\":\"https:\/\/center4smiles.com\/pt-br\/?s={search_term_string}\"},\"query-input\":{\"@type\":\"PropertyValueSpecification\",\"valueRequired\":true,\"valueName\":\"search_term_string\"}}],\"inLanguage\":\"pt-BR\"}]}<\/script>\n<!-- \/ Yoast SEO plugin. -->","yoast_head_json":{"title":"Dr. Prusakowski - Especialista do Centro 4 Sorrisos Doutor Boca Raton","description":"O Dr. Prusakowski \u00e9 um especialista endod\u00f4ntico altamente treinado que participou do prestigiado programa de p\u00f3s-gradua\u00e7\u00e3o no Albert Einstein Medical Center.","robots":{"index":"index","follow":"follow","max-snippet":"max-snippet:-1","max-image-preview":"max-image-preview:large","max-video-preview":"max-video-preview:-1"},"canonical":"https:\/\/center4smiles.com\/pt-br\/pagina-inicial\/sobre-os-medicos\/dr-prusakowski\/","og_locale":"pt_BR","og_type":"article","og_title":"Dr. Prusakowski - Especialista do Centro 4 Sorrisos Doutor Boca Raton","og_description":"O Dr. Prusakowski \u00e9 um especialista endod\u00f4ntico altamente treinado que participou do prestigiado programa de p\u00f3s-gradua\u00e7\u00e3o no Albert Einstein Medical Center.","og_url":"https:\/\/center4smiles.com\/pt-br\/pagina-inicial\/sobre-os-medicos\/dr-prusakowski\/","og_site_name":"Center 4 Smiles","article_modified_time":"2021-07-02T16:00:44+00:00","twitter_card":"summary_large_image","twitter_misc":{"Est. tempo de leitura":"2 minutos"},"schema":{"@context":"https:\/\/schema.org","@graph":[{"@type":"WebPage","@id":"https:\/\/center4smiles.com\/pt-br\/pagina-inicial\/sobre-os-medicos\/dr-prusakowski\/","url":"https:\/\/center4smiles.com\/pt-br\/pagina-inicial\/sobre-os-medicos\/dr-prusakowski\/","name":"Dr. Prusakowski - Especialista do Centro 4 Sorrisos Doutor Boca Raton","isPartOf":{"@id":"https:\/\/center4smiles.com\/pt-br\/#website"},"datePublished":"2019-09-25T15:03:38+00:00","dateModified":"2021-07-02T16:00:44+00:00","description":"O Dr. Prusakowski \u00e9 um especialista endod\u00f4ntico altamente treinado que participou do prestigiado programa de p\u00f3s-gradua\u00e7\u00e3o no Albert Einstein Medical Center.","breadcrumb":{"@id":"https:\/\/center4smiles.com\/pt-br\/pagina-inicial\/sobre-os-medicos\/dr-prusakowski\/#breadcrumb"},"inLanguage":"pt-BR","potentialAction":[{"@type":"ReadAction","target":["https:\/\/center4smiles.com\/pt-br\/pagina-inicial\/sobre-os-medicos\/dr-prusakowski\/"]}]},{"@type":"BreadcrumbList","@id":"https:\/\/center4smiles.com\/pt-br\/pagina-inicial\/sobre-os-medicos\/dr-prusakowski\/#breadcrumb","itemListElement":[{"@type":"ListItem","position":1,"name":"Home","item":"https:\/\/center4smiles.com\/pt-br\/pagina-inicial\/"},{"@type":"ListItem","position":2,"name":"P\u00e1gina Inicial","item":"https:\/\/center4smiles.com\/pt-br\/pagina-inicial\/"},{"@type":"ListItem","position":3,"name":"Cerca de","item":"https:\/\/center4smiles.com\/pt-br\/pagina-inicial\/sobre-os-medicos\/"},{"@type":"ListItem","position":4,"name":"Dr. Prusakowski"}]},{"@type":"WebSite","@id":"https:\/\/center4smiles.com\/pt-br\/#website","url":"https:\/\/center4smiles.com\/pt-br\/","name":"Center 4 Smiles","description":"Dental Implants &amp; Specialty Center","potentialAction":[{"@type":"SearchAction","target":{"@type":"EntryPoint","urlTemplate":"https:\/\/center4smiles.com\/pt-br\/?s={search_term_string}"},"query-input":{"@type":"PropertyValueSpecification","valueRequired":true,"valueName":"search_term_string"}}],"inLanguage":"pt-BR"}]}},"_links":{"self":[{"href":"https:\/\/center4smiles.com\/pt-br\/wp-json\/wp\/v2\/pages\/688","targetHints":{"allow":["GET"]}}],"collection":[{"href":"https:\/\/center4smiles.com\/pt-br\/wp-json\/wp\/v2\/pages"}],"about":[{"href":"https:\/\/center4smiles.com\/pt-br\/wp-json\/wp\/v2\/types\/page"}],"author":[{"embeddable":true,"href":"https:\/\/center4smiles.com\/pt-br\/wp-json\/wp\/v2\/users\/1"}],"replies":[{"embeddable":true,"href":"https:\/\/center4smiles.com\/pt-br\/wp-json\/wp\/v2\/comments?post=688"}],"version-history":[{"count":12,"href":"https:\/\/center4smiles.com\/pt-br\/wp-json\/wp\/v2\/pages\/688\/revisions"}],"predecessor-version":[{"id":3534,"href":"https:\/\/center4smiles.com\/pt-br\/wp-json\/wp\/v2\/pages\/688\/revisions\/3534"}],"up":[{"embeddable":true,"href":"https:\/\/center4smiles.com\/pt-br\/wp-json\/wp\/v2\/pages\/550"}],"wp:attachment":[{"href":"https:\/\/center4smiles.com\/pt-br\/wp-json\/wp\/v2\/media?parent=688"}],"curies":[{"name":"wp","href":"https:\/\/api.w.org\/{rel}","templated":true}]}}