{"id":640,"date":"2019-09-25T14:47:40","date_gmt":"2019-09-25T14:47:40","guid":{"rendered":"https:\/\/center4smiles.com\/pagina-inicial\/sobre-os-medicos\/%d0%b4%d0%be%d0%ba%d1%82%d0%be%d1%80-%d1%85%d0%b5%d1%88%d0%b5%d0%bb%d0%b5%d1%81\/"},"modified":"2020-01-13T20:51:07","modified_gmt":"2020-01-13T20:51:07","slug":"dr-hescheles","status":"publish","type":"page","link":"https:\/\/center4smiles.com\/pt-br\/pagina-inicial\/sobre-os-medicos\/dr-hescheles\/","title":{"rendered":"Dr. Hescheles"},"content":{"rendered":"<div class=\"wpb-content-wrapper\"><p>[vc_row section_type=&#8221;fullwidth&#8221; padding_top_multiplier=&#8221;&#8221; padding_bottom_multiplier=&#8221;&#8221; columns_gap=&#8221;none&#8221;][vc_column]<div class=\"grve-element grve-image grve-align-center\" style=\"\">  <div class=\"grve-image-wrapper\"><img loading=\"lazy\" decoding=\"async\" width=\"1920\" height=\"400\" src=\"https:\/\/center4smiles.com\/wp-content\/uploads\/2019\/09\/DrHeschelesBanner-1.jpg\" class=\"attachment-full size-full\" alt=\"Dr Hescheles Banner\" srcset=\"https:\/\/center4smiles.com\/wp-content\/uploads\/2019\/09\/DrHeschelesBanner-1.jpg 1920w, https:\/\/center4smiles.com\/wp-content\/uploads\/2019\/09\/DrHeschelesBanner-1-300x63.jpg 300w, https:\/\/center4smiles.com\/wp-content\/uploads\/2019\/09\/DrHeschelesBanner-1-768x160.jpg 768w, https:\/\/center4smiles.com\/wp-content\/uploads\/2019\/09\/DrHeschelesBanner-1-1024x213.jpg 1024w\" sizes=\"auto, (max-width: 1920px) 100vw, 1920px\" \/>   <\/div><\/div>[\/vc_column][\/vc_row][vc_row][vc_column][vc_custom_heading text=&#8221;Dr. Hescheles&#8221; font_container=&#8221;tag:h1|text_align:center&#8221; use_theme_fonts=&#8221;yes&#8221;][\/vc_column][\/vc_row][vc_row padding_bottom_multiplier=&#8221;3x&#8221;][vc_column width=&#8221;1\/4&#8243;]<div class=\"grve-element grve-image grve-align-center\" style=\"\">  <div class=\"grve-image-wrapper\"><img loading=\"lazy\" decoding=\"async\" width=\"253\" height=\"300\" src=\"https:\/\/center4smiles.com\/wp-content\/uploads\/2020\/01\/DrHescheles1.jpg\" class=\"attachment-full size-full\" alt=\"Dr Hescheles\" \/>   <\/div><\/div>[\/vc_column][vc_column width=&#8221;3\/4&#8243;][vc_column_text]Dr. Hescheles \u00e9 um sub-periodontista especializado em cirurgia a laser LANAP. Ele \u00e9 o primeiro periodontista no Condado de Palm Beach a ser certificado no procedimento LANAP.<\/p>\n<p>O Dr. Hescheles concluiu seus estudos de gradua\u00e7\u00e3o na Universidade Clark e depois se formou na Faculdade de Medicina Dent\u00e1ria da Universidade da Pensilv\u00e2nia em 1993. Em seguida, ele completou um ano de Cl\u00ednica Geral.<br \/>\nResid\u00eancia no Maimonides Medical Center, no Brooklyn, Nova York. Ele retornou \u00e0 Faculdade de Medicina Dent\u00e1ria da Universidade da Pensilv\u00e2nia, onde concluiu uma certifica\u00e7\u00e3o de tr\u00eas anos em Periodontologia e Implantodontia em 1997. Enquanto estava na Penn, o Dr. Hescheles atuou como instrutor cl\u00ednico.<\/p>\n<p>Depois de concluir sua certifica\u00e7\u00e3o em 1997, o Dr. Hescheles come\u00e7ou a praticar Periodontia e Implantodontia na \u00e1rea do Estado de Nova York.<\/p>\n<h4>Educa\u00e7\u00e3o<\/h4>\n<p><strong>Gradua\u00e7\u00e3o:<\/strong> Clark University<br \/>\n<strong>Faculdade de Odontologia:<\/strong> Faculdade de Medicina Dent\u00e1ria da Universidade da Pensilv\u00e2nia<br \/>\n<strong>Treinamento especializado:<\/strong> Faculdade de Medicina Dent\u00e1ria da Universidade da Pensilv\u00e2nia &#8211; Periodontologia e Implantologia[\/vc_column_text][\/vc_column][\/vc_row]<\/p>\n<\/div>","protected":false},"excerpt":{"rendered":"<p>[vc_row section_type=&#8221;fullwidth&#8221; padding_top_multiplier=&#8221;&#8221; padding_bottom_multiplier=&#8221;&#8221; columns_gap=&#8221;none&#8221;][vc_column][\/vc_column][\/vc_row][vc_row][vc_column][vc_custom_heading text=&#8221;Dr. Hescheles&#8221; font_container=&#8221;tag:h1|text_align:center&#8221; use_theme_fonts=&#8221;yes&#8221;][\/vc_column][\/vc_row][vc_row padding_bottom_multiplier=&#8221;3x&#8221;][vc_column width=&#8221;1\/4&#8243;][\/vc_column][vc_column width=&#8221;3\/4&#8243;][vc_column_text]Dr. Hescheles \u00e9 um sub-periodontista especializado em cirurgia a laser LANAP. Ele \u00e9 o primeiro periodontista no Condado de Palm Beach a ser certificado no procedimento LANAP. O Dr. Hescheles concluiu seus estudos de gradua\u00e7\u00e3o na Universidade Clark e depois se formou na Faculdade [&hellip;]<\/p>\n","protected":false},"author":1,"featured_media":0,"parent":550,"menu_order":0,"comment_status":"closed","ping_status":"closed","template":"","meta":{"footnotes":""},"class_list":["post-640","page","type-page","status-publish","hentry"],"yoast_head":"<!-- This site is optimized with the Yoast SEO plugin v25.4 - https:\/\/yoast.com\/wordpress\/plugins\/seo\/ -->\n<title>Dr Hescheles - Especialista em Centro 4 Sorrisos M\u00e9dico Boca Raton<\/title>\n<meta name=\"description\" content=\"Dr. Hescheles \u00e9 um sub-periodontista especializado em cirurgia a laser LANAP. O primeiro periodontista no Condado de Palm Beach a ser certificado no procedimento LANAP\" \/>\n<meta name=\"robots\" content=\"index, follow, max-snippet:-1, max-image-preview:large, max-video-preview:-1\" \/>\n<link rel=\"canonical\" href=\"https:\/\/center4smiles.com\/pt-br\/pagina-inicial\/sobre-os-medicos\/dr-hescheles\/\" \/>\n<meta property=\"og:locale\" content=\"pt_BR\" \/>\n<meta property=\"og:type\" content=\"article\" \/>\n<meta property=\"og:title\" content=\"Dr Hescheles - Especialista em Centro 4 Sorrisos M\u00e9dico Boca Raton\" \/>\n<meta property=\"og:description\" content=\"Dr. Hescheles \u00e9 um sub-periodontista especializado em cirurgia a laser LANAP. O primeiro periodontista no Condado de Palm Beach a ser certificado no procedimento LANAP\" \/>\n<meta property=\"og:url\" content=\"https:\/\/center4smiles.com\/pt-br\/pagina-inicial\/sobre-os-medicos\/dr-hescheles\/\" \/>\n<meta property=\"og:site_name\" content=\"Center 4 Smiles\" \/>\n<meta property=\"article:modified_time\" content=\"2020-01-13T20:51:07+00:00\" \/>\n<meta name=\"twitter:card\" content=\"summary_large_image\" \/>\n<meta name=\"twitter:label1\" content=\"Est. tempo de leitura\" \/>\n\t<meta name=\"twitter:data1\" content=\"1 minuto\" \/>\n<script type=\"application\/ld+json\" class=\"yoast-schema-graph\">{\"@context\":\"https:\/\/schema.org\",\"@graph\":[{\"@type\":\"WebPage\",\"@id\":\"https:\/\/center4smiles.com\/pt-br\/pagina-inicial\/sobre-os-medicos\/dr-hescheles\/\",\"url\":\"https:\/\/center4smiles.com\/pt-br\/pagina-inicial\/sobre-os-medicos\/dr-hescheles\/\",\"name\":\"Dr Hescheles - Especialista em Centro 4 Sorrisos M\u00e9dico Boca Raton\",\"isPartOf\":{\"@id\":\"https:\/\/center4smiles.com\/pt-br\/#website\"},\"datePublished\":\"2019-09-25T14:47:40+00:00\",\"dateModified\":\"2020-01-13T20:51:07+00:00\",\"description\":\"Dr. Hescheles \u00e9 um sub-periodontista especializado em cirurgia a laser LANAP. O primeiro periodontista no Condado de Palm Beach a ser certificado no procedimento LANAP\",\"breadcrumb\":{\"@id\":\"https:\/\/center4smiles.com\/pt-br\/pagina-inicial\/sobre-os-medicos\/dr-hescheles\/#breadcrumb\"},\"inLanguage\":\"pt-BR\",\"potentialAction\":[{\"@type\":\"ReadAction\",\"target\":[\"https:\/\/center4smiles.com\/pt-br\/pagina-inicial\/sobre-os-medicos\/dr-hescheles\/\"]}]},{\"@type\":\"BreadcrumbList\",\"@id\":\"https:\/\/center4smiles.com\/pt-br\/pagina-inicial\/sobre-os-medicos\/dr-hescheles\/#breadcrumb\",\"itemListElement\":[{\"@type\":\"ListItem\",\"position\":1,\"name\":\"Home\",\"item\":\"https:\/\/center4smiles.com\/pt-br\/pagina-inicial\/\"},{\"@type\":\"ListItem\",\"position\":2,\"name\":\"P\u00e1gina Inicial\",\"item\":\"https:\/\/center4smiles.com\/pt-br\/pagina-inicial\/\"},{\"@type\":\"ListItem\",\"position\":3,\"name\":\"Cerca de\",\"item\":\"https:\/\/center4smiles.com\/pt-br\/pagina-inicial\/sobre-os-medicos\/\"},{\"@type\":\"ListItem\",\"position\":4,\"name\":\"Dr. Hescheles\"}]},{\"@type\":\"WebSite\",\"@id\":\"https:\/\/center4smiles.com\/pt-br\/#website\",\"url\":\"https:\/\/center4smiles.com\/pt-br\/\",\"name\":\"Center 4 Smiles\",\"description\":\"Dental Implants &amp; Specialty Center\",\"potentialAction\":[{\"@type\":\"SearchAction\",\"target\":{\"@type\":\"EntryPoint\",\"urlTemplate\":\"https:\/\/center4smiles.com\/pt-br\/?s={search_term_string}\"},\"query-input\":{\"@type\":\"PropertyValueSpecification\",\"valueRequired\":true,\"valueName\":\"search_term_string\"}}],\"inLanguage\":\"pt-BR\"}]}<\/script>\n<!-- \/ Yoast SEO plugin. -->","yoast_head_json":{"title":"Dr Hescheles - Especialista em Centro 4 Sorrisos M\u00e9dico Boca Raton","description":"Dr. Hescheles \u00e9 um sub-periodontista especializado em cirurgia a laser LANAP. O primeiro periodontista no Condado de Palm Beach a ser certificado no procedimento LANAP","robots":{"index":"index","follow":"follow","max-snippet":"max-snippet:-1","max-image-preview":"max-image-preview:large","max-video-preview":"max-video-preview:-1"},"canonical":"https:\/\/center4smiles.com\/pt-br\/pagina-inicial\/sobre-os-medicos\/dr-hescheles\/","og_locale":"pt_BR","og_type":"article","og_title":"Dr Hescheles - Especialista em Centro 4 Sorrisos M\u00e9dico Boca Raton","og_description":"Dr. Hescheles \u00e9 um sub-periodontista especializado em cirurgia a laser LANAP. O primeiro periodontista no Condado de Palm Beach a ser certificado no procedimento LANAP","og_url":"https:\/\/center4smiles.com\/pt-br\/pagina-inicial\/sobre-os-medicos\/dr-hescheles\/","og_site_name":"Center 4 Smiles","article_modified_time":"2020-01-13T20:51:07+00:00","twitter_card":"summary_large_image","twitter_misc":{"Est. tempo de leitura":"1 minuto"},"schema":{"@context":"https:\/\/schema.org","@graph":[{"@type":"WebPage","@id":"https:\/\/center4smiles.com\/pt-br\/pagina-inicial\/sobre-os-medicos\/dr-hescheles\/","url":"https:\/\/center4smiles.com\/pt-br\/pagina-inicial\/sobre-os-medicos\/dr-hescheles\/","name":"Dr Hescheles - Especialista em Centro 4 Sorrisos M\u00e9dico Boca Raton","isPartOf":{"@id":"https:\/\/center4smiles.com\/pt-br\/#website"},"datePublished":"2019-09-25T14:47:40+00:00","dateModified":"2020-01-13T20:51:07+00:00","description":"Dr. Hescheles \u00e9 um sub-periodontista especializado em cirurgia a laser LANAP. O primeiro periodontista no Condado de Palm Beach a ser certificado no procedimento LANAP","breadcrumb":{"@id":"https:\/\/center4smiles.com\/pt-br\/pagina-inicial\/sobre-os-medicos\/dr-hescheles\/#breadcrumb"},"inLanguage":"pt-BR","potentialAction":[{"@type":"ReadAction","target":["https:\/\/center4smiles.com\/pt-br\/pagina-inicial\/sobre-os-medicos\/dr-hescheles\/"]}]},{"@type":"BreadcrumbList","@id":"https:\/\/center4smiles.com\/pt-br\/pagina-inicial\/sobre-os-medicos\/dr-hescheles\/#breadcrumb","itemListElement":[{"@type":"ListItem","position":1,"name":"Home","item":"https:\/\/center4smiles.com\/pt-br\/pagina-inicial\/"},{"@type":"ListItem","position":2,"name":"P\u00e1gina Inicial","item":"https:\/\/center4smiles.com\/pt-br\/pagina-inicial\/"},{"@type":"ListItem","position":3,"name":"Cerca de","item":"https:\/\/center4smiles.com\/pt-br\/pagina-inicial\/sobre-os-medicos\/"},{"@type":"ListItem","position":4,"name":"Dr. Hescheles"}]},{"@type":"WebSite","@id":"https:\/\/center4smiles.com\/pt-br\/#website","url":"https:\/\/center4smiles.com\/pt-br\/","name":"Center 4 Smiles","description":"Dental Implants &amp; Specialty Center","potentialAction":[{"@type":"SearchAction","target":{"@type":"EntryPoint","urlTemplate":"https:\/\/center4smiles.com\/pt-br\/?s={search_term_string}"},"query-input":{"@type":"PropertyValueSpecification","valueRequired":true,"valueName":"search_term_string"}}],"inLanguage":"pt-BR"}]}},"_links":{"self":[{"href":"https:\/\/center4smiles.com\/pt-br\/wp-json\/wp\/v2\/pages\/640","targetHints":{"allow":["GET"]}}],"collection":[{"href":"https:\/\/center4smiles.com\/pt-br\/wp-json\/wp\/v2\/pages"}],"about":[{"href":"https:\/\/center4smiles.com\/pt-br\/wp-json\/wp\/v2\/types\/page"}],"author":[{"embeddable":true,"href":"https:\/\/center4smiles.com\/pt-br\/wp-json\/wp\/v2\/users\/1"}],"replies":[{"embeddable":true,"href":"https:\/\/center4smiles.com\/pt-br\/wp-json\/wp\/v2\/comments?post=640"}],"version-history":[{"count":15,"href":"https:\/\/center4smiles.com\/pt-br\/wp-json\/wp\/v2\/pages\/640\/revisions"}],"predecessor-version":[{"id":2579,"href":"https:\/\/center4smiles.com\/pt-br\/wp-json\/wp\/v2\/pages\/640\/revisions\/2579"}],"up":[{"embeddable":true,"href":"https:\/\/center4smiles.com\/pt-br\/wp-json\/wp\/v2\/pages\/550"}],"wp:attachment":[{"href":"https:\/\/center4smiles.com\/pt-br\/wp-json\/wp\/v2\/media?parent=640"}],"curies":[{"name":"wp","href":"https:\/\/api.w.org\/{rel}","templated":true}]}}