{"id":1892,"date":"2019-09-26T20:41:50","date_gmt":"2019-09-26T20:41:50","guid":{"rendered":"https:\/\/center4smiles.com\/pagina-inicial\/servicos\/lanap-laser\/"},"modified":"2020-01-14T15:49:45","modified_gmt":"2020-01-14T15:49:45","slug":"lanap-laser","status":"publish","type":"page","link":"https:\/\/center4smiles.com\/pt-br\/pagina-inicial\/servicos\/lanap-laser\/","title":{"rendered":"LANAP (Laser)"},"content":{"rendered":"<div class=\"wpb-content-wrapper\"><p>[vc_row section_type=&#8221;fullwidth&#8221; padding_top_multiplier=&#8221;&#8221; padding_bottom_multiplier=&#8221;&#8221; columns_gap=&#8221;none&#8221;][vc_column]<div class=\"grve-element grve-image grve-align-center\" style=\"\">  <div class=\"grve-image-wrapper\"><img loading=\"lazy\" decoding=\"async\" width=\"1920\" height=\"400\" src=\"https:\/\/center4smiles.com\/wp-content\/uploads\/2019\/09\/LANAPBanner.jpg\" class=\"attachment-full size-full\" alt=\"Procedimento de novo anexo assistido por laser LANAP\" srcset=\"https:\/\/center4smiles.com\/wp-content\/uploads\/2019\/09\/LANAPBanner.jpg 1920w, https:\/\/center4smiles.com\/wp-content\/uploads\/2019\/09\/LANAPBanner-300x63.jpg 300w, https:\/\/center4smiles.com\/wp-content\/uploads\/2019\/09\/LANAPBanner-768x160.jpg 768w, https:\/\/center4smiles.com\/wp-content\/uploads\/2019\/09\/LANAPBanner-1024x213.jpg 1024w\" sizes=\"auto, (max-width: 1920px) 100vw, 1920px\" \/>   <\/div><\/div>[\/vc_column][\/vc_row][vc_row][vc_column][vc_custom_heading text=&#8221;LANAP (procedimento de novo anexo assistido por laser)&#8221; font_container=&#8221;tag:h1|text_align:center&#8221; use_theme_fonts=&#8221;yes&#8221;][vc_custom_heading text=&#8221;A tecnologia mais avan\u00e7ada usada para ajudar a prevenir a propaga\u00e7\u00e3o da doen\u00e7a gengival com desconforto m\u00ednimo e tempo de cicatriza\u00e7\u00e3o r\u00e1pido.&#8221; font_container=&#8221;tag:h4|text_align:center&#8221; use_theme_fonts=&#8221;yes&#8221;][\/vc_column][\/vc_row][vc_row][vc_column width=&#8221;1\/4&#8243;]<div class=\"grve-element grve-image grve-align-center\" style=\"\">  <div class=\"grve-image-wrapper\"><img loading=\"lazy\" decoding=\"async\" width=\"275\" height=\"500\" src=\"https:\/\/center4smiles.com\/wp-content\/uploads\/2019\/09\/LANAPMachine-1.jpg\" class=\"attachment-full size-full\" alt=\"M\u00e1quina a laser LANAP\" srcset=\"https:\/\/center4smiles.com\/wp-content\/uploads\/2019\/09\/LANAPMachine-1.jpg 275w, https:\/\/center4smiles.com\/wp-content\/uploads\/2019\/09\/LANAPMachine-1-165x300.jpg 165w\" sizes=\"auto, (max-width: 275px) 100vw, 275px\" \/>   <\/div><\/div>[\/vc_column][vc_column width=&#8221;3\/4&#8243;][vc_column_text]A doen\u00e7a periodontal, comumente conhecida como &#8220;doen\u00e7a gengival&#8221;, ocorre quando as bact\u00e9rias infectam as gengivas ao redor dos dentes, formando bolsas profundas e destruindo tecidos e ossos se n\u00e3o forem tratados.<\/p>\n<p>Felizmente, a doen\u00e7a periodontal \u00e9 evit\u00e1vel e trat\u00e1vel. Oferecemos os mais avan\u00e7ados tratamentos de controle de doen\u00e7as e procedimentos est\u00e9ticos de goma no sul da Fl\u00f3rida.<\/p>\n<p>O Dr. Hescheles passou por um treinamento extensivo e est\u00e1 licenciado e certificado para praticar \u201cLANAP\u201d &#8211; Novos procedimentos de anexa\u00e7\u00e3o assistida a laser.[\/vc_column_text]<div class=\"grve-empty-space grve-height-1x\" style=\"\"><\/div>[vc_row_inner][vc_column_inner width=&#8221;2\/3&#8243;][vc_column_text]<\/p>\n<h5>O laser \u00e9 uma alternativa \u00e0 cirurgia periodontal tradicional.<\/h5>\n<p>Os benef\u00edcios em compara\u00e7\u00e3o \u00e0 cirurgia tradicional s\u00e3o:<\/p>\n<ul>\n<li>Sem corte ou costura de tecido gengival<\/li>\n<li>N\u00e3o h\u00e1 necessidade de enxerto \u00f3sseo ou coloca\u00e7\u00e3o de membrana<\/li>\n<li>Cura r\u00e1pida<\/li>\n<li>Desconforto m\u00ednimo<\/li>\n<li>Menor tempo de recupera\u00e7\u00e3o<\/li>\n<li>Sensibilidade m\u00ednima a nenhuma dos dentes ap\u00f3s o tratamento<\/li>\n<li>Recess\u00e3o m\u00ednima a nenhuma goma ap\u00f3s tratamento<\/li>\n<li>Pacientes com coumadina n\u00e3o precisam interromper seus medicamentos para receber este tratamento<\/li>\n<\/ul>\n<p>[\/vc_column_text][\/vc_column_inner][vc_column_inner width=&#8221;1\/3&#8243;]<div class=\"grve-element grve-image grve-align-center\" style=\"\">  <div class=\"grve-image-wrapper\"><img loading=\"lazy\" decoding=\"async\" width=\"275\" height=\"350\" src=\"https:\/\/center4smiles.com\/wp-content\/uploads\/2019\/09\/LANAPNoCut.jpg\" class=\"attachment-full size-full\" alt=\"LANAP Sem Corte Sem Costura Sem Medo\" srcset=\"https:\/\/center4smiles.com\/wp-content\/uploads\/2019\/09\/LANAPNoCut.jpg 275w, https:\/\/center4smiles.com\/wp-content\/uploads\/2019\/09\/LANAPNoCut-236x300.jpg 236w\" sizes=\"auto, (max-width: 275px) 100vw, 275px\" \/>   <\/div><\/div>[\/vc_column_inner][\/vc_row_inner][\/vc_column][\/vc_row][vc_row padding_bottom_multiplier=&#8221;2x&#8221;][vc_column width=&#8221;1\/2&#8243;]<div class=\"grve-element grve-image grve-align-center\" style=\"\">  <div class=\"grve-image-wrapper\"><img loading=\"lazy\" decoding=\"async\" width=\"585\" height=\"360\" src=\"https:\/\/center4smiles.com\/wp-content\/uploads\/2019\/09\/LANAPLaser1.jpg\" class=\"attachment-full size-full\" alt=\"LANAP Laser\" srcset=\"https:\/\/center4smiles.com\/wp-content\/uploads\/2019\/09\/LANAPLaser1.jpg 585w, https:\/\/center4smiles.com\/wp-content\/uploads\/2019\/09\/LANAPLaser1-300x185.jpg 300w\" sizes=\"auto, (max-width: 585px) 100vw, 585px\" \/>   <\/div><\/div>[\/vc_column][vc_column width=&#8221;1\/2&#8243;][vc_column_text]<\/p>\n<h3>Etapas LANAP:<\/h3>\n<ol>\n<li>A sonda mede profundidades profundas do bols\u00e3o (perda \u00f3ssea).<\/li>\n<li>O laser remove bact\u00e9rias e tecidos doentes de dentro do bolso.<\/li>\n<li>Os instrumentos ultrass\u00f4nicos s\u00e3o usados para remover os dep\u00f3sitos de t\u00e1rtaro das superf\u00edcies dos dentes e das ra\u00edzes.<\/li>\n<li>O laser termina a limpeza e fecha o bolso, portanto os germes n\u00e3o podem entrar.<\/li>\n<li>Ocorre a cura das gengivas para limpar as superf\u00edcies das ra\u00edzes desinfetadas.<\/li>\n<li>O trauma da mordida \u00e9 ajustado.<\/li>\n<li>Ocorre crescimento \u00f3sseo e recoloca\u00e7\u00e3o de tecido, que criam bols\u00f5es rasos e saud\u00e1veis.<\/li>\n<\/ol>\n<p>[\/vc_column_text][\/vc_column][\/vc_row][vc_row padding_bottom_multiplier=&#8221;2x&#8221;][vc_column width=&#8221;1\/4&#8243;]<div class=\"grve-element grve-image grve-align-center\" style=\"\">  <div class=\"grve-image-wrapper\"><a href=\"https:\/\/center4smiles.com\/pt-br\/pagina-inicial\/sobre-os-medicos\/dr-hescheles\/\" title=\"Dr. Hescheles\"><img loading=\"lazy\" decoding=\"async\" width=\"253\" height=\"300\" src=\"https:\/\/center4smiles.com\/wp-content\/uploads\/2020\/01\/DrHescheles1.jpg\" class=\"attachment-full size-full\" alt=\"Dr Hescheles\" \/><\/a>   <\/div><\/div><div class=\"grve-empty-space\" style=\"height: 15px;\"><\/div>[vc_column_text]<\/p>\n<h4 style=\"text-align: center;\"><a href=\"https:\/\/center4smiles.com\/pt-br\/pagina-inicial\/sobre-os-medicos\/dr-hescheles\/\">Dr. Hescheles<\/a><\/h4>\n<p>[\/vc_column_text][\/vc_column][vc_column width=&#8221;3\/4&#8243;][vc_column_text]<\/p>\n<h3> Especialista em LANAP (Laser) <\/h3>\n<p>[\/vc_column_text]<div class=\"grve-empty-space grve-height-1x\" style=\"\"><\/div>[vc_column_text]O procedimento LANAP (Laser) \u00e9 realizado pelo Dr. Hescheles em nosso escrit\u00f3rio em Boca Raton. Conhecer o seu m\u00e9dico antes de qualquer procedimento ajuda a aliviar parte do estresse e da ansiedade que acompanham qualquer procedimento cir\u00fargico. Confira a p\u00e1gina de biografia individual dos m\u00e9dicos para obter mais informa\u00e7\u00f5es.<\/p>\n<p>Quando estiver pronto para agendar sua consulta, ligue para <a href=\"tel:5614777171\"> (561) 477-7171 <\/a> e um de nossos assistentes de escrit\u00f3rio ajudar\u00e1 a agendar uma consulta conveniente para voc\u00ea ou clique no bot\u00e3o abaixo para obter informa\u00e7\u00f5es sobre escrit\u00f3rio e contato.[\/vc_column_text]<div class=\"grve-empty-space grve-height-1x\" style=\"\"><\/div><div class=\"grve-element grve-align-center\"><a href=\"http:\/\/center4smiles.dragonetdesign.com\/pt-br\/pagina-inicial\/contato\/\" title=\"Contato\" class=\"grve-btn grve-btn-medium grve-square grve-bg-primary-1 grve-bg-hover-primary-2 aboutbtn\"><span>Contate-Nos<\/span><\/a><\/div>[\/vc_column][\/vc_row]<\/p>\n<\/div>","protected":false},"excerpt":{"rendered":"<p>[vc_row section_type=&#8221;fullwidth&#8221; padding_top_multiplier=&#8221;&#8221; padding_bottom_multiplier=&#8221;&#8221; columns_gap=&#8221;none&#8221;][vc_column][\/vc_column][\/vc_row][vc_row][vc_column][vc_custom_heading text=&#8221;LANAP (procedimento de novo anexo assistido por laser)&#8221; font_container=&#8221;tag:h1|text_align:center&#8221; use_theme_fonts=&#8221;yes&#8221;][vc_custom_heading text=&#8221;A tecnologia mais avan\u00e7ada usada para ajudar a prevenir a propaga\u00e7\u00e3o da doen\u00e7a gengival com desconforto m\u00ednimo e tempo de cicatriza\u00e7\u00e3o r\u00e1pido.&#8221; font_container=&#8221;tag:h4|text_align:center&#8221; use_theme_fonts=&#8221;yes&#8221;][\/vc_column][\/vc_row][vc_row][vc_column width=&#8221;1\/4&#8243;][\/vc_column][vc_column width=&#8221;3\/4&#8243;][vc_column_text]A doen\u00e7a periodontal, comumente conhecida como &#8220;doen\u00e7a gengival&#8221;, ocorre quando as bact\u00e9rias infectam as gengivas [&hellip;]<\/p>\n","protected":false},"author":1,"featured_media":0,"parent":833,"menu_order":0,"comment_status":"closed","ping_status":"closed","template":"","meta":{"footnotes":""},"class_list":["post-1892","page","type-page","status-publish","hentry"],"yoast_head":"<!-- This site is optimized with the Yoast SEO plugin v25.4 - https:\/\/yoast.com\/wordpress\/plugins\/seo\/ -->\n<title>LANAP (Procedimento para novos anexos assistidos por laser) - Sorrisos ao centro 4<\/title>\n<meta name=\"description\" content=\"Lanap (Laser) A tecnologia mais avan\u00e7ada usada para ajudar a prevenir a propaga\u00e7\u00e3o da doen\u00e7a gengival com desconforto m\u00ednimo e tempo de cicatriza\u00e7\u00e3o r\u00e1pido.\" \/>\n<meta name=\"robots\" content=\"index, follow, max-snippet:-1, max-image-preview:large, max-video-preview:-1\" \/>\n<link rel=\"canonical\" href=\"https:\/\/center4smiles.com\/pt-br\/pagina-inicial\/servicos\/lanap-laser\/\" \/>\n<meta property=\"og:locale\" content=\"pt_BR\" \/>\n<meta property=\"og:type\" content=\"article\" \/>\n<meta property=\"og:title\" content=\"LANAP (Procedimento para novos anexos assistidos por laser) - Sorrisos ao centro 4\" \/>\n<meta property=\"og:description\" content=\"Lanap (Laser) A tecnologia mais avan\u00e7ada usada para ajudar a prevenir a propaga\u00e7\u00e3o da doen\u00e7a gengival com desconforto m\u00ednimo e tempo de cicatriza\u00e7\u00e3o r\u00e1pido.\" \/>\n<meta property=\"og:url\" content=\"https:\/\/center4smiles.com\/pt-br\/pagina-inicial\/servicos\/lanap-laser\/\" \/>\n<meta property=\"og:site_name\" content=\"Center 4 Smiles\" \/>\n<meta property=\"article:modified_time\" content=\"2020-01-14T15:49:45+00:00\" \/>\n<meta name=\"twitter:card\" content=\"summary_large_image\" \/>\n<meta name=\"twitter:label1\" content=\"Est. tempo de leitura\" \/>\n\t<meta name=\"twitter:data1\" content=\"3 minutos\" \/>\n<script type=\"application\/ld+json\" class=\"yoast-schema-graph\">{\"@context\":\"https:\/\/schema.org\",\"@graph\":[{\"@type\":\"WebPage\",\"@id\":\"https:\/\/center4smiles.com\/pt-br\/pagina-inicial\/servicos\/lanap-laser\/\",\"url\":\"https:\/\/center4smiles.com\/pt-br\/pagina-inicial\/servicos\/lanap-laser\/\",\"name\":\"LANAP (Procedimento para novos anexos assistidos por laser) - Sorrisos ao centro 4\",\"isPartOf\":{\"@id\":\"https:\/\/center4smiles.com\/pt-br\/#website\"},\"datePublished\":\"2019-09-26T20:41:50+00:00\",\"dateModified\":\"2020-01-14T15:49:45+00:00\",\"description\":\"Lanap (Laser) A tecnologia mais avan\u00e7ada usada para ajudar a prevenir a propaga\u00e7\u00e3o da doen\u00e7a gengival com desconforto m\u00ednimo e tempo de cicatriza\u00e7\u00e3o r\u00e1pido.\",\"breadcrumb\":{\"@id\":\"https:\/\/center4smiles.com\/pt-br\/pagina-inicial\/servicos\/lanap-laser\/#breadcrumb\"},\"inLanguage\":\"pt-BR\",\"potentialAction\":[{\"@type\":\"ReadAction\",\"target\":[\"https:\/\/center4smiles.com\/pt-br\/pagina-inicial\/servicos\/lanap-laser\/\"]}]},{\"@type\":\"BreadcrumbList\",\"@id\":\"https:\/\/center4smiles.com\/pt-br\/pagina-inicial\/servicos\/lanap-laser\/#breadcrumb\",\"itemListElement\":[{\"@type\":\"ListItem\",\"position\":1,\"name\":\"Home\",\"item\":\"https:\/\/center4smiles.com\/pt-br\/pagina-inicial\/\"},{\"@type\":\"ListItem\",\"position\":2,\"name\":\"P\u00e1gina Inicial\",\"item\":\"https:\/\/center4smiles.com\/pt-br\/pagina-inicial\/\"},{\"@type\":\"ListItem\",\"position\":3,\"name\":\"Servi\u00e7os\",\"item\":\"https:\/\/center4smiles.com\/pt-br\/pagina-inicial\/servicos\/\"},{\"@type\":\"ListItem\",\"position\":4,\"name\":\"LANAP (Laser)\"}]},{\"@type\":\"WebSite\",\"@id\":\"https:\/\/center4smiles.com\/pt-br\/#website\",\"url\":\"https:\/\/center4smiles.com\/pt-br\/\",\"name\":\"Center 4 Smiles\",\"description\":\"Dental Implants &amp; Specialty Center\",\"potentialAction\":[{\"@type\":\"SearchAction\",\"target\":{\"@type\":\"EntryPoint\",\"urlTemplate\":\"https:\/\/center4smiles.com\/pt-br\/?s={search_term_string}\"},\"query-input\":{\"@type\":\"PropertyValueSpecification\",\"valueRequired\":true,\"valueName\":\"search_term_string\"}}],\"inLanguage\":\"pt-BR\"}]}<\/script>\n<!-- \/ Yoast SEO plugin. -->","yoast_head_json":{"title":"LANAP (Procedimento para novos anexos assistidos por laser) - Sorrisos ao centro 4","description":"Lanap (Laser) A tecnologia mais avan\u00e7ada usada para ajudar a prevenir a propaga\u00e7\u00e3o da doen\u00e7a gengival com desconforto m\u00ednimo e tempo de cicatriza\u00e7\u00e3o r\u00e1pido.","robots":{"index":"index","follow":"follow","max-snippet":"max-snippet:-1","max-image-preview":"max-image-preview:large","max-video-preview":"max-video-preview:-1"},"canonical":"https:\/\/center4smiles.com\/pt-br\/pagina-inicial\/servicos\/lanap-laser\/","og_locale":"pt_BR","og_type":"article","og_title":"LANAP (Procedimento para novos anexos assistidos por laser) - Sorrisos ao centro 4","og_description":"Lanap (Laser) A tecnologia mais avan\u00e7ada usada para ajudar a prevenir a propaga\u00e7\u00e3o da doen\u00e7a gengival com desconforto m\u00ednimo e tempo de cicatriza\u00e7\u00e3o r\u00e1pido.","og_url":"https:\/\/center4smiles.com\/pt-br\/pagina-inicial\/servicos\/lanap-laser\/","og_site_name":"Center 4 Smiles","article_modified_time":"2020-01-14T15:49:45+00:00","twitter_card":"summary_large_image","twitter_misc":{"Est. tempo de leitura":"3 minutos"},"schema":{"@context":"https:\/\/schema.org","@graph":[{"@type":"WebPage","@id":"https:\/\/center4smiles.com\/pt-br\/pagina-inicial\/servicos\/lanap-laser\/","url":"https:\/\/center4smiles.com\/pt-br\/pagina-inicial\/servicos\/lanap-laser\/","name":"LANAP (Procedimento para novos anexos assistidos por laser) - Sorrisos ao centro 4","isPartOf":{"@id":"https:\/\/center4smiles.com\/pt-br\/#website"},"datePublished":"2019-09-26T20:41:50+00:00","dateModified":"2020-01-14T15:49:45+00:00","description":"Lanap (Laser) A tecnologia mais avan\u00e7ada usada para ajudar a prevenir a propaga\u00e7\u00e3o da doen\u00e7a gengival com desconforto m\u00ednimo e tempo de cicatriza\u00e7\u00e3o r\u00e1pido.","breadcrumb":{"@id":"https:\/\/center4smiles.com\/pt-br\/pagina-inicial\/servicos\/lanap-laser\/#breadcrumb"},"inLanguage":"pt-BR","potentialAction":[{"@type":"ReadAction","target":["https:\/\/center4smiles.com\/pt-br\/pagina-inicial\/servicos\/lanap-laser\/"]}]},{"@type":"BreadcrumbList","@id":"https:\/\/center4smiles.com\/pt-br\/pagina-inicial\/servicos\/lanap-laser\/#breadcrumb","itemListElement":[{"@type":"ListItem","position":1,"name":"Home","item":"https:\/\/center4smiles.com\/pt-br\/pagina-inicial\/"},{"@type":"ListItem","position":2,"name":"P\u00e1gina Inicial","item":"https:\/\/center4smiles.com\/pt-br\/pagina-inicial\/"},{"@type":"ListItem","position":3,"name":"Servi\u00e7os","item":"https:\/\/center4smiles.com\/pt-br\/pagina-inicial\/servicos\/"},{"@type":"ListItem","position":4,"name":"LANAP (Laser)"}]},{"@type":"WebSite","@id":"https:\/\/center4smiles.com\/pt-br\/#website","url":"https:\/\/center4smiles.com\/pt-br\/","name":"Center 4 Smiles","description":"Dental Implants &amp; Specialty Center","potentialAction":[{"@type":"SearchAction","target":{"@type":"EntryPoint","urlTemplate":"https:\/\/center4smiles.com\/pt-br\/?s={search_term_string}"},"query-input":{"@type":"PropertyValueSpecification","valueRequired":true,"valueName":"search_term_string"}}],"inLanguage":"pt-BR"}]}},"_links":{"self":[{"href":"https:\/\/center4smiles.com\/pt-br\/wp-json\/wp\/v2\/pages\/1892","targetHints":{"allow":["GET"]}}],"collection":[{"href":"https:\/\/center4smiles.com\/pt-br\/wp-json\/wp\/v2\/pages"}],"about":[{"href":"https:\/\/center4smiles.com\/pt-br\/wp-json\/wp\/v2\/types\/page"}],"author":[{"embeddable":true,"href":"https:\/\/center4smiles.com\/pt-br\/wp-json\/wp\/v2\/users\/1"}],"replies":[{"embeddable":true,"href":"https:\/\/center4smiles.com\/pt-br\/wp-json\/wp\/v2\/comments?post=1892"}],"version-history":[{"count":6,"href":"https:\/\/center4smiles.com\/pt-br\/wp-json\/wp\/v2\/pages\/1892\/revisions"}],"predecessor-version":[{"id":2709,"href":"https:\/\/center4smiles.com\/pt-br\/wp-json\/wp\/v2\/pages\/1892\/revisions\/2709"}],"up":[{"embeddable":true,"href":"https:\/\/center4smiles.com\/pt-br\/wp-json\/wp\/v2\/pages\/833"}],"wp:attachment":[{"href":"https:\/\/center4smiles.com\/pt-br\/wp-json\/wp\/v2\/media?parent=1892"}],"curies":[{"name":"wp","href":"https:\/\/api.w.org\/{rel}","templated":true}]}}