{"id":1868,"date":"2019-09-26T20:31:36","date_gmt":"2019-09-26T20:31:36","guid":{"rendered":"https:\/\/center4smiles.com\/pagina-inicial\/servicos\/enxerto-de-gengiva\/"},"modified":"2020-01-14T15:39:46","modified_gmt":"2020-01-14T15:39:46","slug":"enxerto-de-gengiva","status":"publish","type":"page","link":"https:\/\/center4smiles.com\/pt-br\/pagina-inicial\/servicos\/enxerto-de-gengiva\/","title":{"rendered":"enxerto de gengiva"},"content":{"rendered":"<div class=\"wpb-content-wrapper\"><p>[vc_row section_type=&#8221;fullwidth&#8221; padding_top_multiplier=&#8221;&#8221; padding_bottom_multiplier=&#8221;&#8221; columns_gap=&#8221;none&#8221;][vc_column]<div class=\"grve-element grve-image grve-align-center\" style=\"\">  <div class=\"grve-image-wrapper\"><img loading=\"lazy\" decoding=\"async\" width=\"1920\" height=\"400\" src=\"https:\/\/center4smiles.com\/wp-content\/uploads\/2019\/09\/GumGraftingBanner1.jpg\" class=\"attachment-full size-full\" alt=\"enxerto de gengiva\" srcset=\"https:\/\/center4smiles.com\/wp-content\/uploads\/2019\/09\/GumGraftingBanner1.jpg 1920w, https:\/\/center4smiles.com\/wp-content\/uploads\/2019\/09\/GumGraftingBanner1-300x63.jpg 300w, https:\/\/center4smiles.com\/wp-content\/uploads\/2019\/09\/GumGraftingBanner1-768x160.jpg 768w, https:\/\/center4smiles.com\/wp-content\/uploads\/2019\/09\/GumGraftingBanner1-1024x213.jpg 1024w\" sizes=\"auto, (max-width: 1920px) 100vw, 1920px\" \/>   <\/div><\/div>[\/vc_column][\/vc_row][vc_row][vc_column][vc_custom_heading text=&#8221;enxerto de gengiva&#8221; font_container=&#8221;tag:h1|text_align:center&#8221; use_theme_fonts=&#8221;yes&#8221;][\/vc_column][\/vc_row][vc_row padding_bottom_multiplier=&#8221;2x&#8221;][vc_column width=&#8221;1\/2&#8243;][vc_column_text]Longe v\u00e3o os dias de dezenas de pontos e colheita de grossas placas de chiclete para substituir as \u00e1reas de desbaste. Nosso escrit\u00f3rio aperfei\u00e7oou uma t\u00e9cnica de enxerto de gengiva minimamente invasiva que tornou obsoletas as grandes incis\u00f5es.<\/p>\n<h3>O que \u00e9 enxertia de goma?<\/h3>\n<p>Trata-se de uma microcirurgia minimamente invasiva que requer uma pequena incis\u00e3o no t\u00fanel e duas micro-suturas. N\u00e3o h\u00e1 mais a necessidade de dezenas de pontos ou a colheita de placas grossas de tecido gengival, porque o Center 4 Smiles aperfei\u00e7oou a t\u00e9cnica do t\u00fanel microcir\u00fargico.<\/p>\n<p>Esta \u00e9 uma t\u00e9cnica que apresenta um desconforto p\u00f3s-operat\u00f3rio m\u00ednimo ou nenhum, com um resultado muito confi\u00e1vel e previs\u00edvel.[\/vc_column_text][\/vc_column][vc_column width=&#8221;1\/2&#8243;]<div class=\"grve-element grve-image grve-align-center\" style=\"\">  <div class=\"grve-image-wrapper\"><img loading=\"lazy\" decoding=\"async\" width=\"585\" height=\"300\" src=\"https:\/\/center4smiles.com\/wp-content\/uploads\/2019\/09\/GumGrafting1.jpg\" class=\"attachment-full size-full\" alt=\"enxerto de gengiva\" srcset=\"https:\/\/center4smiles.com\/wp-content\/uploads\/2019\/09\/GumGrafting1.jpg 585w, https:\/\/center4smiles.com\/wp-content\/uploads\/2019\/09\/GumGrafting1-300x154.jpg 300w\" sizes=\"auto, (max-width: 585px) 100vw, 585px\" \/>   <\/div><\/div>[\/vc_column][\/vc_row][vc_row padding_bottom_multiplier=&#8221;2x&#8221;][vc_column width=&#8221;1\/4&#8243;]<div class=\"grve-element grve-image grve-align-center\" style=\"\">  <div class=\"grve-image-wrapper\"><a href=\"https:\/\/center4smiles.com\/pt-br\/pagina-inicial\/sobre-os-medicos\/dr-orphanos\/\" title=\"Dr. Orphanos\"><img loading=\"lazy\" decoding=\"async\" width=\"253\" height=\"300\" src=\"https:\/\/center4smiles.com\/wp-content\/uploads\/2020\/01\/DrOrphanos1.jpg\" class=\"attachment-full size-full\" alt=\"Dr Orphanos\" \/><\/a>   <\/div><\/div><div class=\"grve-empty-space\" style=\"height: 15px;\"><\/div>[vc_column_text]<\/p>\n<h4 style=\"text-align: center;\"><a href=\"https:\/\/center4smiles.com\/pt-br\/pagina-inicial\/sobre-os-medicos\/dr-orphanos\/\">Dr. Orphanos<\/a><\/h4>\n<p>[\/vc_column_text][\/vc_column][vc_column width=&#8221;1\/4&#8243;]<div class=\"grve-element grve-image grve-align-center\" style=\"\">  <div class=\"grve-image-wrapper\"><a href=\"https:\/\/center4smiles.com\/pt-br\/pagina-inicial\/sobre-os-medicos\/dr-hescheles\/\" title=\"Dr. Hescheles\"><img loading=\"lazy\" decoding=\"async\" width=\"253\" height=\"300\" src=\"https:\/\/center4smiles.com\/wp-content\/uploads\/2020\/01\/DrHescheles1.jpg\" class=\"attachment-full size-full\" alt=\"Dr Hescheles\" \/><\/a>   <\/div><\/div><div class=\"grve-empty-space\" style=\"height: 15px;\"><\/div>[vc_column_text]<\/p>\n<h4 style=\"text-align: center;\"><a href=\"https:\/\/center4smiles.com\/pt-br\/pagina-inicial\/sobre-os-medicos\/dr-hescheles\/\">Dr. Hescheles<\/a><\/h4>\n<p>[\/vc_column_text][\/vc_column][vc_column width=&#8221;1\/2&#8243;][vc_column_text]<\/p>\n<h3>Especialistas em enxertos de gengivas<\/h3>\n<p>[\/vc_column_text]<div class=\"grve-empty-space grve-height-1x\" style=\"\"><\/div>[vc_column_text]O procedimento de enxerto de gengiva \u00e9 realizado pelo Dr. Orphanos e pelo Dr. Hescheles em nosso escrit\u00f3rio em Boca Raton. Conhecer o seu m\u00e9dico antes de qualquer procedimento ajuda a aliviar parte do estresse e da ansiedade que acompanham qualquer procedimento cir\u00fargico. Confira suas p\u00e1ginas individuais de biografia para obter mais informa\u00e7\u00f5es.<\/p>\n<p>Quando estiver pronto para agendar sua consulta, ligue para <a href=\"tel:5614777171\"> (561) 477-7171 <\/a> e um de nossos assistentes de escrit\u00f3rio ajudar\u00e1 a agendar uma consulta conveniente para voc\u00ea ou clique no bot\u00e3o abaixo para obter informa\u00e7\u00f5es sobre escrit\u00f3rio e contato.[\/vc_column_text]<div class=\"grve-empty-space grve-height-1x\" style=\"\"><\/div><div class=\"grve-element grve-align-center\"><a href=\"http:\/\/center4smiles.dragonetdesign.com\/pt-br\/pagina-inicial\/contato\/\" title=\"Contato\" class=\"grve-btn grve-btn-medium grve-square grve-bg-primary-1 grve-bg-hover-primary-2 aboutbtn\"><span>Contate-Nos<\/span><\/a><\/div>[\/vc_column][\/vc_row]<\/p>\n<\/div>","protected":false},"excerpt":{"rendered":"<p>[vc_row section_type=&#8221;fullwidth&#8221; padding_top_multiplier=&#8221;&#8221; padding_bottom_multiplier=&#8221;&#8221; columns_gap=&#8221;none&#8221;][vc_column][\/vc_column][\/vc_row][vc_row][vc_column][vc_custom_heading text=&#8221;enxerto de gengiva&#8221; font_container=&#8221;tag:h1|text_align:center&#8221; use_theme_fonts=&#8221;yes&#8221;][\/vc_column][\/vc_row][vc_row padding_bottom_multiplier=&#8221;2x&#8221;][vc_column width=&#8221;1\/2&#8243;][vc_column_text]Longe v\u00e3o os dias de dezenas de pontos e colheita de grossas placas de chiclete para substituir as \u00e1reas de desbaste. Nosso escrit\u00f3rio aperfei\u00e7oou uma t\u00e9cnica de enxerto de gengiva minimamente invasiva que tornou obsoletas as grandes incis\u00f5es. O que \u00e9 enxertia de goma? [&hellip;]<\/p>\n","protected":false},"author":1,"featured_media":0,"parent":833,"menu_order":0,"comment_status":"closed","ping_status":"closed","template":"","meta":{"footnotes":""},"class_list":["post-1868","page","type-page","status-publish","hentry"],"yoast_head":"<!-- This site is optimized with the Yoast SEO plugin v25.4 - https:\/\/yoast.com\/wordpress\/plugins\/seo\/ -->\n<title>Enxerto gengival - procedimento minimamente invasivo - sorrisos ao centro 4<\/title>\n<meta name=\"description\" content=\"O enxerto de goma \u00e9 uma t\u00e9cnica de microcirurgia minimamente invasiva que requer uma pequena incis\u00e3o no t\u00fanel e duas micro-suturas.\" \/>\n<meta name=\"robots\" content=\"index, follow, max-snippet:-1, max-image-preview:large, max-video-preview:-1\" \/>\n<link rel=\"canonical\" href=\"https:\/\/center4smiles.com\/pt-br\/pagina-inicial\/servicos\/enxerto-de-gengiva\/\" \/>\n<meta property=\"og:locale\" content=\"pt_BR\" \/>\n<meta property=\"og:type\" content=\"article\" \/>\n<meta property=\"og:title\" content=\"Enxerto gengival - procedimento minimamente invasivo - sorrisos ao centro 4\" \/>\n<meta property=\"og:description\" content=\"O enxerto de goma \u00e9 uma t\u00e9cnica de microcirurgia minimamente invasiva que requer uma pequena incis\u00e3o no t\u00fanel e duas micro-suturas.\" \/>\n<meta property=\"og:url\" content=\"https:\/\/center4smiles.com\/pt-br\/pagina-inicial\/servicos\/enxerto-de-gengiva\/\" \/>\n<meta property=\"og:site_name\" content=\"Center 4 Smiles\" \/>\n<meta property=\"article:modified_time\" content=\"2020-01-14T15:39:46+00:00\" \/>\n<meta name=\"twitter:card\" content=\"summary_large_image\" \/>\n<meta name=\"twitter:label1\" content=\"Est. tempo de leitura\" \/>\n\t<meta name=\"twitter:data1\" content=\"2 minutos\" \/>\n<script type=\"application\/ld+json\" class=\"yoast-schema-graph\">{\"@context\":\"https:\/\/schema.org\",\"@graph\":[{\"@type\":\"WebPage\",\"@id\":\"https:\/\/center4smiles.com\/pt-br\/pagina-inicial\/servicos\/enxerto-de-gengiva\/\",\"url\":\"https:\/\/center4smiles.com\/pt-br\/pagina-inicial\/servicos\/enxerto-de-gengiva\/\",\"name\":\"Enxerto gengival - procedimento minimamente invasivo - sorrisos ao centro 4\",\"isPartOf\":{\"@id\":\"https:\/\/center4smiles.com\/pt-br\/#website\"},\"datePublished\":\"2019-09-26T20:31:36+00:00\",\"dateModified\":\"2020-01-14T15:39:46+00:00\",\"description\":\"O enxerto de goma \u00e9 uma t\u00e9cnica de microcirurgia minimamente invasiva que requer uma pequena incis\u00e3o no t\u00fanel e duas micro-suturas.\",\"breadcrumb\":{\"@id\":\"https:\/\/center4smiles.com\/pt-br\/pagina-inicial\/servicos\/enxerto-de-gengiva\/#breadcrumb\"},\"inLanguage\":\"pt-BR\",\"potentialAction\":[{\"@type\":\"ReadAction\",\"target\":[\"https:\/\/center4smiles.com\/pt-br\/pagina-inicial\/servicos\/enxerto-de-gengiva\/\"]}]},{\"@type\":\"BreadcrumbList\",\"@id\":\"https:\/\/center4smiles.com\/pt-br\/pagina-inicial\/servicos\/enxerto-de-gengiva\/#breadcrumb\",\"itemListElement\":[{\"@type\":\"ListItem\",\"position\":1,\"name\":\"Home\",\"item\":\"https:\/\/center4smiles.com\/pt-br\/pagina-inicial\/\"},{\"@type\":\"ListItem\",\"position\":2,\"name\":\"P\u00e1gina Inicial\",\"item\":\"https:\/\/center4smiles.com\/pt-br\/pagina-inicial\/\"},{\"@type\":\"ListItem\",\"position\":3,\"name\":\"Servi\u00e7os\",\"item\":\"https:\/\/center4smiles.com\/pt-br\/pagina-inicial\/servicos\/\"},{\"@type\":\"ListItem\",\"position\":4,\"name\":\"enxerto de gengiva\"}]},{\"@type\":\"WebSite\",\"@id\":\"https:\/\/center4smiles.com\/pt-br\/#website\",\"url\":\"https:\/\/center4smiles.com\/pt-br\/\",\"name\":\"Center 4 Smiles\",\"description\":\"Dental Implants &amp; Specialty Center\",\"potentialAction\":[{\"@type\":\"SearchAction\",\"target\":{\"@type\":\"EntryPoint\",\"urlTemplate\":\"https:\/\/center4smiles.com\/pt-br\/?s={search_term_string}\"},\"query-input\":{\"@type\":\"PropertyValueSpecification\",\"valueRequired\":true,\"valueName\":\"search_term_string\"}}],\"inLanguage\":\"pt-BR\"}]}<\/script>\n<!-- \/ Yoast SEO plugin. -->","yoast_head_json":{"title":"Enxerto gengival - procedimento minimamente invasivo - sorrisos ao centro 4","description":"O enxerto de goma \u00e9 uma t\u00e9cnica de microcirurgia minimamente invasiva que requer uma pequena incis\u00e3o no t\u00fanel e duas micro-suturas.","robots":{"index":"index","follow":"follow","max-snippet":"max-snippet:-1","max-image-preview":"max-image-preview:large","max-video-preview":"max-video-preview:-1"},"canonical":"https:\/\/center4smiles.com\/pt-br\/pagina-inicial\/servicos\/enxerto-de-gengiva\/","og_locale":"pt_BR","og_type":"article","og_title":"Enxerto gengival - procedimento minimamente invasivo - sorrisos ao centro 4","og_description":"O enxerto de goma \u00e9 uma t\u00e9cnica de microcirurgia minimamente invasiva que requer uma pequena incis\u00e3o no t\u00fanel e duas micro-suturas.","og_url":"https:\/\/center4smiles.com\/pt-br\/pagina-inicial\/servicos\/enxerto-de-gengiva\/","og_site_name":"Center 4 Smiles","article_modified_time":"2020-01-14T15:39:46+00:00","twitter_card":"summary_large_image","twitter_misc":{"Est. tempo de leitura":"2 minutos"},"schema":{"@context":"https:\/\/schema.org","@graph":[{"@type":"WebPage","@id":"https:\/\/center4smiles.com\/pt-br\/pagina-inicial\/servicos\/enxerto-de-gengiva\/","url":"https:\/\/center4smiles.com\/pt-br\/pagina-inicial\/servicos\/enxerto-de-gengiva\/","name":"Enxerto gengival - procedimento minimamente invasivo - sorrisos ao centro 4","isPartOf":{"@id":"https:\/\/center4smiles.com\/pt-br\/#website"},"datePublished":"2019-09-26T20:31:36+00:00","dateModified":"2020-01-14T15:39:46+00:00","description":"O enxerto de goma \u00e9 uma t\u00e9cnica de microcirurgia minimamente invasiva que requer uma pequena incis\u00e3o no t\u00fanel e duas micro-suturas.","breadcrumb":{"@id":"https:\/\/center4smiles.com\/pt-br\/pagina-inicial\/servicos\/enxerto-de-gengiva\/#breadcrumb"},"inLanguage":"pt-BR","potentialAction":[{"@type":"ReadAction","target":["https:\/\/center4smiles.com\/pt-br\/pagina-inicial\/servicos\/enxerto-de-gengiva\/"]}]},{"@type":"BreadcrumbList","@id":"https:\/\/center4smiles.com\/pt-br\/pagina-inicial\/servicos\/enxerto-de-gengiva\/#breadcrumb","itemListElement":[{"@type":"ListItem","position":1,"name":"Home","item":"https:\/\/center4smiles.com\/pt-br\/pagina-inicial\/"},{"@type":"ListItem","position":2,"name":"P\u00e1gina Inicial","item":"https:\/\/center4smiles.com\/pt-br\/pagina-inicial\/"},{"@type":"ListItem","position":3,"name":"Servi\u00e7os","item":"https:\/\/center4smiles.com\/pt-br\/pagina-inicial\/servicos\/"},{"@type":"ListItem","position":4,"name":"enxerto de gengiva"}]},{"@type":"WebSite","@id":"https:\/\/center4smiles.com\/pt-br\/#website","url":"https:\/\/center4smiles.com\/pt-br\/","name":"Center 4 Smiles","description":"Dental Implants &amp; Specialty Center","potentialAction":[{"@type":"SearchAction","target":{"@type":"EntryPoint","urlTemplate":"https:\/\/center4smiles.com\/pt-br\/?s={search_term_string}"},"query-input":{"@type":"PropertyValueSpecification","valueRequired":true,"valueName":"search_term_string"}}],"inLanguage":"pt-BR"}]}},"_links":{"self":[{"href":"https:\/\/center4smiles.com\/pt-br\/wp-json\/wp\/v2\/pages\/1868","targetHints":{"allow":["GET"]}}],"collection":[{"href":"https:\/\/center4smiles.com\/pt-br\/wp-json\/wp\/v2\/pages"}],"about":[{"href":"https:\/\/center4smiles.com\/pt-br\/wp-json\/wp\/v2\/types\/page"}],"author":[{"embeddable":true,"href":"https:\/\/center4smiles.com\/pt-br\/wp-json\/wp\/v2\/users\/1"}],"replies":[{"embeddable":true,"href":"https:\/\/center4smiles.com\/pt-br\/wp-json\/wp\/v2\/comments?post=1868"}],"version-history":[{"count":6,"href":"https:\/\/center4smiles.com\/pt-br\/wp-json\/wp\/v2\/pages\/1868\/revisions"}],"predecessor-version":[{"id":2695,"href":"https:\/\/center4smiles.com\/pt-br\/wp-json\/wp\/v2\/pages\/1868\/revisions\/2695"}],"up":[{"embeddable":true,"href":"https:\/\/center4smiles.com\/pt-br\/wp-json\/wp\/v2\/pages\/833"}],"wp:attachment":[{"href":"https:\/\/center4smiles.com\/pt-br\/wp-json\/wp\/v2\/media?parent=1868"}],"curies":[{"name":"wp","href":"https:\/\/api.w.org\/{rel}","templated":true}]}}