{"id":1854,"date":"2019-09-26T20:27:06","date_gmt":"2019-09-26T20:27:06","guid":{"rendered":"https:\/\/center4smiles.com\/pagina-inicial\/servicos\/gentlewave\/"},"modified":"2020-01-14T15:34:46","modified_gmt":"2020-01-14T15:34:46","slug":"gentlewave","status":"publish","type":"page","link":"https:\/\/center4smiles.com\/pt-br\/pagina-inicial\/servicos\/gentlewave\/","title":{"rendered":"GentleWave"},"content":{"rendered":"<div class=\"wpb-content-wrapper\"><p>[vc_row section_type=&#8221;fullwidth&#8221; padding_top_multiplier=&#8221;&#8221; padding_bottom_multiplier=&#8221;&#8221; columns_gap=&#8221;none&#8221;][vc_column]<div class=\"grve-element grve-image grve-align-center\" style=\"\">  <div class=\"grve-image-wrapper\"><img loading=\"lazy\" decoding=\"async\" width=\"1920\" height=\"400\" src=\"https:\/\/center4smiles.com\/wp-content\/uploads\/2019\/09\/GentleWave-1.jpg\" class=\"attachment-full size-full\" alt=\"GentleWave\" srcset=\"https:\/\/center4smiles.com\/wp-content\/uploads\/2019\/09\/GentleWave-1.jpg 1920w, https:\/\/center4smiles.com\/wp-content\/uploads\/2019\/09\/GentleWave-1-300x63.jpg 300w, https:\/\/center4smiles.com\/wp-content\/uploads\/2019\/09\/GentleWave-1-768x160.jpg 768w, https:\/\/center4smiles.com\/wp-content\/uploads\/2019\/09\/GentleWave-1-1024x213.jpg 1024w\" sizes=\"auto, (max-width: 1920px) 100vw, 1920px\" \/>   <\/div><\/div>[\/vc_column][\/vc_row][vc_row][vc_column][vc_custom_heading text=&#8221;GentleWave&#8221; font_container=&#8221;tag:h1|text_align:center&#8221; use_theme_fonts=&#8221;yes&#8221;][\/vc_column][\/vc_row][vc_row padding_bottom_multiplier=&#8221;&#8221;][vc_column][vc_column_text]<br \/>\n&lt;h3&gt; Como funciona o procedimento Ultracleaning GentleWave? &lt;\/h3&gt;<br \/>\n[\/vc_column_text][\/vc_column][\/vc_row][vc_row][vc_column width=&#8221;2\/3&#8243;][vc_column_text]O sistema GentleWave utiliza din\u00e2mica de fluidos avan\u00e7ada para criar um turbilh\u00e3o de fluidos de procedimento que trafegam pelo sistema de canais radiculares. Ao longo do caminho, a energia ac\u00fastica de amplo espectro ajuda a remover os tecidos e detritos que causam infec\u00e7\u00e3o.<\/p>\n<p>Diferentemente dos tratamentos padr\u00e3o do canal radicular, o Procedimento Ultracleante GentleWave \u00e9 capaz de atingir todo o dente, mesmo em locais microsc\u00f3picos onde as bact\u00e9rias podem se esconder.<\/p>\n<p>Os especialistas do Center 4 Smiles t\u00eam treinamento avan\u00e7ado no uso de um microsc\u00f3pio cir\u00fargico de \u00faltima gera\u00e7\u00e3o.<\/p>\n<p>Todo o cuidado endod\u00f4ntico \u00e9 fornecido usando essa tecnologia para ampliar e iluminar a \u00e1rea de preocupa\u00e7\u00e3o do Dr. Prusakowski e seu assistente dental.<\/p>\n<p>O resultado \u00e9 acesso e vis\u00e3o incompar\u00e1veis dos intrincados sistemas de canais internos dos dentes do paciente e um resultado mais previs\u00edvel.[\/vc_column_text][\/vc_column][vc_column width=&#8221;1\/3&#8243;]<div class=\"grve-element grve-image grve-align-center\" style=\"\">  <div class=\"grve-image-wrapper\"><img loading=\"lazy\" decoding=\"async\" width=\"381\" height=\"350\" src=\"https:\/\/center4smiles.com\/wp-content\/uploads\/2019\/09\/GentleWave-2.jpg\" class=\"attachment-full size-full\" alt=\"Procedimento GentleWave\" srcset=\"https:\/\/center4smiles.com\/wp-content\/uploads\/2019\/09\/GentleWave-2.jpg 381w, https:\/\/center4smiles.com\/wp-content\/uploads\/2019\/09\/GentleWave-2-300x276.jpg 300w\" sizes=\"auto, (max-width: 381px) 100vw, 381px\" \/>   <\/div><\/div>[\/vc_column][\/vc_row][vc_row padding_bottom_multiplier=&#8221;2x&#8221;][vc_column width=&#8221;1\/4&#8243;]<div class=\"grve-element grve-image grve-align-center\" style=\"\">  <div class=\"grve-image-wrapper\"><a href=\"https:\/\/center4smiles.com\/pt-br\/pagina-inicial\/sobre-os-medicos\/dr-prusakowski\/\" title=\"Dr. Prusakowski\"><img loading=\"lazy\" decoding=\"async\" width=\"253\" height=\"300\" src=\"https:\/\/center4smiles.com\/wp-content\/uploads\/2020\/01\/DrPrusakowski1.jpg\" class=\"attachment-full size-full\" alt=\"Dr Prusakowski\" \/><\/a>   <\/div><\/div><div class=\"grve-empty-space\" style=\"height: 15px;\"><\/div>[vc_column_text]<\/p>\n<h4 style=\"text-align: center;\"><a href=\"https:\/\/center4smiles.com\/pt-br\/pagina-inicial\/sobre-os-medicos\/dr-prusakowski\/\">Dr. Prusakowski<\/a><\/h4>\n<p>[\/vc_column_text][\/vc_column][vc_column width=&#8221;3\/4&#8243;][vc_column_text]<\/p>\n<h3> Especialista em GentleWave <\/h3>\n<p>[\/vc_column_text]<div class=\"grve-empty-space grve-height-1x\" style=\"\"><\/div>[vc_column_text]O procedimento GentleWave \u00e9 realizado pelo Dr. Prusakowski em nosso escrit\u00f3rio em Boca Raton. Conhecer o seu m\u00e9dico antes de qualquer procedimento ajuda a aliviar parte do estresse e da ansiedade que acompanham qualquer procedimento cir\u00fargico. Confira a p\u00e1gina de biografia individual dos m\u00e9dicos para obter mais informa\u00e7\u00f5es.<\/p>\n<p>Quando estiver pronto para agendar sua consulta, ligue para <a href=\"tel:5614777171\"> (561) 477-7171 <\/a> e um de nossos assistentes de escrit\u00f3rio ajudar\u00e1 a agendar uma consulta conveniente para voc\u00ea ou clique no bot\u00e3o abaixo para obter informa\u00e7\u00f5es sobre escrit\u00f3rio e contato.[\/vc_column_text]<div class=\"grve-empty-space grve-height-1x\" style=\"\"><\/div><div class=\"grve-element grve-align-center\"><a href=\"http:\/\/center4smiles.dragonetdesign.com\/pt-br\/pagina-inicial\/contato\/\" title=\"Contato\" class=\"grve-btn grve-btn-medium grve-square grve-bg-primary-1 grve-bg-hover-primary-2 aboutbtn\"><span>Contate-Nos<\/span><\/a><\/div>[\/vc_column][\/vc_row]<\/p>\n<\/div>","protected":false},"excerpt":{"rendered":"<p>[vc_row section_type=&#8221;fullwidth&#8221; padding_top_multiplier=&#8221;&#8221; padding_bottom_multiplier=&#8221;&#8221; columns_gap=&#8221;none&#8221;][vc_column][\/vc_column][\/vc_row][vc_row][vc_column][vc_custom_heading text=&#8221;GentleWave&#8221; font_container=&#8221;tag:h1|text_align:center&#8221; use_theme_fonts=&#8221;yes&#8221;][\/vc_column][\/vc_row][vc_row padding_bottom_multiplier=&#8221;&#8221;][vc_column][vc_column_text] &lt;h3&gt; Como funciona o procedimento Ultracleaning GentleWave? &lt;\/h3&gt; [\/vc_column_text][\/vc_column][\/vc_row][vc_row][vc_column width=&#8221;2\/3&#8243;][vc_column_text]O sistema GentleWave utiliza din\u00e2mica de fluidos avan\u00e7ada para criar um turbilh\u00e3o de fluidos de procedimento que trafegam pelo sistema de canais radiculares. Ao longo do caminho, a energia ac\u00fastica de amplo espectro ajuda a remover os [&hellip;]<\/p>\n","protected":false},"author":1,"featured_media":0,"parent":833,"menu_order":0,"comment_status":"closed","ping_status":"closed","template":"","meta":{"footnotes":""},"class_list":["post-1854","page","type-page","status-publish","hentry"],"yoast_head":"<!-- This site is optimized with the Yoast SEO plugin v25.4 - https:\/\/yoast.com\/wordpress\/plugins\/seo\/ -->\n<title>Procedimento Ultracleaning GentleWave Realizado no Centro 4 Sorrisos<\/title>\n<meta name=\"description\" content=\"O sistema GentleWave utiliza din\u00e2mica de fluidos avan\u00e7ada para criar um turbilh\u00e3o de fluidos de procedimento que trafegam pelo sistema de canais radiculares.\" \/>\n<meta name=\"robots\" content=\"index, follow, max-snippet:-1, max-image-preview:large, max-video-preview:-1\" \/>\n<link rel=\"canonical\" href=\"https:\/\/center4smiles.com\/pt-br\/pagina-inicial\/servicos\/gentlewave\/\" \/>\n<meta property=\"og:locale\" content=\"pt_BR\" \/>\n<meta property=\"og:type\" content=\"article\" \/>\n<meta property=\"og:title\" content=\"Procedimento Ultracleaning GentleWave Realizado no Centro 4 Sorrisos\" \/>\n<meta property=\"og:description\" content=\"O sistema GentleWave utiliza din\u00e2mica de fluidos avan\u00e7ada para criar um turbilh\u00e3o de fluidos de procedimento que trafegam pelo sistema de canais radiculares.\" \/>\n<meta property=\"og:url\" content=\"https:\/\/center4smiles.com\/pt-br\/pagina-inicial\/servicos\/gentlewave\/\" \/>\n<meta property=\"og:site_name\" content=\"Center 4 Smiles\" \/>\n<meta property=\"article:modified_time\" content=\"2020-01-14T15:34:46+00:00\" \/>\n<meta name=\"twitter:card\" content=\"summary_large_image\" \/>\n<meta name=\"twitter:label1\" content=\"Est. tempo de leitura\" \/>\n\t<meta name=\"twitter:data1\" content=\"2 minutos\" \/>\n<script type=\"application\/ld+json\" class=\"yoast-schema-graph\">{\"@context\":\"https:\/\/schema.org\",\"@graph\":[{\"@type\":\"WebPage\",\"@id\":\"https:\/\/center4smiles.com\/pt-br\/pagina-inicial\/servicos\/gentlewave\/\",\"url\":\"https:\/\/center4smiles.com\/pt-br\/pagina-inicial\/servicos\/gentlewave\/\",\"name\":\"Procedimento Ultracleaning GentleWave Realizado no Centro 4 Sorrisos\",\"isPartOf\":{\"@id\":\"https:\/\/center4smiles.com\/pt-br\/#website\"},\"datePublished\":\"2019-09-26T20:27:06+00:00\",\"dateModified\":\"2020-01-14T15:34:46+00:00\",\"description\":\"O sistema GentleWave utiliza din\u00e2mica de fluidos avan\u00e7ada para criar um turbilh\u00e3o de fluidos de procedimento que trafegam pelo sistema de canais radiculares.\",\"breadcrumb\":{\"@id\":\"https:\/\/center4smiles.com\/pt-br\/pagina-inicial\/servicos\/gentlewave\/#breadcrumb\"},\"inLanguage\":\"pt-BR\",\"potentialAction\":[{\"@type\":\"ReadAction\",\"target\":[\"https:\/\/center4smiles.com\/pt-br\/pagina-inicial\/servicos\/gentlewave\/\"]}]},{\"@type\":\"BreadcrumbList\",\"@id\":\"https:\/\/center4smiles.com\/pt-br\/pagina-inicial\/servicos\/gentlewave\/#breadcrumb\",\"itemListElement\":[{\"@type\":\"ListItem\",\"position\":1,\"name\":\"Home\",\"item\":\"https:\/\/center4smiles.com\/pt-br\/pagina-inicial\/\"},{\"@type\":\"ListItem\",\"position\":2,\"name\":\"P\u00e1gina Inicial\",\"item\":\"https:\/\/center4smiles.com\/pt-br\/pagina-inicial\/\"},{\"@type\":\"ListItem\",\"position\":3,\"name\":\"Servi\u00e7os\",\"item\":\"https:\/\/center4smiles.com\/pt-br\/pagina-inicial\/servicos\/\"},{\"@type\":\"ListItem\",\"position\":4,\"name\":\"GentleWave\"}]},{\"@type\":\"WebSite\",\"@id\":\"https:\/\/center4smiles.com\/pt-br\/#website\",\"url\":\"https:\/\/center4smiles.com\/pt-br\/\",\"name\":\"Center 4 Smiles\",\"description\":\"Dental Implants &amp; Specialty Center\",\"potentialAction\":[{\"@type\":\"SearchAction\",\"target\":{\"@type\":\"EntryPoint\",\"urlTemplate\":\"https:\/\/center4smiles.com\/pt-br\/?s={search_term_string}\"},\"query-input\":{\"@type\":\"PropertyValueSpecification\",\"valueRequired\":true,\"valueName\":\"search_term_string\"}}],\"inLanguage\":\"pt-BR\"}]}<\/script>\n<!-- \/ Yoast SEO plugin. -->","yoast_head_json":{"title":"Procedimento Ultracleaning GentleWave Realizado no Centro 4 Sorrisos","description":"O sistema GentleWave utiliza din\u00e2mica de fluidos avan\u00e7ada para criar um turbilh\u00e3o de fluidos de procedimento que trafegam pelo sistema de canais radiculares.","robots":{"index":"index","follow":"follow","max-snippet":"max-snippet:-1","max-image-preview":"max-image-preview:large","max-video-preview":"max-video-preview:-1"},"canonical":"https:\/\/center4smiles.com\/pt-br\/pagina-inicial\/servicos\/gentlewave\/","og_locale":"pt_BR","og_type":"article","og_title":"Procedimento Ultracleaning GentleWave Realizado no Centro 4 Sorrisos","og_description":"O sistema GentleWave utiliza din\u00e2mica de fluidos avan\u00e7ada para criar um turbilh\u00e3o de fluidos de procedimento que trafegam pelo sistema de canais radiculares.","og_url":"https:\/\/center4smiles.com\/pt-br\/pagina-inicial\/servicos\/gentlewave\/","og_site_name":"Center 4 Smiles","article_modified_time":"2020-01-14T15:34:46+00:00","twitter_card":"summary_large_image","twitter_misc":{"Est. tempo de leitura":"2 minutos"},"schema":{"@context":"https:\/\/schema.org","@graph":[{"@type":"WebPage","@id":"https:\/\/center4smiles.com\/pt-br\/pagina-inicial\/servicos\/gentlewave\/","url":"https:\/\/center4smiles.com\/pt-br\/pagina-inicial\/servicos\/gentlewave\/","name":"Procedimento Ultracleaning GentleWave Realizado no Centro 4 Sorrisos","isPartOf":{"@id":"https:\/\/center4smiles.com\/pt-br\/#website"},"datePublished":"2019-09-26T20:27:06+00:00","dateModified":"2020-01-14T15:34:46+00:00","description":"O sistema GentleWave utiliza din\u00e2mica de fluidos avan\u00e7ada para criar um turbilh\u00e3o de fluidos de procedimento que trafegam pelo sistema de canais radiculares.","breadcrumb":{"@id":"https:\/\/center4smiles.com\/pt-br\/pagina-inicial\/servicos\/gentlewave\/#breadcrumb"},"inLanguage":"pt-BR","potentialAction":[{"@type":"ReadAction","target":["https:\/\/center4smiles.com\/pt-br\/pagina-inicial\/servicos\/gentlewave\/"]}]},{"@type":"BreadcrumbList","@id":"https:\/\/center4smiles.com\/pt-br\/pagina-inicial\/servicos\/gentlewave\/#breadcrumb","itemListElement":[{"@type":"ListItem","position":1,"name":"Home","item":"https:\/\/center4smiles.com\/pt-br\/pagina-inicial\/"},{"@type":"ListItem","position":2,"name":"P\u00e1gina Inicial","item":"https:\/\/center4smiles.com\/pt-br\/pagina-inicial\/"},{"@type":"ListItem","position":3,"name":"Servi\u00e7os","item":"https:\/\/center4smiles.com\/pt-br\/pagina-inicial\/servicos\/"},{"@type":"ListItem","position":4,"name":"GentleWave"}]},{"@type":"WebSite","@id":"https:\/\/center4smiles.com\/pt-br\/#website","url":"https:\/\/center4smiles.com\/pt-br\/","name":"Center 4 Smiles","description":"Dental Implants &amp; Specialty Center","potentialAction":[{"@type":"SearchAction","target":{"@type":"EntryPoint","urlTemplate":"https:\/\/center4smiles.com\/pt-br\/?s={search_term_string}"},"query-input":{"@type":"PropertyValueSpecification","valueRequired":true,"valueName":"search_term_string"}}],"inLanguage":"pt-BR"}]}},"_links":{"self":[{"href":"https:\/\/center4smiles.com\/pt-br\/wp-json\/wp\/v2\/pages\/1854","targetHints":{"allow":["GET"]}}],"collection":[{"href":"https:\/\/center4smiles.com\/pt-br\/wp-json\/wp\/v2\/pages"}],"about":[{"href":"https:\/\/center4smiles.com\/pt-br\/wp-json\/wp\/v2\/types\/page"}],"author":[{"embeddable":true,"href":"https:\/\/center4smiles.com\/pt-br\/wp-json\/wp\/v2\/users\/1"}],"replies":[{"embeddable":true,"href":"https:\/\/center4smiles.com\/pt-br\/wp-json\/wp\/v2\/comments?post=1854"}],"version-history":[{"count":6,"href":"https:\/\/center4smiles.com\/pt-br\/wp-json\/wp\/v2\/pages\/1854\/revisions"}],"predecessor-version":[{"id":2688,"href":"https:\/\/center4smiles.com\/pt-br\/wp-json\/wp\/v2\/pages\/1854\/revisions\/2688"}],"up":[{"embeddable":true,"href":"https:\/\/center4smiles.com\/pt-br\/wp-json\/wp\/v2\/pages\/833"}],"wp:attachment":[{"href":"https:\/\/center4smiles.com\/pt-br\/wp-json\/wp\/v2\/media?parent=1854"}],"curies":[{"name":"wp","href":"https:\/\/api.w.org\/{rel}","templated":true}]}}