{"id":1812,"date":"2019-09-26T20:16:12","date_gmt":"2019-09-26T20:16:12","guid":{"rendered":"https:\/\/center4smiles.com\/pagina-inicial\/servicos\/implantes-dentarios\/"},"modified":"2020-01-14T15:24:21","modified_gmt":"2020-01-14T15:24:21","slug":"implantes-dentarios","status":"publish","type":"page","link":"https:\/\/center4smiles.com\/pt-br\/pagina-inicial\/servicos\/implantes-dentarios\/","title":{"rendered":"Implantes dent\u00e1rios"},"content":{"rendered":"<div class=\"wpb-content-wrapper\"><p>[vc_row section_type=&#8221;fullwidth&#8221; padding_top_multiplier=&#8221;&#8221; padding_bottom_multiplier=&#8221;&#8221; columns_gap=&#8221;none&#8221;][vc_column]<div class=\"grve-element grve-image grve-align-center\" style=\"\">  <div class=\"grve-image-wrapper\"><img loading=\"lazy\" decoding=\"async\" width=\"1920\" height=\"400\" src=\"https:\/\/center4smiles.com\/wp-content\/uploads\/2019\/09\/Dental-Implants.jpg\" class=\"attachment-full size-full\" alt=\"Implantes dent\u00e1rios\" srcset=\"https:\/\/center4smiles.com\/wp-content\/uploads\/2019\/09\/Dental-Implants.jpg 1920w, https:\/\/center4smiles.com\/wp-content\/uploads\/2019\/09\/Dental-Implants-300x63.jpg 300w, https:\/\/center4smiles.com\/wp-content\/uploads\/2019\/09\/Dental-Implants-768x160.jpg 768w, https:\/\/center4smiles.com\/wp-content\/uploads\/2019\/09\/Dental-Implants-1024x213.jpg 1024w\" sizes=\"auto, (max-width: 1920px) 100vw, 1920px\" \/>   <\/div><\/div>[\/vc_column][\/vc_row][vc_row][vc_column][vc_custom_heading text=&#8221;Implantes dent\u00e1rios&#8221; font_container=&#8221;tag:h1|text_align:center&#8221; use_theme_fonts=&#8221;yes&#8221;][\/vc_column][\/vc_row][vc_row][vc_column width=&#8221;2\/3&#8243;][vc_column_text]Desde um implante dent\u00e1rio de um \u00fanico dente at\u00e9 uma substitui\u00e7\u00e3o completa do sorriso, podemos fazer tudo. Nossa varredura de feixe de cone 3D fornece uma imagem exata tridimensional com uma ferramenta de medi\u00e7\u00e3o, permitindo a coloca\u00e7\u00e3o exata de implantes para um sorriso perfeito.<\/p>\n<p>A primeira coisa que todos os pacientes receber\u00e3o \u00e9 uma varredura em 3-D Cone Beam para diagnosticar e tratar com mais efici\u00eancia a \u00e1rea do problema. Isso ajudar\u00e1 a localizar a localiza\u00e7\u00e3o exata dos canais nervosos, seios nasais e anatomia \u00f3ssea. Cada implante \u00e9 cuidadosamente selecionado para atender \u00e0s necessidades individuais do paciente e \u00e9 feito de materiais superiores para garantir conforto e qualidade duradouros.<\/p>\n<p>O Center 4 Smiles analisou mais de 3.000 escaneamentos em 3D e o Dr. Orphanos \u00e9 especialista nessa tecnologia. Com essa tecnologia exata \u00e0 disposi\u00e7\u00e3o do Centro, \u00e9 f\u00e1cil selecionar implantes dent\u00e1rios personalizados para os m\u00ednimos detalhes de cada paciente.[\/vc_column_text][\/vc_column][vc_column width=&#8221;1\/3&#8243;]<div class=\"grve-element grve-image grve-align-center\" style=\"\">  <div class=\"grve-image-wrapper\"><img loading=\"lazy\" decoding=\"async\" width=\"380\" height=\"225\" src=\"https:\/\/center4smiles.com\/wp-content\/uploads\/2019\/09\/DentalImplant.jpg\" class=\"attachment-full size-full\" alt=\"Implantes dent\u00e1rios\" srcset=\"https:\/\/center4smiles.com\/wp-content\/uploads\/2019\/09\/DentalImplant.jpg 380w, https:\/\/center4smiles.com\/wp-content\/uploads\/2019\/09\/DentalImplant-300x178.jpg 300w\" sizes=\"auto, (max-width: 380px) 100vw, 380px\" \/>   <\/div><\/div>[\/vc_column][\/vc_row][vc_row][vc_column width=&#8221;1\/2&#8243;]<div class=\"grve-element grve-image grve-align-center\" style=\"\">  <div class=\"grve-image-wrapper\"><img loading=\"lazy\" decoding=\"async\" width=\"535\" height=\"255\" src=\"https:\/\/center4smiles.com\/wp-content\/uploads\/2019\/09\/DentalImplanting.jpg\" class=\"attachment-full size-full\" alt=\"Implantes dent\u00e1rios\" srcset=\"https:\/\/center4smiles.com\/wp-content\/uploads\/2019\/09\/DentalImplanting.jpg 535w, https:\/\/center4smiles.com\/wp-content\/uploads\/2019\/09\/DentalImplanting-300x143.jpg 300w\" sizes=\"auto, (max-width: 535px) 100vw, 535px\" \/>   <\/div><\/div>[\/vc_column][vc_column width=&#8221;1\/2&#8243;][vc_column_text]<\/p>\n<h4>Ao considerar implantes dent\u00e1rios:<\/h4>\n<ul>\n<li>Voc\u00ea precisar\u00e1 de um implante ou est\u00e1 considerando um procedimento <a href=\"https:\/\/center4smiles.com\/pt-br\/pagina-inicial\/servicos\/all-on-4\/\"> All on 4\u00ae <\/a>?<\/li>\n<li>Voc\u00ea precisar\u00e1 de <a href=\"https:\/\/center4smiles.com\/pt-br\/pagina-inicial\/servicos\/enxerto-de-gengiva\/\"> enxerto de gengiva <\/a>?<\/li>\n<li>Ser\u00e1 necess\u00e1rio um <a href=\"https:\/\/center4smiles.com\/pt-br\/pagina-inicial\/servicos\/enxerto-osseo\/\"> enxerto \u00f3sseo <\/a> antes do implante?<\/li>\n<li>Voc\u00ea precisar\u00e1 de um <a href=\"https:\/\/center4smiles.com\/pt-br\/pagina-inicial\/servicos\/enxerto-sinusal\/\"> enxerto sinusal <\/a> com seu implante?<\/li>\n<\/ul>\n<p>[\/vc_column_text][\/vc_column][\/vc_row][vc_row padding_bottom_multiplier=&#8221;2x&#8221;][vc_column width=&#8221;1\/4&#8243;]<div class=\"grve-element grve-image grve-align-center\" style=\"\">  <div class=\"grve-image-wrapper\"><a href=\"https:\/\/center4smiles.com\/pt-br\/pagina-inicial\/sobre-os-medicos\/dr-orphanos\/\" title=\"Dr. Orphanos\"><img loading=\"lazy\" decoding=\"async\" width=\"253\" height=\"300\" src=\"https:\/\/center4smiles.com\/wp-content\/uploads\/2020\/01\/DrOrphanos1.jpg\" class=\"attachment-full size-full\" alt=\"Dr Orphanos\" \/><\/a>   <\/div><\/div><div class=\"grve-empty-space\" style=\"height: 15px;\"><\/div>[vc_column_text]<\/p>\n<h4 style=\"text-align: center;\"><a href=\"https:\/\/center4smiles.com\/pt-br\/pagina-inicial\/sobre-os-medicos\/dr-orphanos\/\">Dr. Orphanos<\/a><\/h4>\n<p>[\/vc_column_text][\/vc_column][vc_column width=&#8221;1\/4&#8243;]<div class=\"grve-element grve-image grve-align-center\" style=\"\">  <div class=\"grve-image-wrapper\"><a href=\"https:\/\/center4smiles.com\/pt-br\/pagina-inicial\/sobre-os-medicos\/dr-hescheles\/\" title=\"Dr. Hescheles\"><img loading=\"lazy\" decoding=\"async\" width=\"253\" height=\"300\" src=\"https:\/\/center4smiles.com\/wp-content\/uploads\/2020\/01\/DrHescheles1.jpg\" class=\"attachment-full size-full\" alt=\"Dr Hescheles\" \/><\/a>   <\/div><\/div><div class=\"grve-empty-space\" style=\"height: 15px;\"><\/div>[vc_column_text]<\/p>\n<h4 style=\"text-align: center;\"><a href=\"https:\/\/center4smiles.com\/pt-br\/pagina-inicial\/sobre-os-medicos\/dr-hescheles\/\">Dr. Hescheles<\/a><\/h4>\n<p>[\/vc_column_text][\/vc_column][vc_column width=&#8221;1\/2&#8243;][vc_column_text]<\/p>\n<h3>Especialistas em implantes dent\u00e1rios<\/h3>\n<p>[\/vc_column_text]<div class=\"grve-empty-space grve-height-1x\" style=\"\"><\/div>[vc_column_text]O procedimento de implante dent\u00e1rio \u00e9 realizado pelo Dr. Orphanos e pelo Dr. Hescheles em nosso escrit\u00f3rio em Boca Raton. Conhecer o seu m\u00e9dico antes de qualquer procedimento ajuda a aliviar parte do estresse e da ansiedade que acompanham qualquer procedimento cir\u00fargico. Confira suas p\u00e1ginas individuais de biografia para obter mais informa\u00e7\u00f5es.<\/p>\n<p>Quando estiver pronto para agendar sua consulta, ligue para <a href=\"tel:5614777171\"> (561) 477-7171 <\/a> e um de nossos assistentes de escrit\u00f3rio ajudar\u00e1 a agendar uma consulta conveniente para voc\u00ea ou clique no bot\u00e3o abaixo para obter informa\u00e7\u00f5es sobre escrit\u00f3rio e contato.[\/vc_column_text]<div class=\"grve-empty-space grve-height-1x\" style=\"\"><\/div><div class=\"grve-element grve-align-center\"><a href=\"https:\/\/center4smiles.com\/pt-br\/pagina-inicial\/contato\/\" title=\"Contato\" class=\"grve-btn grve-btn-medium grve-square grve-bg-primary-1 grve-bg-hover-primary-2 aboutbtn\"><span>Contate-Nos<\/span><\/a><\/div>[\/vc_column][\/vc_row]<\/p>\n<\/div>","protected":false},"excerpt":{"rendered":"<p>[vc_row section_type=&#8221;fullwidth&#8221; padding_top_multiplier=&#8221;&#8221; padding_bottom_multiplier=&#8221;&#8221; columns_gap=&#8221;none&#8221;][vc_column][\/vc_column][\/vc_row][vc_row][vc_column][vc_custom_heading text=&#8221;Implantes dent\u00e1rios&#8221; font_container=&#8221;tag:h1|text_align:center&#8221; use_theme_fonts=&#8221;yes&#8221;][\/vc_column][\/vc_row][vc_row][vc_column width=&#8221;2\/3&#8243;][vc_column_text]Desde um implante dent\u00e1rio de um \u00fanico dente at\u00e9 uma substitui\u00e7\u00e3o completa do sorriso, podemos fazer tudo. Nossa varredura de feixe de cone 3D fornece uma imagem exata tridimensional com uma ferramenta de medi\u00e7\u00e3o, permitindo a coloca\u00e7\u00e3o exata de implantes para um sorriso perfeito. A primeira [&hellip;]<\/p>\n","protected":false},"author":1,"featured_media":0,"parent":833,"menu_order":0,"comment_status":"closed","ping_status":"closed","template":"","meta":{"footnotes":""},"class_list":["post-1812","page","type-page","status-publish","hentry"],"yoast_head":"<!-- This site is optimized with the Yoast SEO plugin v25.4 - https:\/\/yoast.com\/wordpress\/plugins\/seo\/ -->\n<title>Implantes dent\u00e1rios - \u00danico vs tudo em 4\u00ae - Center 4 Smiles<\/title>\n<meta name=\"description\" content=\"Implantes dent\u00e1rios de um dente a uma substitui\u00e7\u00e3o completa do sorriso, fazemos tudo. Nossa varredura de feixe de cone 3D fornece uma imagem exata tridimensional com uma ferramenta de medi\u00e7\u00e3o\" \/>\n<meta name=\"robots\" content=\"index, follow, max-snippet:-1, max-image-preview:large, max-video-preview:-1\" \/>\n<link rel=\"canonical\" href=\"https:\/\/center4smiles.com\/pt-br\/pagina-inicial\/servicos\/implantes-dentarios\/\" \/>\n<meta property=\"og:locale\" content=\"pt_BR\" \/>\n<meta property=\"og:type\" content=\"article\" \/>\n<meta property=\"og:title\" content=\"Implantes dent\u00e1rios - \u00danico vs tudo em 4\u00ae - Center 4 Smiles\" \/>\n<meta property=\"og:description\" content=\"Implantes dent\u00e1rios de um dente a uma substitui\u00e7\u00e3o completa do sorriso, fazemos tudo. Nossa varredura de feixe de cone 3D fornece uma imagem exata tridimensional com uma ferramenta de medi\u00e7\u00e3o\" \/>\n<meta property=\"og:url\" content=\"https:\/\/center4smiles.com\/pt-br\/pagina-inicial\/servicos\/implantes-dentarios\/\" \/>\n<meta property=\"og:site_name\" content=\"Center 4 Smiles\" \/>\n<meta property=\"article:modified_time\" content=\"2020-01-14T15:24:21+00:00\" \/>\n<meta name=\"twitter:card\" content=\"summary_large_image\" \/>\n<meta name=\"twitter:label1\" content=\"Est. tempo de leitura\" \/>\n\t<meta name=\"twitter:data1\" content=\"3 minutos\" \/>\n<script type=\"application\/ld+json\" class=\"yoast-schema-graph\">{\"@context\":\"https:\/\/schema.org\",\"@graph\":[{\"@type\":\"WebPage\",\"@id\":\"https:\/\/center4smiles.com\/pt-br\/pagina-inicial\/servicos\/implantes-dentarios\/\",\"url\":\"https:\/\/center4smiles.com\/pt-br\/pagina-inicial\/servicos\/implantes-dentarios\/\",\"name\":\"Implantes dent\u00e1rios - \u00danico vs tudo em 4\u00ae - Center 4 Smiles\",\"isPartOf\":{\"@id\":\"https:\/\/center4smiles.com\/pt-br\/#website\"},\"datePublished\":\"2019-09-26T20:16:12+00:00\",\"dateModified\":\"2020-01-14T15:24:21+00:00\",\"description\":\"Implantes dent\u00e1rios de um dente a uma substitui\u00e7\u00e3o completa do sorriso, fazemos tudo. Nossa varredura de feixe de cone 3D fornece uma imagem exata tridimensional com uma ferramenta de medi\u00e7\u00e3o\",\"breadcrumb\":{\"@id\":\"https:\/\/center4smiles.com\/pt-br\/pagina-inicial\/servicos\/implantes-dentarios\/#breadcrumb\"},\"inLanguage\":\"pt-BR\",\"potentialAction\":[{\"@type\":\"ReadAction\",\"target\":[\"https:\/\/center4smiles.com\/pt-br\/pagina-inicial\/servicos\/implantes-dentarios\/\"]}]},{\"@type\":\"BreadcrumbList\",\"@id\":\"https:\/\/center4smiles.com\/pt-br\/pagina-inicial\/servicos\/implantes-dentarios\/#breadcrumb\",\"itemListElement\":[{\"@type\":\"ListItem\",\"position\":1,\"name\":\"Home\",\"item\":\"https:\/\/center4smiles.com\/pt-br\/pagina-inicial\/\"},{\"@type\":\"ListItem\",\"position\":2,\"name\":\"P\u00e1gina Inicial\",\"item\":\"https:\/\/center4smiles.com\/pt-br\/pagina-inicial\/\"},{\"@type\":\"ListItem\",\"position\":3,\"name\":\"Servi\u00e7os\",\"item\":\"https:\/\/center4smiles.com\/pt-br\/pagina-inicial\/servicos\/\"},{\"@type\":\"ListItem\",\"position\":4,\"name\":\"Implantes dent\u00e1rios\"}]},{\"@type\":\"WebSite\",\"@id\":\"https:\/\/center4smiles.com\/pt-br\/#website\",\"url\":\"https:\/\/center4smiles.com\/pt-br\/\",\"name\":\"Center 4 Smiles\",\"description\":\"Dental Implants &amp; Specialty Center\",\"potentialAction\":[{\"@type\":\"SearchAction\",\"target\":{\"@type\":\"EntryPoint\",\"urlTemplate\":\"https:\/\/center4smiles.com\/pt-br\/?s={search_term_string}\"},\"query-input\":{\"@type\":\"PropertyValueSpecification\",\"valueRequired\":true,\"valueName\":\"search_term_string\"}}],\"inLanguage\":\"pt-BR\"}]}<\/script>\n<!-- \/ Yoast SEO plugin. -->","yoast_head_json":{"title":"Implantes dent\u00e1rios - \u00danico vs tudo em 4\u00ae - Center 4 Smiles","description":"Implantes dent\u00e1rios de um dente a uma substitui\u00e7\u00e3o completa do sorriso, fazemos tudo. Nossa varredura de feixe de cone 3D fornece uma imagem exata tridimensional com uma ferramenta de medi\u00e7\u00e3o","robots":{"index":"index","follow":"follow","max-snippet":"max-snippet:-1","max-image-preview":"max-image-preview:large","max-video-preview":"max-video-preview:-1"},"canonical":"https:\/\/center4smiles.com\/pt-br\/pagina-inicial\/servicos\/implantes-dentarios\/","og_locale":"pt_BR","og_type":"article","og_title":"Implantes dent\u00e1rios - \u00danico vs tudo em 4\u00ae - Center 4 Smiles","og_description":"Implantes dent\u00e1rios de um dente a uma substitui\u00e7\u00e3o completa do sorriso, fazemos tudo. Nossa varredura de feixe de cone 3D fornece uma imagem exata tridimensional com uma ferramenta de medi\u00e7\u00e3o","og_url":"https:\/\/center4smiles.com\/pt-br\/pagina-inicial\/servicos\/implantes-dentarios\/","og_site_name":"Center 4 Smiles","article_modified_time":"2020-01-14T15:24:21+00:00","twitter_card":"summary_large_image","twitter_misc":{"Est. tempo de leitura":"3 minutos"},"schema":{"@context":"https:\/\/schema.org","@graph":[{"@type":"WebPage","@id":"https:\/\/center4smiles.com\/pt-br\/pagina-inicial\/servicos\/implantes-dentarios\/","url":"https:\/\/center4smiles.com\/pt-br\/pagina-inicial\/servicos\/implantes-dentarios\/","name":"Implantes dent\u00e1rios - \u00danico vs tudo em 4\u00ae - Center 4 Smiles","isPartOf":{"@id":"https:\/\/center4smiles.com\/pt-br\/#website"},"datePublished":"2019-09-26T20:16:12+00:00","dateModified":"2020-01-14T15:24:21+00:00","description":"Implantes dent\u00e1rios de um dente a uma substitui\u00e7\u00e3o completa do sorriso, fazemos tudo. Nossa varredura de feixe de cone 3D fornece uma imagem exata tridimensional com uma ferramenta de medi\u00e7\u00e3o","breadcrumb":{"@id":"https:\/\/center4smiles.com\/pt-br\/pagina-inicial\/servicos\/implantes-dentarios\/#breadcrumb"},"inLanguage":"pt-BR","potentialAction":[{"@type":"ReadAction","target":["https:\/\/center4smiles.com\/pt-br\/pagina-inicial\/servicos\/implantes-dentarios\/"]}]},{"@type":"BreadcrumbList","@id":"https:\/\/center4smiles.com\/pt-br\/pagina-inicial\/servicos\/implantes-dentarios\/#breadcrumb","itemListElement":[{"@type":"ListItem","position":1,"name":"Home","item":"https:\/\/center4smiles.com\/pt-br\/pagina-inicial\/"},{"@type":"ListItem","position":2,"name":"P\u00e1gina Inicial","item":"https:\/\/center4smiles.com\/pt-br\/pagina-inicial\/"},{"@type":"ListItem","position":3,"name":"Servi\u00e7os","item":"https:\/\/center4smiles.com\/pt-br\/pagina-inicial\/servicos\/"},{"@type":"ListItem","position":4,"name":"Implantes dent\u00e1rios"}]},{"@type":"WebSite","@id":"https:\/\/center4smiles.com\/pt-br\/#website","url":"https:\/\/center4smiles.com\/pt-br\/","name":"Center 4 Smiles","description":"Dental Implants &amp; Specialty Center","potentialAction":[{"@type":"SearchAction","target":{"@type":"EntryPoint","urlTemplate":"https:\/\/center4smiles.com\/pt-br\/?s={search_term_string}"},"query-input":{"@type":"PropertyValueSpecification","valueRequired":true,"valueName":"search_term_string"}}],"inLanguage":"pt-BR"}]}},"_links":{"self":[{"href":"https:\/\/center4smiles.com\/pt-br\/wp-json\/wp\/v2\/pages\/1812","targetHints":{"allow":["GET"]}}],"collection":[{"href":"https:\/\/center4smiles.com\/pt-br\/wp-json\/wp\/v2\/pages"}],"about":[{"href":"https:\/\/center4smiles.com\/pt-br\/wp-json\/wp\/v2\/types\/page"}],"author":[{"embeddable":true,"href":"https:\/\/center4smiles.com\/pt-br\/wp-json\/wp\/v2\/users\/1"}],"replies":[{"embeddable":true,"href":"https:\/\/center4smiles.com\/pt-br\/wp-json\/wp\/v2\/comments?post=1812"}],"version-history":[{"count":7,"href":"https:\/\/center4smiles.com\/pt-br\/wp-json\/wp\/v2\/pages\/1812\/revisions"}],"predecessor-version":[{"id":2675,"href":"https:\/\/center4smiles.com\/pt-br\/wp-json\/wp\/v2\/pages\/1812\/revisions\/2675"}],"up":[{"embeddable":true,"href":"https:\/\/center4smiles.com\/pt-br\/wp-json\/wp\/v2\/pages\/833"}],"wp:attachment":[{"href":"https:\/\/center4smiles.com\/pt-br\/wp-json\/wp\/v2\/media?parent=1812"}],"curies":[{"name":"wp","href":"https:\/\/api.w.org\/{rel}","templated":true}]}}