{"id":1733,"date":"2019-09-26T18:47:48","date_gmt":"2019-09-26T18:47:48","guid":{"rendered":"https:\/\/center4smiles.com\/pagina-inicial\/servicos\/all-on-4\/"},"modified":"2020-01-13T21:17:51","modified_gmt":"2020-01-13T21:17:51","slug":"all-on-4","status":"publish","type":"page","link":"https:\/\/center4smiles.com\/pt-br\/pagina-inicial\/servicos\/all-on-4\/","title":{"rendered":"All on 4\u00ae"},"content":{"rendered":"<div class=\"wpb-content-wrapper\"><p>[vc_row section_type=&#8221;fullwidth&#8221; padding_top_multiplier=&#8221;&#8221; padding_bottom_multiplier=&#8221;&#8221; columns_gap=&#8221;none&#8221;][vc_column]<div class=\"grve-element grve-image grve-align-center\" style=\"\">  <div class=\"grve-image-wrapper\"><img loading=\"lazy\" decoding=\"async\" width=\"1920\" height=\"400\" src=\"https:\/\/center4smiles.com\/wp-content\/uploads\/2019\/09\/Allon4Banner.jpg\" class=\"attachment-full size-full\" alt=\"Tudo sobre 4 implantes dent\u00e1rios\" srcset=\"https:\/\/center4smiles.com\/wp-content\/uploads\/2019\/09\/Allon4Banner.jpg 1920w, https:\/\/center4smiles.com\/wp-content\/uploads\/2019\/09\/Allon4Banner-300x63.jpg 300w, https:\/\/center4smiles.com\/wp-content\/uploads\/2019\/09\/Allon4Banner-768x160.jpg 768w, https:\/\/center4smiles.com\/wp-content\/uploads\/2019\/09\/Allon4Banner-1024x213.jpg 1024w\" sizes=\"auto, (max-width: 1920px) 100vw, 1920px\" \/>   <\/div><\/div>[\/vc_column][\/vc_row][vc_row][vc_column][vc_custom_heading text=&#8221;All on 4\u00ae&#8221; font_container=&#8221;tag:h1|text_align:center&#8221; use_theme_fonts=&#8221;yes&#8221;][vc_custom_heading text=&#8221;Receba seu sorriso de volta tudo em um dia!&#8221; font_container=&#8221;tag:h2|text_align:center&#8221; use_theme_fonts=&#8221;yes&#8221;]<div class=\"grve-empty-space\" style=\"height: 18px;\"><\/div>[vc_column_text]O procedimento de implante dent\u00e1rio All on 4\u00ae foi desenvolvido no in\u00edcio dos anos 90, mas foi aperfei\u00e7oado pelo nosso escrit\u00f3rio ao longo dos anos. Esse procedimento odontol\u00f3gico especializado permite que quatro implantes e dentes sejam colocados todos em um dia. O Dr. Orphanos e o Dr. Hescheles s\u00e3o especialistas no procedimento All on 4\u00ae.<\/p>\n<p>O Dr. Orphanos d\u00e1 palestras, nacional e internacionalmente, sobre o procedimento de implante dent\u00e1rio All on 4\u00ae e possui um centro educacional onde outros cirurgi\u00f5es v\u00eam aprender a t\u00e9cnica. Pouqu\u00edssimos cirurgi\u00f5es s\u00e3o treinados para realizar o procedimento de implante dent\u00e1rio All on 4\u00ae, mas nosso consult\u00f3rio faz essa t\u00e9cnica regularmente h\u00e1 anos.[\/vc_column_text][\/vc_column][\/vc_row][vc_row][vc_column width=&#8221;1\/2&#8243;]<div class=\"grve-element grve-image grve-align-center\" style=\"\">  <div class=\"grve-image-wrapper\"><img loading=\"lazy\" decoding=\"async\" width=\"455\" height=\"357\" src=\"https:\/\/center4smiles.com\/wp-content\/uploads\/2019\/09\/allon4.jpg\" class=\"attachment-full size-full\" alt=\"Tudo em 4 Procedimento\" srcset=\"https:\/\/center4smiles.com\/wp-content\/uploads\/2019\/09\/allon4.jpg 455w, https:\/\/center4smiles.com\/wp-content\/uploads\/2019\/09\/allon4-300x235.jpg 300w\" sizes=\"auto, (max-width: 455px) 100vw, 455px\" \/>   <\/div><\/div>[\/vc_column][vc_column width=&#8221;1\/2&#8243;][vc_column_text]<\/p>\n<h3>Mais Natural do que Dentaduras<\/h3>\n<p>Voc\u00ea pode restaurar completamente seu sorriso natural com o procedimento de implante dent\u00e1rio All on 4\u00ae. Ele pode ser utilizado na mand\u00edbula superior ou inferior com o objetivo de criar uma nova mordida e um sorriso brilhante.<\/p>\n<p>Os implantes estrategicamente posicionados evitam os seios maxilares na mand\u00edbula superior e o canal do nervo mandibular na mand\u00edbula inferior, evitando a necessidade de procedimentos avan\u00e7ados de enxerto \u00f3sseo.<\/p>\n<p>Ao usar o mais recente posicionamento de planejamento virtual, juntamente com a tecnologia de escaneamento 3D, o Centro de Implantes e Especialidades Odontol\u00f3gicas minimiza qualquer risco, criando um sorriso brilhante e natural que dura a vida inteira.[\/vc_column_text][\/vc_column][\/vc_row][vc_row padding_bottom_multiplier=&#8221;2x&#8221;][vc_column width=&#8221;1\/4&#8243;]<div class=\"grve-element grve-image grve-align-center\" style=\"\">  <div class=\"grve-image-wrapper\"><a href=\"https:\/\/center4smiles.com\/pt-br\/pagina-inicial\/sobre-os-medicos\/dr-orphanos\/\" title=\"Dr. Orphanos\"><img loading=\"lazy\" decoding=\"async\" width=\"253\" height=\"300\" src=\"https:\/\/center4smiles.com\/wp-content\/uploads\/2020\/01\/DrOrphanos1.jpg\" class=\"attachment-full size-full\" alt=\"Dr Orphanos\" \/><\/a>   <\/div><\/div><div class=\"grve-empty-space\" style=\"height: 15px;\"><\/div>[vc_column_text]<\/p>\n<h4 style=\"text-align: center;\"><a href=\"https:\/\/center4smiles.com\/pt-br\/pagina-inicial\/sobre-os-medicos\/dr-orphanos\/\">Dr. Orphanos<\/a><\/h4>\n<p>[\/vc_column_text][\/vc_column][vc_column width=&#8221;1\/4&#8243;]<div class=\"grve-element grve-image grve-align-center\" style=\"\">  <div class=\"grve-image-wrapper\"><a href=\"https:\/\/center4smiles.com\/pt-br\/pagina-inicial\/sobre-os-medicos\/dr-hescheles\/\" title=\"Dr. Hescheles\"><img loading=\"lazy\" decoding=\"async\" width=\"253\" height=\"300\" src=\"https:\/\/center4smiles.com\/wp-content\/uploads\/2020\/01\/DrHescheles1.jpg\" class=\"attachment-full size-full\" alt=\"Dr Hescheles\" \/><\/a>   <\/div><\/div><div class=\"grve-empty-space\" style=\"height: 15px;\"><\/div>[vc_column_text]<\/p>\n<h4 style=\"text-align: center;\"><a href=\"https:\/\/center4smiles.com\/pt-br\/pagina-inicial\/sobre-os-medicos\/%d0%b4%d0%be%d0%ba%d1%82%d0%be%d1%80-%d1%85%d0%b5%d1%88%d0%b5%d0%bb%d0%b5%d1%81\/\">Dr. Hescheles<\/a><\/h4>\n<p>[\/vc_column_text][\/vc_column][vc_column width=&#8221;1\/2&#8243;][vc_column_text]<\/p>\n<h3>Conhe\u00e7a os especialistas All on 4\u00ae<\/h3>\n<p>[\/vc_column_text]<div class=\"grve-empty-space grve-height-1x\" style=\"\"><\/div>[vc_column_text]O procedimento All on 4 \u00e9 realizado pelo Dr. Orphanos e pelo Dr. Hescheles em nosso escrit\u00f3rio em Boca Raton. Conhecer o seu m\u00e9dico antes de qualquer procedimento ajuda a aliviar parte do estresse e da ansiedade que acompanham qualquer procedimento cir\u00fargico. Confira suas p\u00e1ginas individuais de biografia para obter mais informa\u00e7\u00f5es.<\/p>\n<p>Quando estiver pronto para agendar sua consulta, ligue para <a href=\"tel:5614777171\">(561) 477-7171<\/a> e um de nossos assistentes de escrit\u00f3rio ajudar\u00e1 a agendar uma consulta que seja conveniente para voc\u00ea ou clique no bot\u00e3o abaixo para obter informa\u00e7\u00f5es sobre escrit\u00f3rio e contato.[\/vc_column_text]<div class=\"grve-empty-space grve-height-1x\" style=\"\"><\/div><div class=\"grve-element grve-align-center\"><a href=\"https:\/\/center4smiles.com\/pt-br\/pagina-inicial\/contato\/\" title=\"Contato\" class=\"grve-btn grve-btn-medium grve-square grve-bg-primary-1 grve-bg-hover-primary-2 aboutbtn\"><span>Contate-Nos<\/span><\/a><\/div>[\/vc_column][\/vc_row]<\/p>\n<\/div>","protected":false},"excerpt":{"rendered":"<p>[vc_row section_type=&#8221;fullwidth&#8221; padding_top_multiplier=&#8221;&#8221; padding_bottom_multiplier=&#8221;&#8221; columns_gap=&#8221;none&#8221;][vc_column][\/vc_column][\/vc_row][vc_row][vc_column][vc_custom_heading text=&#8221;All on 4\u00ae&#8221; font_container=&#8221;tag:h1|text_align:center&#8221; use_theme_fonts=&#8221;yes&#8221;][vc_custom_heading text=&#8221;Receba seu sorriso de volta tudo em um dia!&#8221; font_container=&#8221;tag:h2|text_align:center&#8221; use_theme_fonts=&#8221;yes&#8221;][vc_column_text]O procedimento de implante dent\u00e1rio All on 4\u00ae foi desenvolvido no in\u00edcio dos anos 90, mas foi aperfei\u00e7oado pelo nosso escrit\u00f3rio ao longo dos anos. Esse procedimento odontol\u00f3gico especializado permite que quatro implantes e dentes [&hellip;]<\/p>\n","protected":false},"author":1,"featured_media":0,"parent":833,"menu_order":0,"comment_status":"closed","ping_status":"closed","template":"","meta":{"footnotes":""},"class_list":["post-1733","page","type-page","status-publish","hentry"],"yoast_head":"<!-- This site is optimized with the Yoast SEO plugin v25.4 - https:\/\/yoast.com\/wordpress\/plugins\/seo\/ -->\n<title>All on 4\u00ae - Center 4 Smiles - Receba seu sorriso de volta em um dia!<\/title>\n<meta name=\"description\" content=\"O procedimento de implante dent\u00e1rio All on 4\u00ae foi desenvolvido no in\u00edcio dos anos 90, mas foi aperfei\u00e7oado pelo nosso escrit\u00f3rio ao longo dos anos.\" \/>\n<meta name=\"robots\" content=\"index, follow, max-snippet:-1, max-image-preview:large, max-video-preview:-1\" \/>\n<link rel=\"canonical\" href=\"https:\/\/center4smiles.com\/pt-br\/pagina-inicial\/servicos\/all-on-4\/\" \/>\n<meta property=\"og:locale\" content=\"pt_BR\" \/>\n<meta property=\"og:type\" content=\"article\" \/>\n<meta property=\"og:title\" content=\"All on 4\u00ae - Center 4 Smiles - Receba seu sorriso de volta em um dia!\" \/>\n<meta property=\"og:description\" content=\"O procedimento de implante dent\u00e1rio All on 4\u00ae foi desenvolvido no in\u00edcio dos anos 90, mas foi aperfei\u00e7oado pelo nosso escrit\u00f3rio ao longo dos anos.\" \/>\n<meta property=\"og:url\" content=\"https:\/\/center4smiles.com\/pt-br\/pagina-inicial\/servicos\/all-on-4\/\" \/>\n<meta property=\"og:site_name\" content=\"Center 4 Smiles\" \/>\n<meta property=\"article:modified_time\" content=\"2020-01-13T21:17:51+00:00\" \/>\n<meta name=\"twitter:card\" content=\"summary_large_image\" \/>\n<meta name=\"twitter:label1\" content=\"Est. tempo de leitura\" \/>\n\t<meta name=\"twitter:data1\" content=\"3 minutos\" \/>\n<script type=\"application\/ld+json\" class=\"yoast-schema-graph\">{\"@context\":\"https:\/\/schema.org\",\"@graph\":[{\"@type\":\"WebPage\",\"@id\":\"https:\/\/center4smiles.com\/pt-br\/pagina-inicial\/servicos\/all-on-4\/\",\"url\":\"https:\/\/center4smiles.com\/pt-br\/pagina-inicial\/servicos\/all-on-4\/\",\"name\":\"All on 4\u00ae - Center 4 Smiles - Receba seu sorriso de volta em um dia!\",\"isPartOf\":{\"@id\":\"https:\/\/center4smiles.com\/pt-br\/#website\"},\"datePublished\":\"2019-09-26T18:47:48+00:00\",\"dateModified\":\"2020-01-13T21:17:51+00:00\",\"description\":\"O procedimento de implante dent\u00e1rio All on 4\u00ae foi desenvolvido no in\u00edcio dos anos 90, mas foi aperfei\u00e7oado pelo nosso escrit\u00f3rio ao longo dos anos.\",\"breadcrumb\":{\"@id\":\"https:\/\/center4smiles.com\/pt-br\/pagina-inicial\/servicos\/all-on-4\/#breadcrumb\"},\"inLanguage\":\"pt-BR\",\"potentialAction\":[{\"@type\":\"ReadAction\",\"target\":[\"https:\/\/center4smiles.com\/pt-br\/pagina-inicial\/servicos\/all-on-4\/\"]}]},{\"@type\":\"BreadcrumbList\",\"@id\":\"https:\/\/center4smiles.com\/pt-br\/pagina-inicial\/servicos\/all-on-4\/#breadcrumb\",\"itemListElement\":[{\"@type\":\"ListItem\",\"position\":1,\"name\":\"Home\",\"item\":\"https:\/\/center4smiles.com\/pt-br\/pagina-inicial\/\"},{\"@type\":\"ListItem\",\"position\":2,\"name\":\"P\u00e1gina Inicial\",\"item\":\"https:\/\/center4smiles.com\/pt-br\/pagina-inicial\/\"},{\"@type\":\"ListItem\",\"position\":3,\"name\":\"Servi\u00e7os\",\"item\":\"https:\/\/center4smiles.com\/pt-br\/pagina-inicial\/servicos\/\"},{\"@type\":\"ListItem\",\"position\":4,\"name\":\"All on 4\u00ae\"}]},{\"@type\":\"WebSite\",\"@id\":\"https:\/\/center4smiles.com\/pt-br\/#website\",\"url\":\"https:\/\/center4smiles.com\/pt-br\/\",\"name\":\"Center 4 Smiles\",\"description\":\"Dental Implants &amp; Specialty Center\",\"potentialAction\":[{\"@type\":\"SearchAction\",\"target\":{\"@type\":\"EntryPoint\",\"urlTemplate\":\"https:\/\/center4smiles.com\/pt-br\/?s={search_term_string}\"},\"query-input\":{\"@type\":\"PropertyValueSpecification\",\"valueRequired\":true,\"valueName\":\"search_term_string\"}}],\"inLanguage\":\"pt-BR\"}]}<\/script>\n<!-- \/ Yoast SEO plugin. -->","yoast_head_json":{"title":"All on 4\u00ae - Center 4 Smiles - Receba seu sorriso de volta em um dia!","description":"O procedimento de implante dent\u00e1rio All on 4\u00ae foi desenvolvido no in\u00edcio dos anos 90, mas foi aperfei\u00e7oado pelo nosso escrit\u00f3rio ao longo dos anos.","robots":{"index":"index","follow":"follow","max-snippet":"max-snippet:-1","max-image-preview":"max-image-preview:large","max-video-preview":"max-video-preview:-1"},"canonical":"https:\/\/center4smiles.com\/pt-br\/pagina-inicial\/servicos\/all-on-4\/","og_locale":"pt_BR","og_type":"article","og_title":"All on 4\u00ae - Center 4 Smiles - Receba seu sorriso de volta em um dia!","og_description":"O procedimento de implante dent\u00e1rio All on 4\u00ae foi desenvolvido no in\u00edcio dos anos 90, mas foi aperfei\u00e7oado pelo nosso escrit\u00f3rio ao longo dos anos.","og_url":"https:\/\/center4smiles.com\/pt-br\/pagina-inicial\/servicos\/all-on-4\/","og_site_name":"Center 4 Smiles","article_modified_time":"2020-01-13T21:17:51+00:00","twitter_card":"summary_large_image","twitter_misc":{"Est. tempo de leitura":"3 minutos"},"schema":{"@context":"https:\/\/schema.org","@graph":[{"@type":"WebPage","@id":"https:\/\/center4smiles.com\/pt-br\/pagina-inicial\/servicos\/all-on-4\/","url":"https:\/\/center4smiles.com\/pt-br\/pagina-inicial\/servicos\/all-on-4\/","name":"All on 4\u00ae - Center 4 Smiles - Receba seu sorriso de volta em um dia!","isPartOf":{"@id":"https:\/\/center4smiles.com\/pt-br\/#website"},"datePublished":"2019-09-26T18:47:48+00:00","dateModified":"2020-01-13T21:17:51+00:00","description":"O procedimento de implante dent\u00e1rio All on 4\u00ae foi desenvolvido no in\u00edcio dos anos 90, mas foi aperfei\u00e7oado pelo nosso escrit\u00f3rio ao longo dos anos.","breadcrumb":{"@id":"https:\/\/center4smiles.com\/pt-br\/pagina-inicial\/servicos\/all-on-4\/#breadcrumb"},"inLanguage":"pt-BR","potentialAction":[{"@type":"ReadAction","target":["https:\/\/center4smiles.com\/pt-br\/pagina-inicial\/servicos\/all-on-4\/"]}]},{"@type":"BreadcrumbList","@id":"https:\/\/center4smiles.com\/pt-br\/pagina-inicial\/servicos\/all-on-4\/#breadcrumb","itemListElement":[{"@type":"ListItem","position":1,"name":"Home","item":"https:\/\/center4smiles.com\/pt-br\/pagina-inicial\/"},{"@type":"ListItem","position":2,"name":"P\u00e1gina Inicial","item":"https:\/\/center4smiles.com\/pt-br\/pagina-inicial\/"},{"@type":"ListItem","position":3,"name":"Servi\u00e7os","item":"https:\/\/center4smiles.com\/pt-br\/pagina-inicial\/servicos\/"},{"@type":"ListItem","position":4,"name":"All on 4\u00ae"}]},{"@type":"WebSite","@id":"https:\/\/center4smiles.com\/pt-br\/#website","url":"https:\/\/center4smiles.com\/pt-br\/","name":"Center 4 Smiles","description":"Dental Implants &amp; Specialty Center","potentialAction":[{"@type":"SearchAction","target":{"@type":"EntryPoint","urlTemplate":"https:\/\/center4smiles.com\/pt-br\/?s={search_term_string}"},"query-input":{"@type":"PropertyValueSpecification","valueRequired":true,"valueName":"search_term_string"}}],"inLanguage":"pt-BR"}]}},"_links":{"self":[{"href":"https:\/\/center4smiles.com\/pt-br\/wp-json\/wp\/v2\/pages\/1733","targetHints":{"allow":["GET"]}}],"collection":[{"href":"https:\/\/center4smiles.com\/pt-br\/wp-json\/wp\/v2\/pages"}],"about":[{"href":"https:\/\/center4smiles.com\/pt-br\/wp-json\/wp\/v2\/types\/page"}],"author":[{"embeddable":true,"href":"https:\/\/center4smiles.com\/pt-br\/wp-json\/wp\/v2\/users\/1"}],"replies":[{"embeddable":true,"href":"https:\/\/center4smiles.com\/pt-br\/wp-json\/wp\/v2\/comments?post=1733"}],"version-history":[{"count":10,"href":"https:\/\/center4smiles.com\/pt-br\/wp-json\/wp\/v2\/pages\/1733\/revisions"}],"predecessor-version":[{"id":2644,"href":"https:\/\/center4smiles.com\/pt-br\/wp-json\/wp\/v2\/pages\/1733\/revisions\/2644"}],"up":[{"embeddable":true,"href":"https:\/\/center4smiles.com\/pt-br\/wp-json\/wp\/v2\/pages\/833"}],"wp:attachment":[{"href":"https:\/\/center4smiles.com\/pt-br\/wp-json\/wp\/v2\/media?parent=1733"}],"curies":[{"name":"wp","href":"https:\/\/api.w.org\/{rel}","templated":true}]}}