{"id":1594,"date":"2019-09-26T18:17:32","date_gmt":"2019-09-26T18:17:32","guid":{"rendered":"https:\/\/center4smiles.com\/pagina-inicial\/galeria-do-sorriso\/implantes-simples\/"},"modified":"2019-10-04T19:24:27","modified_gmt":"2019-10-04T19:24:27","slug":"implantes-simples","status":"publish","type":"page","link":"https:\/\/center4smiles.com\/pt-br\/pagina-inicial\/galeria-do-sorriso\/implantes-simples\/","title":{"rendered":"Implantes simples"},"content":{"rendered":"<div class=\"wpb-content-wrapper\"><p>[vc_row][vc_column][vc_custom_heading text=&#8221;Hist\u00f3rias de sucesso de implantes individuais&#8221; font_container=&#8221;tag:h1|text_align:center&#8221; use_theme_fonts=&#8221;yes&#8221;][\/vc_column][\/vc_row][vc_row padding_top_multiplier=&#8221;2x&#8221;][vc_column width=&#8221;1\/2&#8243;]<div class=\"grve-element grve-image grve-align-center\" style=\"\">  <div class=\"grve-image-wrapper\"><a class=\"grve-image-popup\" href=\"https:\/\/center4smiles.com\/wp-content\/uploads\/2019\/09\/Single-Implant-Case-6.jpg\"><img loading=\"lazy\" decoding=\"async\" width=\"1600\" height=\"418\" src=\"https:\/\/center4smiles.com\/wp-content\/uploads\/2019\/09\/Single-Implant-Case-6.jpg\" class=\"attachment-full size-full\" alt=\"Implantes simples 1\" srcset=\"https:\/\/center4smiles.com\/wp-content\/uploads\/2019\/09\/Single-Implant-Case-6.jpg 1600w, https:\/\/center4smiles.com\/wp-content\/uploads\/2019\/09\/Single-Implant-Case-6-300x78.jpg 300w, https:\/\/center4smiles.com\/wp-content\/uploads\/2019\/09\/Single-Implant-Case-6-768x201.jpg 768w, https:\/\/center4smiles.com\/wp-content\/uploads\/2019\/09\/Single-Implant-Case-6-1024x268.jpg 1024w\" sizes=\"auto, (max-width: 1600px) 100vw, 1600px\" \/><\/a>   <\/div><\/div>[\/vc_column][vc_column width=&#8221;1\/2&#8243;][vc_column_text]<\/p>\n<h3>Implantes individuais<\/h3>\n<p>Dr. Orphanos colocou os implantes dent\u00e1rios. Este caso tamb\u00e9m \u00e9 excepcionalmente desafiador, porque esse jovem paciente tem uma linha de sorriso extremamente alta.<\/p>\n<p>Se os implantes dent\u00e1rios n\u00e3o forem colocados perfeitamente, eles n\u00e3o poder\u00e3o alcan\u00e7ar o resultado est\u00e9tico final com as coroas dos implantes.<\/p>\n<p>Como resultado, n\u00e3o seria poss\u00edvel. O Dr. Orphanos conseguiu colocar o implante perfeitamente e o resultado perfeito foi alcan\u00e7ado.[\/vc_column_text][\/vc_column][\/vc_row][vc_row padding_top_multiplier=&#8221;2x&#8221;][vc_column width=&#8221;1\/2&#8243;]<div class=\"grve-element grve-image grve-align-center\" style=\"\">  <div class=\"grve-image-wrapper\"><a class=\"grve-image-popup\" href=\"https:\/\/center4smiles.com\/wp-content\/uploads\/2019\/09\/Single-Implant1.jpg\"><img loading=\"lazy\" decoding=\"async\" width=\"1600\" height=\"1124\" src=\"https:\/\/center4smiles.com\/wp-content\/uploads\/2019\/09\/Single-Implant1.jpg\" class=\"attachment-full size-full\" alt=\"Implantes simples\" srcset=\"https:\/\/center4smiles.com\/wp-content\/uploads\/2019\/09\/Single-Implant1.jpg 1600w, https:\/\/center4smiles.com\/wp-content\/uploads\/2019\/09\/Single-Implant1-300x211.jpg 300w, https:\/\/center4smiles.com\/wp-content\/uploads\/2019\/09\/Single-Implant1-768x540.jpg 768w, https:\/\/center4smiles.com\/wp-content\/uploads\/2019\/09\/Single-Implant1-1024x719.jpg 1024w\" sizes=\"auto, (max-width: 1600px) 100vw, 1600px\" \/><\/a>   <\/div><\/div>[\/vc_column][vc_column width=&#8221;1\/2&#8243;][vc_column_text]<\/p>\n<h3>Implante \u00fanico<\/h3>\n<p>Esse paciente fraturou a coroa. Eles tamb\u00e9m colocaram um implante e fizeram um pilar personalizado e uma coroa de implante.<\/p>\n<p>Voc\u00ea pode dizer qual \u00e9 o implante?<\/p>\n<p>O objetivo de um implante \u00e9 imitar a natureza e ter a apar\u00eancia mais natural poss\u00edvel.<\/p>\n<p>Hoje, esse paciente esquece o que \u00e9 o implante e quais dentes naturais est\u00e3o ilustrando a apar\u00eancia natural duradoura dos implantes.<\/p>\n<p>\u00c9 por isso que essa foto foi tirada dois anos ap\u00f3s o implante, para mostrar que o dente implantado ainda parece natural.[\/vc_column_text][\/vc_column][\/vc_row][vc_row padding_top_multiplier=&#8221;2x&#8221;][vc_column width=&#8221;1\/2&#8243;]<div class=\"grve-element grve-image grve-align-center\" style=\"\">  <div class=\"grve-image-wrapper\"><a class=\"grve-image-popup\" href=\"https:\/\/center4smiles.com\/wp-content\/uploads\/2019\/09\/implant1.jpg\"><img loading=\"lazy\" decoding=\"async\" width=\"1600\" height=\"1022\" src=\"https:\/\/center4smiles.com\/wp-content\/uploads\/2019\/09\/implant1.jpg\" class=\"attachment-full size-full\" alt=\"Dos Implantes simples\" srcset=\"https:\/\/center4smiles.com\/wp-content\/uploads\/2019\/09\/implant1.jpg 1600w, https:\/\/center4smiles.com\/wp-content\/uploads\/2019\/09\/implant1-300x192.jpg 300w, https:\/\/center4smiles.com\/wp-content\/uploads\/2019\/09\/implant1-768x491.jpg 768w, https:\/\/center4smiles.com\/wp-content\/uploads\/2019\/09\/implant1-1024x654.jpg 1024w\" sizes=\"auto, (max-width: 1600px) 100vw, 1600px\" \/><\/a>   <\/div><\/div><div class=\"grve-empty-space\" style=\"height: 15px;\"><\/div>[vc_column_text]Voc\u00ea pode dizer quais s\u00e3o os implantes e quais s\u00e3o os dentes? H\u00e1 tamb\u00e9m dois implantes com coroas de implantes nesta foto.[\/vc_column_text][\/vc_column][vc_column width=&#8221;1\/2&#8243;]<div class=\"grve-element grve-image grve-align-center\" style=\"\">  <div class=\"grve-image-wrapper\"><a class=\"grve-image-popup\" href=\"https:\/\/center4smiles.com\/wp-content\/uploads\/2019\/09\/implant2.jpg\"><img loading=\"lazy\" decoding=\"async\" width=\"1600\" height=\"1022\" src=\"https:\/\/center4smiles.com\/wp-content\/uploads\/2019\/09\/implant2.jpg\" class=\"attachment-full size-full\" alt=\"\" srcset=\"https:\/\/center4smiles.com\/wp-content\/uploads\/2019\/09\/implant2.jpg 1600w, https:\/\/center4smiles.com\/wp-content\/uploads\/2019\/09\/implant2-300x192.jpg 300w, https:\/\/center4smiles.com\/wp-content\/uploads\/2019\/09\/implant2-768x491.jpg 768w, https:\/\/center4smiles.com\/wp-content\/uploads\/2019\/09\/implant2-1024x654.jpg 1024w\" sizes=\"auto, (max-width: 1600px) 100vw, 1600px\" \/><\/a>   <\/div><\/div><div class=\"grve-empty-space\" style=\"height: 15px;\"><\/div>[vc_column_text]Voc\u00ea pode dizer qual dos dentes superiores \u00e9 um implante e quais s\u00e3o os dentes naturais? Todos s\u00e3o implantes![\/vc_column_text][\/vc_column][\/vc_row][vc_row padding_top_multiplier=&#8221;2x&#8221;][vc_column width=&#8221;1\/2&#8243;]<div class=\"grve-element grve-image grve-align-center\" style=\"\">  <div class=\"grve-image-wrapper\"><a class=\"grve-image-popup\" href=\"https:\/\/center4smiles.com\/wp-content\/uploads\/2019\/09\/implant4.jpg\"><img loading=\"lazy\" decoding=\"async\" width=\"1600\" height=\"1022\" src=\"https:\/\/center4smiles.com\/wp-content\/uploads\/2019\/09\/implant4.jpg\" class=\"attachment-full size-full\" alt=\"\" srcset=\"https:\/\/center4smiles.com\/wp-content\/uploads\/2019\/09\/implant4.jpg 1600w, https:\/\/center4smiles.com\/wp-content\/uploads\/2019\/09\/implant4-300x192.jpg 300w, https:\/\/center4smiles.com\/wp-content\/uploads\/2019\/09\/implant4-768x491.jpg 768w, https:\/\/center4smiles.com\/wp-content\/uploads\/2019\/09\/implant4-1024x654.jpg 1024w\" sizes=\"auto, (max-width: 1600px) 100vw, 1600px\" \/><\/a>   <\/div><\/div><div class=\"grve-empty-space\" style=\"height: 15px;\"><\/div>[vc_column_text]Esta foto foi tirada 3 anos ap\u00f3s o trabalho. Al\u00e9m disso, esses dentes de apar\u00eancia natural n\u00e3o s\u00e3o dentes, mas uma ponte de implante dent\u00e1rio. Os implantes foram colocados e uma ponte de implante tamb\u00e9m foi fabricada, resultando em uma &#8220;apar\u00eancia real&#8221; e n\u00e3o em um sorriso falso.[\/vc_column_text][\/vc_column][vc_column width=&#8221;1\/2&#8243;]<div class=\"grve-element grve-image grve-align-center\" style=\"\">  <div class=\"grve-image-wrapper\"><a class=\"grve-image-popup\" href=\"https:\/\/center4smiles.com\/wp-content\/uploads\/2019\/09\/case02.jpg\"><img loading=\"lazy\" decoding=\"async\" width=\"1600\" height=\"1022\" src=\"https:\/\/center4smiles.com\/wp-content\/uploads\/2019\/09\/case02.jpg\" class=\"attachment-full size-full\" alt=\"Todo Implantes simples\" srcset=\"https:\/\/center4smiles.com\/wp-content\/uploads\/2019\/09\/case02.jpg 1600w, https:\/\/center4smiles.com\/wp-content\/uploads\/2019\/09\/case02-300x192.jpg 300w, https:\/\/center4smiles.com\/wp-content\/uploads\/2019\/09\/case02-768x491.jpg 768w, https:\/\/center4smiles.com\/wp-content\/uploads\/2019\/09\/case02-1024x654.jpg 1024w\" sizes=\"auto, (max-width: 1600px) 100vw, 1600px\" \/><\/a>   <\/div><\/div><div class=\"grve-empty-space\" style=\"height: 15px;\"><\/div>[vc_column_text]Voc\u00ea pode dizer qual dos dentes superiores \u00e9 um implante e quais s\u00e3o os dentes naturais? Todos s\u00e3o implantes![\/vc_column_text][\/vc_column][\/vc_row][vc_row bg_type=&#8221;color&#8221; bg_color=&#8221;#10b8e0&#8243;][vc_column width=&#8221;3\/4&#8243;][vc_custom_heading text=&#8221;Para saber mais sobre implantes individuais&#8221; font_container=&#8221;tag:h3|text_align:center|color:%23ffffff&#8221; use_theme_fonts=&#8221;yes&#8221;][\/vc_column][vc_column width=&#8221;1\/4&#8243;]<div class=\"grve-element grve-align-left\"><a href=\"http:\/\/center4smiles.dragonetdesign.com\/pt-br\/pagina-inicial\/servicos\/implantes-dentarios\/\" title=\"Implantes dent\u00e1rios\" class=\"grve-btn grve-btn-medium grve-square grve-bg-black grve-bg-hover-white aboutbtn\"><span>Clique aqui<\/span><\/a><\/div>[\/vc_column][\/vc_row][vc_row][vc_column]<div class=\"grve-empty-space grve-height-1x\" style=\"\"><\/div>[\/vc_column][\/vc_row]<\/p>\n<\/div>","protected":false},"excerpt":{"rendered":"<p>[vc_row][vc_column][vc_custom_heading text=&#8221;Hist\u00f3rias de sucesso de implantes individuais&#8221; font_container=&#8221;tag:h1|text_align:center&#8221; use_theme_fonts=&#8221;yes&#8221;][\/vc_column][\/vc_row][vc_row padding_top_multiplier=&#8221;2x&#8221;][vc_column width=&#8221;1\/2&#8243;][\/vc_column][vc_column width=&#8221;1\/2&#8243;][vc_column_text] Implantes individuais Dr. Orphanos colocou os implantes dent\u00e1rios. Este caso tamb\u00e9m \u00e9 excepcionalmente desafiador, porque esse jovem paciente tem uma linha de sorriso extremamente alta. Se os implantes dent\u00e1rios n\u00e3o forem colocados perfeitamente, eles n\u00e3o poder\u00e3o alcan\u00e7ar o resultado est\u00e9tico final com as [&hellip;]<\/p>\n","protected":false},"author":1,"featured_media":0,"parent":854,"menu_order":0,"comment_status":"closed","ping_status":"closed","template":"","meta":{"footnotes":""},"class_list":["post-1594","page","type-page","status-publish","hentry"],"yoast_head":"<!-- This site is optimized with the Yoast SEO plugin v25.4 - https:\/\/yoast.com\/wordpress\/plugins\/seo\/ -->\n<title>Galeria de fotos de implante \u00fanico - implantes dent\u00e1rios pelo Center 4 Smiles<\/title>\n<meta name=\"description\" content=\"Implantes \u00fanicos s\u00e3o um procedimento comum e os especialistas do Center 4 Smiles aperfei\u00e7oaram o procedimento, deixando os pacientes com sorrisos impressionantes\" \/>\n<meta name=\"robots\" content=\"index, follow, max-snippet:-1, max-image-preview:large, max-video-preview:-1\" \/>\n<link rel=\"canonical\" href=\"https:\/\/center4smiles.com\/pt-br\/pagina-inicial\/galeria-do-sorriso\/implantes-simples\/\" \/>\n<meta property=\"og:locale\" content=\"pt_BR\" \/>\n<meta property=\"og:type\" content=\"article\" \/>\n<meta property=\"og:title\" content=\"Galeria de fotos de implante \u00fanico - implantes dent\u00e1rios pelo Center 4 Smiles\" \/>\n<meta property=\"og:description\" content=\"Implantes \u00fanicos s\u00e3o um procedimento comum e os especialistas do Center 4 Smiles aperfei\u00e7oaram o procedimento, deixando os pacientes com sorrisos impressionantes\" \/>\n<meta property=\"og:url\" content=\"https:\/\/center4smiles.com\/pt-br\/pagina-inicial\/galeria-do-sorriso\/implantes-simples\/\" \/>\n<meta property=\"og:site_name\" content=\"Center 4 Smiles\" \/>\n<meta property=\"article:modified_time\" content=\"2019-10-04T19:24:27+00:00\" \/>\n<meta name=\"twitter:card\" content=\"summary_large_image\" \/>\n<meta name=\"twitter:label1\" content=\"Est. tempo de leitura\" \/>\n\t<meta name=\"twitter:data1\" content=\"3 minutos\" \/>\n<script type=\"application\/ld+json\" class=\"yoast-schema-graph\">{\"@context\":\"https:\/\/schema.org\",\"@graph\":[{\"@type\":\"WebPage\",\"@id\":\"https:\/\/center4smiles.com\/pt-br\/pagina-inicial\/galeria-do-sorriso\/implantes-simples\/\",\"url\":\"https:\/\/center4smiles.com\/pt-br\/pagina-inicial\/galeria-do-sorriso\/implantes-simples\/\",\"name\":\"Galeria de fotos de implante \u00fanico - implantes dent\u00e1rios pelo Center 4 Smiles\",\"isPartOf\":{\"@id\":\"https:\/\/center4smiles.com\/pt-br\/#website\"},\"datePublished\":\"2019-09-26T18:17:32+00:00\",\"dateModified\":\"2019-10-04T19:24:27+00:00\",\"description\":\"Implantes \u00fanicos s\u00e3o um procedimento comum e os especialistas do Center 4 Smiles aperfei\u00e7oaram o procedimento, deixando os pacientes com sorrisos impressionantes\",\"breadcrumb\":{\"@id\":\"https:\/\/center4smiles.com\/pt-br\/pagina-inicial\/galeria-do-sorriso\/implantes-simples\/#breadcrumb\"},\"inLanguage\":\"pt-BR\",\"potentialAction\":[{\"@type\":\"ReadAction\",\"target\":[\"https:\/\/center4smiles.com\/pt-br\/pagina-inicial\/galeria-do-sorriso\/implantes-simples\/\"]}]},{\"@type\":\"BreadcrumbList\",\"@id\":\"https:\/\/center4smiles.com\/pt-br\/pagina-inicial\/galeria-do-sorriso\/implantes-simples\/#breadcrumb\",\"itemListElement\":[{\"@type\":\"ListItem\",\"position\":1,\"name\":\"Home\",\"item\":\"https:\/\/center4smiles.com\/pt-br\/pagina-inicial\/\"},{\"@type\":\"ListItem\",\"position\":2,\"name\":\"P\u00e1gina Inicial\",\"item\":\"https:\/\/center4smiles.com\/pt-br\/pagina-inicial\/\"},{\"@type\":\"ListItem\",\"position\":3,\"name\":\"Galeria do Sorriso\",\"item\":\"https:\/\/center4smiles.com\/pt-br\/pagina-inicial\/galeria-do-sorriso\/\"},{\"@type\":\"ListItem\",\"position\":4,\"name\":\"Implantes simples\"}]},{\"@type\":\"WebSite\",\"@id\":\"https:\/\/center4smiles.com\/pt-br\/#website\",\"url\":\"https:\/\/center4smiles.com\/pt-br\/\",\"name\":\"Center 4 Smiles\",\"description\":\"Dental Implants &amp; Specialty Center\",\"potentialAction\":[{\"@type\":\"SearchAction\",\"target\":{\"@type\":\"EntryPoint\",\"urlTemplate\":\"https:\/\/center4smiles.com\/pt-br\/?s={search_term_string}\"},\"query-input\":{\"@type\":\"PropertyValueSpecification\",\"valueRequired\":true,\"valueName\":\"search_term_string\"}}],\"inLanguage\":\"pt-BR\"}]}<\/script>\n<!-- \/ Yoast SEO plugin. -->","yoast_head_json":{"title":"Galeria de fotos de implante \u00fanico - implantes dent\u00e1rios pelo Center 4 Smiles","description":"Implantes \u00fanicos s\u00e3o um procedimento comum e os especialistas do Center 4 Smiles aperfei\u00e7oaram o procedimento, deixando os pacientes com sorrisos impressionantes","robots":{"index":"index","follow":"follow","max-snippet":"max-snippet:-1","max-image-preview":"max-image-preview:large","max-video-preview":"max-video-preview:-1"},"canonical":"https:\/\/center4smiles.com\/pt-br\/pagina-inicial\/galeria-do-sorriso\/implantes-simples\/","og_locale":"pt_BR","og_type":"article","og_title":"Galeria de fotos de implante \u00fanico - implantes dent\u00e1rios pelo Center 4 Smiles","og_description":"Implantes \u00fanicos s\u00e3o um procedimento comum e os especialistas do Center 4 Smiles aperfei\u00e7oaram o procedimento, deixando os pacientes com sorrisos impressionantes","og_url":"https:\/\/center4smiles.com\/pt-br\/pagina-inicial\/galeria-do-sorriso\/implantes-simples\/","og_site_name":"Center 4 Smiles","article_modified_time":"2019-10-04T19:24:27+00:00","twitter_card":"summary_large_image","twitter_misc":{"Est. tempo de leitura":"3 minutos"},"schema":{"@context":"https:\/\/schema.org","@graph":[{"@type":"WebPage","@id":"https:\/\/center4smiles.com\/pt-br\/pagina-inicial\/galeria-do-sorriso\/implantes-simples\/","url":"https:\/\/center4smiles.com\/pt-br\/pagina-inicial\/galeria-do-sorriso\/implantes-simples\/","name":"Galeria de fotos de implante \u00fanico - implantes dent\u00e1rios pelo Center 4 Smiles","isPartOf":{"@id":"https:\/\/center4smiles.com\/pt-br\/#website"},"datePublished":"2019-09-26T18:17:32+00:00","dateModified":"2019-10-04T19:24:27+00:00","description":"Implantes \u00fanicos s\u00e3o um procedimento comum e os especialistas do Center 4 Smiles aperfei\u00e7oaram o procedimento, deixando os pacientes com sorrisos impressionantes","breadcrumb":{"@id":"https:\/\/center4smiles.com\/pt-br\/pagina-inicial\/galeria-do-sorriso\/implantes-simples\/#breadcrumb"},"inLanguage":"pt-BR","potentialAction":[{"@type":"ReadAction","target":["https:\/\/center4smiles.com\/pt-br\/pagina-inicial\/galeria-do-sorriso\/implantes-simples\/"]}]},{"@type":"BreadcrumbList","@id":"https:\/\/center4smiles.com\/pt-br\/pagina-inicial\/galeria-do-sorriso\/implantes-simples\/#breadcrumb","itemListElement":[{"@type":"ListItem","position":1,"name":"Home","item":"https:\/\/center4smiles.com\/pt-br\/pagina-inicial\/"},{"@type":"ListItem","position":2,"name":"P\u00e1gina Inicial","item":"https:\/\/center4smiles.com\/pt-br\/pagina-inicial\/"},{"@type":"ListItem","position":3,"name":"Galeria do Sorriso","item":"https:\/\/center4smiles.com\/pt-br\/pagina-inicial\/galeria-do-sorriso\/"},{"@type":"ListItem","position":4,"name":"Implantes simples"}]},{"@type":"WebSite","@id":"https:\/\/center4smiles.com\/pt-br\/#website","url":"https:\/\/center4smiles.com\/pt-br\/","name":"Center 4 Smiles","description":"Dental Implants &amp; Specialty Center","potentialAction":[{"@type":"SearchAction","target":{"@type":"EntryPoint","urlTemplate":"https:\/\/center4smiles.com\/pt-br\/?s={search_term_string}"},"query-input":{"@type":"PropertyValueSpecification","valueRequired":true,"valueName":"search_term_string"}}],"inLanguage":"pt-BR"}]}},"_links":{"self":[{"href":"https:\/\/center4smiles.com\/pt-br\/wp-json\/wp\/v2\/pages\/1594","targetHints":{"allow":["GET"]}}],"collection":[{"href":"https:\/\/center4smiles.com\/pt-br\/wp-json\/wp\/v2\/pages"}],"about":[{"href":"https:\/\/center4smiles.com\/pt-br\/wp-json\/wp\/v2\/types\/page"}],"author":[{"embeddable":true,"href":"https:\/\/center4smiles.com\/pt-br\/wp-json\/wp\/v2\/users\/1"}],"replies":[{"embeddable":true,"href":"https:\/\/center4smiles.com\/pt-br\/wp-json\/wp\/v2\/comments?post=1594"}],"version-history":[{"count":3,"href":"https:\/\/center4smiles.com\/pt-br\/wp-json\/wp\/v2\/pages\/1594\/revisions"}],"predecessor-version":[{"id":2438,"href":"https:\/\/center4smiles.com\/pt-br\/wp-json\/wp\/v2\/pages\/1594\/revisions\/2438"}],"up":[{"embeddable":true,"href":"https:\/\/center4smiles.com\/pt-br\/wp-json\/wp\/v2\/pages\/854"}],"wp:attachment":[{"href":"https:\/\/center4smiles.com\/pt-br\/wp-json\/wp\/v2\/media?parent=1594"}],"curies":[{"name":"wp","href":"https:\/\/api.w.org\/{rel}","templated":true}]}}