{"id":1417,"date":"2019-09-26T17:06:39","date_gmt":"2019-09-26T17:06:39","guid":{"rendered":"https:\/\/center4smiles.com\/pagina-inicial\/galeria-do-sorriso\/sorriso-gomoso\/"},"modified":"2019-10-04T19:17:33","modified_gmt":"2019-10-04T19:17:33","slug":"sorriso-gomoso","status":"publish","type":"page","link":"https:\/\/center4smiles.com\/pt-br\/pagina-inicial\/galeria-do-sorriso\/sorriso-gomoso\/","title":{"rendered":"Sorriso gomoso"},"content":{"rendered":"<div class=\"wpb-content-wrapper\"><p>[vc_row padding_top_multiplier=&#8221;2x&#8221;][vc_column width=&#8221;1\/2&#8243;]<div class=\"grve-element grve-image grve-align-center\" style=\"\">  <div class=\"grve-image-wrapper\"><a class=\"grve-image-popup\" href=\"https:\/\/center4smiles.com\/wp-content\/uploads\/2019\/09\/Gummy-Smile-Correction-photo3.jpg\"><img loading=\"lazy\" decoding=\"async\" width=\"1595\" height=\"1200\" src=\"https:\/\/center4smiles.com\/wp-content\/uploads\/2019\/09\/Gummy-Smile-Correction-photo3.jpg\" class=\"attachment-full size-full\" alt=\"Corre\u00e7\u00e3o de sorriso gomoso\" srcset=\"https:\/\/center4smiles.com\/wp-content\/uploads\/2019\/09\/Gummy-Smile-Correction-photo3.jpg 1595w, https:\/\/center4smiles.com\/wp-content\/uploads\/2019\/09\/Gummy-Smile-Correction-photo3-300x226.jpg 300w, https:\/\/center4smiles.com\/wp-content\/uploads\/2019\/09\/Gummy-Smile-Correction-photo3-768x578.jpg 768w, https:\/\/center4smiles.com\/wp-content\/uploads\/2019\/09\/Gummy-Smile-Correction-photo3-1024x770.jpg 1024w, https:\/\/center4smiles.com\/wp-content\/uploads\/2019\/09\/Gummy-Smile-Correction-photo3-560x420.jpg 560w\" sizes=\"auto, (max-width: 1595px) 100vw, 1595px\" \/><\/a>   <\/div><\/div>[\/vc_column][vc_column width=&#8221;1\/2&#8243;][vc_column_text]<\/p>\n<h3> Corre\u00e7\u00e3o de sorriso gomoso <\/h3>\n<p>A paciente estava descontente com seu sorriso gomoso. Ela decidiu se submeter a um procedimento de corre\u00e7\u00e3o do sorriso gomoso. Escusado ser\u00e1 dizer que a mudan\u00e7a foi extremamente dram\u00e1tica.<\/p>\n<p>Ela n\u00e3o apenas teve um sorriso bonito ap\u00f3s o procedimento, como tamb\u00e9m aprimorou suas caracter\u00edsticas faciais com um procedimento minimamente invasivo de remodela\u00e7\u00e3o da gengiva.<\/p>\n<p>N\u00e3o \u00e9 at\u00edpico, especialmente para as mulheres que apresentam excesso de gengivas ap\u00f3s o uso de aparelhos ortod\u00f4nticos.<\/p>\n<p>Nossa paciente ficou mais do que feliz com as mudan\u00e7as em sua apar\u00eancia.<\/p>\n<p>A permiss\u00e3o do paciente foi obtida para ilustrar uma foto facial completa.[\/vc_column_text][\/vc_column][\/vc_row][vc_row padding_top_multiplier=&#8221;2x&#8221;][vc_column width=&#8221;1\/2&#8243;]<div class=\"grve-element grve-image grve-align-center\" style=\"\">  <div class=\"grve-image-wrapper\"><a class=\"grve-image-popup\" href=\"https:\/\/center4smiles.com\/wp-content\/uploads\/2019\/09\/Gummy-Smile-Correction-photo4.jpg\"><img loading=\"lazy\" decoding=\"async\" width=\"1600\" height=\"1181\" src=\"https:\/\/center4smiles.com\/wp-content\/uploads\/2019\/09\/Gummy-Smile-Correction-photo4.jpg\" class=\"attachment-full size-full\" alt=\"Procedimento de sorriso gomoso\" srcset=\"https:\/\/center4smiles.com\/wp-content\/uploads\/2019\/09\/Gummy-Smile-Correction-photo4.jpg 1600w, https:\/\/center4smiles.com\/wp-content\/uploads\/2019\/09\/Gummy-Smile-Correction-photo4-300x221.jpg 300w, https:\/\/center4smiles.com\/wp-content\/uploads\/2019\/09\/Gummy-Smile-Correction-photo4-768x567.jpg 768w, https:\/\/center4smiles.com\/wp-content\/uploads\/2019\/09\/Gummy-Smile-Correction-photo4-1024x756.jpg 1024w\" sizes=\"auto, (max-width: 1600px) 100vw, 1600px\" \/><\/a>   <\/div><\/div>[\/vc_column][vc_column width=&#8221;1\/2&#8243;][vc_column_text]<\/p>\n<h3> Corre\u00e7\u00e3o de sorriso gomoso <\/h3>\n<p>Esta paciente \u00e9 uma mulher de 25 anos que estava descontente com seu sorriso gomoso.<\/p>\n<p>Ela tamb\u00e9m foi encaminhada ao Dr. Orphanos por sua experi\u00eancia. A maioria das pessoas com um sorriso gomoso n\u00e3o tem dentes pequenos, eles t\u00eam muito tecido gengival.<\/p>\n<p>A Dra. Orphanos corrigiu seu sorriso gomoso com um procedimento simples e f\u00e1cil que exigia uma recupera\u00e7\u00e3o m\u00ednima. A paciente ficou extasiada com o resultado final.<\/p>\n<p>A permiss\u00e3o do paciente foi obtida para ilustrar uma foto facial completa.[\/vc_column_text][\/vc_column][\/vc_row][vc_row][vc_column][vc_custom_heading text=&#8221;Pacientes com corre\u00e7\u00e3o de sorriso gomoso feliz&#8221; font_container=&#8221;tag:h2|text_align:center&#8221; use_theme_fonts=&#8221;yes&#8221;][\/vc_column][\/vc_row][vc_row][vc_column width=&#8221;1\/2&#8243;]<div class=\"grve-element grve-image grve-align-center\" style=\"\">  <div class=\"grve-image-wrapper\"><img loading=\"lazy\" decoding=\"async\" width=\"1200\" height=\"600\" src=\"https:\/\/center4smiles.com\/wp-content\/uploads\/2019\/09\/Before1-1.jpg\" class=\"attachment-full size-full\" alt=\"Antes do sorriso gomoso 1\" srcset=\"https:\/\/center4smiles.com\/wp-content\/uploads\/2019\/09\/Before1-1.jpg 1200w, https:\/\/center4smiles.com\/wp-content\/uploads\/2019\/09\/Before1-1-300x150.jpg 300w, https:\/\/center4smiles.com\/wp-content\/uploads\/2019\/09\/Before1-1-768x384.jpg 768w, https:\/\/center4smiles.com\/wp-content\/uploads\/2019\/09\/Before1-1-1024x512.jpg 1024w\" sizes=\"auto, (max-width: 1200px) 100vw, 1200px\" \/>   <\/div><\/div>[\/vc_column][vc_column width=&#8221;1\/2&#8243;]<div class=\"grve-element grve-image grve-align-center\" style=\"\">  <div class=\"grve-image-wrapper\"><img loading=\"lazy\" decoding=\"async\" width=\"1200\" height=\"600\" src=\"https:\/\/center4smiles.com\/wp-content\/uploads\/2019\/09\/After1-1.jpg\" class=\"attachment-full size-full\" alt=\"Depois de um sorriso gomoso 1\" srcset=\"https:\/\/center4smiles.com\/wp-content\/uploads\/2019\/09\/After1-1.jpg 1200w, https:\/\/center4smiles.com\/wp-content\/uploads\/2019\/09\/After1-1-300x150.jpg 300w, https:\/\/center4smiles.com\/wp-content\/uploads\/2019\/09\/After1-1-768x384.jpg 768w, https:\/\/center4smiles.com\/wp-content\/uploads\/2019\/09\/After1-1-1024x512.jpg 1024w\" sizes=\"auto, (max-width: 1200px) 100vw, 1200px\" \/>   <\/div><\/div>[\/vc_column][\/vc_row][vc_row][vc_column width=&#8221;1\/2&#8243;]<div class=\"grve-element grve-image grve-align-center\" style=\"\">  <div class=\"grve-image-wrapper\"><img loading=\"lazy\" decoding=\"async\" width=\"1200\" height=\"600\" src=\"https:\/\/center4smiles.com\/wp-content\/uploads\/2019\/09\/Before2-1.jpg\" class=\"attachment-full size-full\" alt=\"Antes do sorriso gomoso 2\" srcset=\"https:\/\/center4smiles.com\/wp-content\/uploads\/2019\/09\/Before2-1.jpg 1200w, https:\/\/center4smiles.com\/wp-content\/uploads\/2019\/09\/Before2-1-300x150.jpg 300w, https:\/\/center4smiles.com\/wp-content\/uploads\/2019\/09\/Before2-1-768x384.jpg 768w, https:\/\/center4smiles.com\/wp-content\/uploads\/2019\/09\/Before2-1-1024x512.jpg 1024w\" sizes=\"auto, (max-width: 1200px) 100vw, 1200px\" \/>   <\/div><\/div>[\/vc_column][vc_column width=&#8221;1\/2&#8243;]<div class=\"grve-element grve-image grve-align-center\" style=\"\">  <div class=\"grve-image-wrapper\"><img loading=\"lazy\" decoding=\"async\" width=\"1200\" height=\"600\" src=\"https:\/\/center4smiles.com\/wp-content\/uploads\/2019\/09\/After2-1.jpg\" class=\"attachment-full size-full\" alt=\"Depois de um sorriso gomoso 2\" srcset=\"https:\/\/center4smiles.com\/wp-content\/uploads\/2019\/09\/After2-1.jpg 1200w, https:\/\/center4smiles.com\/wp-content\/uploads\/2019\/09\/After2-1-300x150.jpg 300w, https:\/\/center4smiles.com\/wp-content\/uploads\/2019\/09\/After2-1-768x384.jpg 768w, https:\/\/center4smiles.com\/wp-content\/uploads\/2019\/09\/After2-1-1024x512.jpg 1024w\" sizes=\"auto, (max-width: 1200px) 100vw, 1200px\" \/>   <\/div><\/div>[\/vc_column][\/vc_row][vc_row bg_type=&#8221;color&#8221; bg_color=&#8221;#10b8e0&#8243;][vc_column width=&#8221;3\/4&#8243;][vc_custom_heading text=&#8221;Para saber mais sobre a corre\u00e7\u00e3o do sorriso gomoso&#8221; font_container=&#8221;tag:h3|text_align:center|color:%23ffffff&#8221; use_theme_fonts=&#8221;yes&#8221;][\/vc_column][vc_column width=&#8221;1\/4&#8243;]<div class=\"grve-element grve-align-left\"><a href=\"http:\/\/center4smiles.dragonetdesign.com\/pt-br\/pagina-inicial\/servicos\/correcao-de-sorriso-gomoso\/\" title=\"Corre\u00e7\u00e3o de sorriso gomoso\" class=\"grve-btn grve-btn-medium grve-square grve-bg-black grve-bg-hover-white aboutbtn\"><span>Clique aqui<\/span><\/a><\/div>[\/vc_column][\/vc_row][vc_row][vc_column]<div class=\"grve-empty-space grve-height-1x\" style=\"\"><\/div>[\/vc_column][\/vc_row]<\/p>\n<\/div>","protected":false},"excerpt":{"rendered":"<p>[vc_row padding_top_multiplier=&#8221;2x&#8221;][vc_column width=&#8221;1\/2&#8243;][\/vc_column][vc_column width=&#8221;1\/2&#8243;][vc_column_text] Corre\u00e7\u00e3o de sorriso gomoso A paciente estava descontente com seu sorriso gomoso. Ela decidiu se submeter a um procedimento de corre\u00e7\u00e3o do sorriso gomoso. Escusado ser\u00e1 dizer que a mudan\u00e7a foi extremamente dram\u00e1tica. Ela n\u00e3o apenas teve um sorriso bonito ap\u00f3s o procedimento, como tamb\u00e9m aprimorou suas caracter\u00edsticas faciais com um [&hellip;]<\/p>\n","protected":false},"author":1,"featured_media":0,"parent":854,"menu_order":0,"comment_status":"closed","ping_status":"closed","template":"","meta":{"footnotes":""},"class_list":["post-1417","page","type-page","status-publish","hentry"],"yoast_head":"<!-- This site is optimized with the Yoast SEO plugin v25.4 - https:\/\/yoast.com\/wordpress\/plugins\/seo\/ -->\n<title>Galeria de fotos de corre\u00e7\u00e3o de sorriso gomoso - Center 4 Smiles<\/title>\n<meta name=\"description\" content=\"Galeria de fotos de corre\u00e7\u00e3o de sorriso gomoso de pacientes completamente satisfeitos antes e ap\u00f3s o procedimento no Center 4 Smiles\" \/>\n<meta name=\"robots\" content=\"index, follow, max-snippet:-1, max-image-preview:large, max-video-preview:-1\" \/>\n<link rel=\"canonical\" href=\"https:\/\/center4smiles.com\/pt-br\/pagina-inicial\/galeria-do-sorriso\/sorriso-gomoso\/\" \/>\n<meta property=\"og:locale\" content=\"pt_BR\" \/>\n<meta property=\"og:type\" content=\"article\" \/>\n<meta property=\"og:title\" content=\"Galeria de fotos de corre\u00e7\u00e3o de sorriso gomoso - Center 4 Smiles\" \/>\n<meta property=\"og:description\" content=\"Galeria de fotos de corre\u00e7\u00e3o de sorriso gomoso de pacientes completamente satisfeitos antes e ap\u00f3s o procedimento no Center 4 Smiles\" \/>\n<meta property=\"og:url\" content=\"https:\/\/center4smiles.com\/pt-br\/pagina-inicial\/galeria-do-sorriso\/sorriso-gomoso\/\" \/>\n<meta property=\"og:site_name\" content=\"Center 4 Smiles\" \/>\n<meta property=\"article:modified_time\" content=\"2019-10-04T19:17:33+00:00\" \/>\n<meta name=\"twitter:card\" content=\"summary_large_image\" \/>\n<meta name=\"twitter:label1\" content=\"Est. tempo de leitura\" \/>\n\t<meta name=\"twitter:data1\" content=\"2 minutos\" \/>\n<script type=\"application\/ld+json\" class=\"yoast-schema-graph\">{\"@context\":\"https:\/\/schema.org\",\"@graph\":[{\"@type\":\"WebPage\",\"@id\":\"https:\/\/center4smiles.com\/pt-br\/pagina-inicial\/galeria-do-sorriso\/sorriso-gomoso\/\",\"url\":\"https:\/\/center4smiles.com\/pt-br\/pagina-inicial\/galeria-do-sorriso\/sorriso-gomoso\/\",\"name\":\"Galeria de fotos de corre\u00e7\u00e3o de sorriso gomoso - Center 4 Smiles\",\"isPartOf\":{\"@id\":\"https:\/\/center4smiles.com\/pt-br\/#website\"},\"datePublished\":\"2019-09-26T17:06:39+00:00\",\"dateModified\":\"2019-10-04T19:17:33+00:00\",\"description\":\"Galeria de fotos de corre\u00e7\u00e3o de sorriso gomoso de pacientes completamente satisfeitos antes e ap\u00f3s o procedimento no Center 4 Smiles\",\"breadcrumb\":{\"@id\":\"https:\/\/center4smiles.com\/pt-br\/pagina-inicial\/galeria-do-sorriso\/sorriso-gomoso\/#breadcrumb\"},\"inLanguage\":\"pt-BR\",\"potentialAction\":[{\"@type\":\"ReadAction\",\"target\":[\"https:\/\/center4smiles.com\/pt-br\/pagina-inicial\/galeria-do-sorriso\/sorriso-gomoso\/\"]}]},{\"@type\":\"BreadcrumbList\",\"@id\":\"https:\/\/center4smiles.com\/pt-br\/pagina-inicial\/galeria-do-sorriso\/sorriso-gomoso\/#breadcrumb\",\"itemListElement\":[{\"@type\":\"ListItem\",\"position\":1,\"name\":\"Home\",\"item\":\"https:\/\/center4smiles.com\/pt-br\/pagina-inicial\/\"},{\"@type\":\"ListItem\",\"position\":2,\"name\":\"P\u00e1gina Inicial\",\"item\":\"https:\/\/center4smiles.com\/pt-br\/pagina-inicial\/\"},{\"@type\":\"ListItem\",\"position\":3,\"name\":\"Galeria do Sorriso\",\"item\":\"https:\/\/center4smiles.com\/pt-br\/pagina-inicial\/galeria-do-sorriso\/\"},{\"@type\":\"ListItem\",\"position\":4,\"name\":\"Sorriso gomoso\"}]},{\"@type\":\"WebSite\",\"@id\":\"https:\/\/center4smiles.com\/pt-br\/#website\",\"url\":\"https:\/\/center4smiles.com\/pt-br\/\",\"name\":\"Center 4 Smiles\",\"description\":\"Dental Implants &amp; Specialty Center\",\"potentialAction\":[{\"@type\":\"SearchAction\",\"target\":{\"@type\":\"EntryPoint\",\"urlTemplate\":\"https:\/\/center4smiles.com\/pt-br\/?s={search_term_string}\"},\"query-input\":{\"@type\":\"PropertyValueSpecification\",\"valueRequired\":true,\"valueName\":\"search_term_string\"}}],\"inLanguage\":\"pt-BR\"}]}<\/script>\n<!-- \/ Yoast SEO plugin. -->","yoast_head_json":{"title":"Galeria de fotos de corre\u00e7\u00e3o de sorriso gomoso - Center 4 Smiles","description":"Galeria de fotos de corre\u00e7\u00e3o de sorriso gomoso de pacientes completamente satisfeitos antes e ap\u00f3s o procedimento no Center 4 Smiles","robots":{"index":"index","follow":"follow","max-snippet":"max-snippet:-1","max-image-preview":"max-image-preview:large","max-video-preview":"max-video-preview:-1"},"canonical":"https:\/\/center4smiles.com\/pt-br\/pagina-inicial\/galeria-do-sorriso\/sorriso-gomoso\/","og_locale":"pt_BR","og_type":"article","og_title":"Galeria de fotos de corre\u00e7\u00e3o de sorriso gomoso - Center 4 Smiles","og_description":"Galeria de fotos de corre\u00e7\u00e3o de sorriso gomoso de pacientes completamente satisfeitos antes e ap\u00f3s o procedimento no Center 4 Smiles","og_url":"https:\/\/center4smiles.com\/pt-br\/pagina-inicial\/galeria-do-sorriso\/sorriso-gomoso\/","og_site_name":"Center 4 Smiles","article_modified_time":"2019-10-04T19:17:33+00:00","twitter_card":"summary_large_image","twitter_misc":{"Est. tempo de leitura":"2 minutos"},"schema":{"@context":"https:\/\/schema.org","@graph":[{"@type":"WebPage","@id":"https:\/\/center4smiles.com\/pt-br\/pagina-inicial\/galeria-do-sorriso\/sorriso-gomoso\/","url":"https:\/\/center4smiles.com\/pt-br\/pagina-inicial\/galeria-do-sorriso\/sorriso-gomoso\/","name":"Galeria de fotos de corre\u00e7\u00e3o de sorriso gomoso - Center 4 Smiles","isPartOf":{"@id":"https:\/\/center4smiles.com\/pt-br\/#website"},"datePublished":"2019-09-26T17:06:39+00:00","dateModified":"2019-10-04T19:17:33+00:00","description":"Galeria de fotos de corre\u00e7\u00e3o de sorriso gomoso de pacientes completamente satisfeitos antes e ap\u00f3s o procedimento no Center 4 Smiles","breadcrumb":{"@id":"https:\/\/center4smiles.com\/pt-br\/pagina-inicial\/galeria-do-sorriso\/sorriso-gomoso\/#breadcrumb"},"inLanguage":"pt-BR","potentialAction":[{"@type":"ReadAction","target":["https:\/\/center4smiles.com\/pt-br\/pagina-inicial\/galeria-do-sorriso\/sorriso-gomoso\/"]}]},{"@type":"BreadcrumbList","@id":"https:\/\/center4smiles.com\/pt-br\/pagina-inicial\/galeria-do-sorriso\/sorriso-gomoso\/#breadcrumb","itemListElement":[{"@type":"ListItem","position":1,"name":"Home","item":"https:\/\/center4smiles.com\/pt-br\/pagina-inicial\/"},{"@type":"ListItem","position":2,"name":"P\u00e1gina Inicial","item":"https:\/\/center4smiles.com\/pt-br\/pagina-inicial\/"},{"@type":"ListItem","position":3,"name":"Galeria do Sorriso","item":"https:\/\/center4smiles.com\/pt-br\/pagina-inicial\/galeria-do-sorriso\/"},{"@type":"ListItem","position":4,"name":"Sorriso gomoso"}]},{"@type":"WebSite","@id":"https:\/\/center4smiles.com\/pt-br\/#website","url":"https:\/\/center4smiles.com\/pt-br\/","name":"Center 4 Smiles","description":"Dental Implants &amp; Specialty Center","potentialAction":[{"@type":"SearchAction","target":{"@type":"EntryPoint","urlTemplate":"https:\/\/center4smiles.com\/pt-br\/?s={search_term_string}"},"query-input":{"@type":"PropertyValueSpecification","valueRequired":true,"valueName":"search_term_string"}}],"inLanguage":"pt-BR"}]}},"_links":{"self":[{"href":"https:\/\/center4smiles.com\/pt-br\/wp-json\/wp\/v2\/pages\/1417","targetHints":{"allow":["GET"]}}],"collection":[{"href":"https:\/\/center4smiles.com\/pt-br\/wp-json\/wp\/v2\/pages"}],"about":[{"href":"https:\/\/center4smiles.com\/pt-br\/wp-json\/wp\/v2\/types\/page"}],"author":[{"embeddable":true,"href":"https:\/\/center4smiles.com\/pt-br\/wp-json\/wp\/v2\/users\/1"}],"replies":[{"embeddable":true,"href":"https:\/\/center4smiles.com\/pt-br\/wp-json\/wp\/v2\/comments?post=1417"}],"version-history":[{"count":3,"href":"https:\/\/center4smiles.com\/pt-br\/wp-json\/wp\/v2\/pages\/1417\/revisions"}],"predecessor-version":[{"id":2424,"href":"https:\/\/center4smiles.com\/pt-br\/wp-json\/wp\/v2\/pages\/1417\/revisions\/2424"}],"up":[{"embeddable":true,"href":"https:\/\/center4smiles.com\/pt-br\/wp-json\/wp\/v2\/pages\/854"}],"wp:attachment":[{"href":"https:\/\/center4smiles.com\/pt-br\/wp-json\/wp\/v2\/media?parent=1417"}],"curies":[{"name":"wp","href":"https:\/\/api.w.org\/{rel}","templated":true}]}}