{"id":1055,"date":"2019-09-25T18:05:37","date_gmt":"2019-09-25T18:05:37","guid":{"rendered":"https:\/\/center4smiles.com\/pagina-inicial\/contato\/"},"modified":"2019-09-25T18:05:39","modified_gmt":"2019-09-25T18:05:39","slug":"contato","status":"publish","type":"page","link":"https:\/\/center4smiles.com\/pt-br\/pagina-inicial\/contato\/","title":{"rendered":"Contato"},"content":{"rendered":"<div class=\"wpb-content-wrapper\"><p>[vc_row section_type=&#8221;fullwidth&#8221; padding_top_multiplier=&#8221;&#8221; padding_bottom_multiplier=&#8221;&#8221; columns_gap=&#8221;none&#8221;][vc_column]<div class=\"grve-element grve-image grve-align-center\" style=\"\">  <div class=\"grve-image-wrapper\"><img loading=\"lazy\" decoding=\"async\" width=\"1900\" height=\"600\" src=\"https:\/\/center4smiles.com\/wp-content\/uploads\/2019\/09\/ContactUsBanner.jpg\" class=\"attachment-full size-full\" alt=\"Contact Center 4 Smiles\" srcset=\"https:\/\/center4smiles.com\/wp-content\/uploads\/2019\/09\/ContactUsBanner.jpg 1900w, https:\/\/center4smiles.com\/wp-content\/uploads\/2019\/09\/ContactUsBanner-300x95.jpg 300w, https:\/\/center4smiles.com\/wp-content\/uploads\/2019\/09\/ContactUsBanner-768x243.jpg 768w, https:\/\/center4smiles.com\/wp-content\/uploads\/2019\/09\/ContactUsBanner-1024x323.jpg 1024w\" sizes=\"auto, (max-width: 1900px) 100vw, 1900px\" \/>   <\/div><\/div>[\/vc_column][\/vc_row][vc_row][vc_column][vc_custom_heading text=&#8221;Entre em contato conosco hoje e receba seu sorriso de volta!&#8221; font_container=&#8221;tag:h2|text_align:center&#8221; use_theme_fonts=&#8221;yes&#8221;][\/vc_column][\/vc_row][vc_row][vc_column width=&#8221;1\/3&#8243;][vc_column_text]<\/p>\n<h4>Localiza\u00e7\u00e3o<\/h4>\n<p>Center 4 Smiles<br \/>\n<a href=\"https:\/\/goo.gl\/maps\/fY54ytJKyBHfVdLg6\" target=\"_blank\" rel=\"noopener noreferrer\">9291 Glades Road, Suite 301<br \/>\nBoca Raton, FL 33434<\/a><\/p>\n<h4>Telefone:<\/h4>\n<p><a href=\"tel:5614777171\">(561) 477-7171<\/a><\/p>\n<h4>Social:<\/h4>\n<p>[\/vc_column_text]\t\t\t<div class=\"grve-element grve-social grve-align-left\" style=\"\">\r\n\t\t\t\t<ul>\r\n\t\t\t\t\t\t\t\t\t\t\t<li>\r\n\t\t\t\t\t\t\t\t<a href=\"https:\/\/twitter.com\/center4smiles\" class=\"grve-medium grve-no-shape\" aria-label=\"X\" target=\"_blank\" rel=\"noopener noreferrer\">\r\n\t\t\t\t\t\t\t\t\t<i class=\"grve-text-primary-1 fab fa-x-twitter\"><\/i>\r\n\t\t\t\t\t\t\t\t<\/a>\r\n\t\t\t\t\t\t\t<\/li>\r\n\t\t\t\t\t\t\t\t\t\t\t<li>\r\n\t\t\t\t\t\t\t\t<a href=\"https:\/\/www.facebook.com\/Center4Smiles\/\" class=\"grve-medium grve-no-shape\" aria-label=\"Facebook\" target=\"_blank\" rel=\"noopener noreferrer\">\r\n\t\t\t\t\t\t\t\t\t<i class=\"grve-text-primary-1 fab fa-facebook-f\"><\/i>\r\n\t\t\t\t\t\t\t\t<\/a>\r\n\t\t\t\t\t\t\t<\/li>\r\n\t\t\t\t\t\t\t\t\t\t\t<li>\r\n\t\t\t\t\t\t\t\t<a href=\"https:\/\/www.youtube.com\/channel\/UC78fs1gg5oZxRVOfT_qiXpw\/feed\" class=\"grve-medium grve-no-shape\" aria-label=\"YouTube\" target=\"_blank\" rel=\"noopener noreferrer\">\r\n\t\t\t\t\t\t\t\t\t<i class=\"grve-text-primary-1 fab fa-youtube\"><\/i>\r\n\t\t\t\t\t\t\t\t<\/a>\r\n\t\t\t\t\t\t\t<\/li>\r\n\t\t\t\t\t\t\t\t<\/ul>\r\n\t\t\t<\/div>\r\n\t\t[\/vc_column][vc_column width=&#8221;2\/3&#8243;]\n<div class=\"wpcf7 no-js\" id=\"wpcf7-f1077-o1\" lang=\"pt-BR\" dir=\"ltr\" data-wpcf7-id=\"1077\">\n<div class=\"screen-reader-response\"><p role=\"status\" aria-live=\"polite\" aria-atomic=\"true\"><\/p> <ul><\/ul><\/div>\n<form action=\"\/pt-br\/wp-json\/wp\/v2\/pages\/1055#wpcf7-f1077-o1\" method=\"post\" class=\"wpcf7-form init\" aria-label=\"Formul\u00e1rios de contato\" novalidate=\"novalidate\" data-status=\"init\">\n<fieldset class=\"hidden-fields-container\"><input type=\"hidden\" name=\"_wpcf7\" value=\"1077\" \/><input type=\"hidden\" name=\"_wpcf7_version\" value=\"6.1\" \/><input type=\"hidden\" name=\"_wpcf7_locale\" value=\"pt_BR\" \/><input type=\"hidden\" name=\"_wpcf7_unit_tag\" value=\"wpcf7-f1077-o1\" \/><input type=\"hidden\" name=\"_wpcf7_container_post\" value=\"0\" \/><input type=\"hidden\" name=\"_wpcf7_posted_data_hash\" value=\"\" \/>\n<\/fieldset>\n<table>\n\t<tr>\n\t\t<td>\n\t\t\t<p>Seu nome (requerido)<br \/>\n<span class=\"wpcf7-form-control-wrap\" data-name=\"your-name\"><input size=\"40\" maxlength=\"400\" class=\"wpcf7-form-control wpcf7-text wpcf7-validates-as-required\" aria-required=\"true\" aria-invalid=\"false\" value=\"\" type=\"text\" name=\"your-name\" \/><\/span>\n\t\t\t<\/p>\n\t\t<\/td>\n\t\t<td>\n\t\t\t<p>Seu e-mail (obrigat\u00f3rio)<br \/>\n<span class=\"wpcf7-form-control-wrap\" data-name=\"your-email\"><input size=\"40\" maxlength=\"400\" class=\"wpcf7-form-control wpcf7-email wpcf7-validates-as-required wpcf7-text wpcf7-validates-as-email\" aria-required=\"true\" aria-invalid=\"false\" value=\"\" type=\"email\" name=\"your-email\" \/><\/span>\n\t\t\t<\/p>\n\t\t<\/td>\n\t<\/tr>\n\t<tr>\n\t\t<td>\n\t\t\t<p>N\u00famero de telefone (obrigat\u00f3rio)<br \/>\n<span class=\"wpcf7-form-control-wrap\" data-name=\"your-phone\"><input size=\"40\" maxlength=\"400\" class=\"wpcf7-form-control wpcf7-text wpcf7-validates-as-required\" aria-required=\"true\" aria-invalid=\"false\" value=\"\" type=\"text\" name=\"your-phone\" \/><\/span>\n\t\t\t<\/p>\n\t\t<\/td>\n\t\t<td>\n\t\t\t<p>Tipo de Procedimento<br \/>\n<span class=\"wpcf7-form-control-wrap\" data-name=\"procedure\"><select class=\"wpcf7-form-control wpcf7-select\" aria-invalid=\"false\" name=\"procedure\"><option value=\"\">&#8212;Escolha uma op\u00e7\u00e3o&#8212;<\/option><option value=\"All on 4\u00ae\">All on 4\u00ae<\/option><option value=\"Enxerto \u00f3sseo\">Enxerto \u00f3sseo<\/option><option value=\"Alongamento da coroa\">Alongamento da coroa<\/option><option value=\"Implantes dent\u00e1rios\">Implantes dent\u00e1rios<\/option><option value=\"Endodontia\">Endodontia<\/option><option value=\"GentleWave\">GentleWave<\/option><option value=\"Enxerto goma\">Enxerto goma<\/option><option value=\"Corre\u00e7\u00e3o de sorriso gomoso\">Corre\u00e7\u00e3o de sorriso gomoso<\/option><option value=\"LANAP (Laser)\">LANAP (Laser)<\/option><option value=\"Enxerto sinusal\">Enxerto sinusal<\/option><\/select><\/span>\n\t\t\t<\/p>\n\t\t<\/td>\n\t<\/tr>\n\t<tr>\n\t\t<td colspan=\"2\">\n\t\t\t<p>Como podemos te ajudar?<br \/>\n<span class=\"wpcf7-form-control-wrap\" data-name=\"your-message\"><textarea cols=\"40\" rows=\"5\" maxlength=\"2000\" class=\"wpcf7-form-control wpcf7-textarea\" aria-invalid=\"false\" name=\"your-message\"><\/textarea><\/span>\n\t\t\t<\/p>\n\t\t<\/td>\n\t<\/tr>\n\t<tr>\n\t\t<td colspan=\"2\">\n\t\t\t<p><input class=\"wpcf7-form-control wpcf7-submit has-spinner aboutbtn1\" type=\"submit\" value=\"Enviar\" \/>\n\t\t\t<\/p>\n\t\t<\/td>\n\t<\/tr>\n<\/table><div class=\"wpcf7-response-output\" aria-hidden=\"true\"><\/div>\n<\/form>\n<\/div>\n[\/vc_column][\/vc_row][vc_row section_type=&#8221;fullwidth&#8221; padding_top_multiplier=&#8221;&#8221; padding_bottom_multiplier=&#8221;&#8221; columns_gap=&#8221;none&#8221;][vc_column][vc_raw_html]PGlmcmFtZSBzcmM9Imh0dHBzOi8vd3d3Lmdvb2dsZS5jb20vbWFwcy9lbWJlZD9wYj0hMW0xNCExbTghMW0zITFkNTcxOTUuMTAwMzEyNTkxODEhMmQtODAuMTkwODkzITNkMjYuMzY4NzY1ITNtMiExaTEwMjQhMmk3NjghNGYxMy4xITNtMyExbTIhMXMweDAlM0EweDY5Y2NiZjg5NzNjODQ2MjMhMnNDZW50ZXIlMjA0JTIwU21pbGVzITVlMCEzbTIhMXNlbiEyc3VzITR2MTU2ODQxNjc2MTMzMiE1bTIhMXNlbiEyc3VzIiB3aWR0aD0iMTkwMCIgaGVpZ2h0PSI0MDAiIGZyYW1lYm9yZGVyPSIwIiBzdHlsZT0iYm9yZGVyOjA7IiBhbGxvd2Z1bGxzY3JlZW49IiI+PC9pZnJhbWU+[\/vc_raw_html][\/vc_column][\/vc_row]<\/p>\n<\/div>","protected":false},"excerpt":{"rendered":"<p>[vc_row section_type=&#8221;fullwidth&#8221; padding_top_multiplier=&#8221;&#8221; padding_bottom_multiplier=&#8221;&#8221; columns_gap=&#8221;none&#8221;][vc_column][\/vc_column][\/vc_row][vc_row][vc_column][vc_custom_heading text=&#8221;Entre em contato conosco hoje e receba seu sorriso de volta!&#8221; font_container=&#8221;tag:h2|text_align:center&#8221; use_theme_fonts=&#8221;yes&#8221;][\/vc_column][\/vc_row][vc_row][vc_column width=&#8221;1\/3&#8243;][vc_column_text] Localiza\u00e7\u00e3o Center 4 Smiles 9291 Glades Road, Suite 301 Boca Raton, FL 33434 Telefone: (561) 477-7171 Social: [\/vc_column_text][\/vc_column][vc_column width=&#8221;2\/3&#8243;][\/vc_column][\/vc_row][vc_row section_type=&#8221;fullwidth&#8221; padding_top_multiplier=&#8221;&#8221; padding_bottom_multiplier=&#8221;&#8221; columns_gap=&#8221;none&#8221;][vc_column][vc_raw_html]PGlmcmFtZSBzcmM9Imh0dHBzOi8vd3d3Lmdvb2dsZS5jb20vbWFwcy9lbWJlZD9wYj0hMW0xNCExbTghMW0zITFkNTcxOTUuMTAwMzEyNTkxODEhMmQtODAuMTkwODkzITNkMjYuMzY4NzY1ITNtMiExaTEwMjQhMmk3NjghNGYxMy4xITNtMyExbTIhMXMweDAlM0EweDY5Y2NiZjg5NzNjODQ2MjMhMnNDZW50ZXIlMjA0JTIwU21pbGVzITVlMCEzbTIhMXNlbiEyc3VzITR2MTU2ODQxNjc2MTMzMiE1bTIhMXNlbiEyc3VzIiB3aWR0aD0iMTkwMCIgaGVpZ2h0PSI0MDAiIGZyYW1lYm9yZGVyPSIwIiBzdHlsZT0iYm9yZGVyOjA7IiBhbGxvd2Z1bGxzY3JlZW49IiI+PC9pZnJhbWU+[\/vc_raw_html][\/vc_column][\/vc_row]<\/p>\n","protected":false},"author":1,"featured_media":0,"parent":445,"menu_order":0,"comment_status":"closed","ping_status":"closed","template":"","meta":{"footnotes":""},"class_list":["post-1055","page","type-page","status-publish","hentry"],"yoast_head":"<!-- This site is optimized with the Yoast SEO plugin v25.4 - https:\/\/yoast.com\/wordpress\/plugins\/seo\/ -->\n<title>Contate o Center 4 Sorria hoje e receba seu sorriso de volta!<\/title>\n<meta name=\"description\" content=\"Contact Center 4 Sorria em (561) 477-7171 ou preencha nosso formul\u00e1rio de contato f\u00e1cil de usar e algu\u00e9m do nosso escrit\u00f3rio retornar\u00e1 sua liga\u00e7\u00e3o o mais r\u00e1pido poss\u00edvel.\" \/>\n<meta name=\"robots\" content=\"index, follow, max-snippet:-1, max-image-preview:large, max-video-preview:-1\" \/>\n<link rel=\"canonical\" href=\"https:\/\/center4smiles.com\/pt-br\/pagina-inicial\/contato\/\" \/>\n<meta property=\"og:locale\" content=\"pt_BR\" \/>\n<meta property=\"og:type\" content=\"article\" \/>\n<meta property=\"og:title\" content=\"Contate o Center 4 Sorria hoje e receba seu sorriso de volta!\" \/>\n<meta property=\"og:description\" content=\"Contact Center 4 Sorria em (561) 477-7171 ou preencha nosso formul\u00e1rio de contato f\u00e1cil de usar e algu\u00e9m do nosso escrit\u00f3rio retornar\u00e1 sua liga\u00e7\u00e3o o mais r\u00e1pido poss\u00edvel.\" \/>\n<meta property=\"og:url\" content=\"https:\/\/center4smiles.com\/pt-br\/pagina-inicial\/contato\/\" \/>\n<meta property=\"og:site_name\" content=\"Center 4 Smiles\" \/>\n<meta property=\"article:modified_time\" content=\"2019-09-25T18:05:39+00:00\" \/>\n<meta name=\"twitter:card\" content=\"summary_large_image\" \/>\n<meta name=\"twitter:label1\" content=\"Est. tempo de leitura\" \/>\n\t<meta name=\"twitter:data1\" content=\"1 minuto\" \/>\n<script type=\"application\/ld+json\" class=\"yoast-schema-graph\">{\"@context\":\"https:\/\/schema.org\",\"@graph\":[{\"@type\":\"WebPage\",\"@id\":\"https:\/\/center4smiles.com\/pt-br\/pagina-inicial\/contato\/\",\"url\":\"https:\/\/center4smiles.com\/pt-br\/pagina-inicial\/contato\/\",\"name\":\"Contate o Center 4 Sorria hoje e receba seu sorriso de volta!\",\"isPartOf\":{\"@id\":\"https:\/\/center4smiles.com\/pt-br\/#website\"},\"datePublished\":\"2019-09-25T18:05:37+00:00\",\"dateModified\":\"2019-09-25T18:05:39+00:00\",\"description\":\"Contact Center 4 Sorria em (561) 477-7171 ou preencha nosso formul\u00e1rio de contato f\u00e1cil de usar e algu\u00e9m do nosso escrit\u00f3rio retornar\u00e1 sua liga\u00e7\u00e3o o mais r\u00e1pido poss\u00edvel.\",\"breadcrumb\":{\"@id\":\"https:\/\/center4smiles.com\/pt-br\/pagina-inicial\/contato\/#breadcrumb\"},\"inLanguage\":\"pt-BR\",\"potentialAction\":[{\"@type\":\"ReadAction\",\"target\":[\"https:\/\/center4smiles.com\/pt-br\/pagina-inicial\/contato\/\"]}]},{\"@type\":\"BreadcrumbList\",\"@id\":\"https:\/\/center4smiles.com\/pt-br\/pagina-inicial\/contato\/#breadcrumb\",\"itemListElement\":[{\"@type\":\"ListItem\",\"position\":1,\"name\":\"Home\",\"item\":\"https:\/\/center4smiles.com\/pt-br\/pagina-inicial\/\"},{\"@type\":\"ListItem\",\"position\":2,\"name\":\"P\u00e1gina Inicial\",\"item\":\"https:\/\/center4smiles.com\/pt-br\/pagina-inicial\/\"},{\"@type\":\"ListItem\",\"position\":3,\"name\":\"Contato\"}]},{\"@type\":\"WebSite\",\"@id\":\"https:\/\/center4smiles.com\/pt-br\/#website\",\"url\":\"https:\/\/center4smiles.com\/pt-br\/\",\"name\":\"Center 4 Smiles\",\"description\":\"Dental Implants &amp; Specialty Center\",\"potentialAction\":[{\"@type\":\"SearchAction\",\"target\":{\"@type\":\"EntryPoint\",\"urlTemplate\":\"https:\/\/center4smiles.com\/pt-br\/?s={search_term_string}\"},\"query-input\":{\"@type\":\"PropertyValueSpecification\",\"valueRequired\":true,\"valueName\":\"search_term_string\"}}],\"inLanguage\":\"pt-BR\"}]}<\/script>\n<!-- \/ Yoast SEO plugin. -->","yoast_head_json":{"title":"Contate o Center 4 Sorria hoje e receba seu sorriso de volta!","description":"Contact Center 4 Sorria em (561) 477-7171 ou preencha nosso formul\u00e1rio de contato f\u00e1cil de usar e algu\u00e9m do nosso escrit\u00f3rio retornar\u00e1 sua liga\u00e7\u00e3o o mais r\u00e1pido poss\u00edvel.","robots":{"index":"index","follow":"follow","max-snippet":"max-snippet:-1","max-image-preview":"max-image-preview:large","max-video-preview":"max-video-preview:-1"},"canonical":"https:\/\/center4smiles.com\/pt-br\/pagina-inicial\/contato\/","og_locale":"pt_BR","og_type":"article","og_title":"Contate o Center 4 Sorria hoje e receba seu sorriso de volta!","og_description":"Contact Center 4 Sorria em (561) 477-7171 ou preencha nosso formul\u00e1rio de contato f\u00e1cil de usar e algu\u00e9m do nosso escrit\u00f3rio retornar\u00e1 sua liga\u00e7\u00e3o o mais r\u00e1pido poss\u00edvel.","og_url":"https:\/\/center4smiles.com\/pt-br\/pagina-inicial\/contato\/","og_site_name":"Center 4 Smiles","article_modified_time":"2019-09-25T18:05:39+00:00","twitter_card":"summary_large_image","twitter_misc":{"Est. tempo de leitura":"1 minuto"},"schema":{"@context":"https:\/\/schema.org","@graph":[{"@type":"WebPage","@id":"https:\/\/center4smiles.com\/pt-br\/pagina-inicial\/contato\/","url":"https:\/\/center4smiles.com\/pt-br\/pagina-inicial\/contato\/","name":"Contate o Center 4 Sorria hoje e receba seu sorriso de volta!","isPartOf":{"@id":"https:\/\/center4smiles.com\/pt-br\/#website"},"datePublished":"2019-09-25T18:05:37+00:00","dateModified":"2019-09-25T18:05:39+00:00","description":"Contact Center 4 Sorria em (561) 477-7171 ou preencha nosso formul\u00e1rio de contato f\u00e1cil de usar e algu\u00e9m do nosso escrit\u00f3rio retornar\u00e1 sua liga\u00e7\u00e3o o mais r\u00e1pido poss\u00edvel.","breadcrumb":{"@id":"https:\/\/center4smiles.com\/pt-br\/pagina-inicial\/contato\/#breadcrumb"},"inLanguage":"pt-BR","potentialAction":[{"@type":"ReadAction","target":["https:\/\/center4smiles.com\/pt-br\/pagina-inicial\/contato\/"]}]},{"@type":"BreadcrumbList","@id":"https:\/\/center4smiles.com\/pt-br\/pagina-inicial\/contato\/#breadcrumb","itemListElement":[{"@type":"ListItem","position":1,"name":"Home","item":"https:\/\/center4smiles.com\/pt-br\/pagina-inicial\/"},{"@type":"ListItem","position":2,"name":"P\u00e1gina Inicial","item":"https:\/\/center4smiles.com\/pt-br\/pagina-inicial\/"},{"@type":"ListItem","position":3,"name":"Contato"}]},{"@type":"WebSite","@id":"https:\/\/center4smiles.com\/pt-br\/#website","url":"https:\/\/center4smiles.com\/pt-br\/","name":"Center 4 Smiles","description":"Dental Implants &amp; Specialty Center","potentialAction":[{"@type":"SearchAction","target":{"@type":"EntryPoint","urlTemplate":"https:\/\/center4smiles.com\/pt-br\/?s={search_term_string}"},"query-input":{"@type":"PropertyValueSpecification","valueRequired":true,"valueName":"search_term_string"}}],"inLanguage":"pt-BR"}]}},"_links":{"self":[{"href":"https:\/\/center4smiles.com\/pt-br\/wp-json\/wp\/v2\/pages\/1055","targetHints":{"allow":["GET"]}}],"collection":[{"href":"https:\/\/center4smiles.com\/pt-br\/wp-json\/wp\/v2\/pages"}],"about":[{"href":"https:\/\/center4smiles.com\/pt-br\/wp-json\/wp\/v2\/types\/page"}],"author":[{"embeddable":true,"href":"https:\/\/center4smiles.com\/pt-br\/wp-json\/wp\/v2\/users\/1"}],"replies":[{"embeddable":true,"href":"https:\/\/center4smiles.com\/pt-br\/wp-json\/wp\/v2\/comments?post=1055"}],"version-history":[{"count":1,"href":"https:\/\/center4smiles.com\/pt-br\/wp-json\/wp\/v2\/pages\/1055\/revisions"}],"predecessor-version":[{"id":1056,"href":"https:\/\/center4smiles.com\/pt-br\/wp-json\/wp\/v2\/pages\/1055\/revisions\/1056"}],"up":[{"embeddable":true,"href":"https:\/\/center4smiles.com\/pt-br\/wp-json\/wp\/v2\/pages\/445"}],"wp:attachment":[{"href":"https:\/\/center4smiles.com\/pt-br\/wp-json\/wp\/v2\/media?parent=1055"}],"curies":[{"name":"wp","href":"https:\/\/api.w.org\/{rel}","templated":true}]}}