{"id":845,"date":"2019-09-25T16:58:57","date_gmt":"2019-09-25T16:58:57","guid":{"rendered":"https:\/\/center4smiles.com\/principal\/servicios\/"},"modified":"2019-11-19T00:39:04","modified_gmt":"2019-11-19T00:39:04","slug":"servicios","status":"publish","type":"page","link":"https:\/\/center4smiles.com\/es\/principal\/servicios\/","title":{"rendered":"Servicios"},"content":{"rendered":"<div class=\"wpb-content-wrapper\"><p>[vc_row section_type=\u00bbfullwidth\u00bb padding_top_multiplier=\u00bb\u00bb padding_bottom_multiplier=\u00bb\u00bb columns_gap=\u00bbnone\u00bb][vc_column]<div class=\"grve-element grve-image grve-align-center\" style=\"\">  <div class=\"grve-image-wrapper\"><img loading=\"lazy\" decoding=\"async\" width=\"1920\" height=\"400\" src=\"https:\/\/center4smiles.com\/wp-content\/uploads\/2019\/09\/Services.jpg\" class=\"attachment-full size-full\" alt=\"Servicios Center 4 Smiles\" srcset=\"https:\/\/center4smiles.com\/wp-content\/uploads\/2019\/09\/Services.jpg 1920w, https:\/\/center4smiles.com\/wp-content\/uploads\/2019\/09\/Services-300x63.jpg 300w, https:\/\/center4smiles.com\/wp-content\/uploads\/2019\/09\/Services-768x160.jpg 768w, https:\/\/center4smiles.com\/wp-content\/uploads\/2019\/09\/Services-1024x213.jpg 1024w\" sizes=\"auto, (max-width: 1920px) 100vw, 1920px\" \/>   <\/div><\/div>[\/vc_column][\/vc_row][vc_row][vc_column][vc_custom_heading text=\u00bbServicios dentales de clase mundial\u00bb font_container=\u00bbtag:h1|text_align:center\u00bb use_theme_fonts=\u00bbyes\u00bb][vc_custom_heading text=\u00bbTu mejor sonrisa a\u00fan.\u00bb font_container=\u00bbtag:h3|text_align:center\u00bb use_theme_fonts=\u00bbyes\u00bb][\/vc_column][\/vc_row][vc_row padding_top_multiplier=\u00bb\u00bb][vc_column width=\u00bb1\/6&#8243;][\/vc_column][vc_column width=\u00bb2\/3&#8243;][vc_column_text]<\/p>\n<p style=\"text-align: center;\">Ya sea que est\u00e9 buscando un cambio de sonrisa total o simplemente necesite un ajuste menor, podemos hacerlo todo. Hemos invertido en la \u00faltima tecnolog\u00eda y hemos reunido a 3 m\u00e9dicos especializados para revisar a cada paciente que entra por nuestra puerta.<\/p>\n<h5 style=\"text-align: center;\">Lea nuestros procedimientos m\u00e1s comunes y si tiene preguntas o necesidades adicionales, no dude en comunicarse con nosotros al <a href=\"tel:5614777171\">(561) 477-7171<\/a> para programar una consulta.<\/h5>\n<p>[\/vc_column_text][\/vc_column][vc_column width=\u00bb1\/6&#8243;][\/vc_column][\/vc_row][vc_row bg_type=\u00bbcolor\u00bb bg_color=\u00bb#0a0a0a\u00bb][vc_column width=\u00bb1\/5&#8243; font_color=\u00bb#ffffff\u00bb]<div class=\"grve-element grve-image grve-align-center\" style=\"\">  <div class=\"grve-image-wrapper\"><a href=\"http:\/\/center4smiles.dragonetdesign.com\/es\/principal\/servicios\/todo-en-4\/\" title=\"Todo en 4\u00ae\"><img loading=\"lazy\" decoding=\"async\" width=\"381\" height=\"350\" src=\"https:\/\/center4smiles.com\/wp-content\/uploads\/2019\/09\/AllOn4.jpg\" class=\"attachment-full size-full\" alt=\"All on 4 Dental Implants Dr Orphanos\" srcset=\"https:\/\/center4smiles.com\/wp-content\/uploads\/2019\/09\/AllOn4.jpg 381w, https:\/\/center4smiles.com\/wp-content\/uploads\/2019\/09\/AllOn4-300x276.jpg 300w\" sizes=\"auto, (max-width: 381px) 100vw, 381px\" \/><\/a>   <\/div><\/div><div class=\"grve-empty-space\" style=\"height: 20px;\"><\/div>[vc_custom_heading text=\u00bbTodo en 4\u00ae\u00bb font_container=\u00bbtag:h6|text_align:center|color:%23ffffff\u00bb use_theme_fonts=\u00bbyes\u00bb link=\u00bburl:http%3A%2F%2Fcenter4smiles.dragonetdesign.com%2Fes%2Fprincipal%2Fservicios%2Ftodo-en-4%2F|\u00bb][vc_column_text]<\/p>\n<p style=\"text-align: center;\">Recupere su sonrisa todo en un d\u00eda con el procedimiento de implante dental All on 4\u00ae<\/p>\n<p>[\/vc_column_text]<div class=\"grve-empty-space\" style=\"height: 10px;\"><\/div><div class=\"grve-element grve-align-center\"><a href=\"http:\/\/center4smiles.dragonetdesign.com\/es\/principal\/servicios\/todo-en-4\/\" class=\"grve-btn grve-btn-medium grve-square grve-bg-primary-1 grve-bg-hover-primary-2 aboutbtn\"><span>Lee mas<\/span><\/a><\/div>[\/vc_column][vc_column width=\u00bb1\/5&#8243; font_color=\u00bb#ffffff\u00bb]<div class=\"grve-element grve-image grve-align-center\" style=\"\">  <div class=\"grve-image-wrapper\"><a href=\"http:\/\/center4smiles.dragonetdesign.com\/es\/principal\/servicios\/injerto-oseo\/\" title=\"Injerto \u00f3seo\"><img loading=\"lazy\" decoding=\"async\" width=\"381\" height=\"350\" src=\"https:\/\/center4smiles.com\/wp-content\/uploads\/2019\/09\/BoneGraft.jpg\" class=\"attachment-full size-full\" alt=\"Bone Grafting Center 4 Smiles\" srcset=\"https:\/\/center4smiles.com\/wp-content\/uploads\/2019\/09\/BoneGraft.jpg 381w, https:\/\/center4smiles.com\/wp-content\/uploads\/2019\/09\/BoneGraft-300x276.jpg 300w\" sizes=\"auto, (max-width: 381px) 100vw, 381px\" \/><\/a>   <\/div><\/div><div class=\"grve-empty-space\" style=\"height: 20px;\"><\/div>[vc_custom_heading text=\u00bbInjerto \u00f3seo\u00bb font_container=\u00bbtag:h6|text_align:center|color:%23ffffff\u00bb use_theme_fonts=\u00bbyes\u00bb link=\u00bburl:http%3A%2F%2Fcenter4smiles.dragonetdesign.com%2Fes%2Fprincipal%2Fservicios%2Finjerto-oseo%2F|\u00bb][vc_column_text]<\/p>\n<p style=\"text-align: center;\">Usar su propio hueso al injertar una nueva sonrisa reduce los tiempos de curaci\u00f3n.<\/p>\n<p>[\/vc_column_text]<div class=\"grve-empty-space\" style=\"height: 10px;\"><\/div><div class=\"grve-element grve-align-center\"><a href=\"http:\/\/center4smiles.dragonetdesign.com\/es\/principal\/servicios\/injerto-oseo\/\" class=\"grve-btn grve-btn-medium grve-square grve-bg-primary-1 grve-bg-hover-primary-2 aboutbtn\"><span>Lee mas<\/span><\/a><\/div>[\/vc_column][vc_column width=\u00bb1\/5&#8243; font_color=\u00bb#ffffff\u00bb]<div class=\"grve-element grve-image grve-align-center\" style=\"\">  <div class=\"grve-image-wrapper\"><a href=\"http:\/\/center4smiles.dragonetdesign.com\/es\/principal\/servicios\/alargamiento-de-corona\/\" title=\"Alargamiento de corona\"><img loading=\"lazy\" decoding=\"async\" width=\"381\" height=\"350\" src=\"https:\/\/center4smiles.com\/wp-content\/uploads\/2019\/09\/CrownLengthening.jpg\" class=\"attachment-full size-full\" alt=\"Crown Lengthening Center 4 Smiles\" srcset=\"https:\/\/center4smiles.com\/wp-content\/uploads\/2019\/09\/CrownLengthening.jpg 381w, https:\/\/center4smiles.com\/wp-content\/uploads\/2019\/09\/CrownLengthening-300x276.jpg 300w\" sizes=\"auto, (max-width: 381px) 100vw, 381px\" \/><\/a>   <\/div><\/div><div class=\"grve-empty-space\" style=\"height: 20px;\"><\/div>[vc_custom_heading text=\u00bbAlargamiento de corona\u00bb font_container=\u00bbtag:h6|text_align:center|color:%23ffffff\u00bb use_theme_fonts=\u00bbyes\u00bb link=\u00bburl:http%3A%2F%2Fcenter4smiles.dragonetdesign.com%2Fes%2Fprincipal%2Fservicios%2Falargamiento-de-corona%2F|\u00bb][vc_column_text]<\/p>\n<p style=\"text-align: center;\">Este procedimiento normalmente se requiere cuando tienes un diente corto o enc\u00edas excesivas.<\/p>\n<p>[\/vc_column_text]<div class=\"grve-empty-space\" style=\"height: 10px;\"><\/div><div class=\"grve-element grve-align-center\"><a href=\"http:\/\/center4smiles.dragonetdesign.com\/es\/principal\/servicios\/alargamiento-de-corona\/\" class=\"grve-btn grve-btn-medium grve-square grve-bg-primary-1 grve-bg-hover-primary-2 aboutbtn\"><span>Lee mas<\/span><\/a><\/div>[\/vc_column][vc_column width=\u00bb1\/5&#8243; font_color=\u00bb#ffffff\u00bb]<div class=\"grve-element grve-image grve-align-center\" style=\"\">  <div class=\"grve-image-wrapper\"><a href=\"http:\/\/center4smiles.dragonetdesign.com\/es\/principal\/servicios\/implantes-dentales\/\" title=\"Implantes dentales\"><img loading=\"lazy\" decoding=\"async\" width=\"381\" height=\"350\" src=\"https:\/\/center4smiles.com\/wp-content\/uploads\/2019\/09\/DentalImplants.jpg\" class=\"attachment-full size-full\" alt=\"Dental Implants Dr Orphanos\" srcset=\"https:\/\/center4smiles.com\/wp-content\/uploads\/2019\/09\/DentalImplants.jpg 381w, https:\/\/center4smiles.com\/wp-content\/uploads\/2019\/09\/DentalImplants-300x276.jpg 300w\" sizes=\"auto, (max-width: 381px) 100vw, 381px\" \/><\/a>   <\/div><\/div><div class=\"grve-empty-space\" style=\"height: 20px;\"><\/div>[vc_custom_heading text=\u00bbImplantes dentales\u00bb font_container=\u00bbtag:h6|text_align:center|color:%23ffffff\u00bb use_theme_fonts=\u00bbyes\u00bb link=\u00bburl:http%3A%2F%2Fcenter4smiles.dragonetdesign.com%2Fes%2Fprincipal%2Fservicios%2Fimplantes-dentales%2F|\u00bb][vc_column_text]<\/p>\n<p style=\"text-align: center;\">Todos los pacientes reciben un escaneo 3D Cone Beam para diagnosticar y tratar el problema de manera efectiva.<\/p>\n<p>[\/vc_column_text]<div class=\"grve-empty-space\" style=\"height: 10px;\"><\/div><div class=\"grve-element grve-align-center\"><a href=\"http:\/\/center4smiles.dragonetdesign.com\/es\/principal\/servicios\/implantes-dentales\/\" class=\"grve-btn grve-btn-medium grve-square grve-bg-primary-1 grve-bg-hover-primary-2 aboutbtn\"><span>Lee mas<\/span><\/a><\/div>[\/vc_column][vc_column width=\u00bb1\/5&#8243; font_color=\u00bb#ffffff\u00bb]<div class=\"grve-element grve-image grve-align-center\" style=\"\">  <div class=\"grve-image-wrapper\"><a href=\"http:\/\/center4smiles.dragonetdesign.com\/es\/principal\/servicios\/endodoncia\/\" title=\"Endodoncia\"><img loading=\"lazy\" decoding=\"async\" width=\"381\" height=\"350\" src=\"https:\/\/center4smiles.com\/wp-content\/uploads\/2019\/09\/Endodontics.jpg\" class=\"attachment-full size-full\" alt=\"Endodontics Dr Orphanos\" srcset=\"https:\/\/center4smiles.com\/wp-content\/uploads\/2019\/09\/Endodontics.jpg 381w, https:\/\/center4smiles.com\/wp-content\/uploads\/2019\/09\/Endodontics-300x276.jpg 300w\" sizes=\"auto, (max-width: 381px) 100vw, 381px\" \/><\/a>   <\/div><\/div><div class=\"grve-empty-space\" style=\"height: 20px;\"><\/div>[vc_custom_heading text=\u00bbEndodoncia\u00bb font_container=\u00bbtag:h6|text_align:center|color:%23ffffff\u00bb use_theme_fonts=\u00bbyes\u00bb link=\u00bburl:http%3A%2F%2Fcenter4smiles.dragonetdesign.com%2Fes%2Fprincipal%2Fservicios%2Fendodoncia%2F|\u00bb][vc_column_text]<\/p>\n<p style=\"text-align: center;\">Un endodoncista es un dentista que se especializa en endodoncias y cirug\u00eda endod\u00f3ntica.<\/p>\n<p>[\/vc_column_text]<div class=\"grve-empty-space\" style=\"height: 10px;\"><\/div><div class=\"grve-element grve-align-center\"><a href=\"http:\/\/center4smiles.dragonetdesign.com\/es\/principal\/servicios\/endodoncia\/\" class=\"grve-btn grve-btn-medium grve-square grve-bg-primary-1 grve-bg-hover-primary-2 aboutbtn\"><span>Lee mas<\/span><\/a><\/div>[\/vc_column][\/vc_row][vc_row bg_type=\u00bbcolor\u00bb padding_bottom_multiplier=\u00bb2x\u00bb bg_color=\u00bb#0a0a0a\u00bb][vc_column width=\u00bb1\/5&#8243; font_color=\u00bb#ffffff\u00bb]<div class=\"grve-element grve-image grve-align-center\" style=\"\">  <div class=\"grve-image-wrapper\"><a href=\"\/home\/services\/gentle-wave\/\" title=\"GentleWave\"><img loading=\"lazy\" decoding=\"async\" width=\"381\" height=\"350\" src=\"https:\/\/center4smiles.com\/wp-content\/uploads\/2019\/09\/GentleWave.jpg\" class=\"attachment-full size-full\" alt=\"GentleWave Root Canal Procedure\" srcset=\"https:\/\/center4smiles.com\/wp-content\/uploads\/2019\/09\/GentleWave.jpg 381w, https:\/\/center4smiles.com\/wp-content\/uploads\/2019\/09\/GentleWave-300x276.jpg 300w\" sizes=\"auto, (max-width: 381px) 100vw, 381px\" \/><\/a>   <\/div><\/div><div class=\"grve-empty-space\" style=\"height: 20px;\"><\/div>[vc_custom_heading text=\u00bbGentleWave\u00bb font_container=\u00bbtag:h6|text_align:center|color:%23ffffff\u00bb use_theme_fonts=\u00bbyes\u00bb link=\u00bburl:%2Fhome%2Fservices%2Fgentle-wave%2F|\u00bb][vc_column_text]<\/p>\n<p style=\"text-align: center;\">El sistema GentleWave utiliza una din\u00e1mica de fluidos avanzada para realizar un tratamiento de conducto.<\/p>\n<p>[\/vc_column_text]<div class=\"grve-empty-space\" style=\"height: 10px;\"><\/div><div class=\"grve-element grve-align-center\"><a href=\"\/home\/services\/gentle-wave\/\" class=\"grve-btn grve-btn-medium grve-square grve-bg-primary-1 grve-bg-hover-primary-2 aboutbtn\"><span>Lee mas<\/span><\/a><\/div>[\/vc_column][vc_column width=\u00bb1\/5&#8243; font_color=\u00bb#ffffff\u00bb]<div class=\"grve-element grve-image grve-align-center\" style=\"\">  <div class=\"grve-image-wrapper\"><a href=\"http:\/\/center4smiles.dragonetdesign.com\/es\/principal\/servicios\/injerto-de-goma\/\" title=\"Injerto de goma\"><img loading=\"lazy\" decoding=\"async\" width=\"381\" height=\"350\" src=\"https:\/\/center4smiles.com\/wp-content\/uploads\/2019\/09\/GumGrafting.jpg\" class=\"attachment-full size-full\" alt=\"Gum Grafting Center 4 Smiles\" srcset=\"https:\/\/center4smiles.com\/wp-content\/uploads\/2019\/09\/GumGrafting.jpg 381w, https:\/\/center4smiles.com\/wp-content\/uploads\/2019\/09\/GumGrafting-300x276.jpg 300w\" sizes=\"auto, (max-width: 381px) 100vw, 381px\" \/><\/a>   <\/div><\/div><div class=\"grve-empty-space\" style=\"height: 20px;\"><\/div>[vc_custom_heading text=\u00bbInjerto de goma\u00bb font_container=\u00bbtag:h6|text_align:center|color:%23ffffff\u00bb use_theme_fonts=\u00bbyes\u00bb link=\u00bburl:http%3A%2F%2Fcenter4smiles.dragonetdesign.com%2Fes%2Fprincipal%2Fservicios%2Finjerto-de-goma%2F|\u00bb][vc_column_text]<\/p>\n<p style=\"text-align: center;\">Esta es una microcirug\u00eda m\u00ednimamente invasiva que requiere una peque\u00f1a incisi\u00f3n en el t\u00fanel.<\/p>\n<p>[\/vc_column_text]<div class=\"grve-empty-space\" style=\"height: 10px;\"><\/div><div class=\"grve-element grve-align-center\"><a href=\"http:\/\/center4smiles.dragonetdesign.com\/es\/principal\/servicios\/injerto-de-goma\/\" class=\"grve-btn grve-btn-medium grve-square grve-bg-primary-1 grve-bg-hover-primary-2 aboutbtn\"><span>Lee mas<\/span><\/a><\/div>[\/vc_column][vc_column width=\u00bb1\/5&#8243; font_color=\u00bb#ffffff\u00bb]<div class=\"grve-element grve-image grve-align-center\" style=\"\">  <div class=\"grve-image-wrapper\"><a href=\"http:\/\/center4smiles.dragonetdesign.com\/es\/principal\/servicios\/correccion-de-sonrisa-gomosa\/\" title=\"Correcci\u00f3n de sonrisa gomosa\"><img loading=\"lazy\" decoding=\"async\" width=\"381\" height=\"350\" src=\"https:\/\/center4smiles.com\/wp-content\/uploads\/2019\/09\/GummySmile.jpg\" class=\"attachment-full size-full\" alt=\"Gummy Smile Correction\" srcset=\"https:\/\/center4smiles.com\/wp-content\/uploads\/2019\/09\/GummySmile.jpg 381w, https:\/\/center4smiles.com\/wp-content\/uploads\/2019\/09\/GummySmile-300x276.jpg 300w\" sizes=\"auto, (max-width: 381px) 100vw, 381px\" \/><\/a>   <\/div><\/div><div class=\"grve-empty-space\" style=\"height: 20px;\"><\/div>[vc_custom_heading text=\u00bbCorrecci\u00f3n de sonrisa gomosa\u00bb font_container=\u00bbtag:h6|text_align:center|color:%23ffffff\u00bb use_theme_fonts=\u00bbyes\u00bb link=\u00bburl:http%3A%2F%2Fcenter4smiles.dragonetdesign.com%2Fes%2Fprincipal%2Fservicios%2Fcorreccion-de-sonrisa-gomosa%2F|\u00bb][vc_column_text]<\/p>\n<p style=\"text-align: center;\">La correcci\u00f3n de la sonrisa a menudo las personas que tienen dientes peque\u00f1os realmente no tienen dientes peque\u00f1os en absoluto.<\/p>\n<p>[\/vc_column_text]<div class=\"grve-empty-space\" style=\"height: 10px;\"><\/div><div class=\"grve-element grve-align-center\"><a href=\"http:\/\/center4smiles.dragonetdesign.com\/es\/principal\/servicios\/correccion-de-sonrisa-gomosa\/\" class=\"grve-btn grve-btn-medium grve-square grve-bg-primary-1 grve-bg-hover-primary-2 aboutbtn\"><span>Lee mas<\/span><\/a><\/div>[\/vc_column][vc_column width=\u00bb1\/5&#8243; font_color=\u00bb#ffffff\u00bb]<div class=\"grve-element grve-image grve-align-center\" style=\"\">  <div class=\"grve-image-wrapper\"><a href=\"http:\/\/center4smiles.dragonetdesign.com\/es\/principal\/servicios\/lanap-laser\/\" title=\"LANAP L\u00e1ser\"><img loading=\"lazy\" decoding=\"async\" width=\"381\" height=\"350\" src=\"https:\/\/center4smiles.com\/wp-content\/uploads\/2019\/09\/LanapLaser-1.jpg\" class=\"attachment-full size-full\" alt=\"LANAP: Laser Assisted New Attachment Procedure\" srcset=\"https:\/\/center4smiles.com\/wp-content\/uploads\/2019\/09\/LanapLaser-1.jpg 381w, https:\/\/center4smiles.com\/wp-content\/uploads\/2019\/09\/LanapLaser-1-300x276.jpg 300w\" sizes=\"auto, (max-width: 381px) 100vw, 381px\" \/><\/a>   <\/div><\/div><div class=\"grve-empty-space\" style=\"height: 20px;\"><\/div>[vc_custom_heading text=\u00bbLANAP (L\u00e1ser)\u00bb font_container=\u00bbtag:h6|text_align:center|color:%23ffffff\u00bb use_theme_fonts=\u00bbyes\u00bb link=\u00bburl:http%3A%2F%2Fcenter4smiles.dragonetdesign.com%2Fes%2Fprincipal%2Fservicios%2Flanap-laser%2F|\u00bb][vc_column_text]<\/p>\n<p style=\"text-align: center;\">LANAP &#8211; Nuevo procedimiento de fijaci\u00f3n asistido por l\u00e1ser utilizado para ayudar a corregir la enfermedad de las enc\u00edas.<\/p>\n<p>[\/vc_column_text]<div class=\"grve-empty-space\" style=\"height: 10px;\"><\/div><div class=\"grve-element grve-align-center\"><a href=\"http:\/\/center4smiles.dragonetdesign.com\/es\/principal\/servicios\/lanap-laser\/\" class=\"grve-btn grve-btn-medium grve-square grve-bg-primary-1 grve-bg-hover-primary-2 aboutbtn\"><span>Lee mas<\/span><\/a><\/div>[\/vc_column][vc_column width=\u00bb1\/5&#8243; font_color=\u00bb#ffffff\u00bb]<div class=\"grve-element grve-image grve-align-center\" style=\"\">  <div class=\"grve-image-wrapper\"><a href=\"http:\/\/center4smiles.dragonetdesign.com\/es\/principal\/servicios\/injerto-sinusal\/\" title=\"Injerto Sinusal\"><img loading=\"lazy\" decoding=\"async\" width=\"381\" height=\"350\" src=\"https:\/\/center4smiles.com\/wp-content\/uploads\/2019\/09\/SinusGrafting.jpg\" class=\"attachment-full size-full\" alt=\"Sinus Grafting\" srcset=\"https:\/\/center4smiles.com\/wp-content\/uploads\/2019\/09\/SinusGrafting.jpg 381w, https:\/\/center4smiles.com\/wp-content\/uploads\/2019\/09\/SinusGrafting-300x276.jpg 300w\" sizes=\"auto, (max-width: 381px) 100vw, 381px\" \/><\/a>   <\/div><\/div><div class=\"grve-empty-space\" style=\"height: 20px;\"><\/div>[vc_custom_heading text=\u00bbInjerto Sinusal\u00bb font_container=\u00bbtag:h6|text_align:center|color:%23ffffff\u00bb use_theme_fonts=\u00bbyes\u00bb link=\u00bburl:http%3A%2F%2Fcenter4smiles.dragonetdesign.com%2Fes%2Fprincipal%2Fservicios%2Finjerto-sinusal%2F|\u00bb][vc_column_text]<\/p>\n<p style=\"text-align: center;\">Tratar principalmente con el seno maxilar porque la cavidad sinusal de cada persona es diferente.<\/p>\n<p>[\/vc_column_text]<div class=\"grve-empty-space\" style=\"height: 10px;\"><\/div><div class=\"grve-element grve-align-center\"><a href=\"http:\/\/center4smiles.dragonetdesign.com\/es\/principal\/servicios\/injerto-sinusal\/\" class=\"grve-btn grve-btn-medium grve-square grve-bg-primary-1 grve-bg-hover-primary-2 aboutbtn\"><span>Lee mas<\/span><\/a><\/div>[\/vc_column][\/vc_row]<\/p>\n<\/div>","protected":false},"excerpt":{"rendered":"<p>[vc_row section_type=\u00bbfullwidth\u00bb padding_top_multiplier=\u00bb\u00bb padding_bottom_multiplier=\u00bb\u00bb columns_gap=\u00bbnone\u00bb][vc_column][\/vc_column][\/vc_row][vc_row][vc_column][vc_custom_heading text=\u00bbServicios dentales de clase mundial\u00bb font_container=\u00bbtag:h1|text_align:center\u00bb use_theme_fonts=\u00bbyes\u00bb][vc_custom_heading text=\u00bbTu mejor sonrisa a\u00fan.\u00bb font_container=\u00bbtag:h3|text_align:center\u00bb use_theme_fonts=\u00bbyes\u00bb][\/vc_column][\/vc_row][vc_row padding_top_multiplier=\u00bb\u00bb][vc_column width=\u00bb1\/6&#8243;][\/vc_column][vc_column width=\u00bb2\/3&#8243;][vc_column_text] Ya sea que est\u00e9 buscando un cambio de sonrisa total o simplemente necesite un ajuste menor, podemos hacerlo todo. Hemos invertido en la \u00faltima tecnolog\u00eda y hemos reunido a 3 m\u00e9dicos especializados para revisar [&hellip;]<\/p>\n","protected":false},"author":1,"featured_media":0,"parent":545,"menu_order":0,"comment_status":"closed","ping_status":"closed","template":"","meta":{"footnotes":""},"class_list":["post-845","page","type-page","status-publish","hentry"],"yoast_head":"<!-- This site is optimized with the Yoast SEO plugin v25.4 - https:\/\/yoast.com\/wordpress\/plugins\/seo\/ -->\n<title>Servicios realizados por los especialistas en Center 4 Smiles<\/title>\n<meta name=\"description\" content=\"Servicios realizados rutinariamente por el equipo de expertos del Center 4 Smiles en Boca Raton, FL. Los expertos solo usan la \u00faltima tecnolog\u00eda disponible.\" \/>\n<meta name=\"robots\" content=\"index, follow, max-snippet:-1, max-image-preview:large, max-video-preview:-1\" \/>\n<link rel=\"canonical\" href=\"https:\/\/center4smiles.com\/es\/principal\/servicios\/\" \/>\n<meta property=\"og:locale\" content=\"es_ES\" \/>\n<meta property=\"og:type\" content=\"article\" \/>\n<meta property=\"og:title\" content=\"Servicios realizados por los especialistas en Center 4 Smiles\" \/>\n<meta property=\"og:description\" content=\"Servicios realizados rutinariamente por el equipo de expertos del Center 4 Smiles en Boca Raton, FL. Los expertos solo usan la \u00faltima tecnolog\u00eda disponible.\" \/>\n<meta property=\"og:url\" content=\"https:\/\/center4smiles.com\/es\/principal\/servicios\/\" \/>\n<meta property=\"og:site_name\" content=\"Center 4 Smiles\" \/>\n<meta property=\"article:modified_time\" content=\"2019-11-19T00:39:04+00:00\" \/>\n<meta name=\"twitter:card\" content=\"summary_large_image\" \/>\n<meta name=\"twitter:label1\" content=\"Tiempo de lectura\" \/>\n\t<meta name=\"twitter:data1\" content=\"8 minutos\" \/>\n<script type=\"application\/ld+json\" class=\"yoast-schema-graph\">{\"@context\":\"https:\/\/schema.org\",\"@graph\":[{\"@type\":\"WebPage\",\"@id\":\"https:\/\/center4smiles.com\/es\/principal\/servicios\/\",\"url\":\"https:\/\/center4smiles.com\/es\/principal\/servicios\/\",\"name\":\"Servicios realizados por los especialistas en Center 4 Smiles\",\"isPartOf\":{\"@id\":\"https:\/\/center4smiles.com\/es\/#website\"},\"datePublished\":\"2019-09-25T16:58:57+00:00\",\"dateModified\":\"2019-11-19T00:39:04+00:00\",\"description\":\"Servicios realizados rutinariamente por el equipo de expertos del Center 4 Smiles en Boca Raton, FL. Los expertos solo usan la \u00faltima tecnolog\u00eda disponible.\",\"breadcrumb\":{\"@id\":\"https:\/\/center4smiles.com\/es\/principal\/servicios\/#breadcrumb\"},\"inLanguage\":\"es\",\"potentialAction\":[{\"@type\":\"ReadAction\",\"target\":[\"https:\/\/center4smiles.com\/es\/principal\/servicios\/\"]}]},{\"@type\":\"BreadcrumbList\",\"@id\":\"https:\/\/center4smiles.com\/es\/principal\/servicios\/#breadcrumb\",\"itemListElement\":[{\"@type\":\"ListItem\",\"position\":1,\"name\":\"Home\",\"item\":\"https:\/\/center4smiles.com\/es\/principal\/\"},{\"@type\":\"ListItem\",\"position\":2,\"name\":\"Principal\",\"item\":\"https:\/\/center4smiles.com\/es\/principal\/\"},{\"@type\":\"ListItem\",\"position\":3,\"name\":\"Servicios\"}]},{\"@type\":\"WebSite\",\"@id\":\"https:\/\/center4smiles.com\/es\/#website\",\"url\":\"https:\/\/center4smiles.com\/es\/\",\"name\":\"Center 4 Smiles\",\"description\":\"Dental Implants &amp; Specialty Center\",\"potentialAction\":[{\"@type\":\"SearchAction\",\"target\":{\"@type\":\"EntryPoint\",\"urlTemplate\":\"https:\/\/center4smiles.com\/es\/?s={search_term_string}\"},\"query-input\":{\"@type\":\"PropertyValueSpecification\",\"valueRequired\":true,\"valueName\":\"search_term_string\"}}],\"inLanguage\":\"es\"}]}<\/script>\n<!-- \/ Yoast SEO plugin. -->","yoast_head_json":{"title":"Servicios realizados por los especialistas en Center 4 Smiles","description":"Servicios realizados rutinariamente por el equipo de expertos del Center 4 Smiles en Boca Raton, FL. Los expertos solo usan la \u00faltima tecnolog\u00eda disponible.","robots":{"index":"index","follow":"follow","max-snippet":"max-snippet:-1","max-image-preview":"max-image-preview:large","max-video-preview":"max-video-preview:-1"},"canonical":"https:\/\/center4smiles.com\/es\/principal\/servicios\/","og_locale":"es_ES","og_type":"article","og_title":"Servicios realizados por los especialistas en Center 4 Smiles","og_description":"Servicios realizados rutinariamente por el equipo de expertos del Center 4 Smiles en Boca Raton, FL. Los expertos solo usan la \u00faltima tecnolog\u00eda disponible.","og_url":"https:\/\/center4smiles.com\/es\/principal\/servicios\/","og_site_name":"Center 4 Smiles","article_modified_time":"2019-11-19T00:39:04+00:00","twitter_card":"summary_large_image","twitter_misc":{"Tiempo de lectura":"8 minutos"},"schema":{"@context":"https:\/\/schema.org","@graph":[{"@type":"WebPage","@id":"https:\/\/center4smiles.com\/es\/principal\/servicios\/","url":"https:\/\/center4smiles.com\/es\/principal\/servicios\/","name":"Servicios realizados por los especialistas en Center 4 Smiles","isPartOf":{"@id":"https:\/\/center4smiles.com\/es\/#website"},"datePublished":"2019-09-25T16:58:57+00:00","dateModified":"2019-11-19T00:39:04+00:00","description":"Servicios realizados rutinariamente por el equipo de expertos del Center 4 Smiles en Boca Raton, FL. Los expertos solo usan la \u00faltima tecnolog\u00eda disponible.","breadcrumb":{"@id":"https:\/\/center4smiles.com\/es\/principal\/servicios\/#breadcrumb"},"inLanguage":"es","potentialAction":[{"@type":"ReadAction","target":["https:\/\/center4smiles.com\/es\/principal\/servicios\/"]}]},{"@type":"BreadcrumbList","@id":"https:\/\/center4smiles.com\/es\/principal\/servicios\/#breadcrumb","itemListElement":[{"@type":"ListItem","position":1,"name":"Home","item":"https:\/\/center4smiles.com\/es\/principal\/"},{"@type":"ListItem","position":2,"name":"Principal","item":"https:\/\/center4smiles.com\/es\/principal\/"},{"@type":"ListItem","position":3,"name":"Servicios"}]},{"@type":"WebSite","@id":"https:\/\/center4smiles.com\/es\/#website","url":"https:\/\/center4smiles.com\/es\/","name":"Center 4 Smiles","description":"Dental Implants &amp; Specialty Center","potentialAction":[{"@type":"SearchAction","target":{"@type":"EntryPoint","urlTemplate":"https:\/\/center4smiles.com\/es\/?s={search_term_string}"},"query-input":{"@type":"PropertyValueSpecification","valueRequired":true,"valueName":"search_term_string"}}],"inLanguage":"es"}]}},"_links":{"self":[{"href":"https:\/\/center4smiles.com\/es\/wp-json\/wp\/v2\/pages\/845","targetHints":{"allow":["GET"]}}],"collection":[{"href":"https:\/\/center4smiles.com\/es\/wp-json\/wp\/v2\/pages"}],"about":[{"href":"https:\/\/center4smiles.com\/es\/wp-json\/wp\/v2\/types\/page"}],"author":[{"embeddable":true,"href":"https:\/\/center4smiles.com\/es\/wp-json\/wp\/v2\/users\/1"}],"replies":[{"embeddable":true,"href":"https:\/\/center4smiles.com\/es\/wp-json\/wp\/v2\/comments?post=845"}],"version-history":[{"count":3,"href":"https:\/\/center4smiles.com\/es\/wp-json\/wp\/v2\/pages\/845\/revisions"}],"predecessor-version":[{"id":2484,"href":"https:\/\/center4smiles.com\/es\/wp-json\/wp\/v2\/pages\/845\/revisions\/2484"}],"up":[{"embeddable":true,"href":"https:\/\/center4smiles.com\/es\/wp-json\/wp\/v2\/pages\/545"}],"wp:attachment":[{"href":"https:\/\/center4smiles.com\/es\/wp-json\/wp\/v2\/media?parent=845"}],"curies":[{"name":"wp","href":"https:\/\/api.w.org\/{rel}","templated":true}]}}