{"id":812,"date":"2019-09-25T16:24:28","date_gmt":"2019-09-25T16:24:28","guid":{"rendered":"https:\/\/center4smiles.com\/principal\/reconocimiento-internacional\/"},"modified":"2019-09-25T16:24:30","modified_gmt":"2019-09-25T16:24:30","slug":"reconocimiento-internacional","status":"publish","type":"page","link":"https:\/\/center4smiles.com\/es\/principal\/reconocimiento-internacional\/","title":{"rendered":"Reconocimiento internacional"},"content":{"rendered":"<div class=\"wpb-content-wrapper\"><p>[vc_row section_type=\u00bbfullwidth\u00bb padding_top_multiplier=\u00bb\u00bb padding_bottom_multiplier=\u00bb\u00bb columns_gap=\u00bbnone\u00bb][vc_column]<div class=\"grve-element grve-image grve-align-center\" style=\"\">  <div class=\"grve-image-wrapper\"><img loading=\"lazy\" decoding=\"async\" width=\"1920\" height=\"400\" src=\"https:\/\/center4smiles.com\/wp-content\/uploads\/2019\/09\/InternationalRecognition.jpg\" class=\"attachment-full size-full\" alt=\"Dr Orphanos International Recognition\" srcset=\"https:\/\/center4smiles.com\/wp-content\/uploads\/2019\/09\/InternationalRecognition.jpg 1920w, https:\/\/center4smiles.com\/wp-content\/uploads\/2019\/09\/InternationalRecognition-300x63.jpg 300w, https:\/\/center4smiles.com\/wp-content\/uploads\/2019\/09\/InternationalRecognition-768x160.jpg 768w, https:\/\/center4smiles.com\/wp-content\/uploads\/2019\/09\/InternationalRecognition-1024x213.jpg 1024w\" sizes=\"auto, (max-width: 1920px) 100vw, 1920px\" \/>   <\/div><\/div>[\/vc_column][\/vc_row][vc_row padding_bottom_multiplier=\u00bb2x\u00bb][vc_column][vc_column_text]<\/p>\n<h2 style=\"text-align: center;\">All-On-4\u00ae por el Dr. Orphanos<\/h2>\n<h3 style=\"text-align: center;\">\u00bfEst\u00e1 en tu Armamentarium?<\/h3>\n<p>[\/vc_column_text]<div class=\"grve-empty-space grve-height-1x\" style=\"\"><\/div>[vc_row_inner][vc_column_inner width=\u00bb2\/3&#8243;][vc_column_text]El Dr. Orphanos sinti\u00f3 la necesidad de investigar una soluci\u00f3n m\u00e1s simple para restauraciones compatibles con implantes dentales de arco completo. Injertos \u00f3seos, requieren tiempos de curaci\u00f3n sustanciales. Por lo tanto, los enfoques por etapas para la colocaci\u00f3n de implantes dentales y la necesidad de varias restauraciones provisionales se presentaron como un obst\u00e1culo para los pacientes. Porque podr\u00edan enfrentar varias restauraciones, lo que significaba m\u00e1s tiempo y dinero.<\/p>\n<p>Para numerosos pacientes, encontrar dicho plan de tratamiento fue lento. La capacitaci\u00f3n sobre implantes dentales no solo era una cuesti\u00f3n de tiempo, sino tambi\u00e9n una preocupaci\u00f3n por el costo financiero. La soluci\u00f3n All on 4 para pacientes fue la respuesta a ambas preocupaciones. Todo en cuatro requiere menos tiempo para completar la cirug\u00eda. Lo que significa que el costo es m\u00e1s bajo para el paciente.<br \/>\n[\/vc_column_text][\/vc_column_inner][vc_column_inner width=\u00bb1\/3&#8243;]<div class=\"grve-element grve-image grve-align-center\" style=\"\">  <div class=\"grve-image-wrapper\"><img loading=\"lazy\" decoding=\"async\" width=\"380\" height=\"156\" src=\"https:\/\/center4smiles.com\/wp-content\/uploads\/2019\/09\/DrOLecture.jpg\" class=\"attachment-full size-full\" alt=\"Dr Orphanos Lecture\" srcset=\"https:\/\/center4smiles.com\/wp-content\/uploads\/2019\/09\/DrOLecture.jpg 380w, https:\/\/center4smiles.com\/wp-content\/uploads\/2019\/09\/DrOLecture-300x123.jpg 300w\" sizes=\"auto, (max-width: 380px) 100vw, 380px\" \/>   <\/div><\/div>[\/vc_column_inner][\/vc_row_inner]<div class=\"grve-empty-space grve-height-1x\" style=\"\"><\/div>[vc_column_text]<\/p>\n<h3 style=\"text-align: center;\">All On 4\u00ae Formaci\u00f3n sobre implantes dentales<\/h3>\n<p>[\/vc_column_text]<div class=\"grve-empty-space grve-height-1x\" style=\"\"><\/div>[vc_row_inner][vc_column_inner width=\u00bb1\/3&#8243;]<div class=\"grve-element grve-image grve-align-center\" style=\"\">  <div class=\"grve-image-wrapper\"><img loading=\"lazy\" decoding=\"async\" width=\"380\" height=\"205\" src=\"https:\/\/center4smiles.com\/wp-content\/uploads\/2019\/09\/DrOTraining.jpg\" class=\"attachment-full size-full\" alt=\"Dr Orphanos Training\" srcset=\"https:\/\/center4smiles.com\/wp-content\/uploads\/2019\/09\/DrOTraining.jpg 380w, https:\/\/center4smiles.com\/wp-content\/uploads\/2019\/09\/DrOTraining-300x162.jpg 300w\" sizes=\"auto, (max-width: 380px) 100vw, 380px\" \/>   <\/div><\/div>[\/vc_column_inner][vc_column_inner width=\u00bb2\/3&#8243;][vc_column_text]All on four es una t\u00e9cnica de tratamiento que ha evolucionado con el tiempo. Se ense\u00f1a como un proceso preciso de implante dental. Los implantes se colocan con precisi\u00f3n en la parte superior e inferior de la boca. All on Four ofrece beneficios significativos. Los pacientes obtienen una restauraci\u00f3n completa del arco, adem\u00e1s de reducir la necesidad de un gr\u00e1fico \u00f3seo. Tambi\u00e9n reduce a\u00fan m\u00e1s la p\u00e9rdida \u00f3sea y acorta el tiempo de instalaci\u00f3n.<\/p>\n<p>Este proceso restaurar\u00e1 tu sonrisa completa. Esa es la belleza de los cuatro contra cuatro. El concepto de tratamiento All-on-4 debe su nombre a la naturaleza misma del m\u00e9todo. Al menos doce dientes fijados en la mand\u00edbula, basados solo en cuatro implantes de titanio.<\/p>\n<p>Debido a que el implante est\u00e1 hecho de titanio, puede fusionarse con el hueso vivo. Y esta habilidad \u00fanica, le permite funcionar como parte de ella. Finalmente, el implante dental se convierte en parte de la mand\u00edbula. Esto sirve como una base s\u00f3lida y duradera para sus nuevos dientes.[\/vc_column_text][\/vc_column_inner][\/vc_row_inner]<div class=\"grve-empty-space grve-height-1x\" style=\"\"><\/div>[vc_column_text]<\/p>\n<h3 style=\"text-align: center;\">Dr. Orphanos en conferencias internacionales<\/h3>\n<p>[\/vc_column_text]<div class=\"grve-empty-space grve-height-1x\" style=\"\"><\/div>[vc_row_inner][vc_column_inner width=\u00bb2\/3&#8243;][vc_column_text]El Dr. Orphanos viaja regularmente a conferencias internacionales para ser un orador principal con respecto al procedimiento All on 4\u00ae. Ofrece un curso de capacitaci\u00f3n de 2 d\u00edas adem\u00e1s de hablar en p\u00fablico.[\/vc_column_text][vc_column_text]El curso de implante dental se ofrece en el Orphanos Implant Center. Este es un curso de dos d\u00edas de estudio sobre el procedimiento All on 4\u00ae. Est\u00e1 dise\u00f1ado para ser un estudio de curso completo e integral, pero tambi\u00e9n para proporcionar a los m\u00e9dicos los \u00faltimos conocimientos sobre t\u00e9cnicas de implantes que necesitan. Este curso de implante dental le dar\u00e1 al dentista el conjunto de habilidades para diagnosticar y crear un plan de tratamiento para el paciente. Tambi\u00e9n recibir\u00e1n experiencia pr\u00e1ctica en los aspectos quir\u00fargicos, de laboratorio y restaurativos del procedimiento All on 4\u00ae.<\/p>\n<p>El protocolo de est\u00e9tica dirigido por el Dr. Orphanos educar\u00e1 a los participantes en el curso de implantes dentales sobre este proceso. Los participantes definitivamente aprender\u00e1n c\u00f3mo mejorar tambi\u00e9n la sonrisa del paciente, as\u00ed como mejorar los tejidos blandos faciales del paciente.[\/vc_column_text]<div class=\"grve-empty-space\" style=\"height: 30px;\"><\/div>[\/vc_column_inner][vc_column_inner width=\u00bb1\/3&#8243;]<div class=\"grve-element grve-image grve-align-center\" style=\"\">  <div class=\"grve-image-wrapper\"><img loading=\"lazy\" decoding=\"async\" width=\"380\" height=\"205\" src=\"https:\/\/center4smiles.com\/wp-content\/uploads\/2019\/09\/DrOInternational.jpg\" class=\"attachment-full size-full\" alt=\"Dr Orphanos International Recognition\" srcset=\"https:\/\/center4smiles.com\/wp-content\/uploads\/2019\/09\/DrOInternational.jpg 380w, https:\/\/center4smiles.com\/wp-content\/uploads\/2019\/09\/DrOInternational-300x162.jpg 300w\" sizes=\"auto, (max-width: 380px) 100vw, 380px\" \/>   <\/div><\/div>[\/vc_column_inner][vc_column_inner][vc_column_text]El componente did\u00e1ctico del curso muestra tres pacientes con diferentes posiciones del borde incisal. Incluyen demasiado extruido, la posici\u00f3n correcta y demasiado apical. Se discutir\u00e1n las ramificaciones de encontrar los tres escenarios. Tambi\u00e9n se discutir\u00e1 c\u00f3mo tratar cada caso. Mejorar previsiblemente la est\u00e9tica y la fon\u00e9tica de los pacientes. Adem\u00e1s de su funci\u00f3n y soporte de tejidos blandos, se discutir\u00e1n criterios est\u00e9ticos cr\u00edticos como la posici\u00f3n y movilidad del labio, surcos nasolabiales, surcos nasomentales y l\u00edneas de marionetas. El curso del Dr. Orphanos es bastante \u00fanico, ya que aborda las preocupaciones del paciente con respecto al tejido blando hasta el esquema oclusal.<\/p>\n<p>Adem\u00e1s, ilustrar\u00e1 c\u00f3mo cambiar efectivamente la apariencia de los tejidos blandos de un paciente al tiempo que mejora la sonrisa del paciente y ofrece una oclusi\u00f3n funcional. Su protocolo tambi\u00e9n ilustra una t\u00e9cnica de diagn\u00f3stico y cirug\u00eda paso a paso. El enfoque del Dr. Orphanos entregar\u00e1 efectivamente un resultado que exceda las expectativas de los pacientes.<\/p>\n<p>El curso no se limita a todos los aspectos de tratamiento que abarcan todo el procedimiento. Tambi\u00e9n analiza la t\u00e9cnica de presentaci\u00f3n de casos, as\u00ed como la utilizaci\u00f3n de Keynote para Mac para realizar una incre\u00edble presentaci\u00f3n al lado de la silla. A los participantes se les ense\u00f1ar\u00e1 c\u00f3mo ofrecer un efecto de \u00absorpresa\u00bb cuando presenten un caso al paciente. Se discutir\u00e1n los beneficios de la fotograf\u00eda, as\u00ed como el uso de la c\u00e1mara y la t\u00e9cnica fotogr\u00e1fica. Se alienta a los participantes a traer una computadora port\u00e1til Mac y sus c\u00e1maras.<\/p>\n<p>Este curso, por lo tanto, tampoco est\u00e1 destinado al principiante. M\u00e1s bien, el curso fue dise\u00f1ado por el Dr. Orphanos para aquellos que ya tienen una amplia experiencia en implantes pero que carecen del protocolo de arco completo inmediato en sus recursos cl\u00ednicos.[\/vc_column_text][\/vc_column_inner][\/vc_row_inner][\/vc_column][\/vc_row]<\/p>\n<\/div>","protected":false},"excerpt":{"rendered":"<p>[vc_row section_type=\u00bbfullwidth\u00bb padding_top_multiplier=\u00bb\u00bb padding_bottom_multiplier=\u00bb\u00bb columns_gap=\u00bbnone\u00bb][vc_column][\/vc_column][\/vc_row][vc_row padding_bottom_multiplier=\u00bb2x\u00bb][vc_column][vc_column_text] All-On-4\u00ae por el Dr. Orphanos \u00bfEst\u00e1 en tu Armamentarium? [\/vc_column_text][vc_row_inner][vc_column_inner width=\u00bb2\/3&#8243;][vc_column_text]El Dr. Orphanos sinti\u00f3 la necesidad de investigar una soluci\u00f3n m\u00e1s simple para restauraciones compatibles con implantes dentales de arco completo. Injertos \u00f3seos, requieren tiempos de curaci\u00f3n sustanciales. Por lo tanto, los enfoques por etapas para la colocaci\u00f3n de [&hellip;]<\/p>\n","protected":false},"author":1,"featured_media":0,"parent":545,"menu_order":0,"comment_status":"closed","ping_status":"closed","template":"","meta":{"footnotes":""},"class_list":["post-812","page","type-page","status-publish","hentry"],"yoast_head":"<!-- This site is optimized with the Yoast SEO plugin v25.4 - https:\/\/yoast.com\/wordpress\/plugins\/seo\/ -->\n<title>Dr. Orphanos Orador p\u00fablico reconocido internacionalmente - Center 4 Smiles<\/title>\n<meta name=\"description\" content=\"El Dr. Orphanos sinti\u00f3 la necesidad de investigar una soluci\u00f3n m\u00e1s simple para restauraciones soportadas por implantes dentales de arco completo que los injertos \u00f3seos.\" \/>\n<meta name=\"robots\" content=\"index, follow, max-snippet:-1, max-image-preview:large, max-video-preview:-1\" \/>\n<link rel=\"canonical\" href=\"https:\/\/center4smiles.com\/es\/principal\/reconocimiento-internacional\/\" \/>\n<meta property=\"og:locale\" content=\"es_ES\" \/>\n<meta property=\"og:type\" content=\"article\" \/>\n<meta property=\"og:title\" content=\"Dr. Orphanos Orador p\u00fablico reconocido internacionalmente - Center 4 Smiles\" \/>\n<meta property=\"og:description\" content=\"El Dr. Orphanos sinti\u00f3 la necesidad de investigar una soluci\u00f3n m\u00e1s simple para restauraciones soportadas por implantes dentales de arco completo que los injertos \u00f3seos.\" \/>\n<meta property=\"og:url\" content=\"https:\/\/center4smiles.com\/es\/principal\/reconocimiento-internacional\/\" \/>\n<meta property=\"og:site_name\" content=\"Center 4 Smiles\" \/>\n<meta property=\"article:modified_time\" content=\"2019-09-25T16:24:30+00:00\" \/>\n<meta name=\"twitter:card\" content=\"summary_large_image\" \/>\n<meta name=\"twitter:label1\" content=\"Tiempo de lectura\" \/>\n\t<meta name=\"twitter:data1\" content=\"5 minutos\" \/>\n<script type=\"application\/ld+json\" class=\"yoast-schema-graph\">{\"@context\":\"https:\/\/schema.org\",\"@graph\":[{\"@type\":\"WebPage\",\"@id\":\"https:\/\/center4smiles.com\/es\/principal\/reconocimiento-internacional\/\",\"url\":\"https:\/\/center4smiles.com\/es\/principal\/reconocimiento-internacional\/\",\"name\":\"Dr. Orphanos Orador p\u00fablico reconocido internacionalmente - Center 4 Smiles\",\"isPartOf\":{\"@id\":\"https:\/\/center4smiles.com\/es\/#website\"},\"datePublished\":\"2019-09-25T16:24:28+00:00\",\"dateModified\":\"2019-09-25T16:24:30+00:00\",\"description\":\"El Dr. Orphanos sinti\u00f3 la necesidad de investigar una soluci\u00f3n m\u00e1s simple para restauraciones soportadas por implantes dentales de arco completo que los injertos \u00f3seos.\",\"breadcrumb\":{\"@id\":\"https:\/\/center4smiles.com\/es\/principal\/reconocimiento-internacional\/#breadcrumb\"},\"inLanguage\":\"es\",\"potentialAction\":[{\"@type\":\"ReadAction\",\"target\":[\"https:\/\/center4smiles.com\/es\/principal\/reconocimiento-internacional\/\"]}]},{\"@type\":\"BreadcrumbList\",\"@id\":\"https:\/\/center4smiles.com\/es\/principal\/reconocimiento-internacional\/#breadcrumb\",\"itemListElement\":[{\"@type\":\"ListItem\",\"position\":1,\"name\":\"Home\",\"item\":\"https:\/\/center4smiles.com\/es\/principal\/\"},{\"@type\":\"ListItem\",\"position\":2,\"name\":\"Principal\",\"item\":\"https:\/\/center4smiles.com\/es\/principal\/\"},{\"@type\":\"ListItem\",\"position\":3,\"name\":\"Reconocimiento internacional\"}]},{\"@type\":\"WebSite\",\"@id\":\"https:\/\/center4smiles.com\/es\/#website\",\"url\":\"https:\/\/center4smiles.com\/es\/\",\"name\":\"Center 4 Smiles\",\"description\":\"Dental Implants &amp; Specialty Center\",\"potentialAction\":[{\"@type\":\"SearchAction\",\"target\":{\"@type\":\"EntryPoint\",\"urlTemplate\":\"https:\/\/center4smiles.com\/es\/?s={search_term_string}\"},\"query-input\":{\"@type\":\"PropertyValueSpecification\",\"valueRequired\":true,\"valueName\":\"search_term_string\"}}],\"inLanguage\":\"es\"}]}<\/script>\n<!-- \/ Yoast SEO plugin. -->","yoast_head_json":{"title":"Dr. Orphanos Orador p\u00fablico reconocido internacionalmente - Center 4 Smiles","description":"El Dr. Orphanos sinti\u00f3 la necesidad de investigar una soluci\u00f3n m\u00e1s simple para restauraciones soportadas por implantes dentales de arco completo que los injertos \u00f3seos.","robots":{"index":"index","follow":"follow","max-snippet":"max-snippet:-1","max-image-preview":"max-image-preview:large","max-video-preview":"max-video-preview:-1"},"canonical":"https:\/\/center4smiles.com\/es\/principal\/reconocimiento-internacional\/","og_locale":"es_ES","og_type":"article","og_title":"Dr. Orphanos Orador p\u00fablico reconocido internacionalmente - Center 4 Smiles","og_description":"El Dr. Orphanos sinti\u00f3 la necesidad de investigar una soluci\u00f3n m\u00e1s simple para restauraciones soportadas por implantes dentales de arco completo que los injertos \u00f3seos.","og_url":"https:\/\/center4smiles.com\/es\/principal\/reconocimiento-internacional\/","og_site_name":"Center 4 Smiles","article_modified_time":"2019-09-25T16:24:30+00:00","twitter_card":"summary_large_image","twitter_misc":{"Tiempo de lectura":"5 minutos"},"schema":{"@context":"https:\/\/schema.org","@graph":[{"@type":"WebPage","@id":"https:\/\/center4smiles.com\/es\/principal\/reconocimiento-internacional\/","url":"https:\/\/center4smiles.com\/es\/principal\/reconocimiento-internacional\/","name":"Dr. Orphanos Orador p\u00fablico reconocido internacionalmente - Center 4 Smiles","isPartOf":{"@id":"https:\/\/center4smiles.com\/es\/#website"},"datePublished":"2019-09-25T16:24:28+00:00","dateModified":"2019-09-25T16:24:30+00:00","description":"El Dr. Orphanos sinti\u00f3 la necesidad de investigar una soluci\u00f3n m\u00e1s simple para restauraciones soportadas por implantes dentales de arco completo que los injertos \u00f3seos.","breadcrumb":{"@id":"https:\/\/center4smiles.com\/es\/principal\/reconocimiento-internacional\/#breadcrumb"},"inLanguage":"es","potentialAction":[{"@type":"ReadAction","target":["https:\/\/center4smiles.com\/es\/principal\/reconocimiento-internacional\/"]}]},{"@type":"BreadcrumbList","@id":"https:\/\/center4smiles.com\/es\/principal\/reconocimiento-internacional\/#breadcrumb","itemListElement":[{"@type":"ListItem","position":1,"name":"Home","item":"https:\/\/center4smiles.com\/es\/principal\/"},{"@type":"ListItem","position":2,"name":"Principal","item":"https:\/\/center4smiles.com\/es\/principal\/"},{"@type":"ListItem","position":3,"name":"Reconocimiento internacional"}]},{"@type":"WebSite","@id":"https:\/\/center4smiles.com\/es\/#website","url":"https:\/\/center4smiles.com\/es\/","name":"Center 4 Smiles","description":"Dental Implants &amp; Specialty Center","potentialAction":[{"@type":"SearchAction","target":{"@type":"EntryPoint","urlTemplate":"https:\/\/center4smiles.com\/es\/?s={search_term_string}"},"query-input":{"@type":"PropertyValueSpecification","valueRequired":true,"valueName":"search_term_string"}}],"inLanguage":"es"}]}},"_links":{"self":[{"href":"https:\/\/center4smiles.com\/es\/wp-json\/wp\/v2\/pages\/812","targetHints":{"allow":["GET"]}}],"collection":[{"href":"https:\/\/center4smiles.com\/es\/wp-json\/wp\/v2\/pages"}],"about":[{"href":"https:\/\/center4smiles.com\/es\/wp-json\/wp\/v2\/types\/page"}],"author":[{"embeddable":true,"href":"https:\/\/center4smiles.com\/es\/wp-json\/wp\/v2\/users\/1"}],"replies":[{"embeddable":true,"href":"https:\/\/center4smiles.com\/es\/wp-json\/wp\/v2\/comments?post=812"}],"version-history":[{"count":1,"href":"https:\/\/center4smiles.com\/es\/wp-json\/wp\/v2\/pages\/812\/revisions"}],"predecessor-version":[{"id":813,"href":"https:\/\/center4smiles.com\/es\/wp-json\/wp\/v2\/pages\/812\/revisions\/813"}],"up":[{"embeddable":true,"href":"https:\/\/center4smiles.com\/es\/wp-json\/wp\/v2\/pages\/545"}],"wp:attachment":[{"href":"https:\/\/center4smiles.com\/es\/wp-json\/wp\/v2\/media?parent=812"}],"curies":[{"name":"wp","href":"https:\/\/api.w.org\/{rel}","templated":true}]}}