{"id":770,"date":"2019-09-25T15:42:23","date_gmt":"2019-09-25T15:42:23","guid":{"rendered":"https:\/\/center4smiles.com\/principal\/diferencias-clave\/"},"modified":"2019-09-25T15:42:26","modified_gmt":"2019-09-25T15:42:26","slug":"diferencias-clave","status":"publish","type":"page","link":"https:\/\/center4smiles.com\/es\/principal\/diferencias-clave\/","title":{"rendered":"Diferencias clave"},"content":{"rendered":"<div class=\"wpb-content-wrapper\"><p>[vc_row section_type=\u00bbfullwidth\u00bb padding_top_multiplier=\u00bb\u00bb padding_bottom_multiplier=\u00bb\u00bb columns_gap=\u00bbnone\u00bb][vc_column]<div class=\"grve-element grve-image grve-align-center\" style=\"\">  <div class=\"grve-image-wrapper\"><img loading=\"lazy\" decoding=\"async\" width=\"1920\" height=\"400\" src=\"https:\/\/center4smiles.com\/wp-content\/uploads\/2019\/09\/KeyDifferences.jpg\" class=\"attachment-full size-full\" alt=\"Especialistas del Centro 4 Sonrisas\" srcset=\"https:\/\/center4smiles.com\/wp-content\/uploads\/2019\/09\/KeyDifferences.jpg 1920w, https:\/\/center4smiles.com\/wp-content\/uploads\/2019\/09\/KeyDifferences-300x63.jpg 300w, https:\/\/center4smiles.com\/wp-content\/uploads\/2019\/09\/KeyDifferences-768x160.jpg 768w, https:\/\/center4smiles.com\/wp-content\/uploads\/2019\/09\/KeyDifferences-1024x213.jpg 1024w\" sizes=\"auto, (max-width: 1920px) 100vw, 1920px\" \/>   <\/div><\/div>[\/vc_column][\/vc_row][vc_row][vc_column][vc_custom_heading text=\u00bbTres especialistas bajo un mismo techo\u00bb font_container=\u00bbtag:h1|text_align:center|color:%23000000&#8243; use_theme_fonts=\u00bbyes\u00bb][vc_custom_heading text=\u00bbTres expertos, una opini\u00f3n\u00bb font_container=\u00bbtag:h2|text_align:center\u00bb use_theme_fonts=\u00bbyes\u00bb][\/vc_column][\/vc_row][vc_row][vc_column width=\u00bb2\/3&#8243;][vc_column_text]El Dr. Orphanos se ha asociado con el Dr. Hescheles y el Dr. Prusakowski para crear una l\u00ednea de estrellas dentales que trabajan juntas para atender cualquier procedimiento dental que sus pacientes puedan necesitar. Debido a que provienen de entornos altamente especializados, brindan una perspectiva centrada a sus pacientes, as\u00ed como trabajan en colaboraci\u00f3n para asegurarse de que cada caso se examine de manera experta y exhaustiva. Cada uno de los m\u00e9dicos ha adoptado la tecnolog\u00eda de su comercio con los brazos abiertos y son verdaderos expertos en su campo con el equipo m\u00e1s actualizado.[\/vc_column_text]<div class=\"grve-empty-space grve-height-1x\" style=\"\"><\/div>[vc_column_text]<\/p>\n<h4>Nuestro equipo de expertos<\/h4>\n<p>El Dr. David Prusakowski, endodoncista, se uni\u00f3 a la pr\u00e1ctica en 2008. Es un especialista que utiliza microscopios avanzados, lo cual es un factor clave para el \u00e9xito de sus procedimientos. El Dr. Craig Hescheles es periodoncista y se especializa en procedimientos l\u00e1ser LANAP. Los socios buscaron al Dr. Hescheles para llevar su habilidad y experiencia con el procedimiento LANAP a su oficina. El LANAP es un procedimiento sin bistur\u00ed para el tratamiento de la enfermedad de las enc\u00edas alrededor de los dientes y los implantes.[\/vc_column_text][\/vc_column][vc_column width=\u00bb1\/3&#8243;]<div class=\"grve-element grve-image grve-align-center\" style=\"\">  <div class=\"grve-image-wrapper\"><img loading=\"lazy\" decoding=\"async\" width=\"450\" height=\"300\" src=\"https:\/\/center4smiles.com\/wp-content\/uploads\/2019\/09\/Center4Smiles2-1.jpg\" class=\"attachment-full size-full\" alt=\"Tres especialistas Una opini\u00f3n\" srcset=\"https:\/\/center4smiles.com\/wp-content\/uploads\/2019\/09\/Center4Smiles2-1.jpg 450w, https:\/\/center4smiles.com\/wp-content\/uploads\/2019\/09\/Center4Smiles2-1-300x200.jpg 300w\" sizes=\"auto, (max-width: 450px) 100vw, 450px\" \/>   <\/div><\/div>[\/vc_column][\/vc_row][vc_row padding_top_multiplier=\u00bb\u00bb][vc_column][vc_column_text]<\/p>\n<h4>La \u00faltima tecnolog\u00eda<\/h4>\n<p>El Center 4 Smiles es el \u00fanico consultorio dental en el \u00e1rea que utiliza capacidades tridimensionales, microscopios altamente especializados y el l\u00e1ser LANAP, todo bajo un mismo techo. Como centro de especialidad dental, los tres m\u00e9dicos colaboran para llevar sus m\u00faltiples talentos a cada paciente. Los tres m\u00e9dicos siempre buscan superar las expectativas de sus pacientes.[\/vc_column_text][\/vc_column][\/vc_row][vc_row][vc_column width=\u00bb1\/2&#8243;][vc_raw_html]PGlmcmFtZSBzcmM9Imh0dHBzOi8vcGxheWVyLnZpbWVvLmNvbS92aWRlby8xNjA3NTkwMjQiIHdpZHRoPSI2NDAiIGhlaWdodD0iMzYwIiBmcmFtZWJvcmRlcj0iMCIgYWxsb3c9ImF1dG9wbGF5OyBmdWxsc2NyZWVuIiBhbGxvd2Z1bGxzY3JlZW4+PC9pZnJhbWU+[\/vc_raw_html][\/vc_column][vc_column width=\u00bb1\/2&#8243;][vc_column_text]<\/p>\n<h3 style=\"color: #000;\">Tecnolog\u00eda<\/h3>\n<h4>L\u00e1seres<\/h4>\n<p>El Center 4 Smiles se enorgullece de tener el l\u00e1ser m\u00e1s avanzado y tecnol\u00f3gicamente avanzado en el mercado hoy en d\u00eda. El l\u00e1ser Periolase ha demostrado ser el l\u00e1ser m\u00e1s eficaz disponible y numerosas publicaciones han elogiado su rendimiento. Sigue siendo el \u00fanico l\u00e1ser que es efectivo para tratar todo lo siguiente:<\/p>\n<p>\u2022 Periodontitis (enfermedad de las enc\u00edas)<br \/>\n\u2022 Mucositis periimplantaria (inflamaci\u00f3n de las enc\u00edas alrededor de los implantes)<br \/>\n\u2022 Periimplantitis (infecci\u00f3n de las enc\u00edas y los huesos alrededor de los implantes)<br \/>\n\u2022 Regeneraci\u00f3n \u00f3sea periodontal alrededor de los dientes.<\/p>\n<p>En la mayor\u00eda de los casos, la necesidad de cortar las enc\u00edas se reduce sustancialmente o se elimina realmente debido al uso de este l\u00e1ser.[\/vc_column_text][\/vc_column][\/vc_row][vc_row padding_top_multiplier=\u00bb\u00bb][vc_column width=\u00bb2\/3&#8243;][vc_column_text]<\/p>\n<h4>Rayos X 3D<\/h4>\n<p>Como la pieza de equipo m\u00e1s importante en el campo dental hoy en d\u00eda, esto es crucial para hacer an\u00e1lisis en 3D en lugar de solo la vista bidimensional de las radiograf\u00edas de a\u00f1os anteriores. La limitaci\u00f3n de los rayos X convencionales crea casos en los que pueden ocurrir errores y los pacientes no est\u00e1n contentos. El escaneo tridimensional elimina las limitaciones y permite un an\u00e1lisis preciso, preciso y exacto para su tratamiento. La raz\u00f3n por la cual la mayor\u00eda de los consultorios dentales no tienen un esc\u00e1ner dental en 3-D es por el costo, sin embargo, el equipo del Dental Implant &#038; Specialty Center no ha reparado en gastos para el tratamiento de sus pacientes.[\/vc_column_text]<div class=\"grve-empty-space grve-height-1x\" style=\"\"><\/div>[vc_column_text]<\/p>\n<h4>Beneficios de usar un escaneo 3D<\/h4>\n<p>\u2022 Identificar un problema del conducto radicular que se enmascara como un problema de las enc\u00edas.<br \/>\n\u2022 Identificaci\u00f3n de infecciones sinusales como resultado de un problema dental.<br \/>\n\u2022 Identificar una lesi\u00f3n reabsorbente que se enmascara como un problema del conducto radicular.<br \/>\n\u2022 Identificar canales y ra\u00edces adicionales que no se trataron mediante un procedimiento anterior del conducto radicular.<br \/>\n\u2022 Identificar la infecci\u00f3n \u00f3sea que est\u00e1 presente pero sin s\u00edntomas.<br \/>\n\u2022 Identificar la ubicaci\u00f3n exacta de las estructuras vitales antes de la colocaci\u00f3n del implante.<br \/>\n\u2022 Identificar la ubicaci\u00f3n exacta de la posici\u00f3n de las muelas del juicio impactadas<br \/>\n\u2022 Identificar la ubicaci\u00f3n del nervio cerca de la muela del juicio impactada[\/vc_column_text][\/vc_column][vc_column width=\u00bb1\/3&#8243;]<div class=\"grve-element grve-image grve-align-center\" style=\"\">  <div class=\"grve-image-wrapper\"><img loading=\"lazy\" decoding=\"async\" width=\"380\" height=\"360\" src=\"https:\/\/center4smiles.com\/wp-content\/uploads\/2019\/09\/XRay.jpg\" class=\"attachment-full size-full\" alt=\"Rayos X 3D\" srcset=\"https:\/\/center4smiles.com\/wp-content\/uploads\/2019\/09\/XRay.jpg 380w, https:\/\/center4smiles.com\/wp-content\/uploads\/2019\/09\/XRay-300x284.jpg 300w\" sizes=\"auto, (max-width: 380px) 100vw, 380px\" \/>   <\/div><\/div>[\/vc_column][\/vc_row][vc_row][vc_column width=\u00bb1\/3&#8243;]<div class=\"grve-element grve-image grve-align-center\" style=\"\">  <div class=\"grve-image-wrapper\"><img loading=\"lazy\" decoding=\"async\" width=\"450\" height=\"300\" src=\"https:\/\/center4smiles.com\/wp-content\/uploads\/2019\/09\/Center4Smiles1-1.jpg\" class=\"attachment-full size-full\" alt=\"Tecnolog\u00eda Center 4 Smiles\" srcset=\"https:\/\/center4smiles.com\/wp-content\/uploads\/2019\/09\/Center4Smiles1-1.jpg 450w, https:\/\/center4smiles.com\/wp-content\/uploads\/2019\/09\/Center4Smiles1-1-300x200.jpg 300w\" sizes=\"auto, (max-width: 450px) 100vw, 450px\" \/>   <\/div><\/div>[\/vc_column][vc_column width=\u00bb2\/3&#8243;][vc_column_text]<\/p>\n<h4>Unidad piezoel\u00e9ctrica<\/h4>\n<p>Cuando se trata de procedimientos que involucran la manipulaci\u00f3n del hueso, es absolutamente imprescindible que los especialistas tengan una Unidad Piezoel\u00e9ctrica en la oficina. La m\u00e1quina Piezo tiene tecnolog\u00eda patentada que minimiza o elimina la necesidad de calentar el hueso. Casi todos los procedimientos, excepto los procedimientos de injerto de tejidos blandos, requieren tratar con hueso. La capacidad de minimizar el sobrecalentamiento del hueso dar\u00e1 como resultado un tiempo de curaci\u00f3n m\u00e1s r\u00e1pido, menos dolor para el paciente y una mejor experiencia quir\u00fargica general.[\/vc_column_text]<div class=\"grve-empty-space grve-height-1x\" style=\"\"><\/div>[vc_column_text]<\/p>\n<h4>Rayos X digitales<\/h4>\n<p>La radiograf\u00eda digital ha ayudado al campo dental al permitir el uso inmediato y minimizar la radiaci\u00f3n a nuestros pacientes. Con el software de \u00faltima generaci\u00f3n podemos enfocar las im\u00e1genes y alterar los contrastes para que la imagen sea lo m\u00e1s perfecta posible. Esto pr\u00e1cticamente elimina la necesidad de volver a tomar radiograf\u00edas.<\/p>\n<p>[\/vc_column_text][\/vc_column][\/vc_row][vc_row padding_top_multiplier=\u00bb\u00bb padding_bottom_multiplier=\u00bb2x\u00bb][vc_column][vc_column_text]<\/p>\n<h4>Microscopio quir\u00fargico<\/h4>\n<p>La ampliaci\u00f3n es absolutamente esencial para nuestros pacientes y es por eso que usamos microscopios que integran \u00f3pticamente la mejor calidad con una maniobrabilidad funcional perfecta. Ofrece una visualizaci\u00f3n muy detallada de cualquier estuche dental y crea la capacidad de ver adecuadamente el m\u00e1s m\u00ednimo detalle de cualquier problema. Los microscopios dentales son una necesidad para cualquier consultorio de especialidad dental.[\/vc_column_text][\/vc_column][\/vc_row]<\/p>\n<\/div>","protected":false},"excerpt":{"rendered":"<p>[vc_row section_type=\u00bbfullwidth\u00bb padding_top_multiplier=\u00bb\u00bb padding_bottom_multiplier=\u00bb\u00bb columns_gap=\u00bbnone\u00bb][vc_column][\/vc_column][\/vc_row][vc_row][vc_column][vc_custom_heading text=\u00bbTres especialistas bajo un mismo techo\u00bb font_container=\u00bbtag:h1|text_align:center|color:%23000000&#8243; use_theme_fonts=\u00bbyes\u00bb][vc_custom_heading text=\u00bbTres expertos, una opini\u00f3n\u00bb font_container=\u00bbtag:h2|text_align:center\u00bb use_theme_fonts=\u00bbyes\u00bb][\/vc_column][\/vc_row][vc_row][vc_column width=\u00bb2\/3&#8243;][vc_column_text]El Dr. Orphanos se ha asociado con el Dr. Hescheles y el Dr. Prusakowski para crear una l\u00ednea de estrellas dentales que trabajan juntas para atender cualquier procedimiento dental que sus pacientes puedan necesitar. Debido a [&hellip;]<\/p>\n","protected":false},"author":1,"featured_media":0,"parent":545,"menu_order":0,"comment_status":"closed","ping_status":"closed","template":"","meta":{"footnotes":""},"class_list":["post-770","page","type-page","status-publish","hentry"],"yoast_head":"<!-- This site is optimized with the Yoast SEO plugin v25.4 - https:\/\/yoast.com\/wordpress\/plugins\/seo\/ -->\n<title>Tres especialistas bajo un mismo techo - Center 4 Smiles<\/title>\n<meta name=\"description\" content=\"Los especialistas Dr. Orphanos, Dr. Hescheles y Dr. Prusakowski se han unido para crear una l\u00ednea de estrellas dentales que trabajan juntos en cualquier procedimiento dental.\" \/>\n<meta name=\"robots\" content=\"index, follow, max-snippet:-1, max-image-preview:large, max-video-preview:-1\" \/>\n<link rel=\"canonical\" href=\"https:\/\/center4smiles.com\/es\/principal\/diferencias-clave\/\" \/>\n<meta property=\"og:locale\" content=\"es_ES\" \/>\n<meta property=\"og:type\" content=\"article\" \/>\n<meta property=\"og:title\" content=\"Tres especialistas bajo un mismo techo - Center 4 Smiles\" \/>\n<meta property=\"og:description\" content=\"Los especialistas Dr. Orphanos, Dr. Hescheles y Dr. Prusakowski se han unido para crear una l\u00ednea de estrellas dentales que trabajan juntos en cualquier procedimiento dental.\" \/>\n<meta property=\"og:url\" content=\"https:\/\/center4smiles.com\/es\/principal\/diferencias-clave\/\" \/>\n<meta property=\"og:site_name\" content=\"Center 4 Smiles\" \/>\n<meta property=\"article:modified_time\" content=\"2019-09-25T15:42:26+00:00\" \/>\n<meta name=\"twitter:card\" content=\"summary_large_image\" \/>\n<meta name=\"twitter:label1\" content=\"Tiempo de lectura\" \/>\n\t<meta name=\"twitter:data1\" content=\"6 minutos\" \/>\n<script type=\"application\/ld+json\" class=\"yoast-schema-graph\">{\"@context\":\"https:\/\/schema.org\",\"@graph\":[{\"@type\":\"WebPage\",\"@id\":\"https:\/\/center4smiles.com\/es\/principal\/diferencias-clave\/\",\"url\":\"https:\/\/center4smiles.com\/es\/principal\/diferencias-clave\/\",\"name\":\"Tres especialistas bajo un mismo techo - Center 4 Smiles\",\"isPartOf\":{\"@id\":\"https:\/\/center4smiles.com\/es\/#website\"},\"datePublished\":\"2019-09-25T15:42:23+00:00\",\"dateModified\":\"2019-09-25T15:42:26+00:00\",\"description\":\"Los especialistas Dr. Orphanos, Dr. Hescheles y Dr. Prusakowski se han unido para crear una l\u00ednea de estrellas dentales que trabajan juntos en cualquier procedimiento dental.\",\"breadcrumb\":{\"@id\":\"https:\/\/center4smiles.com\/es\/principal\/diferencias-clave\/#breadcrumb\"},\"inLanguage\":\"es\",\"potentialAction\":[{\"@type\":\"ReadAction\",\"target\":[\"https:\/\/center4smiles.com\/es\/principal\/diferencias-clave\/\"]}]},{\"@type\":\"BreadcrumbList\",\"@id\":\"https:\/\/center4smiles.com\/es\/principal\/diferencias-clave\/#breadcrumb\",\"itemListElement\":[{\"@type\":\"ListItem\",\"position\":1,\"name\":\"Home\",\"item\":\"https:\/\/center4smiles.com\/es\/principal\/\"},{\"@type\":\"ListItem\",\"position\":2,\"name\":\"Principal\",\"item\":\"https:\/\/center4smiles.com\/es\/principal\/\"},{\"@type\":\"ListItem\",\"position\":3,\"name\":\"Diferencias clave\"}]},{\"@type\":\"WebSite\",\"@id\":\"https:\/\/center4smiles.com\/es\/#website\",\"url\":\"https:\/\/center4smiles.com\/es\/\",\"name\":\"Center 4 Smiles\",\"description\":\"Dental Implants &amp; Specialty Center\",\"potentialAction\":[{\"@type\":\"SearchAction\",\"target\":{\"@type\":\"EntryPoint\",\"urlTemplate\":\"https:\/\/center4smiles.com\/es\/?s={search_term_string}\"},\"query-input\":{\"@type\":\"PropertyValueSpecification\",\"valueRequired\":true,\"valueName\":\"search_term_string\"}}],\"inLanguage\":\"es\"}]}<\/script>\n<!-- \/ Yoast SEO plugin. -->","yoast_head_json":{"title":"Tres especialistas bajo un mismo techo - Center 4 Smiles","description":"Los especialistas Dr. Orphanos, Dr. Hescheles y Dr. Prusakowski se han unido para crear una l\u00ednea de estrellas dentales que trabajan juntos en cualquier procedimiento dental.","robots":{"index":"index","follow":"follow","max-snippet":"max-snippet:-1","max-image-preview":"max-image-preview:large","max-video-preview":"max-video-preview:-1"},"canonical":"https:\/\/center4smiles.com\/es\/principal\/diferencias-clave\/","og_locale":"es_ES","og_type":"article","og_title":"Tres especialistas bajo un mismo techo - Center 4 Smiles","og_description":"Los especialistas Dr. Orphanos, Dr. Hescheles y Dr. Prusakowski se han unido para crear una l\u00ednea de estrellas dentales que trabajan juntos en cualquier procedimiento dental.","og_url":"https:\/\/center4smiles.com\/es\/principal\/diferencias-clave\/","og_site_name":"Center 4 Smiles","article_modified_time":"2019-09-25T15:42:26+00:00","twitter_card":"summary_large_image","twitter_misc":{"Tiempo de lectura":"6 minutos"},"schema":{"@context":"https:\/\/schema.org","@graph":[{"@type":"WebPage","@id":"https:\/\/center4smiles.com\/es\/principal\/diferencias-clave\/","url":"https:\/\/center4smiles.com\/es\/principal\/diferencias-clave\/","name":"Tres especialistas bajo un mismo techo - Center 4 Smiles","isPartOf":{"@id":"https:\/\/center4smiles.com\/es\/#website"},"datePublished":"2019-09-25T15:42:23+00:00","dateModified":"2019-09-25T15:42:26+00:00","description":"Los especialistas Dr. Orphanos, Dr. Hescheles y Dr. Prusakowski se han unido para crear una l\u00ednea de estrellas dentales que trabajan juntos en cualquier procedimiento dental.","breadcrumb":{"@id":"https:\/\/center4smiles.com\/es\/principal\/diferencias-clave\/#breadcrumb"},"inLanguage":"es","potentialAction":[{"@type":"ReadAction","target":["https:\/\/center4smiles.com\/es\/principal\/diferencias-clave\/"]}]},{"@type":"BreadcrumbList","@id":"https:\/\/center4smiles.com\/es\/principal\/diferencias-clave\/#breadcrumb","itemListElement":[{"@type":"ListItem","position":1,"name":"Home","item":"https:\/\/center4smiles.com\/es\/principal\/"},{"@type":"ListItem","position":2,"name":"Principal","item":"https:\/\/center4smiles.com\/es\/principal\/"},{"@type":"ListItem","position":3,"name":"Diferencias clave"}]},{"@type":"WebSite","@id":"https:\/\/center4smiles.com\/es\/#website","url":"https:\/\/center4smiles.com\/es\/","name":"Center 4 Smiles","description":"Dental Implants &amp; Specialty Center","potentialAction":[{"@type":"SearchAction","target":{"@type":"EntryPoint","urlTemplate":"https:\/\/center4smiles.com\/es\/?s={search_term_string}"},"query-input":{"@type":"PropertyValueSpecification","valueRequired":true,"valueName":"search_term_string"}}],"inLanguage":"es"}]}},"_links":{"self":[{"href":"https:\/\/center4smiles.com\/es\/wp-json\/wp\/v2\/pages\/770","targetHints":{"allow":["GET"]}}],"collection":[{"href":"https:\/\/center4smiles.com\/es\/wp-json\/wp\/v2\/pages"}],"about":[{"href":"https:\/\/center4smiles.com\/es\/wp-json\/wp\/v2\/types\/page"}],"author":[{"embeddable":true,"href":"https:\/\/center4smiles.com\/es\/wp-json\/wp\/v2\/users\/1"}],"replies":[{"embeddable":true,"href":"https:\/\/center4smiles.com\/es\/wp-json\/wp\/v2\/comments?post=770"}],"version-history":[{"count":2,"href":"https:\/\/center4smiles.com\/es\/wp-json\/wp\/v2\/pages\/770\/revisions"}],"predecessor-version":[{"id":772,"href":"https:\/\/center4smiles.com\/es\/wp-json\/wp\/v2\/pages\/770\/revisions\/772"}],"up":[{"embeddable":true,"href":"https:\/\/center4smiles.com\/es\/wp-json\/wp\/v2\/pages\/545"}],"wp:attachment":[{"href":"https:\/\/center4smiles.com\/es\/wp-json\/wp\/v2\/media?parent=770"}],"curies":[{"name":"wp","href":"https:\/\/api.w.org\/{rel}","templated":true}]}}