{"id":702,"date":"2019-09-25T15:06:08","date_gmt":"2019-09-25T15:06:08","guid":{"rendered":"https:\/\/center4smiles.com\/principal\/acerca-de\/dr-prusakowski\/"},"modified":"2021-07-02T16:11:13","modified_gmt":"2021-07-02T16:11:13","slug":"dr-prusakowski","status":"publish","type":"page","link":"https:\/\/center4smiles.com\/es\/principal\/acerca-de\/dr-prusakowski\/","title":{"rendered":"Dr. Prusakowski"},"content":{"rendered":"<div class=\"wpb-content-wrapper\"><p>[vc_row section_type=\u00bbfullwidth\u00bb padding_top_multiplier=\u00bb\u00bb padding_bottom_multiplier=\u00bb\u00bb columns_gap=\u00bbnone\u00bb][vc_column]<div class=\"grve-element grve-image grve-align-center\" style=\"\">  <div class=\"grve-image-wrapper\"><img loading=\"lazy\" decoding=\"async\" width=\"1920\" height=\"400\" src=\"https:\/\/center4smiles.com\/wp-content\/uploads\/2019\/10\/DrPrusakowskiBanner-1.jpg\" class=\"attachment-full size-full\" alt=\"Dr Prusakowski Banner\" srcset=\"https:\/\/center4smiles.com\/wp-content\/uploads\/2019\/10\/DrPrusakowskiBanner-1.jpg 1920w, https:\/\/center4smiles.com\/wp-content\/uploads\/2019\/10\/DrPrusakowskiBanner-1-300x63.jpg 300w, https:\/\/center4smiles.com\/wp-content\/uploads\/2019\/10\/DrPrusakowskiBanner-1-768x160.jpg 768w, https:\/\/center4smiles.com\/wp-content\/uploads\/2019\/10\/DrPrusakowskiBanner-1-1024x213.jpg 1024w\" sizes=\"auto, (max-width: 1920px) 100vw, 1920px\" \/>   <\/div><\/div>[\/vc_column][\/vc_row][vc_row][vc_column][vc_custom_heading text=\u00bbDr. Prusakowski\u00bb font_container=\u00bbtag:h1|text_align:center\u00bb use_theme_fonts=\u00bbyes\u00bb][\/vc_column][\/vc_row][vc_row padding_bottom_multiplier=\u00bb3x\u00bb][vc_column width=\u00bb1\/4&#8243;]<div class=\"grve-element grve-image grve-align-center\" style=\"\">  <div class=\"grve-image-wrapper\"><img loading=\"lazy\" decoding=\"async\" width=\"253\" height=\"300\" src=\"https:\/\/center4smiles.com\/wp-content\/uploads\/2020\/01\/DrPrusakowski1.jpg\" class=\"attachment-full size-full\" alt=\"Dr Prusakowski\" \/>   <\/div><\/div>[\/vc_column][vc_column width=\u00bb3\/4&#8243;][vc_column_text]El Dr. Prusakowski es un especialista en endodoncia altamente capacitado que asisti\u00f3 al prestigioso programa de posgrado en el Centro M\u00e9dico Albert Einstein. Antes de especializarse en Endodoncia, fue comisionado como teniente en el Cuerpo Dental de la Marina de los EE. UU., Y sirvi\u00f3 durante 4 a\u00f1os brindando atenci\u00f3n dental a miembros en servicio activo de la Marina y el Cuerpo de Marines. <\/p>\n<p>El Dr. Prusakowski realiza sus procedimientos de endodoncia utilizando un microscopio quir\u00fargico dental de precisi\u00f3n. Esta tecnolog\u00eda le permite trabajar con visibilidad completa a trav\u00e9s de una cavidad de acceso m\u00e1s peque\u00f1a en el diente, lo que mantiene el diente m\u00e1s fuerte y evita problemas con \u00e1reas no tratadas en el diente que ocurren cuando no hay una visibilidad adecuada.<\/p>\n<p>El Dr. Prusakowski es miembro fundador de la Academia Internacional de Endodoncia, un grupo de los principales m\u00e9dicos de endodoncia de todo el mundo que se re\u00fane anualmente para promover la educaci\u00f3n no endod\u00f3ntica y cient\u00edfica continua para sus miembros. Da conferencias a nivel nacional para Orapharma sobre su sistema de amortiguaci\u00f3n anest\u00e9sica y es miembro del Onset Speaker Bureau, para educar a los dentistas y especialistas sobre c\u00f3mo administrar anestesia dental predecible y sin dolor. En su tiempo libre le gusta el golf, jugar con sus perros y viajar con su esposa, la Dra. Jennifer Statler.<\/p>\n<h4>Educaci\u00f3n<\/h4>\n<p><strong>Pregrado:<\/strong> Universidad de Villanova<br \/>\n<strong>Escuela de Odontolog\u00eda:<\/strong> Escuela de Odontolog\u00eda de la Universidad de Temple<br \/>\n<strong>Formaci\u00f3n especializada:<\/strong> residencia de odontolog\u00eda general naval de EE. UU.<br \/>\n<strong>Formaci\u00f3n especializada:<\/strong> Postgrado: Albert Einstein Medical Center[\/vc_column_text][\/vc_column][\/vc_row]<\/p>\n<\/div>","protected":false},"excerpt":{"rendered":"<p>[vc_row section_type=\u00bbfullwidth\u00bb padding_top_multiplier=\u00bb\u00bb padding_bottom_multiplier=\u00bb\u00bb columns_gap=\u00bbnone\u00bb][vc_column][\/vc_column][\/vc_row][vc_row][vc_column][vc_custom_heading text=\u00bbDr. Prusakowski\u00bb font_container=\u00bbtag:h1|text_align:center\u00bb use_theme_fonts=\u00bbyes\u00bb][\/vc_column][\/vc_row][vc_row padding_bottom_multiplier=\u00bb3x\u00bb][vc_column width=\u00bb1\/4&#8243;][\/vc_column][vc_column width=\u00bb3\/4&#8243;][vc_column_text]El Dr. Prusakowski es un especialista en endodoncia altamente capacitado que asisti\u00f3 al prestigioso programa de posgrado en el Centro M\u00e9dico Albert Einstein. Antes de especializarse en Endodoncia, fue comisionado como teniente en el Cuerpo Dental de la Marina de los EE. UU., Y [&hellip;]<\/p>\n","protected":false},"author":1,"featured_media":0,"parent":635,"menu_order":0,"comment_status":"closed","ping_status":"closed","template":"","meta":{"footnotes":""},"class_list":["post-702","page","type-page","status-publish","hentry"],"yoast_head":"<!-- This site is optimized with the Yoast SEO plugin v25.4 - https:\/\/yoast.com\/wordpress\/plugins\/seo\/ -->\n<title>Dr. Prusakowski - Centro 4 Sonrisas Doctor especializado Boca Raton<\/title>\n<meta name=\"description\" content=\"El Dr. Prusakowski es un especialista en endodoncia altamente capacitado que asisti\u00f3 al prestigioso programa de posgrado en el Centro M\u00e9dico Albert Einstein.\" \/>\n<meta name=\"robots\" content=\"index, follow, max-snippet:-1, max-image-preview:large, max-video-preview:-1\" \/>\n<link rel=\"canonical\" href=\"https:\/\/center4smiles.com\/es\/principal\/acerca-de\/dr-prusakowski\/\" \/>\n<meta property=\"og:locale\" content=\"es_ES\" \/>\n<meta property=\"og:type\" content=\"article\" \/>\n<meta property=\"og:title\" content=\"Dr. Prusakowski - Centro 4 Sonrisas Doctor especializado Boca Raton\" \/>\n<meta property=\"og:description\" content=\"El Dr. Prusakowski es un especialista en endodoncia altamente capacitado que asisti\u00f3 al prestigioso programa de posgrado en el Centro M\u00e9dico Albert Einstein.\" \/>\n<meta property=\"og:url\" content=\"https:\/\/center4smiles.com\/es\/principal\/acerca-de\/dr-prusakowski\/\" \/>\n<meta property=\"og:site_name\" content=\"Center 4 Smiles\" \/>\n<meta property=\"article:modified_time\" content=\"2021-07-02T16:11:13+00:00\" \/>\n<meta name=\"twitter:card\" content=\"summary_large_image\" \/>\n<meta name=\"twitter:label1\" content=\"Tiempo de lectura\" \/>\n\t<meta name=\"twitter:data1\" content=\"2 minutos\" \/>\n<script type=\"application\/ld+json\" class=\"yoast-schema-graph\">{\"@context\":\"https:\/\/schema.org\",\"@graph\":[{\"@type\":\"WebPage\",\"@id\":\"https:\/\/center4smiles.com\/es\/principal\/acerca-de\/dr-prusakowski\/\",\"url\":\"https:\/\/center4smiles.com\/es\/principal\/acerca-de\/dr-prusakowski\/\",\"name\":\"Dr. Prusakowski - Centro 4 Sonrisas Doctor especializado Boca Raton\",\"isPartOf\":{\"@id\":\"https:\/\/center4smiles.com\/es\/#website\"},\"datePublished\":\"2019-09-25T15:06:08+00:00\",\"dateModified\":\"2021-07-02T16:11:13+00:00\",\"description\":\"El Dr. Prusakowski es un especialista en endodoncia altamente capacitado que asisti\u00f3 al prestigioso programa de posgrado en el Centro M\u00e9dico Albert Einstein.\",\"breadcrumb\":{\"@id\":\"https:\/\/center4smiles.com\/es\/principal\/acerca-de\/dr-prusakowski\/#breadcrumb\"},\"inLanguage\":\"es\",\"potentialAction\":[{\"@type\":\"ReadAction\",\"target\":[\"https:\/\/center4smiles.com\/es\/principal\/acerca-de\/dr-prusakowski\/\"]}]},{\"@type\":\"BreadcrumbList\",\"@id\":\"https:\/\/center4smiles.com\/es\/principal\/acerca-de\/dr-prusakowski\/#breadcrumb\",\"itemListElement\":[{\"@type\":\"ListItem\",\"position\":1,\"name\":\"Home\",\"item\":\"https:\/\/center4smiles.com\/es\/principal\/\"},{\"@type\":\"ListItem\",\"position\":2,\"name\":\"Principal\",\"item\":\"https:\/\/center4smiles.com\/es\/principal\/\"},{\"@type\":\"ListItem\",\"position\":3,\"name\":\"Acerca de\",\"item\":\"https:\/\/center4smiles.com\/es\/principal\/acerca-de\/\"},{\"@type\":\"ListItem\",\"position\":4,\"name\":\"Dr. Prusakowski\"}]},{\"@type\":\"WebSite\",\"@id\":\"https:\/\/center4smiles.com\/es\/#website\",\"url\":\"https:\/\/center4smiles.com\/es\/\",\"name\":\"Center 4 Smiles\",\"description\":\"Dental Implants &amp; Specialty Center\",\"potentialAction\":[{\"@type\":\"SearchAction\",\"target\":{\"@type\":\"EntryPoint\",\"urlTemplate\":\"https:\/\/center4smiles.com\/es\/?s={search_term_string}\"},\"query-input\":{\"@type\":\"PropertyValueSpecification\",\"valueRequired\":true,\"valueName\":\"search_term_string\"}}],\"inLanguage\":\"es\"}]}<\/script>\n<!-- \/ Yoast SEO plugin. -->","yoast_head_json":{"title":"Dr. Prusakowski - Centro 4 Sonrisas Doctor especializado Boca Raton","description":"El Dr. Prusakowski es un especialista en endodoncia altamente capacitado que asisti\u00f3 al prestigioso programa de posgrado en el Centro M\u00e9dico Albert Einstein.","robots":{"index":"index","follow":"follow","max-snippet":"max-snippet:-1","max-image-preview":"max-image-preview:large","max-video-preview":"max-video-preview:-1"},"canonical":"https:\/\/center4smiles.com\/es\/principal\/acerca-de\/dr-prusakowski\/","og_locale":"es_ES","og_type":"article","og_title":"Dr. Prusakowski - Centro 4 Sonrisas Doctor especializado Boca Raton","og_description":"El Dr. Prusakowski es un especialista en endodoncia altamente capacitado que asisti\u00f3 al prestigioso programa de posgrado en el Centro M\u00e9dico Albert Einstein.","og_url":"https:\/\/center4smiles.com\/es\/principal\/acerca-de\/dr-prusakowski\/","og_site_name":"Center 4 Smiles","article_modified_time":"2021-07-02T16:11:13+00:00","twitter_card":"summary_large_image","twitter_misc":{"Tiempo de lectura":"2 minutos"},"schema":{"@context":"https:\/\/schema.org","@graph":[{"@type":"WebPage","@id":"https:\/\/center4smiles.com\/es\/principal\/acerca-de\/dr-prusakowski\/","url":"https:\/\/center4smiles.com\/es\/principal\/acerca-de\/dr-prusakowski\/","name":"Dr. Prusakowski - Centro 4 Sonrisas Doctor especializado Boca Raton","isPartOf":{"@id":"https:\/\/center4smiles.com\/es\/#website"},"datePublished":"2019-09-25T15:06:08+00:00","dateModified":"2021-07-02T16:11:13+00:00","description":"El Dr. Prusakowski es un especialista en endodoncia altamente capacitado que asisti\u00f3 al prestigioso programa de posgrado en el Centro M\u00e9dico Albert Einstein.","breadcrumb":{"@id":"https:\/\/center4smiles.com\/es\/principal\/acerca-de\/dr-prusakowski\/#breadcrumb"},"inLanguage":"es","potentialAction":[{"@type":"ReadAction","target":["https:\/\/center4smiles.com\/es\/principal\/acerca-de\/dr-prusakowski\/"]}]},{"@type":"BreadcrumbList","@id":"https:\/\/center4smiles.com\/es\/principal\/acerca-de\/dr-prusakowski\/#breadcrumb","itemListElement":[{"@type":"ListItem","position":1,"name":"Home","item":"https:\/\/center4smiles.com\/es\/principal\/"},{"@type":"ListItem","position":2,"name":"Principal","item":"https:\/\/center4smiles.com\/es\/principal\/"},{"@type":"ListItem","position":3,"name":"Acerca de","item":"https:\/\/center4smiles.com\/es\/principal\/acerca-de\/"},{"@type":"ListItem","position":4,"name":"Dr. Prusakowski"}]},{"@type":"WebSite","@id":"https:\/\/center4smiles.com\/es\/#website","url":"https:\/\/center4smiles.com\/es\/","name":"Center 4 Smiles","description":"Dental Implants &amp; Specialty Center","potentialAction":[{"@type":"SearchAction","target":{"@type":"EntryPoint","urlTemplate":"https:\/\/center4smiles.com\/es\/?s={search_term_string}"},"query-input":{"@type":"PropertyValueSpecification","valueRequired":true,"valueName":"search_term_string"}}],"inLanguage":"es"}]}},"_links":{"self":[{"href":"https:\/\/center4smiles.com\/es\/wp-json\/wp\/v2\/pages\/702","targetHints":{"allow":["GET"]}}],"collection":[{"href":"https:\/\/center4smiles.com\/es\/wp-json\/wp\/v2\/pages"}],"about":[{"href":"https:\/\/center4smiles.com\/es\/wp-json\/wp\/v2\/types\/page"}],"author":[{"embeddable":true,"href":"https:\/\/center4smiles.com\/es\/wp-json\/wp\/v2\/users\/1"}],"replies":[{"embeddable":true,"href":"https:\/\/center4smiles.com\/es\/wp-json\/wp\/v2\/comments?post=702"}],"version-history":[{"count":12,"href":"https:\/\/center4smiles.com\/es\/wp-json\/wp\/v2\/pages\/702\/revisions"}],"predecessor-version":[{"id":3540,"href":"https:\/\/center4smiles.com\/es\/wp-json\/wp\/v2\/pages\/702\/revisions\/3540"}],"up":[{"embeddable":true,"href":"https:\/\/center4smiles.com\/es\/wp-json\/wp\/v2\/pages\/635"}],"wp:attachment":[{"href":"https:\/\/center4smiles.com\/es\/wp-json\/wp\/v2\/media?parent=702"}],"curies":[{"name":"wp","href":"https:\/\/api.w.org\/{rel}","templated":true}]}}