{"id":658,"date":"2019-09-25T14:51:38","date_gmt":"2019-09-25T14:51:38","guid":{"rendered":"https:\/\/center4smiles.com\/principal\/acerca-de\/dr-hescheles\/"},"modified":"2020-01-13T20:51:39","modified_gmt":"2020-01-13T20:51:39","slug":"dr-hescheles","status":"publish","type":"page","link":"https:\/\/center4smiles.com\/es\/principal\/acerca-de\/dr-hescheles\/","title":{"rendered":"Dr. Hescheles"},"content":{"rendered":"<div class=\"wpb-content-wrapper\"><p>[vc_row section_type=\u00bbfullwidth\u00bb padding_top_multiplier=\u00bb\u00bb padding_bottom_multiplier=\u00bb\u00bb columns_gap=\u00bbnone\u00bb][vc_column]<div class=\"grve-element grve-image grve-align-center\" style=\"\">  <div class=\"grve-image-wrapper\"><img loading=\"lazy\" decoding=\"async\" width=\"1920\" height=\"400\" src=\"https:\/\/center4smiles.com\/wp-content\/uploads\/2019\/09\/DrHeschelesBanner-1.jpg\" class=\"attachment-full size-full\" alt=\"Dr Hescheles Banner\" srcset=\"https:\/\/center4smiles.com\/wp-content\/uploads\/2019\/09\/DrHeschelesBanner-1.jpg 1920w, https:\/\/center4smiles.com\/wp-content\/uploads\/2019\/09\/DrHeschelesBanner-1-300x63.jpg 300w, https:\/\/center4smiles.com\/wp-content\/uploads\/2019\/09\/DrHeschelesBanner-1-768x160.jpg 768w, https:\/\/center4smiles.com\/wp-content\/uploads\/2019\/09\/DrHeschelesBanner-1-1024x213.jpg 1024w\" sizes=\"auto, (max-width: 1920px) 100vw, 1920px\" \/>   <\/div><\/div>[\/vc_column][\/vc_row][vc_row][vc_column][vc_custom_heading text=\u00bbDr. Hescheles\u00bb font_container=\u00bbtag:h1|text_align:center\u00bb use_theme_fonts=\u00bbyes\u00bb][\/vc_column][\/vc_row][vc_row padding_bottom_multiplier=\u00bb3x\u00bb][vc_column width=\u00bb1\/4&#8243;]<div class=\"grve-element grve-image grve-align-center\" style=\"\">  <div class=\"grve-image-wrapper\"><img loading=\"lazy\" decoding=\"async\" width=\"253\" height=\"300\" src=\"https:\/\/center4smiles.com\/wp-content\/uploads\/2020\/01\/DrHescheles1.jpg\" class=\"attachment-full size-full\" alt=\"Dr Hescheles\" \/>   <\/div><\/div>[\/vc_column][vc_column width=\u00bb3\/4&#8243;][vc_column_text]El Dr. Hescheles es un sub periodoncista especializado en cirug\u00eda l\u00e1ser LANAP. Es el primer periodoncista en el condado de Palm Beach en obtener la certificaci\u00f3n en el procedimiento LANAP.<\/p>\n<p>El Dr. Hescheles complet\u00f3 sus estudios de pregrado en la Universidad de Clark y se gradu\u00f3 de la Facultad de Medicina Dental de la Universidad de Pennsylvania en 1993. Luego complet\u00f3 un a\u00f1o de pr\u00e1ctica general.<br \/>\nResidencia en el Centro M\u00e9dico Maimonides en Brooklyn, Nueva York. Regres\u00f3 a la Facultad de Medicina Dental de la Universidad de Pensilvania, donde complet\u00f3 una certificaci\u00f3n de tres a\u00f1os en Periodoncia e Implantolog\u00eda en 1997. Mientras estaba en Penn, el Dr. Hescheles se desempe\u00f1\u00f3 como instructor cl\u00ednico.<\/p>\n<p>Despu\u00e9s de completar su certificaci\u00f3n en 1997, el Dr. Hescheles comenz\u00f3 a practicar Periodoncia e Implantolog\u00eda en el \u00e1rea de tres estados de Nueva York.<\/p>\n<h4>Educaci\u00f3n<\/h4>\n<p><strong>Pregrado:<\/strong> Universidad Clark<br \/>\n<strong>Facultad de Odontolog\u00eda:<\/strong> Facultad de Medicina Dental de la Universidad de Pensilvania<br \/>\n<strong>Entrenamiento de especialidad:<\/strong> Facultad de Medicina Dental de la Universidad de Pensilvania &#8211; Periodoncia e Implantolog\u00eda[\/vc_column_text][\/vc_column][\/vc_row]<\/p>\n<\/div>","protected":false},"excerpt":{"rendered":"<p>[vc_row section_type=\u00bbfullwidth\u00bb padding_top_multiplier=\u00bb\u00bb padding_bottom_multiplier=\u00bb\u00bb columns_gap=\u00bbnone\u00bb][vc_column][\/vc_column][\/vc_row][vc_row][vc_column][vc_custom_heading text=\u00bbDr. Hescheles\u00bb font_container=\u00bbtag:h1|text_align:center\u00bb use_theme_fonts=\u00bbyes\u00bb][\/vc_column][\/vc_row][vc_row padding_bottom_multiplier=\u00bb3x\u00bb][vc_column width=\u00bb1\/4&#8243;][\/vc_column][vc_column width=\u00bb3\/4&#8243;][vc_column_text]El Dr. Hescheles es un sub periodoncista especializado en cirug\u00eda l\u00e1ser LANAP. Es el primer periodoncista en el condado de Palm Beach en obtener la certificaci\u00f3n en el procedimiento LANAP. El Dr. Hescheles complet\u00f3 sus estudios de pregrado en la Universidad de Clark y [&hellip;]<\/p>\n","protected":false},"author":1,"featured_media":0,"parent":635,"menu_order":0,"comment_status":"closed","ping_status":"closed","template":"","meta":{"footnotes":""},"class_list":["post-658","page","type-page","status-publish","hentry"],"yoast_head":"<!-- This site is optimized with the Yoast SEO plugin v25.4 - https:\/\/yoast.com\/wordpress\/plugins\/seo\/ -->\n<title>Dr. Hescheles - Centro 4 Sonrisas Doctor especializado Boca Raton<\/title>\n<meta name=\"description\" content=\"El Dr. Hescheles es un sub periodoncista especializado en cirug\u00eda l\u00e1ser LANAP. El primer periodoncista en el condado de Palm Beach en ser certificado en el procedimiento LANAP\" \/>\n<meta name=\"robots\" content=\"index, follow, max-snippet:-1, max-image-preview:large, max-video-preview:-1\" \/>\n<link rel=\"canonical\" href=\"https:\/\/center4smiles.com\/es\/principal\/acerca-de\/dr-hescheles\/\" \/>\n<meta property=\"og:locale\" content=\"es_ES\" \/>\n<meta property=\"og:type\" content=\"article\" \/>\n<meta property=\"og:title\" content=\"Dr. Hescheles - Centro 4 Sonrisas Doctor especializado Boca Raton\" \/>\n<meta property=\"og:description\" content=\"El Dr. Hescheles es un sub periodoncista especializado en cirug\u00eda l\u00e1ser LANAP. El primer periodoncista en el condado de Palm Beach en ser certificado en el procedimiento LANAP\" \/>\n<meta property=\"og:url\" content=\"https:\/\/center4smiles.com\/es\/principal\/acerca-de\/dr-hescheles\/\" \/>\n<meta property=\"og:site_name\" content=\"Center 4 Smiles\" \/>\n<meta property=\"article:modified_time\" content=\"2020-01-13T20:51:39+00:00\" \/>\n<meta name=\"twitter:card\" content=\"summary_large_image\" \/>\n<meta name=\"twitter:label1\" content=\"Tiempo de lectura\" \/>\n\t<meta name=\"twitter:data1\" content=\"1 minuto\" \/>\n<script type=\"application\/ld+json\" class=\"yoast-schema-graph\">{\"@context\":\"https:\/\/schema.org\",\"@graph\":[{\"@type\":\"WebPage\",\"@id\":\"https:\/\/center4smiles.com\/es\/principal\/acerca-de\/dr-hescheles\/\",\"url\":\"https:\/\/center4smiles.com\/es\/principal\/acerca-de\/dr-hescheles\/\",\"name\":\"Dr. Hescheles - Centro 4 Sonrisas Doctor especializado Boca Raton\",\"isPartOf\":{\"@id\":\"https:\/\/center4smiles.com\/es\/#website\"},\"datePublished\":\"2019-09-25T14:51:38+00:00\",\"dateModified\":\"2020-01-13T20:51:39+00:00\",\"description\":\"El Dr. Hescheles es un sub periodoncista especializado en cirug\u00eda l\u00e1ser LANAP. El primer periodoncista en el condado de Palm Beach en ser certificado en el procedimiento LANAP\",\"breadcrumb\":{\"@id\":\"https:\/\/center4smiles.com\/es\/principal\/acerca-de\/dr-hescheles\/#breadcrumb\"},\"inLanguage\":\"es\",\"potentialAction\":[{\"@type\":\"ReadAction\",\"target\":[\"https:\/\/center4smiles.com\/es\/principal\/acerca-de\/dr-hescheles\/\"]}]},{\"@type\":\"BreadcrumbList\",\"@id\":\"https:\/\/center4smiles.com\/es\/principal\/acerca-de\/dr-hescheles\/#breadcrumb\",\"itemListElement\":[{\"@type\":\"ListItem\",\"position\":1,\"name\":\"Home\",\"item\":\"https:\/\/center4smiles.com\/es\/principal\/\"},{\"@type\":\"ListItem\",\"position\":2,\"name\":\"Principal\",\"item\":\"https:\/\/center4smiles.com\/es\/principal\/\"},{\"@type\":\"ListItem\",\"position\":3,\"name\":\"Acerca de\",\"item\":\"https:\/\/center4smiles.com\/es\/principal\/acerca-de\/\"},{\"@type\":\"ListItem\",\"position\":4,\"name\":\"Dr. Hescheles\"}]},{\"@type\":\"WebSite\",\"@id\":\"https:\/\/center4smiles.com\/es\/#website\",\"url\":\"https:\/\/center4smiles.com\/es\/\",\"name\":\"Center 4 Smiles\",\"description\":\"Dental Implants &amp; Specialty Center\",\"potentialAction\":[{\"@type\":\"SearchAction\",\"target\":{\"@type\":\"EntryPoint\",\"urlTemplate\":\"https:\/\/center4smiles.com\/es\/?s={search_term_string}\"},\"query-input\":{\"@type\":\"PropertyValueSpecification\",\"valueRequired\":true,\"valueName\":\"search_term_string\"}}],\"inLanguage\":\"es\"}]}<\/script>\n<!-- \/ Yoast SEO plugin. -->","yoast_head_json":{"title":"Dr. Hescheles - Centro 4 Sonrisas Doctor especializado Boca Raton","description":"El Dr. Hescheles es un sub periodoncista especializado en cirug\u00eda l\u00e1ser LANAP. El primer periodoncista en el condado de Palm Beach en ser certificado en el procedimiento LANAP","robots":{"index":"index","follow":"follow","max-snippet":"max-snippet:-1","max-image-preview":"max-image-preview:large","max-video-preview":"max-video-preview:-1"},"canonical":"https:\/\/center4smiles.com\/es\/principal\/acerca-de\/dr-hescheles\/","og_locale":"es_ES","og_type":"article","og_title":"Dr. Hescheles - Centro 4 Sonrisas Doctor especializado Boca Raton","og_description":"El Dr. Hescheles es un sub periodoncista especializado en cirug\u00eda l\u00e1ser LANAP. El primer periodoncista en el condado de Palm Beach en ser certificado en el procedimiento LANAP","og_url":"https:\/\/center4smiles.com\/es\/principal\/acerca-de\/dr-hescheles\/","og_site_name":"Center 4 Smiles","article_modified_time":"2020-01-13T20:51:39+00:00","twitter_card":"summary_large_image","twitter_misc":{"Tiempo de lectura":"1 minuto"},"schema":{"@context":"https:\/\/schema.org","@graph":[{"@type":"WebPage","@id":"https:\/\/center4smiles.com\/es\/principal\/acerca-de\/dr-hescheles\/","url":"https:\/\/center4smiles.com\/es\/principal\/acerca-de\/dr-hescheles\/","name":"Dr. Hescheles - Centro 4 Sonrisas Doctor especializado Boca Raton","isPartOf":{"@id":"https:\/\/center4smiles.com\/es\/#website"},"datePublished":"2019-09-25T14:51:38+00:00","dateModified":"2020-01-13T20:51:39+00:00","description":"El Dr. Hescheles es un sub periodoncista especializado en cirug\u00eda l\u00e1ser LANAP. El primer periodoncista en el condado de Palm Beach en ser certificado en el procedimiento LANAP","breadcrumb":{"@id":"https:\/\/center4smiles.com\/es\/principal\/acerca-de\/dr-hescheles\/#breadcrumb"},"inLanguage":"es","potentialAction":[{"@type":"ReadAction","target":["https:\/\/center4smiles.com\/es\/principal\/acerca-de\/dr-hescheles\/"]}]},{"@type":"BreadcrumbList","@id":"https:\/\/center4smiles.com\/es\/principal\/acerca-de\/dr-hescheles\/#breadcrumb","itemListElement":[{"@type":"ListItem","position":1,"name":"Home","item":"https:\/\/center4smiles.com\/es\/principal\/"},{"@type":"ListItem","position":2,"name":"Principal","item":"https:\/\/center4smiles.com\/es\/principal\/"},{"@type":"ListItem","position":3,"name":"Acerca de","item":"https:\/\/center4smiles.com\/es\/principal\/acerca-de\/"},{"@type":"ListItem","position":4,"name":"Dr. Hescheles"}]},{"@type":"WebSite","@id":"https:\/\/center4smiles.com\/es\/#website","url":"https:\/\/center4smiles.com\/es\/","name":"Center 4 Smiles","description":"Dental Implants &amp; Specialty Center","potentialAction":[{"@type":"SearchAction","target":{"@type":"EntryPoint","urlTemplate":"https:\/\/center4smiles.com\/es\/?s={search_term_string}"},"query-input":{"@type":"PropertyValueSpecification","valueRequired":true,"valueName":"search_term_string"}}],"inLanguage":"es"}]}},"_links":{"self":[{"href":"https:\/\/center4smiles.com\/es\/wp-json\/wp\/v2\/pages\/658","targetHints":{"allow":["GET"]}}],"collection":[{"href":"https:\/\/center4smiles.com\/es\/wp-json\/wp\/v2\/pages"}],"about":[{"href":"https:\/\/center4smiles.com\/es\/wp-json\/wp\/v2\/types\/page"}],"author":[{"embeddable":true,"href":"https:\/\/center4smiles.com\/es\/wp-json\/wp\/v2\/users\/1"}],"replies":[{"embeddable":true,"href":"https:\/\/center4smiles.com\/es\/wp-json\/wp\/v2\/comments?post=658"}],"version-history":[{"count":9,"href":"https:\/\/center4smiles.com\/es\/wp-json\/wp\/v2\/pages\/658\/revisions"}],"predecessor-version":[{"id":2583,"href":"https:\/\/center4smiles.com\/es\/wp-json\/wp\/v2\/pages\/658\/revisions\/2583"}],"up":[{"embeddable":true,"href":"https:\/\/center4smiles.com\/es\/wp-json\/wp\/v2\/pages\/635"}],"wp:attachment":[{"href":"https:\/\/center4smiles.com\/es\/wp-json\/wp\/v2\/media?parent=658"}],"curies":[{"name":"wp","href":"https:\/\/api.w.org\/{rel}","templated":true}]}}