{"id":635,"date":"2019-09-24T19:56:15","date_gmt":"2019-09-24T19:56:15","guid":{"rendered":"https:\/\/center4smiles.com\/principal\/acerca-de\/"},"modified":"2020-01-13T20:49:56","modified_gmt":"2020-01-13T20:49:56","slug":"acerca-de","status":"publish","type":"page","link":"https:\/\/center4smiles.com\/es\/principal\/acerca-de\/","title":{"rendered":"Acerca de"},"content":{"rendered":"<div class=\"wpb-content-wrapper\"><p>[vc_row bg_type=\u00bbimage\u00bb bg_image=\u00bb188&#8243; bg_image_type=\u00bbfixed\u00bb opacity_overlay=\u00bb50&#8243; padding_top_multiplier=\u00bb6x\u00bb padding_bottom_multiplier=\u00bb6x\u00bb][vc_column][vc_column_text css=\u00bb.vc_custom_1568388126964{padding-top: 40px !important;padding-right: 80px !important;padding-bottom: 40px !important;padding-left: 80px !important;background-color: rgba(255,255,255,0.85) !important;*background-color: rgb(255,255,255) !important;}\u00bb]<\/p>\n<h2 style=\"text-align: center;\">Un equipo de m\u00e9dicos expertos que proporcionan<br \/>\natenci\u00f3n dental completa especializada.<\/h2>\n<p style=\"text-align: center;\">El Centro 4 Sonrisas ha combinado los talentos de tres de los mejores m\u00e9dicos especialistas para brindar a sus pacientes una experiencia completa de especialidad dental. Cada m\u00e9dico revisa, discute y aporta su experiencia profesional a cada caso llevado al Centro. Al hacer que los tres m\u00e9dicos trabajen en cada paciente, nos aseguramos de que todos nuestros pacientes obtengan la mejor atenci\u00f3n dental posible.<\/p>\n<p>[\/vc_column_text][\/vc_column][\/vc_row][vc_row columns_gap=\u00bb50&#8243;][vc_column width=\u00bb1\/3&#8243;]<div class=\"grve-element grve-image grve-align-center\" style=\"\">  <div class=\"grve-image-wrapper\"><a href=\"https:\/\/center4smiles.com\/es\/principal\/acerca-de\/dr-orphanos\/\" title=\"Dr. Orphanos\"><img loading=\"lazy\" decoding=\"async\" width=\"253\" height=\"300\" src=\"https:\/\/center4smiles.com\/wp-content\/uploads\/2020\/01\/DrOrphanos1.jpg\" class=\"attachment-full size-full\" alt=\"Dr Orphanos\" \/><\/a>   <\/div><\/div><div class=\"grve-empty-space\" style=\"height: 15px;\"><\/div>[vc_column_text]<\/p>\n<h4 style=\"text-align: center; margin-bottom: 15px; color: #10b8e0;\"><a href=\"https:\/\/center4smiles.com\/home\/about\/dr-orphanos\/\">Dr. Orphanos<\/a><\/h4>\n<p>[\/vc_column_text][vc_column_text]El Dr. Orphanos es periodoncista certificado por la Junta que se convirti\u00f3 en periodoncista a la temprana edad de 27 a\u00f1os. Asisti\u00f3 a la Facultad de Odontolog\u00eda en SUNY Stony Brook y luego realiz\u00f3 su formaci\u00f3n especializada en la Universidad de Tufts en Boston. Es educador y profesor en el campo de la odontolog\u00eda y mantiene 2 clubes de estudio.[\/vc_column_text]<div class=\"grve-empty-space\" style=\"height: 15px;\"><\/div><div class=\"grve-element grve-align-center\"><a href=\"https:\/\/center4smiles.com\/es\/principal\/acerca-de\/dr-orphanos\/\" title=\"Dr. Orphanos\" class=\"grve-btn grve-btn-medium grve-square grve-bg-primary-1 grve-bg-hover-primary-2 aboutbtn\"><span>Lee mas<\/span><\/a><\/div>[\/vc_column][vc_column width=\u00bb1\/3&#8243;]<div class=\"grve-element grve-image grve-align-center\" style=\"\">  <div class=\"grve-image-wrapper\"><a href=\"https:\/\/center4smiles.com\/es\/principal\/acerca-de\/dr-hescheles\/\" title=\"Dr. Hescheles\"><img loading=\"lazy\" decoding=\"async\" width=\"253\" height=\"300\" src=\"https:\/\/center4smiles.com\/wp-content\/uploads\/2020\/01\/DrHescheles1.jpg\" class=\"attachment-full size-full\" alt=\"Dr Hescheles\" \/><\/a>   <\/div><\/div><div class=\"grve-empty-space\" style=\"height: 15px;\"><\/div>[vc_column_text]<\/p>\n<h4 style=\"text-align: center; margin-bottom: 15px; color: #10b8e0;\"><a href=\"https:\/\/center4smiles.com\/home\/about\/dr-hescheles\/\">Dr. Hescheles<\/a><\/h4>\n<p>[\/vc_column_text][vc_column_text]El Dr. Hescheles es un sub periodoncista especializado en cirug\u00eda l\u00e1ser LANAP. Es el primer periodoncista en el condado de Palm Beach en obtener la certificaci\u00f3n en el procedimiento LANAP. Complet\u00f3 sus estudios universitarios en la Universidad de Clark y se gradu\u00f3 de la Facultad de Medicina Dental de la Universidad de Pennsylvania en 1993.[\/vc_column_text]<div class=\"grve-empty-space\" style=\"height: 15px;\"><\/div><div class=\"grve-element grve-align-center\"><a href=\"https:\/\/center4smiles.com\/es\/principal\/acerca-de\/dr-hescheles\/\" title=\"Dr. Hescheles\" class=\"grve-btn grve-btn-medium grve-square grve-bg-primary-1 grve-bg-hover-primary-2 aboutbtn\"><span>Lee mas<\/span><\/a><\/div>[\/vc_column][vc_column width=\u00bb1\/3&#8243;]<div class=\"grve-element grve-image grve-align-center\" style=\"\">  <div class=\"grve-image-wrapper\"><a href=\"https:\/\/center4smiles.com\/es\/principal\/acerca-de\/dr-prusakowski\/\" title=\"Dr. Prusakowski\"><img loading=\"lazy\" decoding=\"async\" width=\"253\" height=\"300\" src=\"https:\/\/center4smiles.com\/wp-content\/uploads\/2020\/01\/DrPrusakowski1.jpg\" class=\"attachment-full size-full\" alt=\"Dr Prusakowski\" \/><\/a>   <\/div><\/div><div class=\"grve-empty-space\" style=\"height: 15px;\"><\/div>[vc_column_text]<\/p>\n<h4 style=\"text-align: center; margin-bottom: 15px; color: #10b8e0;\"><a href=\"https:\/\/center4smiles.com\/home\/about\/dr-prusakowski\/\">Dr. Prusakowski<\/a><\/h4>\n<p>[\/vc_column_text][vc_column_text]El Dr. Prusakowski es un especialista en endodoncia altamente capacitado que asisti\u00f3 al prestigioso programa de posgrado en el Centro M\u00e9dico Albert Einstein. Fue comisionado como teniente en el Cuerpo Dental de la Marina de los EE. UU., Y sirvi\u00f3 durante 4 a\u00f1os brindando atenci\u00f3n dental a miembros en servicio activo de la Marina y el Cuerpo de Marines.[\/vc_column_text]<div class=\"grve-empty-space\" style=\"height: 15px;\"><\/div><div class=\"grve-element grve-align-center\"><a href=\"https:\/\/center4smiles.com\/es\/principal\/acerca-de\/dr-prusakowski\/\" title=\"Dr. Prusakowski\" class=\"grve-btn grve-btn-medium grve-square grve-bg-primary-1 grve-bg-hover-primary-2 aboutbtn\"><span>Lee mas<\/span><\/a><\/div>[\/vc_column][\/vc_row][vc_row section_type=\u00bbfullwidth\u00bb padding_bottom_multiplier=\u00bb\u00bb columns_gap=\u00bbnone\u00bb][vc_column]<div class=\"grve-element grve-carousel grve-layout-1\" style=\"\">  <div class=\"grve-carousel-wrapper\"><div class=\"grve-carousel-navigation grve-dark grve-navigation-1 grve-navigation-carousel\"><div class=\"grve-carousel-buttons\"><div class=\"grve-carousel-prev\"><i class=\"grve-icon-nav-left-small\"><\/i><span class=\"screen-reader-text\">Previous<\/span><\/div><div class=\"grve-carousel-next\"><i class=\"grve-icon-nav-right-small\"><\/i><span class=\"screen-reader-text\">Next<\/span><\/div><\/div><\/div>    <div class=\"grve-carousel-element grve-gallery-popup \" data-items=\"4\" data-items-tablet-landscape=\"3\" data-items-tablet-portrait=\"3\" data-items-mobile=\"1\" data-slider-autoplay=\"yes\" data-slider-speed=\"3000\" data-slider-pause=\"yes\" data-pagination-speed=\"400\" data-pagination=\"no\" data-slider-loop=\"yes\"><div class=\"grve-carousel-item grve-hover-item grve-hover-style-none\">  <figure class=\"grve-image-hover grve-zoom-in\">    <a class=\"grve-item-url\" href=\"https:\/\/center4smiles.com\/wp-content\/uploads\/2019\/09\/Center4Smiles11.jpg\" ><\/a>    <div class=\"grve-hover-overlay grve-bg-light grve-opacity-0\"><\/div><div class=\"grve-media\"><img loading=\"lazy\" decoding=\"async\" width=\"450\" height=\"300\" src=\"https:\/\/center4smiles.com\/wp-content\/uploads\/2019\/09\/Center4Smiles11.jpg\" class=\"attachment-movedo-grve-small-rect-horizontal size-movedo-grve-small-rect-horizontal\" alt=\"Sobre Center 4 Smiles\" srcset=\"https:\/\/center4smiles.com\/wp-content\/uploads\/2019\/09\/Center4Smiles11.jpg 450w, https:\/\/center4smiles.com\/wp-content\/uploads\/2019\/09\/Center4Smiles11-300x200.jpg 300w\" sizes=\"auto, (max-width: 450px) 100vw, 450px\" \/><\/div>  <\/figure><\/div><div class=\"grve-carousel-item grve-hover-item grve-hover-style-none\">  <figure class=\"grve-image-hover grve-zoom-in\">    <a class=\"grve-item-url\" href=\"https:\/\/center4smiles.com\/wp-content\/uploads\/2019\/09\/Center4Smiles1.jpg\" ><\/a>    <div class=\"grve-hover-overlay grve-bg-light grve-opacity-0\"><\/div><div class=\"grve-media\"><img loading=\"lazy\" decoding=\"async\" width=\"450\" height=\"300\" src=\"https:\/\/center4smiles.com\/wp-content\/uploads\/2019\/09\/Center4Smiles1.jpg\" class=\"attachment-movedo-grve-small-rect-horizontal size-movedo-grve-small-rect-horizontal\" alt=\"Dr. Prusakowski en el trabajo\" srcset=\"https:\/\/center4smiles.com\/wp-content\/uploads\/2019\/09\/Center4Smiles1.jpg 450w, https:\/\/center4smiles.com\/wp-content\/uploads\/2019\/09\/Center4Smiles1-300x200.jpg 300w\" sizes=\"auto, (max-width: 450px) 100vw, 450px\" \/><\/div>  <\/figure><\/div><div class=\"grve-carousel-item grve-hover-item grve-hover-style-none\">  <figure class=\"grve-image-hover grve-zoom-in\">    <a class=\"grve-item-url\" href=\"https:\/\/center4smiles.com\/wp-content\/uploads\/2019\/09\/Center4Smiles2.jpg\" ><\/a>    <div class=\"grve-hover-overlay grve-bg-light grve-opacity-0\"><\/div><div class=\"grve-media\"><img loading=\"lazy\" decoding=\"async\" width=\"450\" height=\"300\" src=\"https:\/\/center4smiles.com\/wp-content\/uploads\/2019\/09\/Center4Smiles2.jpg\" class=\"attachment-movedo-grve-small-rect-horizontal size-movedo-grve-small-rect-horizontal\" alt=\"Centro 4 Sonrisas Doctores\" srcset=\"https:\/\/center4smiles.com\/wp-content\/uploads\/2019\/09\/Center4Smiles2.jpg 450w, https:\/\/center4smiles.com\/wp-content\/uploads\/2019\/09\/Center4Smiles2-300x200.jpg 300w\" sizes=\"auto, (max-width: 450px) 100vw, 450px\" \/><\/div>  <\/figure><\/div><div class=\"grve-carousel-item grve-hover-item grve-hover-style-none\">  <figure class=\"grve-image-hover grve-zoom-in\">    <a class=\"grve-item-url\" href=\"https:\/\/center4smiles.com\/wp-content\/uploads\/2019\/09\/Center4Smiles3.jpg\" ><\/a>    <div class=\"grve-hover-overlay grve-bg-light grve-opacity-0\"><\/div><div class=\"grve-media\"><img loading=\"lazy\" decoding=\"async\" width=\"450\" height=\"300\" src=\"https:\/\/center4smiles.com\/wp-content\/uploads\/2019\/09\/Center4Smiles3.jpg\" class=\"attachment-movedo-grve-small-rect-horizontal size-movedo-grve-small-rect-horizontal\" alt=\"Dr. Orphanos en el trabajo\" srcset=\"https:\/\/center4smiles.com\/wp-content\/uploads\/2019\/09\/Center4Smiles3.jpg 450w, https:\/\/center4smiles.com\/wp-content\/uploads\/2019\/09\/Center4Smiles3-300x200.jpg 300w\" sizes=\"auto, (max-width: 450px) 100vw, 450px\" \/><\/div>  <\/figure><\/div><div class=\"grve-carousel-item grve-hover-item grve-hover-style-none\">  <figure class=\"grve-image-hover grve-zoom-in\">    <a class=\"grve-item-url\" href=\"https:\/\/center4smiles.com\/wp-content\/uploads\/2019\/09\/Center4Smiles4.jpg\" ><\/a>    <div class=\"grve-hover-overlay grve-bg-light grve-opacity-0\"><\/div><div class=\"grve-media\"><img loading=\"lazy\" decoding=\"async\" width=\"450\" height=\"300\" src=\"https:\/\/center4smiles.com\/wp-content\/uploads\/2019\/09\/Center4Smiles4.jpg\" class=\"attachment-movedo-grve-small-rect-horizontal size-movedo-grve-small-rect-horizontal\" alt=\"Centro de tres doctores 4 sonrisas\" srcset=\"https:\/\/center4smiles.com\/wp-content\/uploads\/2019\/09\/Center4Smiles4.jpg 450w, https:\/\/center4smiles.com\/wp-content\/uploads\/2019\/09\/Center4Smiles4-300x200.jpg 300w\" sizes=\"auto, (max-width: 450px) 100vw, 450px\" \/><\/div>  <\/figure><\/div><div class=\"grve-carousel-item grve-hover-item grve-hover-style-none\">  <figure class=\"grve-image-hover grve-zoom-in\">    <a class=\"grve-item-url\" href=\"https:\/\/center4smiles.com\/wp-content\/uploads\/2019\/09\/Center4Smiles5.jpg\" ><\/a>    <div class=\"grve-hover-overlay grve-bg-light grve-opacity-0\"><\/div><div class=\"grve-media\"><img loading=\"lazy\" decoding=\"async\" width=\"450\" height=\"300\" src=\"https:\/\/center4smiles.com\/wp-content\/uploads\/2019\/09\/Center4Smiles5.jpg\" class=\"attachment-movedo-grve-small-rect-horizontal size-movedo-grve-small-rect-horizontal\" alt=\"Dr. Orphanos en cirug\u00eda\" srcset=\"https:\/\/center4smiles.com\/wp-content\/uploads\/2019\/09\/Center4Smiles5.jpg 450w, https:\/\/center4smiles.com\/wp-content\/uploads\/2019\/09\/Center4Smiles5-300x200.jpg 300w\" sizes=\"auto, (max-width: 450px) 100vw, 450px\" \/><\/div>  <\/figure><\/div><div class=\"grve-carousel-item grve-hover-item grve-hover-style-none\">  <figure class=\"grve-image-hover grve-zoom-in\">    <a class=\"grve-item-url\" href=\"https:\/\/center4smiles.com\/wp-content\/uploads\/2019\/09\/Center4Smiles6.jpg\" ><\/a>    <div class=\"grve-hover-overlay grve-bg-light grve-opacity-0\"><\/div><div class=\"grve-media\"><img loading=\"lazy\" decoding=\"async\" width=\"450\" height=\"300\" src=\"https:\/\/center4smiles.com\/wp-content\/uploads\/2019\/09\/Center4Smiles6.jpg\" class=\"attachment-movedo-grve-small-rect-horizontal size-movedo-grve-small-rect-horizontal\" alt=\"Dr Orphanos trabajando\" srcset=\"https:\/\/center4smiles.com\/wp-content\/uploads\/2019\/09\/Center4Smiles6.jpg 450w, https:\/\/center4smiles.com\/wp-content\/uploads\/2019\/09\/Center4Smiles6-300x200.jpg 300w\" sizes=\"auto, (max-width: 450px) 100vw, 450px\" \/><\/div>  <\/figure><\/div><div class=\"grve-carousel-item grve-hover-item grve-hover-style-none\">  <figure class=\"grve-image-hover grve-zoom-in\">    <a class=\"grve-item-url\" href=\"https:\/\/center4smiles.com\/wp-content\/uploads\/2019\/09\/Center4Smiles7.jpg\" ><\/a>    <div class=\"grve-hover-overlay grve-bg-light grve-opacity-0\"><\/div><div class=\"grve-media\"><img loading=\"lazy\" decoding=\"async\" width=\"450\" height=\"300\" src=\"https:\/\/center4smiles.com\/wp-content\/uploads\/2019\/09\/Center4Smiles7.jpg\" class=\"attachment-movedo-grve-small-rect-horizontal size-movedo-grve-small-rect-horizontal\" alt=\"Dr. Orphanos en Center 4 Smiles\" srcset=\"https:\/\/center4smiles.com\/wp-content\/uploads\/2019\/09\/Center4Smiles7.jpg 450w, https:\/\/center4smiles.com\/wp-content\/uploads\/2019\/09\/Center4Smiles7-300x200.jpg 300w\" sizes=\"auto, (max-width: 450px) 100vw, 450px\" \/><\/div>  <\/figure><\/div><div class=\"grve-carousel-item grve-hover-item grve-hover-style-none\">  <figure class=\"grve-image-hover grve-zoom-in\">    <a class=\"grve-item-url\" href=\"https:\/\/center4smiles.com\/wp-content\/uploads\/2019\/09\/Center4Smiles8.jpg\" ><\/a>    <div class=\"grve-hover-overlay grve-bg-light grve-opacity-0\"><\/div><div class=\"grve-media\"><img loading=\"lazy\" decoding=\"async\" width=\"450\" height=\"300\" src=\"https:\/\/center4smiles.com\/wp-content\/uploads\/2019\/09\/Center4Smiles8.jpg\" class=\"attachment-movedo-grve-small-rect-horizontal size-movedo-grve-small-rect-horizontal\" alt=\"Dr. Hescheles explicando el procedimiento\" srcset=\"https:\/\/center4smiles.com\/wp-content\/uploads\/2019\/09\/Center4Smiles8.jpg 450w, https:\/\/center4smiles.com\/wp-content\/uploads\/2019\/09\/Center4Smiles8-300x200.jpg 300w\" sizes=\"auto, (max-width: 450px) 100vw, 450px\" \/><\/div>  <\/figure><\/div><div class=\"grve-carousel-item grve-hover-item grve-hover-style-none\">  <figure class=\"grve-image-hover grve-zoom-in\">    <a class=\"grve-item-url\" href=\"https:\/\/center4smiles.com\/wp-content\/uploads\/2019\/09\/Center4Smiles9.jpg\" ><\/a>    <div class=\"grve-hover-overlay grve-bg-light grve-opacity-0\"><\/div><div class=\"grve-media\"><img loading=\"lazy\" decoding=\"async\" width=\"450\" height=\"300\" src=\"https:\/\/center4smiles.com\/wp-content\/uploads\/2019\/09\/Center4Smiles9.jpg\" class=\"attachment-movedo-grve-small-rect-horizontal size-movedo-grve-small-rect-horizontal\" alt=\"Dr. Prusakowski LANAP Doctor\" srcset=\"https:\/\/center4smiles.com\/wp-content\/uploads\/2019\/09\/Center4Smiles9.jpg 450w, https:\/\/center4smiles.com\/wp-content\/uploads\/2019\/09\/Center4Smiles9-300x200.jpg 300w\" sizes=\"auto, (max-width: 450px) 100vw, 450px\" \/><\/div>  <\/figure><\/div><div class=\"grve-carousel-item grve-hover-item grve-hover-style-none\">  <figure class=\"grve-image-hover grve-zoom-in\">    <a class=\"grve-item-url\" href=\"https:\/\/center4smiles.com\/wp-content\/uploads\/2019\/09\/Center4Smiles10.jpg\" ><\/a>    <div class=\"grve-hover-overlay grve-bg-light grve-opacity-0\"><\/div><div class=\"grve-media\"><img loading=\"lazy\" decoding=\"async\" width=\"450\" height=\"300\" src=\"https:\/\/center4smiles.com\/wp-content\/uploads\/2019\/09\/Center4Smiles10.jpg\" class=\"attachment-movedo-grve-small-rect-horizontal size-movedo-grve-small-rect-horizontal\" alt=\"Centro 4 sonrisas sobre los doctores\" srcset=\"https:\/\/center4smiles.com\/wp-content\/uploads\/2019\/09\/Center4Smiles10.jpg 450w, https:\/\/center4smiles.com\/wp-content\/uploads\/2019\/09\/Center4Smiles10-300x200.jpg 300w\" sizes=\"auto, (max-width: 450px) 100vw, 450px\" \/><\/div>  <\/figure><\/div>\t  <\/div>\t<\/div><\/div>[\/vc_column][\/vc_row]<\/p>\n<\/div>","protected":false},"excerpt":{"rendered":"<p>[vc_row bg_type=\u00bbimage\u00bb bg_image=\u00bb188&#8243; bg_image_type=\u00bbfixed\u00bb opacity_overlay=\u00bb50&#8243; padding_top_multiplier=\u00bb6x\u00bb padding_bottom_multiplier=\u00bb6x\u00bb][vc_column][vc_column_text css=\u00bb.vc_custom_1568388126964{padding-top: 40px !important;padding-right: 80px !important;padding-bottom: 40px !important;padding-left: 80px !important;background-color: rgba(255,255,255,0.85) !important;*background-color: rgb(255,255,255) !important;}\u00bb] Un equipo de m\u00e9dicos expertos que proporcionan atenci\u00f3n dental completa especializada. El Centro 4 Sonrisas ha combinado los talentos de tres de los mejores m\u00e9dicos especialistas para brindar a sus pacientes una experiencia completa de [&hellip;]<\/p>\n","protected":false},"author":1,"featured_media":0,"parent":545,"menu_order":0,"comment_status":"closed","ping_status":"closed","template":"","meta":{"footnotes":""},"class_list":["post-635","page","type-page","status-publish","hentry"],"yoast_head":"<!-- This site is optimized with the Yoast SEO plugin v25.4 - https:\/\/yoast.com\/wordpress\/plugins\/seo\/ -->\n<title>El equipo de doctores del Centro 4 sonr\u00ede en Boca Rat\u00f3n<\/title>\n<meta name=\"description\" content=\"El Centro 4 Sonrisas ha combinado los talentos de tres de los mejores m\u00e9dicos especialistas para brindar a sus pacientes una experiencia completa de especialidad dental.\" \/>\n<meta name=\"robots\" content=\"index, follow, max-snippet:-1, max-image-preview:large, max-video-preview:-1\" \/>\n<link rel=\"canonical\" href=\"https:\/\/center4smiles.com\/es\/principal\/acerca-de\/\" \/>\n<meta property=\"og:locale\" content=\"es_ES\" \/>\n<meta property=\"og:type\" content=\"article\" \/>\n<meta property=\"og:title\" content=\"El equipo de doctores del Centro 4 sonr\u00ede en Boca Rat\u00f3n\" \/>\n<meta property=\"og:description\" content=\"El Centro 4 Sonrisas ha combinado los talentos de tres de los mejores m\u00e9dicos especialistas para brindar a sus pacientes una experiencia completa de especialidad dental.\" \/>\n<meta property=\"og:url\" content=\"https:\/\/center4smiles.com\/es\/principal\/acerca-de\/\" \/>\n<meta property=\"og:site_name\" content=\"Center 4 Smiles\" \/>\n<meta property=\"article:modified_time\" content=\"2020-01-13T20:49:56+00:00\" \/>\n<meta name=\"twitter:card\" content=\"summary_large_image\" \/>\n<meta name=\"twitter:label1\" content=\"Tiempo de lectura\" \/>\n\t<meta name=\"twitter:data1\" content=\"3 minutos\" \/>\n<script type=\"application\/ld+json\" class=\"yoast-schema-graph\">{\"@context\":\"https:\/\/schema.org\",\"@graph\":[{\"@type\":\"WebPage\",\"@id\":\"https:\/\/center4smiles.com\/es\/principal\/acerca-de\/\",\"url\":\"https:\/\/center4smiles.com\/es\/principal\/acerca-de\/\",\"name\":\"El equipo de doctores del Centro 4 sonr\u00ede en Boca Rat\u00f3n\",\"isPartOf\":{\"@id\":\"https:\/\/center4smiles.com\/es\/#website\"},\"datePublished\":\"2019-09-24T19:56:15+00:00\",\"dateModified\":\"2020-01-13T20:49:56+00:00\",\"description\":\"El Centro 4 Sonrisas ha combinado los talentos de tres de los mejores m\u00e9dicos especialistas para brindar a sus pacientes una experiencia completa de especialidad dental.\",\"breadcrumb\":{\"@id\":\"https:\/\/center4smiles.com\/es\/principal\/acerca-de\/#breadcrumb\"},\"inLanguage\":\"es\",\"potentialAction\":[{\"@type\":\"ReadAction\",\"target\":[\"https:\/\/center4smiles.com\/es\/principal\/acerca-de\/\"]}]},{\"@type\":\"BreadcrumbList\",\"@id\":\"https:\/\/center4smiles.com\/es\/principal\/acerca-de\/#breadcrumb\",\"itemListElement\":[{\"@type\":\"ListItem\",\"position\":1,\"name\":\"Home\",\"item\":\"https:\/\/center4smiles.com\/es\/principal\/\"},{\"@type\":\"ListItem\",\"position\":2,\"name\":\"Principal\",\"item\":\"https:\/\/center4smiles.com\/es\/principal\/\"},{\"@type\":\"ListItem\",\"position\":3,\"name\":\"Acerca de\"}]},{\"@type\":\"WebSite\",\"@id\":\"https:\/\/center4smiles.com\/es\/#website\",\"url\":\"https:\/\/center4smiles.com\/es\/\",\"name\":\"Center 4 Smiles\",\"description\":\"Dental Implants &amp; Specialty Center\",\"potentialAction\":[{\"@type\":\"SearchAction\",\"target\":{\"@type\":\"EntryPoint\",\"urlTemplate\":\"https:\/\/center4smiles.com\/es\/?s={search_term_string}\"},\"query-input\":{\"@type\":\"PropertyValueSpecification\",\"valueRequired\":true,\"valueName\":\"search_term_string\"}}],\"inLanguage\":\"es\"}]}<\/script>\n<!-- \/ Yoast SEO plugin. -->","yoast_head_json":{"title":"El equipo de doctores del Centro 4 sonr\u00ede en Boca Rat\u00f3n","description":"El Centro 4 Sonrisas ha combinado los talentos de tres de los mejores m\u00e9dicos especialistas para brindar a sus pacientes una experiencia completa de especialidad dental.","robots":{"index":"index","follow":"follow","max-snippet":"max-snippet:-1","max-image-preview":"max-image-preview:large","max-video-preview":"max-video-preview:-1"},"canonical":"https:\/\/center4smiles.com\/es\/principal\/acerca-de\/","og_locale":"es_ES","og_type":"article","og_title":"El equipo de doctores del Centro 4 sonr\u00ede en Boca Rat\u00f3n","og_description":"El Centro 4 Sonrisas ha combinado los talentos de tres de los mejores m\u00e9dicos especialistas para brindar a sus pacientes una experiencia completa de especialidad dental.","og_url":"https:\/\/center4smiles.com\/es\/principal\/acerca-de\/","og_site_name":"Center 4 Smiles","article_modified_time":"2020-01-13T20:49:56+00:00","twitter_card":"summary_large_image","twitter_misc":{"Tiempo de lectura":"3 minutos"},"schema":{"@context":"https:\/\/schema.org","@graph":[{"@type":"WebPage","@id":"https:\/\/center4smiles.com\/es\/principal\/acerca-de\/","url":"https:\/\/center4smiles.com\/es\/principal\/acerca-de\/","name":"El equipo de doctores del Centro 4 sonr\u00ede en Boca Rat\u00f3n","isPartOf":{"@id":"https:\/\/center4smiles.com\/es\/#website"},"datePublished":"2019-09-24T19:56:15+00:00","dateModified":"2020-01-13T20:49:56+00:00","description":"El Centro 4 Sonrisas ha combinado los talentos de tres de los mejores m\u00e9dicos especialistas para brindar a sus pacientes una experiencia completa de especialidad dental.","breadcrumb":{"@id":"https:\/\/center4smiles.com\/es\/principal\/acerca-de\/#breadcrumb"},"inLanguage":"es","potentialAction":[{"@type":"ReadAction","target":["https:\/\/center4smiles.com\/es\/principal\/acerca-de\/"]}]},{"@type":"BreadcrumbList","@id":"https:\/\/center4smiles.com\/es\/principal\/acerca-de\/#breadcrumb","itemListElement":[{"@type":"ListItem","position":1,"name":"Home","item":"https:\/\/center4smiles.com\/es\/principal\/"},{"@type":"ListItem","position":2,"name":"Principal","item":"https:\/\/center4smiles.com\/es\/principal\/"},{"@type":"ListItem","position":3,"name":"Acerca de"}]},{"@type":"WebSite","@id":"https:\/\/center4smiles.com\/es\/#website","url":"https:\/\/center4smiles.com\/es\/","name":"Center 4 Smiles","description":"Dental Implants &amp; Specialty Center","potentialAction":[{"@type":"SearchAction","target":{"@type":"EntryPoint","urlTemplate":"https:\/\/center4smiles.com\/es\/?s={search_term_string}"},"query-input":{"@type":"PropertyValueSpecification","valueRequired":true,"valueName":"search_term_string"}}],"inLanguage":"es"}]}},"_links":{"self":[{"href":"https:\/\/center4smiles.com\/es\/wp-json\/wp\/v2\/pages\/635","targetHints":{"allow":["GET"]}}],"collection":[{"href":"https:\/\/center4smiles.com\/es\/wp-json\/wp\/v2\/pages"}],"about":[{"href":"https:\/\/center4smiles.com\/es\/wp-json\/wp\/v2\/types\/page"}],"author":[{"embeddable":true,"href":"https:\/\/center4smiles.com\/es\/wp-json\/wp\/v2\/users\/1"}],"replies":[{"embeddable":true,"href":"https:\/\/center4smiles.com\/es\/wp-json\/wp\/v2\/comments?post=635"}],"version-history":[{"count":6,"href":"https:\/\/center4smiles.com\/es\/wp-json\/wp\/v2\/pages\/635\/revisions"}],"predecessor-version":[{"id":2576,"href":"https:\/\/center4smiles.com\/es\/wp-json\/wp\/v2\/pages\/635\/revisions\/2576"}],"up":[{"embeddable":true,"href":"https:\/\/center4smiles.com\/es\/wp-json\/wp\/v2\/pages\/545"}],"wp:attachment":[{"href":"https:\/\/center4smiles.com\/es\/wp-json\/wp\/v2\/media?parent=635"}],"curies":[{"name":"wp","href":"https:\/\/api.w.org\/{rel}","templated":true}]}}