{"id":2780,"date":"2020-04-25T18:19:13","date_gmt":"2020-04-25T18:19:13","guid":{"rendered":"https:\/\/center4smiles.com\/covid-19\/"},"modified":"2020-05-22T15:37:20","modified_gmt":"2020-05-22T15:37:20","slug":"covid-19","status":"publish","type":"page","link":"https:\/\/center4smiles.com\/es\/covid-19\/","title":{"rendered":"Covid-19"},"content":{"rendered":"<div class=\"wpb-content-wrapper\"><p>[vc_row bg_type=\u00bbcolor\u00bb columns_gap=\u00bbnone\u00bb bg_color=\u00bb#000000&#8243;][vc_column heading_color=\u00bblight\u00bb][vc_column_text]<\/p>\n<h3>ACTUALIZACIONES DE COVID-19<\/h3>\n<p>[\/vc_column_text][\/vc_column][\/vc_row][vc_row][vc_column][vc_column_text]Queridos amigos y familia,<\/p>\n<p>Su salud y bienestar general siempre han sido nuestra m\u00e1xima prioridad. Apreciamos la creciente preocupaci\u00f3n con COVID-19 dentro de nuestras comunidades. Despu\u00e9s de evaluar la informaci\u00f3n m\u00e1s actualizada y revisar todas las pautas publicadas, seguimos confiando en nuestra capacidad para brindar atenci\u00f3n dental en un ambiente seguro y saludable en Center 4 Smiles. Actualmente, vamos a estar abiertos solo para atenci\u00f3n dental de emergencia. Cualquier cuidado de rutina, como limpiezas, deber\u00e1 posponerse hasta despu\u00e9s del 8 de mayo <sup> th <\/sup>, o hasta nuevo aviso.<\/p>\n<p>El control de infecciones siempre ha sido una prioridad para nuestra pr\u00e1ctica, como lo ha visto durante las visitas a nuestra oficina. Nuestros procesos de control de infecciones se realizan para que cuando reciba atenci\u00f3n sea segura y c\u00f3moda. Queremos informarle sobre los procedimientos de control de infecciones que seguimos en nuestra pr\u00e1ctica para mantener seguros a los pacientes y al personal.<\/p>\n<p>Nuestra oficina sigue las recomendaciones de control de infecciones hechas por la Asociaci\u00f3n Dental Americana (ADA), los Centros para el Control y la Prevenci\u00f3n de Enfermedades de los EE. UU. (CDC) y las Administraciones de Salud y Seguridad Ocupacional (OSHA). Seguimos las actividades de estas agencias para estar al d\u00eda de cualquier nueva decisi\u00f3n u orientaci\u00f3n que pueda emitirse. Hacemos esto para asegurarnos de que nuestros procedimientos de control de infecciones est\u00e9n actualizados y cumplan con las recomendaciones de cada agencia.<\/p>\n<p>Es posible que vea algunos cambios cuando llegue el momento de su pr\u00f3xima cita. Hicimos estos cambios para ayudar a proteger a nuestros pacientes y al personal. Por ejemplo:<\/p>\n<ol>\n<li style = \"list-style-type: none;\">\n<ol>\n<li> Nuestra oficina se comunicar\u00e1 con usted de antemano para hacerle algunas preguntas de detecci\u00f3n. Se le har\u00e1n esas mismas preguntas nuevamente cuando est\u00e9 en la oficina. <\/li>\n<li> Le pediremos que llame una vez que haya llegado a la oficina y permanezca en su autom\u00f3vil hasta que le avisemos que puede venir al \u00e1rea de recepci\u00f3n. <\/li>\n<li> Tenemos desinfectante de manos que le pediremos que use cuando venga a la oficina tambi\u00e9n, la temperatura se tomar\u00e1 con un term\u00f3metro l\u00e1ser sin contacto. <\/li>\n<li> Puede ver que nuestra sala de espera ya no ofrecer\u00e1 revistas o literatura, ya que esos art\u00edculos son dif\u00edciles de limpiar y desinfectar. <\/li>\n<li> Las citas se gestionar\u00e1n para permitir el distanciamiento social entre los pacientes. Eso podr\u00eda significar que se le ofrecer\u00e1n menos opciones para programar sus citas. <\/li>\n<li> Haremos todo lo posible para permitir un mayor tiempo entre pacientes para reducir los tiempos de espera para usted, as\u00ed como para reducir el n\u00famero de pacientes en el \u00e1rea de recepci\u00f3n a la vez. <\/li>\n<li> En adelante <strong><u>ONLY<\/u> <\/strong> pacientes y \/ o tutores ser\u00e1n permitidos en el \u00e1rea de recepci\u00f3n. <\/li>\n<\/ol>\n<\/li>\n<\/ol>\n<p>Estamos monitoreando de cerca las actualizaciones de los Centros para el Control de Enfermedades, OSHA y la Asociaci\u00f3n Dental Americana y continuaremos buscando orientaci\u00f3n de estas agencias y funcionarios locales de salud p\u00fablica. Con nueva informaci\u00f3n, haremos los ajustes necesarios a nuestras operaciones y lo mantendremos informado de cualquier cambio.<\/p>\n<p>Gracias por su continua confianza en la atenci\u00f3n que recibe en Center 4 Smiles. Si tiene alguna pregunta, p\u00f3ngase en contacto con nuestra oficina. Estamos juntos en esto y estamos aqu\u00ed para ayudar.<\/p>\n<p>&nbsp;<\/p>\n<p>Dr. Orphanos, Dr. Prusakowski, Dr. Hescheles y Center 4 Smiles Team[\/vc_column_text][\/vc_column][\/vc_row][vc_row bg_type=\u00bbcolor\u00bb columns_gap=\u00bbnone\u00bb bg_color=\u00bb#000000&#8243;][vc_column heading_color=\u00bblight\u00bb][vc_column_text]<\/p>\n<h3 style=\"text-align: center;\"><a class=\"covid\" href=\"https:\/\/center4smiles.com\/wp-content\/uploads\/2020\/04\/Consent_Form_Covid-19.pdf\" target=\"_blank\" rel=\"noopener noreferrer\">HAGA CLIC AQU\u00cd PARA EL FORMULARIO DE CONSENTIMIENTO COVID-19<\/a><\/h3>\n<p>[\/vc_column_text][\/vc_column][\/vc_row][vc_row padding_top_multiplier=\u00bb2x\u00bb][vc_column][vc_column_text]<\/p>\n<h2 style=\"text-align: center;\">Usted pregunt\u00f3, nos entregamos!<\/h2>\n<h4 style=\"text-align: center;\">Productos actualmente en uso en nuestra oficina para ayudar a eliminar la propagaci\u00f3n de COVID-19.<\/h4>\n<p>[\/vc_column_text][\/vc_column][\/vc_row][vc_row][vc_column width=\u00bb1\/3&#8243;]<div class=\"grve-element grve-image grve-align-center\" style=\"\">  <div class=\"grve-image-wrapper\"><img loading=\"lazy\" decoding=\"async\" width=\"200\" height=\"200\" src=\"https:\/\/center4smiles.com\/wp-content\/uploads\/2020\/05\/Antimicrobial-Fogger-2.jpg\" class=\"attachment-full size-full\" alt=\"Antimicrobial Fogger\" srcset=\"https:\/\/center4smiles.com\/wp-content\/uploads\/2020\/05\/Antimicrobial-Fogger-2.jpg 200w, https:\/\/center4smiles.com\/wp-content\/uploads\/2020\/05\/Antimicrobial-Fogger-2-150x150.jpg 150w\" sizes=\"auto, (max-width: 200px) 100vw, 200px\" \/>   <\/div><\/div>[vc_column_text]Nebulizador de niebla el\u00e9ctrico port\u00e1til 4.5L ULV para desinfecci\u00f3n y esterilizaci\u00f3n en oficinas. Uso de \u00e1cido hipocloroso HOCI en el nebulizador.[\/vc_column_text]<div class=\"grve-empty-space grve-height-1x\" style=\"\"><\/div>[\/vc_column][vc_column width=\u00bb1\/3&#8243;]<div class=\"grve-element grve-image grve-align-center\" style=\"\">  <div class=\"grve-image-wrapper\"><img loading=\"lazy\" decoding=\"async\" width=\"200\" height=\"200\" src=\"https:\/\/center4smiles.com\/wp-content\/uploads\/2020\/05\/AirPurifiers-2.jpg\" class=\"attachment-full size-full\" alt=\"Medify Air Purifiers\" srcset=\"https:\/\/center4smiles.com\/wp-content\/uploads\/2020\/05\/AirPurifiers-2.jpg 200w, https:\/\/center4smiles.com\/wp-content\/uploads\/2020\/05\/AirPurifiers-2-150x150.jpg 150w\" sizes=\"auto, (max-width: 200px) 100vw, 200px\" \/>   <\/div><\/div>[vc_column_text]Medifique los purificadores de aire de grado m\u00e9dico con filtraci\u00f3n HEPA H13 que reduce todos los virus y bacterias en un 99.9%[\/vc_column_text]<div class=\"grve-empty-space grve-height-1x\" style=\"\"><\/div>[\/vc_column][vc_column width=\u00bb1\/3&#8243;]<div class=\"grve-element grve-image grve-align-center\" style=\"\">  <div class=\"grve-image-wrapper\"><img loading=\"lazy\" decoding=\"async\" width=\"200\" height=\"200\" src=\"https:\/\/center4smiles.com\/wp-content\/uploads\/2020\/05\/FaceShield-2.jpg\" class=\"attachment-full size-full\" alt=\"Jackson face Shields\" srcset=\"https:\/\/center4smiles.com\/wp-content\/uploads\/2020\/05\/FaceShield-2.jpg 200w, https:\/\/center4smiles.com\/wp-content\/uploads\/2020\/05\/FaceShield-2-150x150.jpg 150w\" sizes=\"auto, (max-width: 200px) 100vw, 200px\" \/>   <\/div><\/div>[vc_column_text]Jackson Face Shields para m\u00e1xima visi\u00f3n y m\u00e1xima protecci\u00f3n[\/vc_column_text]<div class=\"grve-empty-space grve-height-1x\" style=\"\"><\/div>[\/vc_column][\/vc_row][vc_row][vc_column width=\u00bb1\/3&#8243;]<div class=\"grve-element grve-image grve-align-center\" style=\"\">  <div class=\"grve-image-wrapper\"><img loading=\"lazy\" decoding=\"async\" width=\"200\" height=\"200\" src=\"https:\/\/center4smiles.com\/wp-content\/uploads\/2020\/05\/n95Mask-1.jpg\" class=\"attachment-movedo-grve-small-square size-movedo-grve-small-square\" alt=\"N95 Masks\" srcset=\"https:\/\/center4smiles.com\/wp-content\/uploads\/2020\/05\/n95Mask-1.jpg 200w, https:\/\/center4smiles.com\/wp-content\/uploads\/2020\/05\/n95Mask-1-150x150.jpg 150w\" sizes=\"auto, (max-width: 200px) 100vw, 200px\" \/>   <\/div><\/div>[vc_column_text]Continuamos usando m\u00e1scaras N-95 de nivel 3, batas quir\u00fargicas y gorras quir\u00fargicas.[\/vc_column_text]<div class=\"grve-empty-space grve-height-1x\" style=\"\"><\/div>[\/vc_column][vc_column width=\u00bb1\/3&#8243;]<div class=\"grve-element grve-image grve-align-center\" style=\"\">  <div class=\"grve-image-wrapper\"><img loading=\"lazy\" decoding=\"async\" width=\"200\" height=\"200\" src=\"https:\/\/center4smiles.com\/wp-content\/uploads\/2020\/05\/ReLeaf.jpg\" class=\"attachment-full size-full\" alt=\"ReLeaf\" srcset=\"https:\/\/center4smiles.com\/wp-content\/uploads\/2020\/05\/ReLeaf.jpg 200w, https:\/\/center4smiles.com\/wp-content\/uploads\/2020\/05\/ReLeaf-150x150.jpg 150w\" sizes=\"auto, (max-width: 200px) 100vw, 200px\" \/>   <\/div><\/div>[vc_column_text]La succi\u00f3n dental manos libres ReLeaf HVE proporciona 280 grados de succi\u00f3n y reduce el flujo de retorno al evitar la p\u00e9rdida de presi\u00f3n.[\/vc_column_text]<div class=\"grve-empty-space grve-height-1x\" style=\"\"><\/div>[\/vc_column][vc_column width=\u00bb1\/3&#8243;]<div class=\"grve-element grve-image grve-align-center\" style=\"\">  <div class=\"grve-image-wrapper\"><img loading=\"lazy\" decoding=\"async\" width=\"200\" height=\"200\" src=\"https:\/\/center4smiles.com\/wp-content\/uploads\/2020\/05\/PurevacHVE.jpg\" class=\"attachment-full size-full\" alt=\"Purevac HVE\" srcset=\"https:\/\/center4smiles.com\/wp-content\/uploads\/2020\/05\/PurevacHVE.jpg 200w, https:\/\/center4smiles.com\/wp-content\/uploads\/2020\/05\/PurevacHVE-150x150.jpg 150w\" sizes=\"auto, (max-width: 200px) 100vw, 200px\" \/>   <\/div><\/div>[vc_column_text]La punta de espejo Purevac HVE es una punta de evacuaci\u00f3n de alto volumen con espejo dental incorporado.[\/vc_column_text]<div class=\"grve-empty-space grve-height-1x\" style=\"\"><\/div>[\/vc_column][\/vc_row]<\/p>\n<\/div>","protected":false},"excerpt":{"rendered":"<p>[vc_row bg_type=\u00bbcolor\u00bb columns_gap=\u00bbnone\u00bb bg_color=\u00bb#000000&#8243;][vc_column heading_color=\u00bblight\u00bb][vc_column_text] ACTUALIZACIONES DE COVID-19 [\/vc_column_text][\/vc_column][\/vc_row][vc_row][vc_column][vc_column_text]Queridos amigos y familia, Su salud y bienestar general siempre han sido nuestra m\u00e1xima prioridad. Apreciamos la creciente preocupaci\u00f3n con COVID-19 dentro de nuestras comunidades. Despu\u00e9s de evaluar la informaci\u00f3n m\u00e1s actualizada y revisar todas las pautas publicadas, seguimos confiando en nuestra capacidad para brindar atenci\u00f3n dental [&hellip;]<\/p>\n","protected":false},"author":1,"featured_media":0,"parent":0,"menu_order":0,"comment_status":"closed","ping_status":"closed","template":"","meta":{"footnotes":""},"class_list":["post-2780","page","type-page","status-publish","hentry"],"yoast_head":"<!-- This site is optimized with the Yoast SEO plugin v25.4 - https:\/\/yoast.com\/wordpress\/plugins\/seo\/ -->\n<title>Covid-19 - Center 4 Smiles<\/title>\n<meta name=\"robots\" content=\"index, follow, max-snippet:-1, max-image-preview:large, max-video-preview:-1\" \/>\n<link rel=\"canonical\" href=\"https:\/\/center4smiles.com\/es\/covid-19\/\" \/>\n<meta property=\"og:locale\" content=\"es_ES\" \/>\n<meta property=\"og:type\" content=\"article\" \/>\n<meta property=\"og:title\" content=\"Covid-19 - Center 4 Smiles\" \/>\n<meta property=\"og:description\" content=\"[vc_row bg_type=\u00bbcolor\u00bb columns_gap=\u00bbnone\u00bb bg_color=\u00bb#000000&#8243;][vc_column heading_color=\u00bblight\u00bb][vc_column_text] ACTUALIZACIONES DE COVID-19 [\/vc_column_text][\/vc_column][\/vc_row][vc_row][vc_column][vc_column_text]Queridos amigos y familia, Su salud y bienestar general siempre han sido nuestra m\u00e1xima prioridad. Apreciamos la creciente preocupaci\u00f3n con COVID-19 dentro de nuestras comunidades. Despu\u00e9s de evaluar la informaci\u00f3n m\u00e1s actualizada y revisar todas las pautas publicadas, seguimos confiando en nuestra capacidad para brindar atenci\u00f3n dental [&hellip;]\" \/>\n<meta property=\"og:url\" content=\"https:\/\/center4smiles.com\/es\/covid-19\/\" \/>\n<meta property=\"og:site_name\" content=\"Center 4 Smiles\" \/>\n<meta property=\"article:modified_time\" content=\"2020-05-22T15:37:20+00:00\" \/>\n<meta name=\"twitter:card\" content=\"summary_large_image\" \/>\n<meta name=\"twitter:label1\" content=\"Tiempo de lectura\" \/>\n\t<meta name=\"twitter:data1\" content=\"5 minutos\" \/>\n<script type=\"application\/ld+json\" class=\"yoast-schema-graph\">{\"@context\":\"https:\/\/schema.org\",\"@graph\":[{\"@type\":\"WebPage\",\"@id\":\"https:\/\/center4smiles.com\/es\/covid-19\/\",\"url\":\"https:\/\/center4smiles.com\/es\/covid-19\/\",\"name\":\"Covid-19 - Center 4 Smiles\",\"isPartOf\":{\"@id\":\"https:\/\/center4smiles.com\/es\/#website\"},\"datePublished\":\"2020-04-25T18:19:13+00:00\",\"dateModified\":\"2020-05-22T15:37:20+00:00\",\"breadcrumb\":{\"@id\":\"https:\/\/center4smiles.com\/es\/covid-19\/#breadcrumb\"},\"inLanguage\":\"es\",\"potentialAction\":[{\"@type\":\"ReadAction\",\"target\":[\"https:\/\/center4smiles.com\/es\/covid-19\/\"]}]},{\"@type\":\"BreadcrumbList\",\"@id\":\"https:\/\/center4smiles.com\/es\/covid-19\/#breadcrumb\",\"itemListElement\":[{\"@type\":\"ListItem\",\"position\":1,\"name\":\"Home\",\"item\":\"https:\/\/center4smiles.com\/es\/principal\/\"},{\"@type\":\"ListItem\",\"position\":2,\"name\":\"Covid-19\"}]},{\"@type\":\"WebSite\",\"@id\":\"https:\/\/center4smiles.com\/es\/#website\",\"url\":\"https:\/\/center4smiles.com\/es\/\",\"name\":\"Center 4 Smiles\",\"description\":\"Dental Implants &amp; Specialty Center\",\"potentialAction\":[{\"@type\":\"SearchAction\",\"target\":{\"@type\":\"EntryPoint\",\"urlTemplate\":\"https:\/\/center4smiles.com\/es\/?s={search_term_string}\"},\"query-input\":{\"@type\":\"PropertyValueSpecification\",\"valueRequired\":true,\"valueName\":\"search_term_string\"}}],\"inLanguage\":\"es\"}]}<\/script>\n<!-- \/ Yoast SEO plugin. -->","yoast_head_json":{"title":"Covid-19 - Center 4 Smiles","robots":{"index":"index","follow":"follow","max-snippet":"max-snippet:-1","max-image-preview":"max-image-preview:large","max-video-preview":"max-video-preview:-1"},"canonical":"https:\/\/center4smiles.com\/es\/covid-19\/","og_locale":"es_ES","og_type":"article","og_title":"Covid-19 - Center 4 Smiles","og_description":"[vc_row bg_type=\u00bbcolor\u00bb columns_gap=\u00bbnone\u00bb bg_color=\u00bb#000000&#8243;][vc_column heading_color=\u00bblight\u00bb][vc_column_text] ACTUALIZACIONES DE COVID-19 [\/vc_column_text][\/vc_column][\/vc_row][vc_row][vc_column][vc_column_text]Queridos amigos y familia, Su salud y bienestar general siempre han sido nuestra m\u00e1xima prioridad. Apreciamos la creciente preocupaci\u00f3n con COVID-19 dentro de nuestras comunidades. Despu\u00e9s de evaluar la informaci\u00f3n m\u00e1s actualizada y revisar todas las pautas publicadas, seguimos confiando en nuestra capacidad para brindar atenci\u00f3n dental [&hellip;]","og_url":"https:\/\/center4smiles.com\/es\/covid-19\/","og_site_name":"Center 4 Smiles","article_modified_time":"2020-05-22T15:37:20+00:00","twitter_card":"summary_large_image","twitter_misc":{"Tiempo de lectura":"5 minutos"},"schema":{"@context":"https:\/\/schema.org","@graph":[{"@type":"WebPage","@id":"https:\/\/center4smiles.com\/es\/covid-19\/","url":"https:\/\/center4smiles.com\/es\/covid-19\/","name":"Covid-19 - Center 4 Smiles","isPartOf":{"@id":"https:\/\/center4smiles.com\/es\/#website"},"datePublished":"2020-04-25T18:19:13+00:00","dateModified":"2020-05-22T15:37:20+00:00","breadcrumb":{"@id":"https:\/\/center4smiles.com\/es\/covid-19\/#breadcrumb"},"inLanguage":"es","potentialAction":[{"@type":"ReadAction","target":["https:\/\/center4smiles.com\/es\/covid-19\/"]}]},{"@type":"BreadcrumbList","@id":"https:\/\/center4smiles.com\/es\/covid-19\/#breadcrumb","itemListElement":[{"@type":"ListItem","position":1,"name":"Home","item":"https:\/\/center4smiles.com\/es\/principal\/"},{"@type":"ListItem","position":2,"name":"Covid-19"}]},{"@type":"WebSite","@id":"https:\/\/center4smiles.com\/es\/#website","url":"https:\/\/center4smiles.com\/es\/","name":"Center 4 Smiles","description":"Dental Implants &amp; Specialty Center","potentialAction":[{"@type":"SearchAction","target":{"@type":"EntryPoint","urlTemplate":"https:\/\/center4smiles.com\/es\/?s={search_term_string}"},"query-input":{"@type":"PropertyValueSpecification","valueRequired":true,"valueName":"search_term_string"}}],"inLanguage":"es"}]}},"_links":{"self":[{"href":"https:\/\/center4smiles.com\/es\/wp-json\/wp\/v2\/pages\/2780","targetHints":{"allow":["GET"]}}],"collection":[{"href":"https:\/\/center4smiles.com\/es\/wp-json\/wp\/v2\/pages"}],"about":[{"href":"https:\/\/center4smiles.com\/es\/wp-json\/wp\/v2\/types\/page"}],"author":[{"embeddable":true,"href":"https:\/\/center4smiles.com\/es\/wp-json\/wp\/v2\/users\/1"}],"replies":[{"embeddable":true,"href":"https:\/\/center4smiles.com\/es\/wp-json\/wp\/v2\/comments?post=2780"}],"version-history":[{"count":5,"href":"https:\/\/center4smiles.com\/es\/wp-json\/wp\/v2\/pages\/2780\/revisions"}],"predecessor-version":[{"id":2853,"href":"https:\/\/center4smiles.com\/es\/wp-json\/wp\/v2\/pages\/2780\/revisions\/2853"}],"wp:attachment":[{"href":"https:\/\/center4smiles.com\/es\/wp-json\/wp\/v2\/media?parent=2780"}],"curies":[{"name":"wp","href":"https:\/\/api.w.org\/{rel}","templated":true}]}}