{"id":2206,"date":"2019-09-27T17:49:50","date_gmt":"2019-09-27T17:49:50","guid":{"rendered":"https:\/\/center4smiles.com\/principal\/servicios\/injerto-sinusal\/"},"modified":"2020-01-14T16:07:32","modified_gmt":"2020-01-14T16:07:32","slug":"injerto-sinusal","status":"publish","type":"page","link":"https:\/\/center4smiles.com\/es\/principal\/servicios\/injerto-sinusal\/","title":{"rendered":"Injerto Sinusal"},"content":{"rendered":"<div class=\"wpb-content-wrapper\"><p>[vc_row section_type=\u00bbfullwidth\u00bb padding_top_multiplier=\u00bb\u00bb padding_bottom_multiplier=\u00bb\u00bb columns_gap=\u00bbnone\u00bb][vc_column]<div class=\"grve-element grve-image grve-align-center\" style=\"\">  <div class=\"grve-image-wrapper\"><img loading=\"lazy\" decoding=\"async\" width=\"1920\" height=\"400\" src=\"https:\/\/center4smiles.com\/wp-content\/uploads\/2019\/09\/SinusGraftingBanner.jpg\" class=\"attachment-full size-full\" alt=\"Injerto Sinusal 4\" srcset=\"https:\/\/center4smiles.com\/wp-content\/uploads\/2019\/09\/SinusGraftingBanner.jpg 1920w, https:\/\/center4smiles.com\/wp-content\/uploads\/2019\/09\/SinusGraftingBanner-300x63.jpg 300w, https:\/\/center4smiles.com\/wp-content\/uploads\/2019\/09\/SinusGraftingBanner-768x160.jpg 768w, https:\/\/center4smiles.com\/wp-content\/uploads\/2019\/09\/SinusGraftingBanner-1024x213.jpg 1024w\" sizes=\"auto, (max-width: 1920px) 100vw, 1920px\" \/>   <\/div><\/div>[\/vc_column][\/vc_row][vc_row][vc_column][vc_custom_heading text=\u00bbInjerto Sinusal\u00bb font_container=\u00bbtag:h1|text_align:center\u00bb use_theme_fonts=\u00bbyes\u00bb][\/vc_column][\/vc_row][vc_row padding_bottom_multiplier=\u00bb2x\u00bb][vc_column width=\u00bb1\/2&#8243;][vc_column_text]Debido a que los senos paranasales se presentan en una amplia variedad de formas y tama\u00f1os, es muy importante contar con la tecnolog\u00eda m\u00e1s precisa disponible para el injerto. Es esencial que su m\u00e9dico use un esc\u00e1ner de haz tridimensional para diagnosticar con precisi\u00f3n el tratamiento adecuado. Nuestros m\u00e9dicos son expertos en el uso del esc\u00e1ner 3-D, as\u00ed como en el diagn\u00f3stico microsc\u00f3pico avanzado.<\/p>\n<p>En el campo de la odontolog\u00eda, nos ocupamos principalmente de los senos maxilares, y dado que los senos de cada persona tienen diferentes formas y tama\u00f1os, es crucial obtener una medici\u00f3n exacta antes de comenzar cualquier procedimiento.<\/p>\n<p>Cada seno recibe una exploraci\u00f3n tridimensional para determinar el problema individual del paciente. Es muy importante evitar colocar implantes dentales en los senos paranasales, por lo que dependiendo de d\u00f3nde deba ir el implante puede ser necesario un injerto para crear un ancla estable.<\/p>\n<p>El Centro 4 Sonrisas solo usar\u00e1 una Unidad de Perforaci\u00f3n Piezoel\u00e9ctrica para el procedimiento de Suerte de Caldwell Lateral. Este procedimiento a menudo se emplea cuando hay un hueso m\u00ednimo y el \u00e1rea requiere una cantidad considerable de injerto. La unidad piezoel\u00e9ctrica se utiliza para extraer hueso suavemente y no genera calor, lo que minimiza las complicaciones postoperatorias.[\/vc_column_text][\/vc_column][vc_column width=\u00bb1\/2&#8243;]<div class=\"grve-element grve-image grve-align-center\" style=\"\">  <div class=\"grve-image-wrapper\"><img loading=\"lazy\" decoding=\"async\" width=\"585\" height=\"350\" src=\"https:\/\/center4smiles.com\/wp-content\/uploads\/2019\/09\/Sinus.jpg\" class=\"attachment-full size-full\" alt=\"Injerto Sinusal 3\" srcset=\"https:\/\/center4smiles.com\/wp-content\/uploads\/2019\/09\/Sinus.jpg 585w, https:\/\/center4smiles.com\/wp-content\/uploads\/2019\/09\/Sinus-300x179.jpg 300w\" sizes=\"auto, (max-width: 585px) 100vw, 585px\" \/>   <\/div><\/div>[\/vc_column][\/vc_row][vc_row padding_bottom_multiplier=\u00bb2x\u00bb][vc_column width=\u00bb1\/4&#8243;]<div class=\"grve-element grve-image grve-align-center\" style=\"\">  <div class=\"grve-image-wrapper\"><a href=\"https:\/\/center4smiles.com\/es\/principal\/acerca-de\/dr-orphanos\/\" title=\"Dr. Orphanos\"><img loading=\"lazy\" decoding=\"async\" width=\"253\" height=\"300\" src=\"https:\/\/center4smiles.com\/wp-content\/uploads\/2020\/01\/DrOrphanos1.jpg\" class=\"attachment-full size-full\" alt=\"Dr Orphanos\" \/><\/a>   <\/div><\/div><div class=\"grve-empty-space\" style=\"height: 15px;\"><\/div>[vc_column_text]<\/p>\n<h4 style=\"text-align: center;\"><a href=\"https:\/\/center4smiles.com\/es\/principal\/acerca-de\/dr-orphanos\/\">Dr. Orphanos<\/a><\/h4>\n<p>[\/vc_column_text][\/vc_column][vc_column width=\u00bb1\/4&#8243;]<div class=\"grve-element grve-image grve-align-center\" style=\"\">  <div class=\"grve-image-wrapper\"><a href=\"https:\/\/center4smiles.com\/es\/principal\/acerca-de\/dr-hescheles\/\" title=\"Dr. Hescheles\"><img loading=\"lazy\" decoding=\"async\" width=\"253\" height=\"300\" src=\"https:\/\/center4smiles.com\/wp-content\/uploads\/2020\/01\/DrHescheles1.jpg\" class=\"attachment-full size-full\" alt=\"Dr Hescheles\" \/><\/a>   <\/div><\/div><div class=\"grve-empty-space\" style=\"height: 15px;\"><\/div>[vc_column_text]<\/p>\n<h4 style=\"text-align: center;\"><a href=\"https:\/\/center4smiles.com\/es\/principal\/acerca-de\/dr-hescheles\/\">Dr. Hescheles<\/a><\/h4>\n<p>[\/vc_column_text][\/vc_column][vc_column width=\u00bb1\/2&#8243;][vc_column_text]<\/p>\n<h3> Especialistas en injerto sinusal <\/h3>\n<p>[\/vc_column_text]<div class=\"grve-empty-space grve-height-1x\" style=\"\"><\/div>[vc_column_text]El procedimiento de injerto sinusal lo realizan tanto el Dr. Orphanos como el Dr. Hescheles en nuestra oficina de Boca Raton. Conocer a su m\u00e9dico antes de cualquier procedimiento ayuda a aliviar parte del estr\u00e9s y la ansiedad que conlleva cualquier procedimiento quir\u00fargico. Consulte sus p\u00e1ginas bio individuales para obtener m\u00e1s informaci\u00f3n.<\/p>\n<p>Cuando est\u00e9 listo para programar su consulta, ll\u00e1menos al <a href=\"tel:5614777171\"> (561) 477-7171 <\/a> y uno de nuestros asistentes de oficina ayudar\u00e1 a programar una cita que sea conveniente para usted o haga clic en el bot\u00f3n a continuaci\u00f3n para obtener informaci\u00f3n de oficina y contacto.[\/vc_column_text]<div class=\"grve-empty-space grve-height-1x\" style=\"\"><\/div><div class=\"grve-element grve-align-center\"><a href=\"http:\/\/center4smiles.dragonetdesign.com\/es\/principal\/contacto\/\" title=\"Contacto\" class=\"grve-btn grve-btn-medium grve-square grve-bg-primary-1 grve-bg-hover-primary-2 aboutbtn\"><span>Cont\u00e1ctenos<\/span><\/a><\/div>[\/vc_column][\/vc_row]<\/p>\n<\/div>","protected":false},"excerpt":{"rendered":"<p>[vc_row section_type=\u00bbfullwidth\u00bb padding_top_multiplier=\u00bb\u00bb padding_bottom_multiplier=\u00bb\u00bb columns_gap=\u00bbnone\u00bb][vc_column][\/vc_column][\/vc_row][vc_row][vc_column][vc_custom_heading text=\u00bbInjerto Sinusal\u00bb font_container=\u00bbtag:h1|text_align:center\u00bb use_theme_fonts=\u00bbyes\u00bb][\/vc_column][\/vc_row][vc_row padding_bottom_multiplier=\u00bb2x\u00bb][vc_column width=\u00bb1\/2&#8243;][vc_column_text]Debido a que los senos paranasales se presentan en una amplia variedad de formas y tama\u00f1os, es muy importante contar con la tecnolog\u00eda m\u00e1s precisa disponible para el injerto. Es esencial que su m\u00e9dico use un esc\u00e1ner de haz tridimensional para diagnosticar con precisi\u00f3n el [&hellip;]<\/p>\n","protected":false},"author":1,"featured_media":0,"parent":845,"menu_order":0,"comment_status":"closed","ping_status":"closed","template":"","meta":{"footnotes":""},"class_list":["post-2206","page","type-page","status-publish","hentry"],"yoast_head":"<!-- This site is optimized with the Yoast SEO plugin v25.4 - https:\/\/yoast.com\/wordpress\/plugins\/seo\/ -->\n<title>Procedimiento de injerto sinusal realizado por los especialistas en Center 4 Smiles<\/title>\n<meta name=\"description\" content=\"Debido a que los senos paranasales se presentan en una amplia variedad de formas y tama\u00f1os, es muy importante contar con la tecnolog\u00eda m\u00e1s precisa disponible para el injerto sinusal.\" \/>\n<meta name=\"robots\" content=\"index, follow, max-snippet:-1, max-image-preview:large, max-video-preview:-1\" \/>\n<link rel=\"canonical\" href=\"https:\/\/center4smiles.com\/es\/principal\/servicios\/injerto-sinusal\/\" \/>\n<meta property=\"og:locale\" content=\"es_ES\" \/>\n<meta property=\"og:type\" content=\"article\" \/>\n<meta property=\"og:title\" content=\"Procedimiento de injerto sinusal realizado por los especialistas en Center 4 Smiles\" \/>\n<meta property=\"og:description\" content=\"Debido a que los senos paranasales se presentan en una amplia variedad de formas y tama\u00f1os, es muy importante contar con la tecnolog\u00eda m\u00e1s precisa disponible para el injerto sinusal.\" \/>\n<meta property=\"og:url\" content=\"https:\/\/center4smiles.com\/es\/principal\/servicios\/injerto-sinusal\/\" \/>\n<meta property=\"og:site_name\" content=\"Center 4 Smiles\" \/>\n<meta property=\"article:modified_time\" content=\"2020-01-14T16:07:32+00:00\" \/>\n<meta name=\"twitter:card\" content=\"summary_large_image\" \/>\n<meta name=\"twitter:label1\" content=\"Tiempo de lectura\" \/>\n\t<meta name=\"twitter:data1\" content=\"3 minutos\" \/>\n<script type=\"application\/ld+json\" class=\"yoast-schema-graph\">{\"@context\":\"https:\/\/schema.org\",\"@graph\":[{\"@type\":\"WebPage\",\"@id\":\"https:\/\/center4smiles.com\/es\/principal\/servicios\/injerto-sinusal\/\",\"url\":\"https:\/\/center4smiles.com\/es\/principal\/servicios\/injerto-sinusal\/\",\"name\":\"Procedimiento de injerto sinusal realizado por los especialistas en Center 4 Smiles\",\"isPartOf\":{\"@id\":\"https:\/\/center4smiles.com\/es\/#website\"},\"datePublished\":\"2019-09-27T17:49:50+00:00\",\"dateModified\":\"2020-01-14T16:07:32+00:00\",\"description\":\"Debido a que los senos paranasales se presentan en una amplia variedad de formas y tama\u00f1os, es muy importante contar con la tecnolog\u00eda m\u00e1s precisa disponible para el injerto sinusal.\",\"breadcrumb\":{\"@id\":\"https:\/\/center4smiles.com\/es\/principal\/servicios\/injerto-sinusal\/#breadcrumb\"},\"inLanguage\":\"es\",\"potentialAction\":[{\"@type\":\"ReadAction\",\"target\":[\"https:\/\/center4smiles.com\/es\/principal\/servicios\/injerto-sinusal\/\"]}]},{\"@type\":\"BreadcrumbList\",\"@id\":\"https:\/\/center4smiles.com\/es\/principal\/servicios\/injerto-sinusal\/#breadcrumb\",\"itemListElement\":[{\"@type\":\"ListItem\",\"position\":1,\"name\":\"Home\",\"item\":\"https:\/\/center4smiles.com\/es\/principal\/\"},{\"@type\":\"ListItem\",\"position\":2,\"name\":\"Principal\",\"item\":\"https:\/\/center4smiles.com\/es\/principal\/\"},{\"@type\":\"ListItem\",\"position\":3,\"name\":\"Servicios\",\"item\":\"https:\/\/center4smiles.com\/es\/principal\/servicios\/\"},{\"@type\":\"ListItem\",\"position\":4,\"name\":\"Injerto Sinusal\"}]},{\"@type\":\"WebSite\",\"@id\":\"https:\/\/center4smiles.com\/es\/#website\",\"url\":\"https:\/\/center4smiles.com\/es\/\",\"name\":\"Center 4 Smiles\",\"description\":\"Dental Implants &amp; Specialty Center\",\"potentialAction\":[{\"@type\":\"SearchAction\",\"target\":{\"@type\":\"EntryPoint\",\"urlTemplate\":\"https:\/\/center4smiles.com\/es\/?s={search_term_string}\"},\"query-input\":{\"@type\":\"PropertyValueSpecification\",\"valueRequired\":true,\"valueName\":\"search_term_string\"}}],\"inLanguage\":\"es\"}]}<\/script>\n<!-- \/ Yoast SEO plugin. -->","yoast_head_json":{"title":"Procedimiento de injerto sinusal realizado por los especialistas en Center 4 Smiles","description":"Debido a que los senos paranasales se presentan en una amplia variedad de formas y tama\u00f1os, es muy importante contar con la tecnolog\u00eda m\u00e1s precisa disponible para el injerto sinusal.","robots":{"index":"index","follow":"follow","max-snippet":"max-snippet:-1","max-image-preview":"max-image-preview:large","max-video-preview":"max-video-preview:-1"},"canonical":"https:\/\/center4smiles.com\/es\/principal\/servicios\/injerto-sinusal\/","og_locale":"es_ES","og_type":"article","og_title":"Procedimiento de injerto sinusal realizado por los especialistas en Center 4 Smiles","og_description":"Debido a que los senos paranasales se presentan en una amplia variedad de formas y tama\u00f1os, es muy importante contar con la tecnolog\u00eda m\u00e1s precisa disponible para el injerto sinusal.","og_url":"https:\/\/center4smiles.com\/es\/principal\/servicios\/injerto-sinusal\/","og_site_name":"Center 4 Smiles","article_modified_time":"2020-01-14T16:07:32+00:00","twitter_card":"summary_large_image","twitter_misc":{"Tiempo de lectura":"3 minutos"},"schema":{"@context":"https:\/\/schema.org","@graph":[{"@type":"WebPage","@id":"https:\/\/center4smiles.com\/es\/principal\/servicios\/injerto-sinusal\/","url":"https:\/\/center4smiles.com\/es\/principal\/servicios\/injerto-sinusal\/","name":"Procedimiento de injerto sinusal realizado por los especialistas en Center 4 Smiles","isPartOf":{"@id":"https:\/\/center4smiles.com\/es\/#website"},"datePublished":"2019-09-27T17:49:50+00:00","dateModified":"2020-01-14T16:07:32+00:00","description":"Debido a que los senos paranasales se presentan en una amplia variedad de formas y tama\u00f1os, es muy importante contar con la tecnolog\u00eda m\u00e1s precisa disponible para el injerto sinusal.","breadcrumb":{"@id":"https:\/\/center4smiles.com\/es\/principal\/servicios\/injerto-sinusal\/#breadcrumb"},"inLanguage":"es","potentialAction":[{"@type":"ReadAction","target":["https:\/\/center4smiles.com\/es\/principal\/servicios\/injerto-sinusal\/"]}]},{"@type":"BreadcrumbList","@id":"https:\/\/center4smiles.com\/es\/principal\/servicios\/injerto-sinusal\/#breadcrumb","itemListElement":[{"@type":"ListItem","position":1,"name":"Home","item":"https:\/\/center4smiles.com\/es\/principal\/"},{"@type":"ListItem","position":2,"name":"Principal","item":"https:\/\/center4smiles.com\/es\/principal\/"},{"@type":"ListItem","position":3,"name":"Servicios","item":"https:\/\/center4smiles.com\/es\/principal\/servicios\/"},{"@type":"ListItem","position":4,"name":"Injerto Sinusal"}]},{"@type":"WebSite","@id":"https:\/\/center4smiles.com\/es\/#website","url":"https:\/\/center4smiles.com\/es\/","name":"Center 4 Smiles","description":"Dental Implants &amp; Specialty Center","potentialAction":[{"@type":"SearchAction","target":{"@type":"EntryPoint","urlTemplate":"https:\/\/center4smiles.com\/es\/?s={search_term_string}"},"query-input":{"@type":"PropertyValueSpecification","valueRequired":true,"valueName":"search_term_string"}}],"inLanguage":"es"}]}},"_links":{"self":[{"href":"https:\/\/center4smiles.com\/es\/wp-json\/wp\/v2\/pages\/2206","targetHints":{"allow":["GET"]}}],"collection":[{"href":"https:\/\/center4smiles.com\/es\/wp-json\/wp\/v2\/pages"}],"about":[{"href":"https:\/\/center4smiles.com\/es\/wp-json\/wp\/v2\/types\/page"}],"author":[{"embeddable":true,"href":"https:\/\/center4smiles.com\/es\/wp-json\/wp\/v2\/users\/1"}],"replies":[{"embeddable":true,"href":"https:\/\/center4smiles.com\/es\/wp-json\/wp\/v2\/comments?post=2206"}],"version-history":[{"count":6,"href":"https:\/\/center4smiles.com\/es\/wp-json\/wp\/v2\/pages\/2206\/revisions"}],"predecessor-version":[{"id":2720,"href":"https:\/\/center4smiles.com\/es\/wp-json\/wp\/v2\/pages\/2206\/revisions\/2720"}],"up":[{"embeddable":true,"href":"https:\/\/center4smiles.com\/es\/wp-json\/wp\/v2\/pages\/845"}],"wp:attachment":[{"href":"https:\/\/center4smiles.com\/es\/wp-json\/wp\/v2\/media?parent=2206"}],"curies":[{"name":"wp","href":"https:\/\/api.w.org\/{rel}","templated":true}]}}