{"id":2202,"date":"2019-09-27T17:45:54","date_gmt":"2019-09-27T17:45:54","guid":{"rendered":"https:\/\/center4smiles.com\/principal\/servicios\/lanap-laser\/"},"modified":"2020-01-14T15:51:05","modified_gmt":"2020-01-14T15:51:05","slug":"lanap-laser","status":"publish","type":"page","link":"https:\/\/center4smiles.com\/es\/principal\/servicios\/lanap-laser\/","title":{"rendered":"LANAP (L\u00e1ser)"},"content":{"rendered":"<div class=\"wpb-content-wrapper\"><p>[vc_row section_type=\u00bbfullwidth\u00bb padding_top_multiplier=\u00bb\u00bb padding_bottom_multiplier=\u00bb\u00bb columns_gap=\u00bbnone\u00bb][vc_column]<div class=\"grve-element grve-image grve-align-center\" style=\"\">  <div class=\"grve-image-wrapper\"><img loading=\"lazy\" decoding=\"async\" width=\"1920\" height=\"400\" src=\"https:\/\/center4smiles.com\/wp-content\/uploads\/2019\/09\/LANAPBanner.jpg\" class=\"attachment-full size-full\" alt=\"LANAP l\u00e1ser asistido nuevo procedimiento de fijaci\u00f3n\" srcset=\"https:\/\/center4smiles.com\/wp-content\/uploads\/2019\/09\/LANAPBanner.jpg 1920w, https:\/\/center4smiles.com\/wp-content\/uploads\/2019\/09\/LANAPBanner-300x63.jpg 300w, https:\/\/center4smiles.com\/wp-content\/uploads\/2019\/09\/LANAPBanner-768x160.jpg 768w, https:\/\/center4smiles.com\/wp-content\/uploads\/2019\/09\/LANAPBanner-1024x213.jpg 1024w\" sizes=\"auto, (max-width: 1920px) 100vw, 1920px\" \/>   <\/div><\/div>[\/vc_column][\/vc_row][vc_row][vc_column][vc_custom_heading text=\u00bbLANAP (Procedimiento de adjunto nuevo asistido por l\u00e1ser)\u00bb font_container=\u00bbtag:h1|text_align:center\u00bb use_theme_fonts=\u00bbyes\u00bb][vc_custom_heading text=\u00bbLa tecnolog\u00eda m\u00e1s avanzada utilizada para ayudar a prevenir la propagaci\u00f3n de la enfermedad de las enc\u00edas con un m\u00ednimo de molestias y un tiempo de curaci\u00f3n r\u00e1pido.\u00bb font_container=\u00bbtag:h4|text_align:center\u00bb use_theme_fonts=\u00bbyes\u00bb][\/vc_column][\/vc_row][vc_row][vc_column width=\u00bb1\/4&#8243;]<div class=\"grve-element grve-image grve-align-center\" style=\"\">  <div class=\"grve-image-wrapper\"><img loading=\"lazy\" decoding=\"async\" width=\"275\" height=\"500\" src=\"https:\/\/center4smiles.com\/wp-content\/uploads\/2019\/09\/LANAPMachine-1.jpg\" class=\"attachment-full size-full\" alt=\"M\u00e1quina l\u00e1ser LANAP\" srcset=\"https:\/\/center4smiles.com\/wp-content\/uploads\/2019\/09\/LANAPMachine-1.jpg 275w, https:\/\/center4smiles.com\/wp-content\/uploads\/2019\/09\/LANAPMachine-1-165x300.jpg 165w\" sizes=\"auto, (max-width: 275px) 100vw, 275px\" \/>   <\/div><\/div>[\/vc_column][vc_column width=\u00bb3\/4&#8243;][vc_column_text]La enfermedad periodontal, com\u00fanmente conocida como \u00abenfermedad de las enc\u00edas\u00bb, ocurre cuando las bacterias infectan las enc\u00edas alrededor de los dientes, formando bolsas profundas y destruyendo tejido y hueso si no se tratan.<\/p>\n<p>Afortunadamente, la enfermedad periodontal es prevenible y tratable. Ofrecemos los m\u00e1s avanzados tratamientos de control de enfermedades y procedimientos cosm\u00e9ticos de enc\u00edas en el sur de Florida.<\/p>\n<p>El Dr. Hescheles se someti\u00f3 a una amplia capacitaci\u00f3n y tiene licencia y certificaci\u00f3n para practicar \u201cLANAP\u201d: procedimientos de fijaci\u00f3n de nuevos dispositivos asistidos por l\u00e1ser.[\/vc_column_text]<div class=\"grve-empty-space grve-height-1x\" style=\"\"><\/div>[vc_row_inner][vc_column_inner width=\u00bb2\/3&#8243;][vc_column_text]<\/p>\n<h5> El l\u00e1ser es una alternativa a la cirug\u00eda periodontal tradicional. <\/h5>\n<p>Los beneficios en comparaci\u00f3n con la cirug\u00eda tradicional son:<\/p>\n<ul>\n\u00a0 <\/p>\n<li> No cortar ni coser el tejido de las enc\u00edas <\/li>\n<p>\u00a0 <\/p>\n<li> No hay necesidad de injerto \u00f3seo o colocaci\u00f3n de membrana <\/li>\n<p>\u00a0 <\/p>\n<li> Curaci\u00f3n r\u00e1pida <\/li>\n<p>\u00a0 <\/p>\n<li> molestias m\u00ednimas <\/li>\n<p>\u00a0 <\/p>\n<li> Menor tiempo de recuperaci\u00f3n <\/li>\n<p>\u00a0 <\/p>\n<li> M\u00ednima o nula sensibilidad dental despu\u00e9s del tratamiento <\/li>\n<p>\u00a0 <\/p>\n<li> Recesi\u00f3n m\u00ednima o nula de las enc\u00edas despu\u00e9s del tratamiento <\/li>\n<p>\u00a0 <\/p>\n<li> Los pacientes con Coumadin no necesitan suspender su medicaci\u00f3n para recibir este tratamiento <\/li>\n<\/ul>\n<p>[\/vc_column_text][\/vc_column_inner][vc_column_inner width=\u00bb1\/3&#8243;]<div class=\"grve-element grve-image grve-align-center\" style=\"\">  <div class=\"grve-image-wrapper\"><img loading=\"lazy\" decoding=\"async\" width=\"275\" height=\"350\" src=\"https:\/\/center4smiles.com\/wp-content\/uploads\/2019\/09\/LANAPNoCut.jpg\" class=\"attachment-full size-full\" alt=\"LANAP Sin cortar Sin coser Sin miedo\" srcset=\"https:\/\/center4smiles.com\/wp-content\/uploads\/2019\/09\/LANAPNoCut.jpg 275w, https:\/\/center4smiles.com\/wp-content\/uploads\/2019\/09\/LANAPNoCut-236x300.jpg 236w\" sizes=\"auto, (max-width: 275px) 100vw, 275px\" \/>   <\/div><\/div>[\/vc_column_inner][\/vc_row_inner][\/vc_column][\/vc_row][vc_row padding_bottom_multiplier=\u00bb2x\u00bb][vc_column width=\u00bb1\/2&#8243;]<div class=\"grve-element grve-image grve-align-center\" style=\"\">  <div class=\"grve-image-wrapper\"><img loading=\"lazy\" decoding=\"async\" width=\"585\" height=\"360\" src=\"https:\/\/center4smiles.com\/wp-content\/uploads\/2019\/09\/LANAPLaser1.jpg\" class=\"attachment-full size-full\" alt=\"LANAP (L\u00e1ser)\" srcset=\"https:\/\/center4smiles.com\/wp-content\/uploads\/2019\/09\/LANAPLaser1.jpg 585w, https:\/\/center4smiles.com\/wp-content\/uploads\/2019\/09\/LANAPLaser1-300x185.jpg 300w\" sizes=\"auto, (max-width: 585px) 100vw, 585px\" \/>   <\/div><\/div>[\/vc_column][vc_column width=\u00bb1\/2&#8243;][vc_column_text]<\/p>\n<h3> Pasos LANAP: <\/h3>\n<ol>\n\u00a0 <\/p>\n<li> La sonda mide profundidades profundas de bolsillo (p\u00e9rdida de hueso). <\/li>\n<p>\u00a0 <\/p>\n<li> El l\u00e1ser elimina las bacterias y los tejidos enfermos del interior del bolsillo. <\/li>\n<p>\u00a0 <\/p>\n<li> Los instrumentos ultras\u00f3nicos se utilizan para eliminar los dep\u00f3sitos de sarro de las superficies de los dientes y las ra\u00edces. <\/li>\n<p>\u00a0 <\/p>\n<li> El l\u00e1ser termina de limpiar y sella el bolsillo cerrado, por lo tanto, los g\u00e9rmenes no pueden entrar. <\/li>\n<p>\u00a0 <\/p>\n<li> Se produce la curaci\u00f3n de las enc\u00edas para limpiar las superficies de las ra\u00edces desinfectadas. <\/li>\n<p>\u00a0 <\/p>\n<li> El trauma por mordedura se ajusta. <\/li>\n<p>\u00a0 <\/p>\n<li> Ocurre crecimiento \u00f3seo y reinserci\u00f3n de tejidos, lo que crea bolsas poco profundas y saludables. <\/li>\n<\/ol>\n<p>[\/vc_column_text][\/vc_column][\/vc_row][vc_row padding_bottom_multiplier=\u00bb2x\u00bb][vc_column width=\u00bb1\/4&#8243;]<div class=\"grve-element grve-image grve-align-center\" style=\"\">  <div class=\"grve-image-wrapper\"><a href=\"https:\/\/center4smiles.com\/es\/principal\/acerca-de\/dr-hescheles\/\" title=\"Dr. Hescheles\"><img loading=\"lazy\" decoding=\"async\" width=\"253\" height=\"300\" src=\"https:\/\/center4smiles.com\/wp-content\/uploads\/2020\/01\/DrHescheles1.jpg\" class=\"attachment-full size-full\" alt=\"Dr Hescheles\" \/><\/a>   <\/div><\/div><div class=\"grve-empty-space\" style=\"height: 15px;\"><\/div>[vc_column_text]<\/p>\n<h4 style=\"text-align: center;\"><a href=\"https:\/\/center4smiles.com\/es\/principal\/acerca-de\/dr-hescheles\/\">Dr. Hescheles<\/a><\/h4>\n<p>[\/vc_column_text][\/vc_column][vc_column width=\u00bb3\/4&#8243;][vc_column_text]<\/p>\n<h3> Especialista en LANAP (l\u00e1ser) <\/h3>\n<p>[\/vc_column_text]<div class=\"grve-empty-space grve-height-1x\" style=\"\"><\/div>[vc_column_text]El procedimiento LANAP (l\u00e1ser) es realizado por el Dr. Hescheles en nuestra oficina de Boca Rat\u00f3n. Conocer a su m\u00e9dico antes de cualquier procedimiento ayuda a aliviar parte del estr\u00e9s y la ansiedad que conlleva cualquier procedimiento quir\u00fargico. Consulte la p\u00e1gina de biograf\u00edas individuales de los m\u00e9dicos para obtener m\u00e1s informaci\u00f3n.<\/p>\n<p>Cuando est\u00e9 listo para programar su consulta, ll\u00e1menos al <a href=\"tel:5614777171\"> (561) 477-7171 <\/a> y uno de nuestros asistentes de oficina ayudar\u00e1 a programar una cita que sea conveniente para usted o haga clic en el bot\u00f3n a continuaci\u00f3n para obtener informaci\u00f3n de oficina y contacto.[\/vc_column_text]<div class=\"grve-empty-space grve-height-1x\" style=\"\"><\/div><div class=\"grve-element grve-align-center\"><a href=\"http:\/\/center4smiles.dragonetdesign.com\/es\/principal\/contacto\/\" title=\"Contacto\" class=\"grve-btn grve-btn-medium grve-square grve-bg-primary-1 grve-bg-hover-primary-2 aboutbtn\"><span>Cont\u00e1ctenos<\/span><\/a><\/div>[\/vc_column][\/vc_row]<\/p>\n<\/div>","protected":false},"excerpt":{"rendered":"<p>[vc_row section_type=\u00bbfullwidth\u00bb padding_top_multiplier=\u00bb\u00bb padding_bottom_multiplier=\u00bb\u00bb columns_gap=\u00bbnone\u00bb][vc_column][\/vc_column][\/vc_row][vc_row][vc_column][vc_custom_heading text=\u00bbLANAP (Procedimiento de adjunto nuevo asistido por l\u00e1ser)\u00bb font_container=\u00bbtag:h1|text_align:center\u00bb use_theme_fonts=\u00bbyes\u00bb][vc_custom_heading text=\u00bbLa tecnolog\u00eda m\u00e1s avanzada utilizada para ayudar a prevenir la propagaci\u00f3n de la enfermedad de las enc\u00edas con un m\u00ednimo de molestias y un tiempo de curaci\u00f3n r\u00e1pido.\u00bb font_container=\u00bbtag:h4|text_align:center\u00bb use_theme_fonts=\u00bbyes\u00bb][\/vc_column][\/vc_row][vc_row][vc_column width=\u00bb1\/4&#8243;][\/vc_column][vc_column width=\u00bb3\/4&#8243;][vc_column_text]La enfermedad periodontal, com\u00fanmente conocida como \u00abenfermedad de las [&hellip;]<\/p>\n","protected":false},"author":1,"featured_media":0,"parent":845,"menu_order":0,"comment_status":"closed","ping_status":"closed","template":"","meta":{"footnotes":""},"class_list":["post-2202","page","type-page","status-publish","hentry"],"yoast_head":"<!-- This site is optimized with the Yoast SEO plugin v25.4 - https:\/\/yoast.com\/wordpress\/plugins\/seo\/ -->\n<title>LANAP (Procedimiento de nuevo accesorio asistido por l\u00e1ser) - Centro 4 sonrisas<\/title>\n<meta name=\"description\" content=\"Lanap (l\u00e1ser) La tecnolog\u00eda m\u00e1s avanzada utilizada para ayudar a prevenir la propagaci\u00f3n de la enfermedad de las enc\u00edas con un m\u00ednimo de molestias y un tiempo de curaci\u00f3n r\u00e1pido.\" \/>\n<meta name=\"robots\" content=\"index, follow, max-snippet:-1, max-image-preview:large, max-video-preview:-1\" \/>\n<link rel=\"canonical\" href=\"https:\/\/center4smiles.com\/es\/principal\/servicios\/lanap-laser\/\" \/>\n<meta property=\"og:locale\" content=\"es_ES\" \/>\n<meta property=\"og:type\" content=\"article\" \/>\n<meta property=\"og:title\" content=\"LANAP (Procedimiento de nuevo accesorio asistido por l\u00e1ser) - Centro 4 sonrisas\" \/>\n<meta property=\"og:description\" content=\"Lanap (l\u00e1ser) La tecnolog\u00eda m\u00e1s avanzada utilizada para ayudar a prevenir la propagaci\u00f3n de la enfermedad de las enc\u00edas con un m\u00ednimo de molestias y un tiempo de curaci\u00f3n r\u00e1pido.\" \/>\n<meta property=\"og:url\" content=\"https:\/\/center4smiles.com\/es\/principal\/servicios\/lanap-laser\/\" \/>\n<meta property=\"og:site_name\" content=\"Center 4 Smiles\" \/>\n<meta property=\"article:modified_time\" content=\"2020-01-14T15:51:05+00:00\" \/>\n<meta name=\"twitter:card\" content=\"summary_large_image\" \/>\n<meta name=\"twitter:label1\" content=\"Tiempo de lectura\" \/>\n\t<meta name=\"twitter:data1\" content=\"4 minutos\" \/>\n<script type=\"application\/ld+json\" class=\"yoast-schema-graph\">{\"@context\":\"https:\/\/schema.org\",\"@graph\":[{\"@type\":\"WebPage\",\"@id\":\"https:\/\/center4smiles.com\/es\/principal\/servicios\/lanap-laser\/\",\"url\":\"https:\/\/center4smiles.com\/es\/principal\/servicios\/lanap-laser\/\",\"name\":\"LANAP (Procedimiento de nuevo accesorio asistido por l\u00e1ser) - Centro 4 sonrisas\",\"isPartOf\":{\"@id\":\"https:\/\/center4smiles.com\/es\/#website\"},\"datePublished\":\"2019-09-27T17:45:54+00:00\",\"dateModified\":\"2020-01-14T15:51:05+00:00\",\"description\":\"Lanap (l\u00e1ser) La tecnolog\u00eda m\u00e1s avanzada utilizada para ayudar a prevenir la propagaci\u00f3n de la enfermedad de las enc\u00edas con un m\u00ednimo de molestias y un tiempo de curaci\u00f3n r\u00e1pido.\",\"breadcrumb\":{\"@id\":\"https:\/\/center4smiles.com\/es\/principal\/servicios\/lanap-laser\/#breadcrumb\"},\"inLanguage\":\"es\",\"potentialAction\":[{\"@type\":\"ReadAction\",\"target\":[\"https:\/\/center4smiles.com\/es\/principal\/servicios\/lanap-laser\/\"]}]},{\"@type\":\"BreadcrumbList\",\"@id\":\"https:\/\/center4smiles.com\/es\/principal\/servicios\/lanap-laser\/#breadcrumb\",\"itemListElement\":[{\"@type\":\"ListItem\",\"position\":1,\"name\":\"Home\",\"item\":\"https:\/\/center4smiles.com\/es\/principal\/\"},{\"@type\":\"ListItem\",\"position\":2,\"name\":\"Principal\",\"item\":\"https:\/\/center4smiles.com\/es\/principal\/\"},{\"@type\":\"ListItem\",\"position\":3,\"name\":\"Servicios\",\"item\":\"https:\/\/center4smiles.com\/es\/principal\/servicios\/\"},{\"@type\":\"ListItem\",\"position\":4,\"name\":\"LANAP (L\u00e1ser)\"}]},{\"@type\":\"WebSite\",\"@id\":\"https:\/\/center4smiles.com\/es\/#website\",\"url\":\"https:\/\/center4smiles.com\/es\/\",\"name\":\"Center 4 Smiles\",\"description\":\"Dental Implants &amp; Specialty Center\",\"potentialAction\":[{\"@type\":\"SearchAction\",\"target\":{\"@type\":\"EntryPoint\",\"urlTemplate\":\"https:\/\/center4smiles.com\/es\/?s={search_term_string}\"},\"query-input\":{\"@type\":\"PropertyValueSpecification\",\"valueRequired\":true,\"valueName\":\"search_term_string\"}}],\"inLanguage\":\"es\"}]}<\/script>\n<!-- \/ Yoast SEO plugin. -->","yoast_head_json":{"title":"LANAP (Procedimiento de nuevo accesorio asistido por l\u00e1ser) - Centro 4 sonrisas","description":"Lanap (l\u00e1ser) La tecnolog\u00eda m\u00e1s avanzada utilizada para ayudar a prevenir la propagaci\u00f3n de la enfermedad de las enc\u00edas con un m\u00ednimo de molestias y un tiempo de curaci\u00f3n r\u00e1pido.","robots":{"index":"index","follow":"follow","max-snippet":"max-snippet:-1","max-image-preview":"max-image-preview:large","max-video-preview":"max-video-preview:-1"},"canonical":"https:\/\/center4smiles.com\/es\/principal\/servicios\/lanap-laser\/","og_locale":"es_ES","og_type":"article","og_title":"LANAP (Procedimiento de nuevo accesorio asistido por l\u00e1ser) - Centro 4 sonrisas","og_description":"Lanap (l\u00e1ser) La tecnolog\u00eda m\u00e1s avanzada utilizada para ayudar a prevenir la propagaci\u00f3n de la enfermedad de las enc\u00edas con un m\u00ednimo de molestias y un tiempo de curaci\u00f3n r\u00e1pido.","og_url":"https:\/\/center4smiles.com\/es\/principal\/servicios\/lanap-laser\/","og_site_name":"Center 4 Smiles","article_modified_time":"2020-01-14T15:51:05+00:00","twitter_card":"summary_large_image","twitter_misc":{"Tiempo de lectura":"4 minutos"},"schema":{"@context":"https:\/\/schema.org","@graph":[{"@type":"WebPage","@id":"https:\/\/center4smiles.com\/es\/principal\/servicios\/lanap-laser\/","url":"https:\/\/center4smiles.com\/es\/principal\/servicios\/lanap-laser\/","name":"LANAP (Procedimiento de nuevo accesorio asistido por l\u00e1ser) - Centro 4 sonrisas","isPartOf":{"@id":"https:\/\/center4smiles.com\/es\/#website"},"datePublished":"2019-09-27T17:45:54+00:00","dateModified":"2020-01-14T15:51:05+00:00","description":"Lanap (l\u00e1ser) La tecnolog\u00eda m\u00e1s avanzada utilizada para ayudar a prevenir la propagaci\u00f3n de la enfermedad de las enc\u00edas con un m\u00ednimo de molestias y un tiempo de curaci\u00f3n r\u00e1pido.","breadcrumb":{"@id":"https:\/\/center4smiles.com\/es\/principal\/servicios\/lanap-laser\/#breadcrumb"},"inLanguage":"es","potentialAction":[{"@type":"ReadAction","target":["https:\/\/center4smiles.com\/es\/principal\/servicios\/lanap-laser\/"]}]},{"@type":"BreadcrumbList","@id":"https:\/\/center4smiles.com\/es\/principal\/servicios\/lanap-laser\/#breadcrumb","itemListElement":[{"@type":"ListItem","position":1,"name":"Home","item":"https:\/\/center4smiles.com\/es\/principal\/"},{"@type":"ListItem","position":2,"name":"Principal","item":"https:\/\/center4smiles.com\/es\/principal\/"},{"@type":"ListItem","position":3,"name":"Servicios","item":"https:\/\/center4smiles.com\/es\/principal\/servicios\/"},{"@type":"ListItem","position":4,"name":"LANAP (L\u00e1ser)"}]},{"@type":"WebSite","@id":"https:\/\/center4smiles.com\/es\/#website","url":"https:\/\/center4smiles.com\/es\/","name":"Center 4 Smiles","description":"Dental Implants &amp; Specialty Center","potentialAction":[{"@type":"SearchAction","target":{"@type":"EntryPoint","urlTemplate":"https:\/\/center4smiles.com\/es\/?s={search_term_string}"},"query-input":{"@type":"PropertyValueSpecification","valueRequired":true,"valueName":"search_term_string"}}],"inLanguage":"es"}]}},"_links":{"self":[{"href":"https:\/\/center4smiles.com\/es\/wp-json\/wp\/v2\/pages\/2202","targetHints":{"allow":["GET"]}}],"collection":[{"href":"https:\/\/center4smiles.com\/es\/wp-json\/wp\/v2\/pages"}],"about":[{"href":"https:\/\/center4smiles.com\/es\/wp-json\/wp\/v2\/types\/page"}],"author":[{"embeddable":true,"href":"https:\/\/center4smiles.com\/es\/wp-json\/wp\/v2\/users\/1"}],"replies":[{"embeddable":true,"href":"https:\/\/center4smiles.com\/es\/wp-json\/wp\/v2\/comments?post=2202"}],"version-history":[{"count":5,"href":"https:\/\/center4smiles.com\/es\/wp-json\/wp\/v2\/pages\/2202\/revisions"}],"predecessor-version":[{"id":2713,"href":"https:\/\/center4smiles.com\/es\/wp-json\/wp\/v2\/pages\/2202\/revisions\/2713"}],"up":[{"embeddable":true,"href":"https:\/\/center4smiles.com\/es\/wp-json\/wp\/v2\/pages\/845"}],"wp:attachment":[{"href":"https:\/\/center4smiles.com\/es\/wp-json\/wp\/v2\/media?parent=2202"}],"curies":[{"name":"wp","href":"https:\/\/api.w.org\/{rel}","templated":true}]}}