{"id":2198,"date":"2019-09-27T17:40:22","date_gmt":"2019-09-27T17:40:22","guid":{"rendered":"https:\/\/center4smiles.com\/principal\/servicios\/correccion-de-sonrisa-gomosa\/"},"modified":"2020-01-14T15:46:29","modified_gmt":"2020-01-14T15:46:29","slug":"correccion-de-sonrisa-gomosa","status":"publish","type":"page","link":"https:\/\/center4smiles.com\/es\/principal\/servicios\/correccion-de-sonrisa-gomosa\/","title":{"rendered":"Correcci\u00f3n de sonrisa gomosa"},"content":{"rendered":"<div class=\"wpb-content-wrapper\"><p>[vc_row section_type=\u00bbfullwidth\u00bb padding_top_multiplier=\u00bb\u00bb padding_bottom_multiplier=\u00bb\u00bb columns_gap=\u00bbnone\u00bb][vc_column]<div class=\"grve-element grve-image grve-align-center\" style=\"\">  <div class=\"grve-image-wrapper\"><img loading=\"lazy\" decoding=\"async\" width=\"1920\" height=\"400\" src=\"https:\/\/center4smiles.com\/wp-content\/uploads\/2019\/09\/GummySmileCorrection-1.jpg\" class=\"attachment-full size-full\" alt=\"Correcci\u00f3n de sonrisa gomosa\" srcset=\"https:\/\/center4smiles.com\/wp-content\/uploads\/2019\/09\/GummySmileCorrection-1.jpg 1920w, https:\/\/center4smiles.com\/wp-content\/uploads\/2019\/09\/GummySmileCorrection-1-300x63.jpg 300w, https:\/\/center4smiles.com\/wp-content\/uploads\/2019\/09\/GummySmileCorrection-1-768x160.jpg 768w, https:\/\/center4smiles.com\/wp-content\/uploads\/2019\/09\/GummySmileCorrection-1-1024x213.jpg 1024w\" sizes=\"auto, (max-width: 1920px) 100vw, 1920px\" \/>   <\/div><\/div>[\/vc_column][\/vc_row][vc_row][vc_column][vc_custom_heading text=\u00bbCorrecci\u00f3n de sonrisa gomosa\u00bb font_container=\u00bbtag:h1|text_align:center\u00bb use_theme_fonts=\u00bbyes\u00bb][\/vc_column][\/vc_row][vc_row][vc_column width=\u00bb2\/3&#8243;][vc_column_text]Este es un procedimiento f\u00e1cil y menor para un resultado est\u00e9tico inmediato. Nuestros expertos en maquillaje de sonrisa te dejar\u00e1n con la \u00abproporci\u00f3n dorada\u00bb a la que estar\u00e1s sonriendo toda la vida.<\/p>\n<h3> Correcci\u00f3n de sonrisa <\/h3>\n<p>A menudo, las personas que tienen \u00abdientes peque\u00f1os\u00bb en realidad no tienen dientes peque\u00f1os, simplemente tienen demasiado tejido de las enc\u00edas. Este es un procedimiento quir\u00fargico f\u00e1cil y menor que permite un resultado est\u00e9tico inmediato.<\/p>\n<p>Para lograr una sonrisa completa de dientes blancos, las enc\u00edas deben proporcionar una proporci\u00f3n proporcional que se conoce como la \u00abproporci\u00f3n de oro\u00bb. El Centro ha creado muchas hermosas sonrisas, no solo para pacientes en el sur de Florida, sino tambi\u00e9n para pacientes que han viajado desde el extranjero. Nuestra capacidad para comprender la excelencia dental y la est\u00e9tica ha dado como resultado una amplia cartera de sonrisas incre\u00edblemente hermosas.<\/p>\n<p>El Center 4 Smiles ha realizado muchos procedimientos de correcci\u00f3n de sonrisa gomosa y si desea ver algunos de los resultados, haga clic en <a href=\"https:\/\/center4smiles.com\/es\/principal\/galeria-de-la-sonrisa\/risa-contagiosa\/\"> smile gallery <\/a>.[\/vc_column_text][\/vc_column][vc_column width=\u00bb1\/3&#8243;]<div class=\"grve-element grve-image grve-align-center\" style=\"\">  <div class=\"grve-image-wrapper\"><img loading=\"lazy\" decoding=\"async\" width=\"381\" height=\"350\" src=\"https:\/\/center4smiles.com\/wp-content\/uploads\/2019\/09\/GummySmileCorrection-2.jpg\" class=\"attachment-full size-full\" alt=\"Correcci\u00f3n de sonrisa gomosa\" srcset=\"https:\/\/center4smiles.com\/wp-content\/uploads\/2019\/09\/GummySmileCorrection-2.jpg 381w, https:\/\/center4smiles.com\/wp-content\/uploads\/2019\/09\/GummySmileCorrection-2-300x276.jpg 300w\" sizes=\"auto, (max-width: 381px) 100vw, 381px\" \/>   <\/div><\/div>[\/vc_column][\/vc_row][vc_row padding_bottom_multiplier=\u00bb2x\u00bb][vc_column width=\u00bb1\/4&#8243;]<div class=\"grve-element grve-image grve-align-center\" style=\"\">  <div class=\"grve-image-wrapper\"><a href=\"https:\/\/center4smiles.com\/es\/principal\/acerca-de\/dr-orphanos\/\" title=\"Dr. Orphanos\"><img loading=\"lazy\" decoding=\"async\" width=\"253\" height=\"300\" src=\"https:\/\/center4smiles.com\/wp-content\/uploads\/2020\/01\/DrOrphanos1.jpg\" class=\"attachment-full size-full\" alt=\"Dr Orphanos\" \/><\/a>   <\/div><\/div><div class=\"grve-empty-space\" style=\"height: 15px;\"><\/div>[vc_column_text]<\/p>\n<h4 style=\"text-align: center;\"><a href=\"https:\/\/center4smiles.com\/es\/principal\/acerca-de\/dr-orphanos\/\">Dr. Orphanos<\/a><\/h4>\n<p>[\/vc_column_text][\/vc_column][vc_column width=\u00bb1\/4&#8243;]<div class=\"grve-element grve-image grve-align-center\" style=\"\">  <div class=\"grve-image-wrapper\"><a href=\"https:\/\/center4smiles.com\/es\/principal\/acerca-de\/dr-hescheles\/\" title=\"Dr. Hescheles\"><img loading=\"lazy\" decoding=\"async\" width=\"253\" height=\"300\" src=\"https:\/\/center4smiles.com\/wp-content\/uploads\/2020\/01\/DrHescheles1.jpg\" class=\"attachment-full size-full\" alt=\"Dr Hescheles\" \/><\/a>   <\/div><\/div><div class=\"grve-empty-space\" style=\"height: 15px;\"><\/div>[vc_column_text]<\/p>\n<h4 style=\"text-align: center;\"><a href=\"https:\/\/center4smiles.com\/es\/principal\/acerca-de\/dr-hescheles\/\">Dr. Hescheles<\/a><\/h4>\n<p>[\/vc_column_text][\/vc_column][vc_column width=\u00bb1\/2&#8243;][vc_column_text]<\/p>\n<h3> Especialistas en sonrisas gomosas <\/h3>\n<p>[\/vc_column_text]<div class=\"grve-empty-space grve-height-1x\" style=\"\"><\/div>[vc_column_text]El procedimiento de correcci\u00f3n de sonrisa gomosa lo realizan tanto el Dr. Orphanos como el Dr. Hescheles en nuestra oficina de Boca Raton. Conocer a su m\u00e9dico antes de cualquier procedimiento ayuda a aliviar parte del estr\u00e9s y la ansiedad que conlleva cualquier procedimiento quir\u00fargico. Consulte sus p\u00e1ginas bio individuales para obtener m\u00e1s informaci\u00f3n.<\/p>\n<p>Cuando est\u00e9 listo para programar su consulta, ll\u00e1menos al <a href=\"tel:5614777171\"> (561) 477-7171 <\/a> y uno de nuestros asistentes de oficina ayudar\u00e1 a programar una cita que sea conveniente para usted o haga clic en el bot\u00f3n a continuaci\u00f3n para obtener informaci\u00f3n de oficina y contacto.[\/vc_column_text]<div class=\"grve-empty-space grve-height-1x\" style=\"\"><\/div><div class=\"grve-element grve-align-center\"><a href=\"http:\/\/center4smiles.dragonetdesign.com\/es\/principal\/contacto\/\" title=\"Contacto\" class=\"grve-btn grve-btn-medium grve-square grve-bg-primary-1 grve-bg-hover-primary-2 aboutbtn\"><span>Cont\u00e1ctenos<\/span><\/a><\/div>[\/vc_column][\/vc_row]<\/p>\n<\/div>","protected":false},"excerpt":{"rendered":"<p>[vc_row section_type=\u00bbfullwidth\u00bb padding_top_multiplier=\u00bb\u00bb padding_bottom_multiplier=\u00bb\u00bb columns_gap=\u00bbnone\u00bb][vc_column][\/vc_column][\/vc_row][vc_row][vc_column][vc_custom_heading text=\u00bbCorrecci\u00f3n de sonrisa gomosa\u00bb font_container=\u00bbtag:h1|text_align:center\u00bb use_theme_fonts=\u00bbyes\u00bb][\/vc_column][\/vc_row][vc_row][vc_column width=\u00bb2\/3&#8243;][vc_column_text]Este es un procedimiento f\u00e1cil y menor para un resultado est\u00e9tico inmediato. Nuestros expertos en maquillaje de sonrisa te dejar\u00e1n con la \u00abproporci\u00f3n dorada\u00bb a la que estar\u00e1s sonriendo toda la vida. Correcci\u00f3n de sonrisa A menudo, las personas que tienen \u00abdientes peque\u00f1os\u00bb en [&hellip;]<\/p>\n","protected":false},"author":1,"featured_media":0,"parent":845,"menu_order":0,"comment_status":"closed","ping_status":"closed","template":"","meta":{"footnotes":""},"class_list":["post-2198","page","type-page","status-publish","hentry"],"yoast_head":"<!-- This site is optimized with the Yoast SEO plugin v25.4 - https:\/\/yoast.com\/wordpress\/plugins\/seo\/ -->\n<title>Correcci\u00f3n de sonrisa gomosa - Cambio de sonrisa - Centro 4 sonrisas<\/title>\n<meta name=\"description\" content=\"La correcci\u00f3n de la sonrisa gomosa es un procedimiento f\u00e1cil y menor para un resultado est\u00e9tico inmediato. Nuestros expertos en maquillaje de sonrisa te dejar\u00e1n con la sonrisa perfecta.\" \/>\n<meta name=\"robots\" content=\"index, follow, max-snippet:-1, max-image-preview:large, max-video-preview:-1\" \/>\n<link rel=\"canonical\" href=\"https:\/\/center4smiles.com\/es\/principal\/servicios\/correccion-de-sonrisa-gomosa\/\" \/>\n<meta property=\"og:locale\" content=\"es_ES\" \/>\n<meta property=\"og:type\" content=\"article\" \/>\n<meta property=\"og:title\" content=\"Correcci\u00f3n de sonrisa gomosa - Cambio de sonrisa - Centro 4 sonrisas\" \/>\n<meta property=\"og:description\" content=\"La correcci\u00f3n de la sonrisa gomosa es un procedimiento f\u00e1cil y menor para un resultado est\u00e9tico inmediato. Nuestros expertos en maquillaje de sonrisa te dejar\u00e1n con la sonrisa perfecta.\" \/>\n<meta property=\"og:url\" content=\"https:\/\/center4smiles.com\/es\/principal\/servicios\/correccion-de-sonrisa-gomosa\/\" \/>\n<meta property=\"og:site_name\" content=\"Center 4 Smiles\" \/>\n<meta property=\"article:modified_time\" content=\"2020-01-14T15:46:29+00:00\" \/>\n<meta name=\"twitter:card\" content=\"summary_large_image\" \/>\n<meta name=\"twitter:label1\" content=\"Tiempo de lectura\" \/>\n\t<meta name=\"twitter:data1\" content=\"3 minutos\" \/>\n<script type=\"application\/ld+json\" class=\"yoast-schema-graph\">{\"@context\":\"https:\/\/schema.org\",\"@graph\":[{\"@type\":\"WebPage\",\"@id\":\"https:\/\/center4smiles.com\/es\/principal\/servicios\/correccion-de-sonrisa-gomosa\/\",\"url\":\"https:\/\/center4smiles.com\/es\/principal\/servicios\/correccion-de-sonrisa-gomosa\/\",\"name\":\"Correcci\u00f3n de sonrisa gomosa - Cambio de sonrisa - Centro 4 sonrisas\",\"isPartOf\":{\"@id\":\"https:\/\/center4smiles.com\/es\/#website\"},\"datePublished\":\"2019-09-27T17:40:22+00:00\",\"dateModified\":\"2020-01-14T15:46:29+00:00\",\"description\":\"La correcci\u00f3n de la sonrisa gomosa es un procedimiento f\u00e1cil y menor para un resultado est\u00e9tico inmediato. Nuestros expertos en maquillaje de sonrisa te dejar\u00e1n con la sonrisa perfecta.\",\"breadcrumb\":{\"@id\":\"https:\/\/center4smiles.com\/es\/principal\/servicios\/correccion-de-sonrisa-gomosa\/#breadcrumb\"},\"inLanguage\":\"es\",\"potentialAction\":[{\"@type\":\"ReadAction\",\"target\":[\"https:\/\/center4smiles.com\/es\/principal\/servicios\/correccion-de-sonrisa-gomosa\/\"]}]},{\"@type\":\"BreadcrumbList\",\"@id\":\"https:\/\/center4smiles.com\/es\/principal\/servicios\/correccion-de-sonrisa-gomosa\/#breadcrumb\",\"itemListElement\":[{\"@type\":\"ListItem\",\"position\":1,\"name\":\"Home\",\"item\":\"https:\/\/center4smiles.com\/es\/principal\/\"},{\"@type\":\"ListItem\",\"position\":2,\"name\":\"Principal\",\"item\":\"https:\/\/center4smiles.com\/es\/principal\/\"},{\"@type\":\"ListItem\",\"position\":3,\"name\":\"Servicios\",\"item\":\"https:\/\/center4smiles.com\/es\/principal\/servicios\/\"},{\"@type\":\"ListItem\",\"position\":4,\"name\":\"Correcci\u00f3n de sonrisa gomosa\"}]},{\"@type\":\"WebSite\",\"@id\":\"https:\/\/center4smiles.com\/es\/#website\",\"url\":\"https:\/\/center4smiles.com\/es\/\",\"name\":\"Center 4 Smiles\",\"description\":\"Dental Implants &amp; Specialty Center\",\"potentialAction\":[{\"@type\":\"SearchAction\",\"target\":{\"@type\":\"EntryPoint\",\"urlTemplate\":\"https:\/\/center4smiles.com\/es\/?s={search_term_string}\"},\"query-input\":{\"@type\":\"PropertyValueSpecification\",\"valueRequired\":true,\"valueName\":\"search_term_string\"}}],\"inLanguage\":\"es\"}]}<\/script>\n<!-- \/ Yoast SEO plugin. -->","yoast_head_json":{"title":"Correcci\u00f3n de sonrisa gomosa - Cambio de sonrisa - Centro 4 sonrisas","description":"La correcci\u00f3n de la sonrisa gomosa es un procedimiento f\u00e1cil y menor para un resultado est\u00e9tico inmediato. Nuestros expertos en maquillaje de sonrisa te dejar\u00e1n con la sonrisa perfecta.","robots":{"index":"index","follow":"follow","max-snippet":"max-snippet:-1","max-image-preview":"max-image-preview:large","max-video-preview":"max-video-preview:-1"},"canonical":"https:\/\/center4smiles.com\/es\/principal\/servicios\/correccion-de-sonrisa-gomosa\/","og_locale":"es_ES","og_type":"article","og_title":"Correcci\u00f3n de sonrisa gomosa - Cambio de sonrisa - Centro 4 sonrisas","og_description":"La correcci\u00f3n de la sonrisa gomosa es un procedimiento f\u00e1cil y menor para un resultado est\u00e9tico inmediato. Nuestros expertos en maquillaje de sonrisa te dejar\u00e1n con la sonrisa perfecta.","og_url":"https:\/\/center4smiles.com\/es\/principal\/servicios\/correccion-de-sonrisa-gomosa\/","og_site_name":"Center 4 Smiles","article_modified_time":"2020-01-14T15:46:29+00:00","twitter_card":"summary_large_image","twitter_misc":{"Tiempo de lectura":"3 minutos"},"schema":{"@context":"https:\/\/schema.org","@graph":[{"@type":"WebPage","@id":"https:\/\/center4smiles.com\/es\/principal\/servicios\/correccion-de-sonrisa-gomosa\/","url":"https:\/\/center4smiles.com\/es\/principal\/servicios\/correccion-de-sonrisa-gomosa\/","name":"Correcci\u00f3n de sonrisa gomosa - Cambio de sonrisa - Centro 4 sonrisas","isPartOf":{"@id":"https:\/\/center4smiles.com\/es\/#website"},"datePublished":"2019-09-27T17:40:22+00:00","dateModified":"2020-01-14T15:46:29+00:00","description":"La correcci\u00f3n de la sonrisa gomosa es un procedimiento f\u00e1cil y menor para un resultado est\u00e9tico inmediato. Nuestros expertos en maquillaje de sonrisa te dejar\u00e1n con la sonrisa perfecta.","breadcrumb":{"@id":"https:\/\/center4smiles.com\/es\/principal\/servicios\/correccion-de-sonrisa-gomosa\/#breadcrumb"},"inLanguage":"es","potentialAction":[{"@type":"ReadAction","target":["https:\/\/center4smiles.com\/es\/principal\/servicios\/correccion-de-sonrisa-gomosa\/"]}]},{"@type":"BreadcrumbList","@id":"https:\/\/center4smiles.com\/es\/principal\/servicios\/correccion-de-sonrisa-gomosa\/#breadcrumb","itemListElement":[{"@type":"ListItem","position":1,"name":"Home","item":"https:\/\/center4smiles.com\/es\/principal\/"},{"@type":"ListItem","position":2,"name":"Principal","item":"https:\/\/center4smiles.com\/es\/principal\/"},{"@type":"ListItem","position":3,"name":"Servicios","item":"https:\/\/center4smiles.com\/es\/principal\/servicios\/"},{"@type":"ListItem","position":4,"name":"Correcci\u00f3n de sonrisa gomosa"}]},{"@type":"WebSite","@id":"https:\/\/center4smiles.com\/es\/#website","url":"https:\/\/center4smiles.com\/es\/","name":"Center 4 Smiles","description":"Dental Implants &amp; Specialty Center","potentialAction":[{"@type":"SearchAction","target":{"@type":"EntryPoint","urlTemplate":"https:\/\/center4smiles.com\/es\/?s={search_term_string}"},"query-input":{"@type":"PropertyValueSpecification","valueRequired":true,"valueName":"search_term_string"}}],"inLanguage":"es"}]}},"_links":{"self":[{"href":"https:\/\/center4smiles.com\/es\/wp-json\/wp\/v2\/pages\/2198","targetHints":{"allow":["GET"]}}],"collection":[{"href":"https:\/\/center4smiles.com\/es\/wp-json\/wp\/v2\/pages"}],"about":[{"href":"https:\/\/center4smiles.com\/es\/wp-json\/wp\/v2\/types\/page"}],"author":[{"embeddable":true,"href":"https:\/\/center4smiles.com\/es\/wp-json\/wp\/v2\/users\/1"}],"replies":[{"embeddable":true,"href":"https:\/\/center4smiles.com\/es\/wp-json\/wp\/v2\/comments?post=2198"}],"version-history":[{"count":4,"href":"https:\/\/center4smiles.com\/es\/wp-json\/wp\/v2\/pages\/2198\/revisions"}],"predecessor-version":[{"id":2706,"href":"https:\/\/center4smiles.com\/es\/wp-json\/wp\/v2\/pages\/2198\/revisions\/2706"}],"up":[{"embeddable":true,"href":"https:\/\/center4smiles.com\/es\/wp-json\/wp\/v2\/pages\/845"}],"wp:attachment":[{"href":"https:\/\/center4smiles.com\/es\/wp-json\/wp\/v2\/media?parent=2198"}],"curies":[{"name":"wp","href":"https:\/\/api.w.org\/{rel}","templated":true}]}}