{"id":2186,"date":"2019-09-27T17:37:18","date_gmt":"2019-09-27T17:37:18","guid":{"rendered":"https:\/\/center4smiles.com\/principal\/servicios\/injerto-de-goma\/"},"modified":"2020-01-14T15:41:49","modified_gmt":"2020-01-14T15:41:49","slug":"injerto-de-goma","status":"publish","type":"page","link":"https:\/\/center4smiles.com\/es\/principal\/servicios\/injerto-de-goma\/","title":{"rendered":"Injerto de goma"},"content":{"rendered":"<div class=\"wpb-content-wrapper\"><p>[vc_row section_type=\u00bbfullwidth\u00bb padding_top_multiplier=\u00bb\u00bb padding_bottom_multiplier=\u00bb\u00bb columns_gap=\u00bbnone\u00bb][vc_column]<div class=\"grve-element grve-image grve-align-center\" style=\"\">  <div class=\"grve-image-wrapper\"><img loading=\"lazy\" decoding=\"async\" width=\"1920\" height=\"400\" src=\"https:\/\/center4smiles.com\/wp-content\/uploads\/2019\/09\/GumGraftingBanner1.jpg\" class=\"attachment-full size-full\" alt=\"Injerto de goma\" srcset=\"https:\/\/center4smiles.com\/wp-content\/uploads\/2019\/09\/GumGraftingBanner1.jpg 1920w, https:\/\/center4smiles.com\/wp-content\/uploads\/2019\/09\/GumGraftingBanner1-300x63.jpg 300w, https:\/\/center4smiles.com\/wp-content\/uploads\/2019\/09\/GumGraftingBanner1-768x160.jpg 768w, https:\/\/center4smiles.com\/wp-content\/uploads\/2019\/09\/GumGraftingBanner1-1024x213.jpg 1024w\" sizes=\"auto, (max-width: 1920px) 100vw, 1920px\" \/>   <\/div><\/div>[\/vc_column][\/vc_row][vc_row][vc_column][vc_custom_heading text=\u00bbInjerto de goma\u00bb font_container=\u00bbtag:h1|text_align:center\u00bb use_theme_fonts=\u00bbyes\u00bb][\/vc_column][\/vc_row][vc_row padding_bottom_multiplier=\u00bb2x\u00bb][vc_column width=\u00bb1\/2&#8243;][vc_column_text]Atr\u00e1s quedaron los d\u00edas de docenas de puntos de sutura y la cosecha de losas gruesas de chicle para reemplazar las \u00e1reas de adelgazamiento. Nuestra oficina ha perfeccionado una t\u00e9cnica de injerto de enc\u00edas que es m\u00ednimamente invasiva y ha hecho obsoletas las incisiones grandes.<\/p>\n<h3>\u00bfQu\u00e9 es el injerto de goma?<\/h3>\n<p>Esta es una microcirug\u00eda m\u00ednimamente invasiva que requiere una peque\u00f1a incisi\u00f3n en el t\u00fanel y dos micro suturas. Ya no existe la necesidad de docenas de puntos de sutura o la recolecci\u00f3n de losas gruesas de tejido de enc\u00edas, porque Center 4 Smiles ha perfeccionado la t\u00e9cnica del t\u00fanel microquir\u00fargico.<\/p>\n<p>Esta es una t\u00e9cnica que tiene una molestia postoperatoria m\u00ednima o nula con un resultado muy confiable y predecible.[\/vc_column_text][\/vc_column][vc_column width=\u00bb1\/2&#8243;]<div class=\"grve-element grve-image grve-align-center\" style=\"\">  <div class=\"grve-image-wrapper\"><img loading=\"lazy\" decoding=\"async\" width=\"585\" height=\"300\" src=\"https:\/\/center4smiles.com\/wp-content\/uploads\/2019\/09\/GumGrafting1.jpg\" class=\"attachment-full size-full\" alt=\"Injerto de goma 1\" srcset=\"https:\/\/center4smiles.com\/wp-content\/uploads\/2019\/09\/GumGrafting1.jpg 585w, https:\/\/center4smiles.com\/wp-content\/uploads\/2019\/09\/GumGrafting1-300x154.jpg 300w\" sizes=\"auto, (max-width: 585px) 100vw, 585px\" \/>   <\/div><\/div>[\/vc_column][\/vc_row][vc_row padding_bottom_multiplier=\u00bb2x\u00bb][vc_column width=\u00bb1\/4&#8243;]<div class=\"grve-element grve-image grve-align-center\" style=\"\">  <div class=\"grve-image-wrapper\"><a href=\"https:\/\/center4smiles.com\/es\/principal\/acerca-de\/dr-orphanos\/\" title=\"Dr. Orphanos\"><img loading=\"lazy\" decoding=\"async\" width=\"253\" height=\"300\" src=\"https:\/\/center4smiles.com\/wp-content\/uploads\/2020\/01\/DrOrphanos1.jpg\" class=\"attachment-full size-full\" alt=\"Dr Orphanos\" \/><\/a>   <\/div><\/div><div class=\"grve-empty-space\" style=\"height: 15px;\"><\/div>[vc_column_text]<\/p>\n<h4 style=\"text-align: center;\"><a href=\"https:\/\/center4smiles.com\/es\/principal\/acerca-de\/dr-orphanos\/\">Dr. Orphanos<\/a><\/h4>\n<p>[\/vc_column_text][\/vc_column][vc_column width=\u00bb1\/4&#8243;]<div class=\"grve-element grve-image grve-align-center\" style=\"\">  <div class=\"grve-image-wrapper\"><a href=\"https:\/\/center4smiles.com\/es\/principal\/acerca-de\/dr-hescheles\/\" title=\"Dr. Hescheles\"><img loading=\"lazy\" decoding=\"async\" width=\"253\" height=\"300\" src=\"https:\/\/center4smiles.com\/wp-content\/uploads\/2020\/01\/DrHescheles1.jpg\" class=\"attachment-full size-full\" alt=\"Dr Hescheles\" \/><\/a>   <\/div><\/div><div class=\"grve-empty-space\" style=\"height: 15px;\"><\/div>[vc_column_text]<\/p>\n<h4 style=\"text-align: center;\"><a href=\"https:\/\/center4smiles.com\/es\/principal\/acerca-de\/dr-hescheles\/\">Dr. Hescheles<\/a><\/h4>\n<p>[\/vc_column_text][\/vc_column][vc_column width=\u00bb1\/2&#8243;][vc_column_text]<\/p>\n<h3>Especialistas en injerto de goma<\/h3>\n<p>&nbsp;<br \/>\n[\/vc_column_text]<div class=\"grve-empty-space grve-height-1x\" style=\"\"><\/div>[vc_column_text]El procedimiento de injerto de enc\u00edas es realizado tanto por el Dr. Orphanos como por el Dr. Hescheles en nuestra oficina de Boca Raton. Conocer a su m\u00e9dico antes de cualquier procedimiento ayuda a aliviar parte del estr\u00e9s y la ansiedad que conlleva cualquier procedimiento quir\u00fargico. Consulte sus p\u00e1ginas bio individuales para obtener m\u00e1s informaci\u00f3n.<\/p>\n<p>Cuando est\u00e9 listo para programar su consulta, ll\u00e1menos al <a href=\"tel:5614777171\"> (561) 477-7171 <\/a> y uno de nuestros asistentes de oficina ayudar\u00e1 a programar una cita que es conveniente para usted o haga clic en el bot\u00f3n a continuaci\u00f3n para obtener informaci\u00f3n de oficina y contacto.[\/vc_column_text]<div class=\"grve-empty-space grve-height-1x\" style=\"\"><\/div><div class=\"grve-element grve-align-center\"><a href=\"http:\/\/center4smiles.dragonetdesign.com\/es\/principal\/contacto\/\" title=\"Contacto\" class=\"grve-btn grve-btn-medium grve-square grve-bg-primary-1 grve-bg-hover-primary-2 aboutbtn\"><span>Cont\u00e1ctenos<\/span><\/a><\/div>[\/vc_column][\/vc_row]<\/p>\n<\/div>","protected":false},"excerpt":{"rendered":"<p>[vc_row section_type=\u00bbfullwidth\u00bb padding_top_multiplier=\u00bb\u00bb padding_bottom_multiplier=\u00bb\u00bb columns_gap=\u00bbnone\u00bb][vc_column][\/vc_column][\/vc_row][vc_row][vc_column][vc_custom_heading text=\u00bbInjerto de goma\u00bb font_container=\u00bbtag:h1|text_align:center\u00bb use_theme_fonts=\u00bbyes\u00bb][\/vc_column][\/vc_row][vc_row padding_bottom_multiplier=\u00bb2x\u00bb][vc_column width=\u00bb1\/2&#8243;][vc_column_text]Atr\u00e1s quedaron los d\u00edas de docenas de puntos de sutura y la cosecha de losas gruesas de chicle para reemplazar las \u00e1reas de adelgazamiento. Nuestra oficina ha perfeccionado una t\u00e9cnica de injerto de enc\u00edas que es m\u00ednimamente invasiva y ha hecho obsoletas las incisiones [&hellip;]<\/p>\n","protected":false},"author":1,"featured_media":0,"parent":845,"menu_order":0,"comment_status":"closed","ping_status":"closed","template":"","meta":{"footnotes":""},"class_list":["post-2186","page","type-page","status-publish","hentry"],"yoast_head":"<!-- This site is optimized with the Yoast SEO plugin v25.4 - https:\/\/yoast.com\/wordpress\/plugins\/seo\/ -->\n<title>Injerto de enc\u00edas - Procedimiento m\u00ednimamente invasivo - Centro 4 sonrisas<\/title>\n<meta name=\"description\" content=\"El injerto de enc\u00edas es una t\u00e9cnica de microcirug\u00eda m\u00ednimamente invasiva que requiere una peque\u00f1a incisi\u00f3n en el t\u00fanel, as\u00ed como dos micro suturas.\" \/>\n<meta name=\"robots\" content=\"index, follow, max-snippet:-1, max-image-preview:large, max-video-preview:-1\" \/>\n<link rel=\"canonical\" href=\"https:\/\/center4smiles.com\/es\/principal\/servicios\/injerto-de-goma\/\" \/>\n<meta property=\"og:locale\" content=\"es_ES\" \/>\n<meta property=\"og:type\" content=\"article\" \/>\n<meta property=\"og:title\" content=\"Injerto de enc\u00edas - Procedimiento m\u00ednimamente invasivo - Centro 4 sonrisas\" \/>\n<meta property=\"og:description\" content=\"El injerto de enc\u00edas es una t\u00e9cnica de microcirug\u00eda m\u00ednimamente invasiva que requiere una peque\u00f1a incisi\u00f3n en el t\u00fanel, as\u00ed como dos micro suturas.\" \/>\n<meta property=\"og:url\" content=\"https:\/\/center4smiles.com\/es\/principal\/servicios\/injerto-de-goma\/\" \/>\n<meta property=\"og:site_name\" content=\"Center 4 Smiles\" \/>\n<meta property=\"article:modified_time\" content=\"2020-01-14T15:41:49+00:00\" \/>\n<meta name=\"twitter:card\" content=\"summary_large_image\" \/>\n<meta name=\"twitter:label1\" content=\"Tiempo de lectura\" \/>\n\t<meta name=\"twitter:data1\" content=\"2 minutos\" \/>\n<script type=\"application\/ld+json\" class=\"yoast-schema-graph\">{\"@context\":\"https:\/\/schema.org\",\"@graph\":[{\"@type\":\"WebPage\",\"@id\":\"https:\/\/center4smiles.com\/es\/principal\/servicios\/injerto-de-goma\/\",\"url\":\"https:\/\/center4smiles.com\/es\/principal\/servicios\/injerto-de-goma\/\",\"name\":\"Injerto de enc\u00edas - Procedimiento m\u00ednimamente invasivo - Centro 4 sonrisas\",\"isPartOf\":{\"@id\":\"https:\/\/center4smiles.com\/es\/#website\"},\"datePublished\":\"2019-09-27T17:37:18+00:00\",\"dateModified\":\"2020-01-14T15:41:49+00:00\",\"description\":\"El injerto de enc\u00edas es una t\u00e9cnica de microcirug\u00eda m\u00ednimamente invasiva que requiere una peque\u00f1a incisi\u00f3n en el t\u00fanel, as\u00ed como dos micro suturas.\",\"breadcrumb\":{\"@id\":\"https:\/\/center4smiles.com\/es\/principal\/servicios\/injerto-de-goma\/#breadcrumb\"},\"inLanguage\":\"es\",\"potentialAction\":[{\"@type\":\"ReadAction\",\"target\":[\"https:\/\/center4smiles.com\/es\/principal\/servicios\/injerto-de-goma\/\"]}]},{\"@type\":\"BreadcrumbList\",\"@id\":\"https:\/\/center4smiles.com\/es\/principal\/servicios\/injerto-de-goma\/#breadcrumb\",\"itemListElement\":[{\"@type\":\"ListItem\",\"position\":1,\"name\":\"Home\",\"item\":\"https:\/\/center4smiles.com\/es\/principal\/\"},{\"@type\":\"ListItem\",\"position\":2,\"name\":\"Principal\",\"item\":\"https:\/\/center4smiles.com\/es\/principal\/\"},{\"@type\":\"ListItem\",\"position\":3,\"name\":\"Servicios\",\"item\":\"https:\/\/center4smiles.com\/es\/principal\/servicios\/\"},{\"@type\":\"ListItem\",\"position\":4,\"name\":\"Injerto de goma\"}]},{\"@type\":\"WebSite\",\"@id\":\"https:\/\/center4smiles.com\/es\/#website\",\"url\":\"https:\/\/center4smiles.com\/es\/\",\"name\":\"Center 4 Smiles\",\"description\":\"Dental Implants &amp; Specialty Center\",\"potentialAction\":[{\"@type\":\"SearchAction\",\"target\":{\"@type\":\"EntryPoint\",\"urlTemplate\":\"https:\/\/center4smiles.com\/es\/?s={search_term_string}\"},\"query-input\":{\"@type\":\"PropertyValueSpecification\",\"valueRequired\":true,\"valueName\":\"search_term_string\"}}],\"inLanguage\":\"es\"}]}<\/script>\n<!-- \/ Yoast SEO plugin. -->","yoast_head_json":{"title":"Injerto de enc\u00edas - Procedimiento m\u00ednimamente invasivo - Centro 4 sonrisas","description":"El injerto de enc\u00edas es una t\u00e9cnica de microcirug\u00eda m\u00ednimamente invasiva que requiere una peque\u00f1a incisi\u00f3n en el t\u00fanel, as\u00ed como dos micro suturas.","robots":{"index":"index","follow":"follow","max-snippet":"max-snippet:-1","max-image-preview":"max-image-preview:large","max-video-preview":"max-video-preview:-1"},"canonical":"https:\/\/center4smiles.com\/es\/principal\/servicios\/injerto-de-goma\/","og_locale":"es_ES","og_type":"article","og_title":"Injerto de enc\u00edas - Procedimiento m\u00ednimamente invasivo - Centro 4 sonrisas","og_description":"El injerto de enc\u00edas es una t\u00e9cnica de microcirug\u00eda m\u00ednimamente invasiva que requiere una peque\u00f1a incisi\u00f3n en el t\u00fanel, as\u00ed como dos micro suturas.","og_url":"https:\/\/center4smiles.com\/es\/principal\/servicios\/injerto-de-goma\/","og_site_name":"Center 4 Smiles","article_modified_time":"2020-01-14T15:41:49+00:00","twitter_card":"summary_large_image","twitter_misc":{"Tiempo de lectura":"2 minutos"},"schema":{"@context":"https:\/\/schema.org","@graph":[{"@type":"WebPage","@id":"https:\/\/center4smiles.com\/es\/principal\/servicios\/injerto-de-goma\/","url":"https:\/\/center4smiles.com\/es\/principal\/servicios\/injerto-de-goma\/","name":"Injerto de enc\u00edas - Procedimiento m\u00ednimamente invasivo - Centro 4 sonrisas","isPartOf":{"@id":"https:\/\/center4smiles.com\/es\/#website"},"datePublished":"2019-09-27T17:37:18+00:00","dateModified":"2020-01-14T15:41:49+00:00","description":"El injerto de enc\u00edas es una t\u00e9cnica de microcirug\u00eda m\u00ednimamente invasiva que requiere una peque\u00f1a incisi\u00f3n en el t\u00fanel, as\u00ed como dos micro suturas.","breadcrumb":{"@id":"https:\/\/center4smiles.com\/es\/principal\/servicios\/injerto-de-goma\/#breadcrumb"},"inLanguage":"es","potentialAction":[{"@type":"ReadAction","target":["https:\/\/center4smiles.com\/es\/principal\/servicios\/injerto-de-goma\/"]}]},{"@type":"BreadcrumbList","@id":"https:\/\/center4smiles.com\/es\/principal\/servicios\/injerto-de-goma\/#breadcrumb","itemListElement":[{"@type":"ListItem","position":1,"name":"Home","item":"https:\/\/center4smiles.com\/es\/principal\/"},{"@type":"ListItem","position":2,"name":"Principal","item":"https:\/\/center4smiles.com\/es\/principal\/"},{"@type":"ListItem","position":3,"name":"Servicios","item":"https:\/\/center4smiles.com\/es\/principal\/servicios\/"},{"@type":"ListItem","position":4,"name":"Injerto de goma"}]},{"@type":"WebSite","@id":"https:\/\/center4smiles.com\/es\/#website","url":"https:\/\/center4smiles.com\/es\/","name":"Center 4 Smiles","description":"Dental Implants &amp; Specialty Center","potentialAction":[{"@type":"SearchAction","target":{"@type":"EntryPoint","urlTemplate":"https:\/\/center4smiles.com\/es\/?s={search_term_string}"},"query-input":{"@type":"PropertyValueSpecification","valueRequired":true,"valueName":"search_term_string"}}],"inLanguage":"es"}]}},"_links":{"self":[{"href":"https:\/\/center4smiles.com\/es\/wp-json\/wp\/v2\/pages\/2186","targetHints":{"allow":["GET"]}}],"collection":[{"href":"https:\/\/center4smiles.com\/es\/wp-json\/wp\/v2\/pages"}],"about":[{"href":"https:\/\/center4smiles.com\/es\/wp-json\/wp\/v2\/types\/page"}],"author":[{"embeddable":true,"href":"https:\/\/center4smiles.com\/es\/wp-json\/wp\/v2\/users\/1"}],"replies":[{"embeddable":true,"href":"https:\/\/center4smiles.com\/es\/wp-json\/wp\/v2\/comments?post=2186"}],"version-history":[{"count":4,"href":"https:\/\/center4smiles.com\/es\/wp-json\/wp\/v2\/pages\/2186\/revisions"}],"predecessor-version":[{"id":2699,"href":"https:\/\/center4smiles.com\/es\/wp-json\/wp\/v2\/pages\/2186\/revisions\/2699"}],"up":[{"embeddable":true,"href":"https:\/\/center4smiles.com\/es\/wp-json\/wp\/v2\/pages\/845"}],"wp:attachment":[{"href":"https:\/\/center4smiles.com\/es\/wp-json\/wp\/v2\/media?parent=2186"}],"curies":[{"name":"wp","href":"https:\/\/api.w.org\/{rel}","templated":true}]}}