{"id":2174,"date":"2019-09-27T17:34:03","date_gmt":"2019-09-27T17:34:03","guid":{"rendered":"https:\/\/center4smiles.com\/principal\/servicios\/gentlewave\/"},"modified":"2020-01-14T15:35:45","modified_gmt":"2020-01-14T15:35:45","slug":"gentlewave","status":"publish","type":"page","link":"https:\/\/center4smiles.com\/es\/principal\/servicios\/gentlewave\/","title":{"rendered":"GentleWave"},"content":{"rendered":"<div class=\"wpb-content-wrapper\"><p>[vc_row section_type=\u00bbfullwidth\u00bb padding_top_multiplier=\u00bb\u00bb padding_bottom_multiplier=\u00bb\u00bb columns_gap=\u00bbnone\u00bb][vc_column]<div class=\"grve-element grve-image grve-align-center\" style=\"\">  <div class=\"grve-image-wrapper\"><img loading=\"lazy\" decoding=\"async\" width=\"1920\" height=\"400\" src=\"https:\/\/center4smiles.com\/wp-content\/uploads\/2019\/09\/GentleWave-1.jpg\" class=\"attachment-full size-full\" alt=\"GentleWave\" srcset=\"https:\/\/center4smiles.com\/wp-content\/uploads\/2019\/09\/GentleWave-1.jpg 1920w, https:\/\/center4smiles.com\/wp-content\/uploads\/2019\/09\/GentleWave-1-300x63.jpg 300w, https:\/\/center4smiles.com\/wp-content\/uploads\/2019\/09\/GentleWave-1-768x160.jpg 768w, https:\/\/center4smiles.com\/wp-content\/uploads\/2019\/09\/GentleWave-1-1024x213.jpg 1024w\" sizes=\"auto, (max-width: 1920px) 100vw, 1920px\" \/>   <\/div><\/div>[\/vc_column][\/vc_row][vc_row][vc_column][vc_custom_heading text=\u00bbGentleWave\u00bb font_container=\u00bbtag:h1|text_align:center\u00bb use_theme_fonts=\u00bbyes\u00bb][\/vc_column][\/vc_row][vc_row padding_bottom_multiplier=\u00bb\u00bb][vc_column][vc_column_text]<\/p>\n<h3> \u00bfC\u00f3mo funciona el procedimiento GentleWave Ultracleaning? <\/h3>\n<p>[\/vc_column_text][\/vc_column][\/vc_row][vc_row][vc_column width=\u00bb2\/3&#8243;][vc_column_text]El sistema GentleWave utiliza una din\u00e1mica de fluidos avanzada para crear un v\u00f3rtice de fluidos de procedimientos que viajan a trav\u00e9s del sistema de conducto radicular. En el camino, la energ\u00eda ac\u00fastica de amplio espectro ayuda a eliminar el tejido y los desechos que causan la infecci\u00f3n.<\/p>\n<p>A diferencia de los tratamientos est\u00e1ndar del conducto radicular, el procedimiento de limpieza ultra suave GentleWave puede llegar a todo el diente incluso en los lugares microsc\u00f3picos donde las bacterias pueden esconderse.<\/p>\n<p>Los especialistas del Centro 4 Sonrisas tienen capacitaci\u00f3n avanzada en el uso de un microscopio dental de \u00faltima generaci\u00f3n.<\/p>\n<p>Toda la atenci\u00f3n de endodoncia se proporciona utilizando esta tecnolog\u00eda para ampliar e iluminar el \u00e1rea de preocupaci\u00f3n para el Dr. Prusakowski y su asistente dental.<\/p>\n<p>El resultado es un acceso y una vista incomparables de los intrincados sistemas de canales internos de los dientes de nuestros pacientes y un resultado m\u00e1s predecible.[\/vc_column_text][\/vc_column][vc_column width=\u00bb1\/3&#8243;]<div class=\"grve-element grve-image grve-align-center\" style=\"\">  <div class=\"grve-image-wrapper\"><img loading=\"lazy\" decoding=\"async\" width=\"381\" height=\"350\" src=\"https:\/\/center4smiles.com\/wp-content\/uploads\/2019\/09\/GentleWave-2.jpg\" class=\"attachment-full size-full\" alt=\"Procedimiento de GentleWave\" srcset=\"https:\/\/center4smiles.com\/wp-content\/uploads\/2019\/09\/GentleWave-2.jpg 381w, https:\/\/center4smiles.com\/wp-content\/uploads\/2019\/09\/GentleWave-2-300x276.jpg 300w\" sizes=\"auto, (max-width: 381px) 100vw, 381px\" \/>   <\/div><\/div>[\/vc_column][\/vc_row][vc_row padding_bottom_multiplier=\u00bb2x\u00bb][vc_column width=\u00bb1\/4&#8243;]<div class=\"grve-element grve-image grve-align-center\" style=\"\">  <div class=\"grve-image-wrapper\"><a href=\"https:\/\/center4smiles.com\/es\/principal\/acerca-de\/dr-prusakowski\/\" title=\"Dr. Prusakowski\"><img loading=\"lazy\" decoding=\"async\" width=\"253\" height=\"300\" src=\"https:\/\/center4smiles.com\/wp-content\/uploads\/2020\/01\/DrPrusakowski1.jpg\" class=\"attachment-full size-full\" alt=\"Dr Prusakowski\" \/><\/a>   <\/div><\/div><div class=\"grve-empty-space\" style=\"height: 15px;\"><\/div>[vc_column_text]<\/p>\n<h4 style=\"text-align: center;\"><a href=\"https:\/\/center4smiles.com\/es\/principal\/acerca-de\/dr-prusakowski\/\">Dr. Prusakowski<\/a><\/h4>\n<p>[\/vc_column_text][\/vc_column][vc_column width=\u00bb3\/4&#8243;][vc_column_text]<\/p>\n<h3> Especialista en GentleWave <\/h3>\n<p>[\/vc_column_text]<div class=\"grve-empty-space grve-height-1x\" style=\"\"><\/div>[vc_column_text]El procedimiento GentleWave lo realiza el Dr. Prusakowski en nuestra oficina de Boca Raton. Conocer a su m\u00e9dico antes de cualquier procedimiento ayuda a aliviar parte del estr\u00e9s y la ansiedad que conlleva cualquier procedimiento quir\u00fargico. Consulte la p\u00e1gina de biograf\u00edas individuales de los m\u00e9dicos para obtener m\u00e1s informaci\u00f3n.<\/p>\n<p>Cuando est\u00e9 listo para programar su consulta, ll\u00e1menos al <a href=\"tel:5614777171\"> (561) 477-7171 <\/a> y uno de nuestros asistentes de oficina ayudar\u00e1 a programar una cita que sea conveniente para usted o haga clic en el bot\u00f3n a continuaci\u00f3n para obtener informaci\u00f3n de oficina y contacto.[\/vc_column_text]<div class=\"grve-empty-space grve-height-1x\" style=\"\"><\/div><div class=\"grve-element grve-align-center\"><a href=\"http:\/\/center4smiles.dragonetdesign.com\/es\/principal\/contacto\/\" title=\"Contacto\" class=\"grve-btn grve-btn-medium grve-square grve-bg-primary-1 grve-bg-hover-primary-2 aboutbtn\"><span>Cont\u00e1ctenos<\/span><\/a><\/div>[\/vc_column][\/vc_row]<\/p>\n<\/div>","protected":false},"excerpt":{"rendered":"<p>[vc_row section_type=\u00bbfullwidth\u00bb padding_top_multiplier=\u00bb\u00bb padding_bottom_multiplier=\u00bb\u00bb columns_gap=\u00bbnone\u00bb][vc_column][\/vc_column][\/vc_row][vc_row][vc_column][vc_custom_heading text=\u00bbGentleWave\u00bb font_container=\u00bbtag:h1|text_align:center\u00bb use_theme_fonts=\u00bbyes\u00bb][\/vc_column][\/vc_row][vc_row padding_bottom_multiplier=\u00bb\u00bb][vc_column][vc_column_text] \u00bfC\u00f3mo funciona el procedimiento GentleWave Ultracleaning? [\/vc_column_text][\/vc_column][\/vc_row][vc_row][vc_column width=\u00bb2\/3&#8243;][vc_column_text]El sistema GentleWave utiliza una din\u00e1mica de fluidos avanzada para crear un v\u00f3rtice de fluidos de procedimientos que viajan a trav\u00e9s del sistema de conducto radicular. En el camino, la energ\u00eda ac\u00fastica de amplio espectro ayuda a eliminar el [&hellip;]<\/p>\n","protected":false},"author":1,"featured_media":0,"parent":845,"menu_order":0,"comment_status":"closed","ping_status":"closed","template":"","meta":{"footnotes":""},"class_list":["post-2174","page","type-page","status-publish","hentry"],"yoast_head":"<!-- This site is optimized with the Yoast SEO plugin v25.4 - https:\/\/yoast.com\/wordpress\/plugins\/seo\/ -->\n<title>Procedimiento de ultralimpieza GentleWave realizado en el centro 4 Sonrisas<\/title>\n<meta name=\"description\" content=\"El sistema GentleWave utiliza una din\u00e1mica de fluidos avanzada para crear un v\u00f3rtice de fluidos de procedimientos que viajan a trav\u00e9s del sistema de conducto radicular.\" \/>\n<meta name=\"robots\" content=\"index, follow, max-snippet:-1, max-image-preview:large, max-video-preview:-1\" \/>\n<link rel=\"canonical\" href=\"https:\/\/center4smiles.com\/es\/principal\/servicios\/gentlewave\/\" \/>\n<meta property=\"og:locale\" content=\"es_ES\" \/>\n<meta property=\"og:type\" content=\"article\" \/>\n<meta property=\"og:title\" content=\"Procedimiento de ultralimpieza GentleWave realizado en el centro 4 Sonrisas\" \/>\n<meta property=\"og:description\" content=\"El sistema GentleWave utiliza una din\u00e1mica de fluidos avanzada para crear un v\u00f3rtice de fluidos de procedimientos que viajan a trav\u00e9s del sistema de conducto radicular.\" \/>\n<meta property=\"og:url\" content=\"https:\/\/center4smiles.com\/es\/principal\/servicios\/gentlewave\/\" \/>\n<meta property=\"og:site_name\" content=\"Center 4 Smiles\" \/>\n<meta property=\"article:modified_time\" content=\"2020-01-14T15:35:45+00:00\" \/>\n<meta name=\"twitter:card\" content=\"summary_large_image\" \/>\n<meta name=\"twitter:label1\" content=\"Tiempo de lectura\" \/>\n\t<meta name=\"twitter:data1\" content=\"2 minutos\" \/>\n<script type=\"application\/ld+json\" class=\"yoast-schema-graph\">{\"@context\":\"https:\/\/schema.org\",\"@graph\":[{\"@type\":\"WebPage\",\"@id\":\"https:\/\/center4smiles.com\/es\/principal\/servicios\/gentlewave\/\",\"url\":\"https:\/\/center4smiles.com\/es\/principal\/servicios\/gentlewave\/\",\"name\":\"Procedimiento de ultralimpieza GentleWave realizado en el centro 4 Sonrisas\",\"isPartOf\":{\"@id\":\"https:\/\/center4smiles.com\/es\/#website\"},\"datePublished\":\"2019-09-27T17:34:03+00:00\",\"dateModified\":\"2020-01-14T15:35:45+00:00\",\"description\":\"El sistema GentleWave utiliza una din\u00e1mica de fluidos avanzada para crear un v\u00f3rtice de fluidos de procedimientos que viajan a trav\u00e9s del sistema de conducto radicular.\",\"breadcrumb\":{\"@id\":\"https:\/\/center4smiles.com\/es\/principal\/servicios\/gentlewave\/#breadcrumb\"},\"inLanguage\":\"es\",\"potentialAction\":[{\"@type\":\"ReadAction\",\"target\":[\"https:\/\/center4smiles.com\/es\/principal\/servicios\/gentlewave\/\"]}]},{\"@type\":\"BreadcrumbList\",\"@id\":\"https:\/\/center4smiles.com\/es\/principal\/servicios\/gentlewave\/#breadcrumb\",\"itemListElement\":[{\"@type\":\"ListItem\",\"position\":1,\"name\":\"Home\",\"item\":\"https:\/\/center4smiles.com\/es\/principal\/\"},{\"@type\":\"ListItem\",\"position\":2,\"name\":\"Principal\",\"item\":\"https:\/\/center4smiles.com\/es\/principal\/\"},{\"@type\":\"ListItem\",\"position\":3,\"name\":\"Servicios\",\"item\":\"https:\/\/center4smiles.com\/es\/principal\/servicios\/\"},{\"@type\":\"ListItem\",\"position\":4,\"name\":\"GentleWave\"}]},{\"@type\":\"WebSite\",\"@id\":\"https:\/\/center4smiles.com\/es\/#website\",\"url\":\"https:\/\/center4smiles.com\/es\/\",\"name\":\"Center 4 Smiles\",\"description\":\"Dental Implants &amp; Specialty Center\",\"potentialAction\":[{\"@type\":\"SearchAction\",\"target\":{\"@type\":\"EntryPoint\",\"urlTemplate\":\"https:\/\/center4smiles.com\/es\/?s={search_term_string}\"},\"query-input\":{\"@type\":\"PropertyValueSpecification\",\"valueRequired\":true,\"valueName\":\"search_term_string\"}}],\"inLanguage\":\"es\"}]}<\/script>\n<!-- \/ Yoast SEO plugin. -->","yoast_head_json":{"title":"Procedimiento de ultralimpieza GentleWave realizado en el centro 4 Sonrisas","description":"El sistema GentleWave utiliza una din\u00e1mica de fluidos avanzada para crear un v\u00f3rtice de fluidos de procedimientos que viajan a trav\u00e9s del sistema de conducto radicular.","robots":{"index":"index","follow":"follow","max-snippet":"max-snippet:-1","max-image-preview":"max-image-preview:large","max-video-preview":"max-video-preview:-1"},"canonical":"https:\/\/center4smiles.com\/es\/principal\/servicios\/gentlewave\/","og_locale":"es_ES","og_type":"article","og_title":"Procedimiento de ultralimpieza GentleWave realizado en el centro 4 Sonrisas","og_description":"El sistema GentleWave utiliza una din\u00e1mica de fluidos avanzada para crear un v\u00f3rtice de fluidos de procedimientos que viajan a trav\u00e9s del sistema de conducto radicular.","og_url":"https:\/\/center4smiles.com\/es\/principal\/servicios\/gentlewave\/","og_site_name":"Center 4 Smiles","article_modified_time":"2020-01-14T15:35:45+00:00","twitter_card":"summary_large_image","twitter_misc":{"Tiempo de lectura":"2 minutos"},"schema":{"@context":"https:\/\/schema.org","@graph":[{"@type":"WebPage","@id":"https:\/\/center4smiles.com\/es\/principal\/servicios\/gentlewave\/","url":"https:\/\/center4smiles.com\/es\/principal\/servicios\/gentlewave\/","name":"Procedimiento de ultralimpieza GentleWave realizado en el centro 4 Sonrisas","isPartOf":{"@id":"https:\/\/center4smiles.com\/es\/#website"},"datePublished":"2019-09-27T17:34:03+00:00","dateModified":"2020-01-14T15:35:45+00:00","description":"El sistema GentleWave utiliza una din\u00e1mica de fluidos avanzada para crear un v\u00f3rtice de fluidos de procedimientos que viajan a trav\u00e9s del sistema de conducto radicular.","breadcrumb":{"@id":"https:\/\/center4smiles.com\/es\/principal\/servicios\/gentlewave\/#breadcrumb"},"inLanguage":"es","potentialAction":[{"@type":"ReadAction","target":["https:\/\/center4smiles.com\/es\/principal\/servicios\/gentlewave\/"]}]},{"@type":"BreadcrumbList","@id":"https:\/\/center4smiles.com\/es\/principal\/servicios\/gentlewave\/#breadcrumb","itemListElement":[{"@type":"ListItem","position":1,"name":"Home","item":"https:\/\/center4smiles.com\/es\/principal\/"},{"@type":"ListItem","position":2,"name":"Principal","item":"https:\/\/center4smiles.com\/es\/principal\/"},{"@type":"ListItem","position":3,"name":"Servicios","item":"https:\/\/center4smiles.com\/es\/principal\/servicios\/"},{"@type":"ListItem","position":4,"name":"GentleWave"}]},{"@type":"WebSite","@id":"https:\/\/center4smiles.com\/es\/#website","url":"https:\/\/center4smiles.com\/es\/","name":"Center 4 Smiles","description":"Dental Implants &amp; Specialty Center","potentialAction":[{"@type":"SearchAction","target":{"@type":"EntryPoint","urlTemplate":"https:\/\/center4smiles.com\/es\/?s={search_term_string}"},"query-input":{"@type":"PropertyValueSpecification","valueRequired":true,"valueName":"search_term_string"}}],"inLanguage":"es"}]}},"_links":{"self":[{"href":"https:\/\/center4smiles.com\/es\/wp-json\/wp\/v2\/pages\/2174","targetHints":{"allow":["GET"]}}],"collection":[{"href":"https:\/\/center4smiles.com\/es\/wp-json\/wp\/v2\/pages"}],"about":[{"href":"https:\/\/center4smiles.com\/es\/wp-json\/wp\/v2\/types\/page"}],"author":[{"embeddable":true,"href":"https:\/\/center4smiles.com\/es\/wp-json\/wp\/v2\/users\/1"}],"replies":[{"embeddable":true,"href":"https:\/\/center4smiles.com\/es\/wp-json\/wp\/v2\/comments?post=2174"}],"version-history":[{"count":4,"href":"https:\/\/center4smiles.com\/es\/wp-json\/wp\/v2\/pages\/2174\/revisions"}],"predecessor-version":[{"id":2692,"href":"https:\/\/center4smiles.com\/es\/wp-json\/wp\/v2\/pages\/2174\/revisions\/2692"}],"up":[{"embeddable":true,"href":"https:\/\/center4smiles.com\/es\/wp-json\/wp\/v2\/pages\/845"}],"wp:attachment":[{"href":"https:\/\/center4smiles.com\/es\/wp-json\/wp\/v2\/media?parent=2174"}],"curies":[{"name":"wp","href":"https:\/\/api.w.org\/{rel}","templated":true}]}}