{"id":1994,"date":"2019-09-27T14:25:28","date_gmt":"2019-09-27T14:25:28","guid":{"rendered":"https:\/\/center4smiles.com\/principal\/servicios\/injerto-oseo\/"},"modified":"2020-01-13T21:29:43","modified_gmt":"2020-01-13T21:29:43","slug":"injerto-oseo","status":"publish","type":"page","link":"https:\/\/center4smiles.com\/es\/principal\/servicios\/injerto-oseo\/","title":{"rendered":"Injerto \u00f3seo"},"content":{"rendered":"<div class=\"wpb-content-wrapper\"><p>[vc_row section_type=\u00bbfullwidth\u00bb padding_top_multiplier=\u00bb\u00bb padding_bottom_multiplier=\u00bb\u00bb columns_gap=\u00bbnone\u00bb][vc_column]<div class=\"grve-element grve-image grve-align-center\" style=\"\">  <div class=\"grve-image-wrapper\"><img loading=\"lazy\" decoding=\"async\" width=\"1920\" height=\"400\" src=\"https:\/\/center4smiles.com\/wp-content\/uploads\/2019\/09\/BoneGraftingBanner-1.jpg\" class=\"attachment-full size-full\" alt=\"Injerto \u00f3seo Banner\" srcset=\"https:\/\/center4smiles.com\/wp-content\/uploads\/2019\/09\/BoneGraftingBanner-1.jpg 1920w, https:\/\/center4smiles.com\/wp-content\/uploads\/2019\/09\/BoneGraftingBanner-1-300x63.jpg 300w, https:\/\/center4smiles.com\/wp-content\/uploads\/2019\/09\/BoneGraftingBanner-1-768x160.jpg 768w, https:\/\/center4smiles.com\/wp-content\/uploads\/2019\/09\/BoneGraftingBanner-1-1024x213.jpg 1024w\" sizes=\"auto, (max-width: 1920px) 100vw, 1920px\" \/>   <\/div><\/div>[\/vc_column][\/vc_row][vc_row][vc_column][vc_custom_heading text=\u00bbInjerto \u00f3seo\u00bb font_container=\u00bbtag:h1|text_align:center\u00bb use_theme_fonts=\u00bbyes\u00bb][\/vc_column][\/vc_row][vc_row padding_top_multiplier=\u00bb\u00bb columns_gap=\u00bb50&#8243; equal_column_height=\u00bbmiddle-content\u00bb][vc_column width=\u00bb1\/3&#8243;]<div class=\"grve-element grve-image grve-align-center\" style=\"\">  <div class=\"grve-image-wrapper\"><img loading=\"lazy\" decoding=\"async\" width=\"380\" height=\"250\" src=\"https:\/\/center4smiles.com\/wp-content\/uploads\/2019\/09\/BoneGrafting1.jpg\" class=\"attachment-full size-full\" alt=\"Injerto \u00f3seo\" srcset=\"https:\/\/center4smiles.com\/wp-content\/uploads\/2019\/09\/BoneGrafting1.jpg 380w, https:\/\/center4smiles.com\/wp-content\/uploads\/2019\/09\/BoneGrafting1-300x197.jpg 300w\" sizes=\"auto, (max-width: 380px) 100vw, 380px\" \/>   <\/div><\/div>[\/vc_column][vc_column width=\u00bb2\/3&#8243;]<div class=\"grve-empty-space\" style=\"height: 15px;\"><\/div>[vc_column_text]Ya sea estimulando su propio hueso para que crezca para una estructura m\u00e1s estable, o usando hueso adicional para unirse con el hueso existente, tenemos experiencia con todo tipo de injerto \u00f3seo bajo el sol. Somos conscientes de los nuevos avances y nos mantenemos al tanto de la investigaci\u00f3n siempre cambiante del injerto \u00f3seo en el campo dental.<\/p>\n<p>Cuando se trata de injerto \u00f3seo, hay una amplia variedad de opciones, sin embargo, usar su propio hueso siempre es la mejor opci\u00f3n porque es de su propio cuerpo, su hueso reactivar\u00e1 las c\u00e9lulas vivas para acelerar la fusi\u00f3n \u00f3sea.<\/p>\n<p>La desventaja de usar su propio hueso es que puede requerir cirug\u00eda, por lo tanto, un mayor tiempo de recuperaci\u00f3n. El Centro 4 Sonrisas no solo tiene un inventario extenso y variado de productos de injerto \u00f3seo, sino que el Dr. Orphanos trabaja con un cirujano pl\u00e1stico experto en procedimientos de injerto \u00f3seo, todo esto para garantizar el resultado m\u00e1s \u00f3ptimo con sus pacientes.[\/vc_column_text][\/vc_column][\/vc_row][vc_row][vc_column width=\u00bb2\/3&#8243;][vc_column_text]Hay varias opciones adem\u00e1s de usar tu propio hueso. Todas estas opciones son controladas y monitoreadas por la Asociaci\u00f3n Americana de Bancos de Tejidos.<\/p>\n<p>El Centro 4 Sonrisas se enorgullece de tener dos clubes de estudio dedicados a mantenerse al tanto de la investigaci\u00f3n constante sobre los avances en el campo dental. Constantemente llevan a cabo una educaci\u00f3n continua en todos los asuntos de injerto \u00f3seo.<\/p>\n<p>Para obtener m\u00e1s informaci\u00f3n sobre sus opciones individuales, solicite una consulta con uno de nuestros expertos en sonrisas para que puedan explicar sus opciones llamando al <a href=\"tel:5614777171\"> (561) 477-7171 <\/a> o visite nuestro <a href=\"http:\/\/center4smiles.dragonetdesign.com\/es\/principal\/contacto\/\"> p\u00e1gina de contacto <\/a> para obtener m\u00e1s informaci\u00f3n.[\/vc_column_text][\/vc_column][vc_column width=\u00bb1\/3&#8243;]<div class=\"grve-element grve-image grve-align-center\" style=\"\">  <div class=\"grve-image-wrapper\"><img loading=\"lazy\" decoding=\"async\" width=\"380\" height=\"250\" src=\"https:\/\/center4smiles.com\/wp-content\/uploads\/2019\/09\/DentalBoneGrafting.jpg\" class=\"attachment-full size-full\" alt=\"Injerto \u00f3seo\" srcset=\"https:\/\/center4smiles.com\/wp-content\/uploads\/2019\/09\/DentalBoneGrafting.jpg 380w, https:\/\/center4smiles.com\/wp-content\/uploads\/2019\/09\/DentalBoneGrafting-300x197.jpg 300w\" sizes=\"auto, (max-width: 380px) 100vw, 380px\" \/>   <\/div><\/div>[\/vc_column][\/vc_row][vc_row padding_bottom_multiplier=\u00bb2x\u00bb][vc_column width=\u00bb1\/4&#8243;]<div class=\"grve-element grve-image grve-align-center\" style=\"\">  <div class=\"grve-image-wrapper\"><a href=\"https:\/\/center4smiles.com\/es\/principal\/acerca-de\/dr-orphanos\/\" title=\"Dr. Orphanos\"><img loading=\"lazy\" decoding=\"async\" width=\"253\" height=\"300\" src=\"https:\/\/center4smiles.com\/wp-content\/uploads\/2020\/01\/DrOrphanos1.jpg\" class=\"attachment-full size-full\" alt=\"Dr Orphanos\" \/><\/a>   <\/div><\/div><div class=\"grve-empty-space\" style=\"height: 15px;\"><\/div>[vc_column_text]<\/p>\n<h4 style=\"text-align: center;\"><a href=\"https:\/\/center4smiles.com\/es\/principal\/acerca-de\/dr-orphanos\/\">Dr. Orphanos<\/a><\/h4>\n<p>[\/vc_column_text][\/vc_column][vc_column width=\u00bb1\/4&#8243;]<div class=\"grve-element grve-image grve-align-center\" style=\"\">  <div class=\"grve-image-wrapper\"><a href=\"https:\/\/center4smiles.com\/es\/principal\/acerca-de\/dr-hescheles\/\" title=\"Dr. Hescheles\"><img loading=\"lazy\" decoding=\"async\" width=\"253\" height=\"300\" src=\"https:\/\/center4smiles.com\/wp-content\/uploads\/2020\/01\/DrHescheles1.jpg\" class=\"attachment-full size-full\" alt=\"Dr Hescheles\" \/><\/a>   <\/div><\/div><div class=\"grve-empty-space\" style=\"height: 15px;\"><\/div>[vc_column_text]<\/p>\n<h4 style=\"text-align: center;\"><a href=\"https:\/\/center4smiles.com\/es\/principal\/acerca-de\/dr-hescheles\/\">Dr. Hescheles<\/a><\/h4>\n<p>[\/vc_column_text][\/vc_column][vc_column width=\u00bb1\/2&#8243;][vc_column_text]<\/p>\n<h3>Especialistas en injerto \u00f3seo<\/h3>\n<p>[\/vc_column_text]<div class=\"grve-empty-space grve-height-1x\" style=\"\"><\/div>[vc_column_text]El procedimiento de injerto \u00f3seo lo realizan tanto el Dr. Orphanos como el Dr. Hescheles en nuestra oficina de Boca Raton. Conocer a su m\u00e9dico antes de cualquier procedimiento ayuda a aliviar parte del estr\u00e9s y la ansiedad que conlleva cualquier procedimiento quir\u00fargico. Consulte sus p\u00e1ginas bio individuales para obtener m\u00e1s informaci\u00f3n.<\/p>\n<p>Cuando est\u00e9 listo para programar su consulta, ll\u00e1menos al <a href=\"tel:5614777171\">(561) 477-7171<\/a> y uno de nuestros asistentes de oficina lo ayudar\u00e1 a programar una cita que sea conveniente para usted o haga clic en el bot\u00f3n a continuaci\u00f3n para obtener informaci\u00f3n de contacto y oficina.[\/vc_column_text]<div class=\"grve-empty-space grve-height-1x\" style=\"\"><\/div><div class=\"grve-element grve-align-center\"><a href=\"https:\/\/center4smiles.com\/es\/principal\/contacto\/\" title=\"Contacto\" class=\"grve-btn grve-btn-medium grve-square grve-bg-primary-1 grve-bg-hover-primary-2 aboutbtn\"><span>Cont\u00e1ctenos<\/span><\/a><\/div>[\/vc_column][\/vc_row]<\/p>\n<\/div>","protected":false},"excerpt":{"rendered":"<p>[vc_row section_type=\u00bbfullwidth\u00bb padding_top_multiplier=\u00bb\u00bb padding_bottom_multiplier=\u00bb\u00bb columns_gap=\u00bbnone\u00bb][vc_column][\/vc_column][\/vc_row][vc_row][vc_column][vc_custom_heading text=\u00bbInjerto \u00f3seo\u00bb font_container=\u00bbtag:h1|text_align:center\u00bb use_theme_fonts=\u00bbyes\u00bb][\/vc_column][\/vc_row][vc_row padding_top_multiplier=\u00bb\u00bb columns_gap=\u00bb50&#8243; equal_column_height=\u00bbmiddle-content\u00bb][vc_column width=\u00bb1\/3&#8243;][\/vc_column][vc_column width=\u00bb2\/3&#8243;][vc_column_text]Ya sea estimulando su propio hueso para que crezca para una estructura m\u00e1s estable, o usando hueso adicional para unirse con el hueso existente, tenemos experiencia con todo tipo de injerto \u00f3seo bajo el sol. Somos conscientes de los nuevos avances y [&hellip;]<\/p>\n","protected":false},"author":1,"featured_media":0,"parent":845,"menu_order":0,"comment_status":"closed","ping_status":"closed","template":"","meta":{"footnotes":""},"class_list":["post-1994","page","type-page","status-publish","hentry"],"yoast_head":"<!-- This site is optimized with the Yoast SEO plugin v25.4 - https:\/\/yoast.com\/wordpress\/plugins\/seo\/ -->\n<title>Procedimiento de injerto \u00f3seo - Center 4 Smiles - Boca Raton, FL<\/title>\n<meta name=\"description\" content=\"Estimulando su propio hueso para que crezca para una estructura m\u00e1s estable, o usando hueso adicional para unirse, tenemos experiencia con todo tipo de injerto \u00f3seo.\" \/>\n<meta name=\"robots\" content=\"index, follow, max-snippet:-1, max-image-preview:large, max-video-preview:-1\" \/>\n<link rel=\"canonical\" href=\"https:\/\/center4smiles.com\/es\/principal\/servicios\/injerto-oseo\/\" \/>\n<meta property=\"og:locale\" content=\"es_ES\" \/>\n<meta property=\"og:type\" content=\"article\" \/>\n<meta property=\"og:title\" content=\"Procedimiento de injerto \u00f3seo - Center 4 Smiles - Boca Raton, FL\" \/>\n<meta property=\"og:description\" content=\"Estimulando su propio hueso para que crezca para una estructura m\u00e1s estable, o usando hueso adicional para unirse, tenemos experiencia con todo tipo de injerto \u00f3seo.\" \/>\n<meta property=\"og:url\" content=\"https:\/\/center4smiles.com\/es\/principal\/servicios\/injerto-oseo\/\" \/>\n<meta property=\"og:site_name\" content=\"Center 4 Smiles\" \/>\n<meta property=\"article:modified_time\" content=\"2020-01-13T21:29:43+00:00\" \/>\n<meta name=\"twitter:card\" content=\"summary_large_image\" \/>\n<meta name=\"twitter:label1\" content=\"Tiempo de lectura\" \/>\n\t<meta name=\"twitter:data1\" content=\"3 minutos\" \/>\n<script type=\"application\/ld+json\" class=\"yoast-schema-graph\">{\"@context\":\"https:\/\/schema.org\",\"@graph\":[{\"@type\":\"WebPage\",\"@id\":\"https:\/\/center4smiles.com\/es\/principal\/servicios\/injerto-oseo\/\",\"url\":\"https:\/\/center4smiles.com\/es\/principal\/servicios\/injerto-oseo\/\",\"name\":\"Procedimiento de injerto \u00f3seo - Center 4 Smiles - Boca Raton, FL\",\"isPartOf\":{\"@id\":\"https:\/\/center4smiles.com\/es\/#website\"},\"datePublished\":\"2019-09-27T14:25:28+00:00\",\"dateModified\":\"2020-01-13T21:29:43+00:00\",\"description\":\"Estimulando su propio hueso para que crezca para una estructura m\u00e1s estable, o usando hueso adicional para unirse, tenemos experiencia con todo tipo de injerto \u00f3seo.\",\"breadcrumb\":{\"@id\":\"https:\/\/center4smiles.com\/es\/principal\/servicios\/injerto-oseo\/#breadcrumb\"},\"inLanguage\":\"es\",\"potentialAction\":[{\"@type\":\"ReadAction\",\"target\":[\"https:\/\/center4smiles.com\/es\/principal\/servicios\/injerto-oseo\/\"]}]},{\"@type\":\"BreadcrumbList\",\"@id\":\"https:\/\/center4smiles.com\/es\/principal\/servicios\/injerto-oseo\/#breadcrumb\",\"itemListElement\":[{\"@type\":\"ListItem\",\"position\":1,\"name\":\"Home\",\"item\":\"https:\/\/center4smiles.com\/es\/principal\/\"},{\"@type\":\"ListItem\",\"position\":2,\"name\":\"Principal\",\"item\":\"https:\/\/center4smiles.com\/es\/principal\/\"},{\"@type\":\"ListItem\",\"position\":3,\"name\":\"Servicios\",\"item\":\"https:\/\/center4smiles.com\/es\/principal\/servicios\/\"},{\"@type\":\"ListItem\",\"position\":4,\"name\":\"Injerto \u00f3seo\"}]},{\"@type\":\"WebSite\",\"@id\":\"https:\/\/center4smiles.com\/es\/#website\",\"url\":\"https:\/\/center4smiles.com\/es\/\",\"name\":\"Center 4 Smiles\",\"description\":\"Dental Implants &amp; Specialty Center\",\"potentialAction\":[{\"@type\":\"SearchAction\",\"target\":{\"@type\":\"EntryPoint\",\"urlTemplate\":\"https:\/\/center4smiles.com\/es\/?s={search_term_string}\"},\"query-input\":{\"@type\":\"PropertyValueSpecification\",\"valueRequired\":true,\"valueName\":\"search_term_string\"}}],\"inLanguage\":\"es\"}]}<\/script>\n<!-- \/ Yoast SEO plugin. -->","yoast_head_json":{"title":"Procedimiento de injerto \u00f3seo - Center 4 Smiles - Boca Raton, FL","description":"Estimulando su propio hueso para que crezca para una estructura m\u00e1s estable, o usando hueso adicional para unirse, tenemos experiencia con todo tipo de injerto \u00f3seo.","robots":{"index":"index","follow":"follow","max-snippet":"max-snippet:-1","max-image-preview":"max-image-preview:large","max-video-preview":"max-video-preview:-1"},"canonical":"https:\/\/center4smiles.com\/es\/principal\/servicios\/injerto-oseo\/","og_locale":"es_ES","og_type":"article","og_title":"Procedimiento de injerto \u00f3seo - Center 4 Smiles - Boca Raton, FL","og_description":"Estimulando su propio hueso para que crezca para una estructura m\u00e1s estable, o usando hueso adicional para unirse, tenemos experiencia con todo tipo de injerto \u00f3seo.","og_url":"https:\/\/center4smiles.com\/es\/principal\/servicios\/injerto-oseo\/","og_site_name":"Center 4 Smiles","article_modified_time":"2020-01-13T21:29:43+00:00","twitter_card":"summary_large_image","twitter_misc":{"Tiempo de lectura":"3 minutos"},"schema":{"@context":"https:\/\/schema.org","@graph":[{"@type":"WebPage","@id":"https:\/\/center4smiles.com\/es\/principal\/servicios\/injerto-oseo\/","url":"https:\/\/center4smiles.com\/es\/principal\/servicios\/injerto-oseo\/","name":"Procedimiento de injerto \u00f3seo - Center 4 Smiles - Boca Raton, FL","isPartOf":{"@id":"https:\/\/center4smiles.com\/es\/#website"},"datePublished":"2019-09-27T14:25:28+00:00","dateModified":"2020-01-13T21:29:43+00:00","description":"Estimulando su propio hueso para que crezca para una estructura m\u00e1s estable, o usando hueso adicional para unirse, tenemos experiencia con todo tipo de injerto \u00f3seo.","breadcrumb":{"@id":"https:\/\/center4smiles.com\/es\/principal\/servicios\/injerto-oseo\/#breadcrumb"},"inLanguage":"es","potentialAction":[{"@type":"ReadAction","target":["https:\/\/center4smiles.com\/es\/principal\/servicios\/injerto-oseo\/"]}]},{"@type":"BreadcrumbList","@id":"https:\/\/center4smiles.com\/es\/principal\/servicios\/injerto-oseo\/#breadcrumb","itemListElement":[{"@type":"ListItem","position":1,"name":"Home","item":"https:\/\/center4smiles.com\/es\/principal\/"},{"@type":"ListItem","position":2,"name":"Principal","item":"https:\/\/center4smiles.com\/es\/principal\/"},{"@type":"ListItem","position":3,"name":"Servicios","item":"https:\/\/center4smiles.com\/es\/principal\/servicios\/"},{"@type":"ListItem","position":4,"name":"Injerto \u00f3seo"}]},{"@type":"WebSite","@id":"https:\/\/center4smiles.com\/es\/#website","url":"https:\/\/center4smiles.com\/es\/","name":"Center 4 Smiles","description":"Dental Implants &amp; Specialty Center","potentialAction":[{"@type":"SearchAction","target":{"@type":"EntryPoint","urlTemplate":"https:\/\/center4smiles.com\/es\/?s={search_term_string}"},"query-input":{"@type":"PropertyValueSpecification","valueRequired":true,"valueName":"search_term_string"}}],"inLanguage":"es"}]}},"_links":{"self":[{"href":"https:\/\/center4smiles.com\/es\/wp-json\/wp\/v2\/pages\/1994","targetHints":{"allow":["GET"]}}],"collection":[{"href":"https:\/\/center4smiles.com\/es\/wp-json\/wp\/v2\/pages"}],"about":[{"href":"https:\/\/center4smiles.com\/es\/wp-json\/wp\/v2\/types\/page"}],"author":[{"embeddable":true,"href":"https:\/\/center4smiles.com\/es\/wp-json\/wp\/v2\/users\/1"}],"replies":[{"embeddable":true,"href":"https:\/\/center4smiles.com\/es\/wp-json\/wp\/v2\/comments?post=1994"}],"version-history":[{"count":9,"href":"https:\/\/center4smiles.com\/es\/wp-json\/wp\/v2\/pages\/1994\/revisions"}],"predecessor-version":[{"id":2655,"href":"https:\/\/center4smiles.com\/es\/wp-json\/wp\/v2\/pages\/1994\/revisions\/2655"}],"up":[{"embeddable":true,"href":"https:\/\/center4smiles.com\/es\/wp-json\/wp\/v2\/pages\/845"}],"wp:attachment":[{"href":"https:\/\/center4smiles.com\/es\/wp-json\/wp\/v2\/media?parent=1994"}],"curies":[{"name":"wp","href":"https:\/\/api.w.org\/{rel}","templated":true}]}}