{"id":1757,"date":"2019-09-26T18:58:38","date_gmt":"2019-09-26T18:58:38","guid":{"rendered":"https:\/\/center4smiles.com\/principal\/servicios\/todo-en-4\/"},"modified":"2020-01-13T21:18:46","modified_gmt":"2020-01-13T21:18:46","slug":"todo-en-4","status":"publish","type":"page","link":"https:\/\/center4smiles.com\/es\/principal\/servicios\/todo-en-4\/","title":{"rendered":"Todo en 4\u00ae"},"content":{"rendered":"<div class=\"wpb-content-wrapper\"><p>[vc_row section_type=\u00bbfullwidth\u00bb padding_top_multiplier=\u00bb\u00bb padding_bottom_multiplier=\u00bb\u00bb columns_gap=\u00bbnone\u00bb][vc_column]<div class=\"grve-element grve-image grve-align-center\" style=\"\">  <div class=\"grve-image-wrapper\"><img loading=\"lazy\" decoding=\"async\" width=\"1920\" height=\"400\" src=\"https:\/\/center4smiles.com\/wp-content\/uploads\/2019\/09\/Allon4Banner.jpg\" class=\"attachment-full size-full\" alt=\"Todo en 4 implantes dentales\" srcset=\"https:\/\/center4smiles.com\/wp-content\/uploads\/2019\/09\/Allon4Banner.jpg 1920w, https:\/\/center4smiles.com\/wp-content\/uploads\/2019\/09\/Allon4Banner-300x63.jpg 300w, https:\/\/center4smiles.com\/wp-content\/uploads\/2019\/09\/Allon4Banner-768x160.jpg 768w, https:\/\/center4smiles.com\/wp-content\/uploads\/2019\/09\/Allon4Banner-1024x213.jpg 1024w\" sizes=\"auto, (max-width: 1920px) 100vw, 1920px\" \/>   <\/div><\/div>[\/vc_column][\/vc_row][vc_row][vc_column][vc_custom_heading text=\u00bbTodo en 4\u00ae\u00bb font_container=\u00bbtag:h1|text_align:center\u00bb use_theme_fonts=\u00bbyes\u00bb][vc_custom_heading text=\u00bb\u00a1Recupere su sonrisa en un solo d\u00eda!\u00bb font_container=\u00bbtag:h2|text_align:center\u00bb use_theme_fonts=\u00bbyes\u00bb]<div class=\"grve-empty-space\" style=\"height: 18px;\"><\/div>[vc_column_text]El procedimiento de implante dental All on 4\u00ae se desarroll\u00f3 a principios de los a\u00f1os 90, pero nuestra oficina lo ha perfeccionado a trav\u00e9s de los a\u00f1os. Este procedimiento dental especializado permite colocar cuatro implantes y dientes en un solo d\u00eda. Tanto el Dr. Orphanos como el Dr. Hescheles son expertos en el procedimiento All on 4\u00ae.<\/p>\n<p>El Dr. Orphanos da conferencias a nivel nacional e internacional sobre el procedimiento de implante dental All on 4\u00ae y tiene un centro educativo donde otros cirujanos vienen a aprender la t\u00e9cnica. Muy pocos cirujanos est\u00e1n capacitados para realizar el procedimiento de implante dental All on 4\u00ae, pero nuestra oficina ha estado haciendo esta t\u00e9cnica regularmente durante a\u00f1os.[\/vc_column_text][\/vc_column][\/vc_row][vc_row][vc_column width=\u00bb1\/2&#8243;]<div class=\"grve-element grve-image grve-align-center\" style=\"\">  <div class=\"grve-image-wrapper\"><img loading=\"lazy\" decoding=\"async\" width=\"455\" height=\"357\" src=\"https:\/\/center4smiles.com\/wp-content\/uploads\/2019\/09\/allon4.jpg\" class=\"attachment-full size-full\" alt=\"Todo en 4 Procedimiento\" srcset=\"https:\/\/center4smiles.com\/wp-content\/uploads\/2019\/09\/allon4.jpg 455w, https:\/\/center4smiles.com\/wp-content\/uploads\/2019\/09\/allon4-300x235.jpg 300w\" sizes=\"auto, (max-width: 455px) 100vw, 455px\" \/>   <\/div><\/div>[\/vc_column][vc_column width=\u00bb1\/2&#8243;][vc_column_text]<\/p>\n<h3>M\u00e1s natural que las dentaduras<\/h3>\n<p>Puede restaurar completamente su sonrisa natural con el procedimiento de implante dental All on 4\u00ae. Se puede utilizar en la mand\u00edbula superior o inferior con el fin de construir una nueva mordida y una sonrisa brillante.<\/p>\n<p>Los implantes ubicados estrat\u00e9gicamente evitan los senos maxilares en la mand\u00edbula superior y el canal del nervio mandibular en la mand\u00edbula inferior, evitando as\u00ed la necesidad de procedimientos avanzados de injerto \u00f3seo.<\/p>\n<p>Al utilizar lo \u00faltimo en colocaci\u00f3n de planificaci\u00f3n virtual junto con la tecnolog\u00eda de escaneo 3D, el Centro de Implantes y Especialidades dentales minimiza cualquier riesgo mientras crea una sonrisa brillante y de aspecto natural que dura toda la vida.[\/vc_column_text][\/vc_column][\/vc_row][vc_row padding_bottom_multiplier=\u00bb2x\u00bb][vc_column width=\u00bb1\/4&#8243;]<div class=\"grve-element grve-image grve-align-center\" style=\"\">  <div class=\"grve-image-wrapper\"><a href=\"https:\/\/center4smiles.com\/es\/principal\/acerca-de\/dr-orphanos\/\" title=\"Dr. Orphanos\"><img loading=\"lazy\" decoding=\"async\" width=\"253\" height=\"300\" src=\"https:\/\/center4smiles.com\/wp-content\/uploads\/2020\/01\/DrOrphanos1.jpg\" class=\"attachment-full size-full\" alt=\"Dr Orphanos\" \/><\/a>   <\/div><\/div><div class=\"grve-empty-space\" style=\"height: 15px;\"><\/div>[vc_column_text]<\/p>\n<h4 style=\"text-align: center;\"><a href=\"https:\/\/center4smiles.com\/es\/principal\/acerca-de\/dr-orphanos\/\">Dr. Orphanos<\/a><\/h4>\n<p>[\/vc_column_text][\/vc_column][vc_column width=\u00bb1\/4&#8243;]<div class=\"grve-element grve-image grve-align-center\" style=\"\">  <div class=\"grve-image-wrapper\"><a href=\"https:\/\/center4smiles.com\/es\/principal\/acerca-de\/dr-hescheles\/\" title=\"Dr. Hescheles\"><img loading=\"lazy\" decoding=\"async\" width=\"253\" height=\"300\" src=\"https:\/\/center4smiles.com\/wp-content\/uploads\/2020\/01\/DrHescheles1.jpg\" class=\"attachment-full size-full\" alt=\"Dr Hescheles\" \/><\/a>   <\/div><\/div><div class=\"grve-empty-space\" style=\"height: 15px;\"><\/div>[vc_column_text]<\/p>\n<h4 style=\"text-align: center;\"><a href=\"https:\/\/center4smiles.com\/es\/principal\/acerca-de\/dr-hescheles\/\">Dr. Hescheles<\/a><\/h4>\n<p>[\/vc_column_text][\/vc_column][vc_column width=\u00bb1\/2&#8243;][vc_column_text]<\/p>\n<h3>Conozca a los especialistas de All on 4\u00ae<\/h3>\n<p>[\/vc_column_text]<div class=\"grve-empty-space grve-height-1x\" style=\"\"><\/div>[vc_column_text]El procedimiento All on 4 lo realizan tanto el Dr. Orphanos como el Dr. Hescheles en nuestra oficina de Boca Raton. Conocer a su m\u00e9dico antes de cualquier procedimiento ayuda a aliviar parte del estr\u00e9s y la ansiedad que conlleva cualquier procedimiento quir\u00fargico. Consulte sus p\u00e1ginas bio individuales para obtener m\u00e1s informaci\u00f3n.<\/p>\n<p>Cuando est\u00e9 listo para programar su consulta, ll\u00e1menos al <a href=\"tel:5614777171\">(561) 477-7171<\/a> y uno de nuestros asistentes de oficina lo ayudar\u00e1 a programar una cita que sea conveniente para usted o haga clic en el bot\u00f3n a continuaci\u00f3n para obtener informaci\u00f3n de contacto y oficina.[\/vc_column_text]<div class=\"grve-empty-space grve-height-1x\" style=\"\"><\/div><div class=\"grve-element grve-align-center\"><a href=\"https:\/\/center4smiles.com\/es\/principal\/contacto\/\" title=\"Contacto\" class=\"grve-btn grve-btn-medium grve-square grve-bg-primary-1 grve-bg-hover-primary-2 aboutbtn\"><span>Cont\u00e1ctenos<\/span><\/a><\/div>[\/vc_column][\/vc_row]<\/p>\n<\/div>","protected":false},"excerpt":{"rendered":"<p>[vc_row section_type=\u00bbfullwidth\u00bb padding_top_multiplier=\u00bb\u00bb padding_bottom_multiplier=\u00bb\u00bb columns_gap=\u00bbnone\u00bb][vc_column][\/vc_column][\/vc_row][vc_row][vc_column][vc_custom_heading text=\u00bbTodo en 4\u00ae\u00bb font_container=\u00bbtag:h1|text_align:center\u00bb use_theme_fonts=\u00bbyes\u00bb][vc_custom_heading text=\u00bb\u00a1Recupere su sonrisa en un solo d\u00eda!\u00bb font_container=\u00bbtag:h2|text_align:center\u00bb use_theme_fonts=\u00bbyes\u00bb][vc_column_text]El procedimiento de implante dental All on 4\u00ae se desarroll\u00f3 a principios de los a\u00f1os 90, pero nuestra oficina lo ha perfeccionado a trav\u00e9s de los a\u00f1os. Este procedimiento dental especializado permite colocar cuatro implantes y dientes [&hellip;]<\/p>\n","protected":false},"author":1,"featured_media":0,"parent":845,"menu_order":0,"comment_status":"closed","ping_status":"closed","template":"","meta":{"footnotes":""},"class_list":["post-1757","page","type-page","status-publish","hentry"],"yoast_head":"<!-- This site is optimized with the Yoast SEO plugin v25.4 - https:\/\/yoast.com\/wordpress\/plugins\/seo\/ -->\n<title>Todo en 4\u00ae - Center 4 Smiles - \u00a1Recupere su sonrisa en un solo d\u00eda!<\/title>\n<meta name=\"description\" content=\"El procedimiento de implante dental All on 4\u00ae se desarroll\u00f3 a principios de los a\u00f1os 90, pero nuestra oficina lo ha perfeccionado a trav\u00e9s de los a\u00f1os.\" \/>\n<meta name=\"robots\" content=\"index, follow, max-snippet:-1, max-image-preview:large, max-video-preview:-1\" \/>\n<link rel=\"canonical\" href=\"https:\/\/center4smiles.com\/es\/principal\/servicios\/todo-en-4\/\" \/>\n<meta property=\"og:locale\" content=\"es_ES\" \/>\n<meta property=\"og:type\" content=\"article\" \/>\n<meta property=\"og:title\" content=\"Todo en 4\u00ae - Center 4 Smiles - \u00a1Recupere su sonrisa en un solo d\u00eda!\" \/>\n<meta property=\"og:description\" content=\"El procedimiento de implante dental All on 4\u00ae se desarroll\u00f3 a principios de los a\u00f1os 90, pero nuestra oficina lo ha perfeccionado a trav\u00e9s de los a\u00f1os.\" \/>\n<meta property=\"og:url\" content=\"https:\/\/center4smiles.com\/es\/principal\/servicios\/todo-en-4\/\" \/>\n<meta property=\"og:site_name\" content=\"Center 4 Smiles\" \/>\n<meta property=\"article:modified_time\" content=\"2020-01-13T21:18:46+00:00\" \/>\n<meta name=\"twitter:card\" content=\"summary_large_image\" \/>\n<meta name=\"twitter:label1\" content=\"Tiempo de lectura\" \/>\n\t<meta name=\"twitter:data1\" content=\"3 minutos\" \/>\n<script type=\"application\/ld+json\" class=\"yoast-schema-graph\">{\"@context\":\"https:\/\/schema.org\",\"@graph\":[{\"@type\":\"WebPage\",\"@id\":\"https:\/\/center4smiles.com\/es\/principal\/servicios\/todo-en-4\/\",\"url\":\"https:\/\/center4smiles.com\/es\/principal\/servicios\/todo-en-4\/\",\"name\":\"Todo en 4\u00ae - Center 4 Smiles - \u00a1Recupere su sonrisa en un solo d\u00eda!\",\"isPartOf\":{\"@id\":\"https:\/\/center4smiles.com\/es\/#website\"},\"datePublished\":\"2019-09-26T18:58:38+00:00\",\"dateModified\":\"2020-01-13T21:18:46+00:00\",\"description\":\"El procedimiento de implante dental All on 4\u00ae se desarroll\u00f3 a principios de los a\u00f1os 90, pero nuestra oficina lo ha perfeccionado a trav\u00e9s de los a\u00f1os.\",\"breadcrumb\":{\"@id\":\"https:\/\/center4smiles.com\/es\/principal\/servicios\/todo-en-4\/#breadcrumb\"},\"inLanguage\":\"es\",\"potentialAction\":[{\"@type\":\"ReadAction\",\"target\":[\"https:\/\/center4smiles.com\/es\/principal\/servicios\/todo-en-4\/\"]}]},{\"@type\":\"BreadcrumbList\",\"@id\":\"https:\/\/center4smiles.com\/es\/principal\/servicios\/todo-en-4\/#breadcrumb\",\"itemListElement\":[{\"@type\":\"ListItem\",\"position\":1,\"name\":\"Home\",\"item\":\"https:\/\/center4smiles.com\/es\/principal\/\"},{\"@type\":\"ListItem\",\"position\":2,\"name\":\"Principal\",\"item\":\"https:\/\/center4smiles.com\/es\/principal\/\"},{\"@type\":\"ListItem\",\"position\":3,\"name\":\"Servicios\",\"item\":\"https:\/\/center4smiles.com\/es\/principal\/servicios\/\"},{\"@type\":\"ListItem\",\"position\":4,\"name\":\"Todo en 4\u00ae\"}]},{\"@type\":\"WebSite\",\"@id\":\"https:\/\/center4smiles.com\/es\/#website\",\"url\":\"https:\/\/center4smiles.com\/es\/\",\"name\":\"Center 4 Smiles\",\"description\":\"Dental Implants &amp; Specialty Center\",\"potentialAction\":[{\"@type\":\"SearchAction\",\"target\":{\"@type\":\"EntryPoint\",\"urlTemplate\":\"https:\/\/center4smiles.com\/es\/?s={search_term_string}\"},\"query-input\":{\"@type\":\"PropertyValueSpecification\",\"valueRequired\":true,\"valueName\":\"search_term_string\"}}],\"inLanguage\":\"es\"}]}<\/script>\n<!-- \/ Yoast SEO plugin. -->","yoast_head_json":{"title":"Todo en 4\u00ae - Center 4 Smiles - \u00a1Recupere su sonrisa en un solo d\u00eda!","description":"El procedimiento de implante dental All on 4\u00ae se desarroll\u00f3 a principios de los a\u00f1os 90, pero nuestra oficina lo ha perfeccionado a trav\u00e9s de los a\u00f1os.","robots":{"index":"index","follow":"follow","max-snippet":"max-snippet:-1","max-image-preview":"max-image-preview:large","max-video-preview":"max-video-preview:-1"},"canonical":"https:\/\/center4smiles.com\/es\/principal\/servicios\/todo-en-4\/","og_locale":"es_ES","og_type":"article","og_title":"Todo en 4\u00ae - Center 4 Smiles - \u00a1Recupere su sonrisa en un solo d\u00eda!","og_description":"El procedimiento de implante dental All on 4\u00ae se desarroll\u00f3 a principios de los a\u00f1os 90, pero nuestra oficina lo ha perfeccionado a trav\u00e9s de los a\u00f1os.","og_url":"https:\/\/center4smiles.com\/es\/principal\/servicios\/todo-en-4\/","og_site_name":"Center 4 Smiles","article_modified_time":"2020-01-13T21:18:46+00:00","twitter_card":"summary_large_image","twitter_misc":{"Tiempo de lectura":"3 minutos"},"schema":{"@context":"https:\/\/schema.org","@graph":[{"@type":"WebPage","@id":"https:\/\/center4smiles.com\/es\/principal\/servicios\/todo-en-4\/","url":"https:\/\/center4smiles.com\/es\/principal\/servicios\/todo-en-4\/","name":"Todo en 4\u00ae - Center 4 Smiles - \u00a1Recupere su sonrisa en un solo d\u00eda!","isPartOf":{"@id":"https:\/\/center4smiles.com\/es\/#website"},"datePublished":"2019-09-26T18:58:38+00:00","dateModified":"2020-01-13T21:18:46+00:00","description":"El procedimiento de implante dental All on 4\u00ae se desarroll\u00f3 a principios de los a\u00f1os 90, pero nuestra oficina lo ha perfeccionado a trav\u00e9s de los a\u00f1os.","breadcrumb":{"@id":"https:\/\/center4smiles.com\/es\/principal\/servicios\/todo-en-4\/#breadcrumb"},"inLanguage":"es","potentialAction":[{"@type":"ReadAction","target":["https:\/\/center4smiles.com\/es\/principal\/servicios\/todo-en-4\/"]}]},{"@type":"BreadcrumbList","@id":"https:\/\/center4smiles.com\/es\/principal\/servicios\/todo-en-4\/#breadcrumb","itemListElement":[{"@type":"ListItem","position":1,"name":"Home","item":"https:\/\/center4smiles.com\/es\/principal\/"},{"@type":"ListItem","position":2,"name":"Principal","item":"https:\/\/center4smiles.com\/es\/principal\/"},{"@type":"ListItem","position":3,"name":"Servicios","item":"https:\/\/center4smiles.com\/es\/principal\/servicios\/"},{"@type":"ListItem","position":4,"name":"Todo en 4\u00ae"}]},{"@type":"WebSite","@id":"https:\/\/center4smiles.com\/es\/#website","url":"https:\/\/center4smiles.com\/es\/","name":"Center 4 Smiles","description":"Dental Implants &amp; Specialty Center","potentialAction":[{"@type":"SearchAction","target":{"@type":"EntryPoint","urlTemplate":"https:\/\/center4smiles.com\/es\/?s={search_term_string}"},"query-input":{"@type":"PropertyValueSpecification","valueRequired":true,"valueName":"search_term_string"}}],"inLanguage":"es"}]}},"_links":{"self":[{"href":"https:\/\/center4smiles.com\/es\/wp-json\/wp\/v2\/pages\/1757","targetHints":{"allow":["GET"]}}],"collection":[{"href":"https:\/\/center4smiles.com\/es\/wp-json\/wp\/v2\/pages"}],"about":[{"href":"https:\/\/center4smiles.com\/es\/wp-json\/wp\/v2\/types\/page"}],"author":[{"embeddable":true,"href":"https:\/\/center4smiles.com\/es\/wp-json\/wp\/v2\/users\/1"}],"replies":[{"embeddable":true,"href":"https:\/\/center4smiles.com\/es\/wp-json\/wp\/v2\/comments?post=1757"}],"version-history":[{"count":10,"href":"https:\/\/center4smiles.com\/es\/wp-json\/wp\/v2\/pages\/1757\/revisions"}],"predecessor-version":[{"id":2648,"href":"https:\/\/center4smiles.com\/es\/wp-json\/wp\/v2\/pages\/1757\/revisions\/2648"}],"up":[{"embeddable":true,"href":"https:\/\/center4smiles.com\/es\/wp-json\/wp\/v2\/pages\/845"}],"wp:attachment":[{"href":"https:\/\/center4smiles.com\/es\/wp-json\/wp\/v2\/media?parent=1757"}],"curies":[{"name":"wp","href":"https:\/\/api.w.org\/{rel}","templated":true}]}}