{"id":1687,"date":"2019-09-26T18:34:36","date_gmt":"2019-09-26T18:34:36","guid":{"rendered":"https:\/\/center4smiles.com\/principal\/galeria-de-la-sonrisa\/3d-endodoncias\/"},"modified":"2019-10-04T19:28:29","modified_gmt":"2019-10-04T19:28:29","slug":"3d-endodoncias","status":"publish","type":"page","link":"https:\/\/center4smiles.com\/es\/principal\/galeria-de-la-sonrisa\/3d-endodoncias\/","title":{"rendered":"3D \/ Endodoncias"},"content":{"rendered":"<div class=\"wpb-content-wrapper\"><p>[vc_row section_type=\u00bbfullwidth\u00bb padding_top_multiplier=\u00bb\u00bb padding_bottom_multiplier=\u00bb\u00bb columns_gap=\u00bbnone\u00bb][vc_column]<div class=\"grve-element grve-image grve-align-center\" style=\"\">  <div class=\"grve-image-wrapper\"><img loading=\"lazy\" decoding=\"async\" width=\"1920\" height=\"400\" src=\"https:\/\/center4smiles.com\/wp-content\/uploads\/2019\/09\/3DRootCanals.jpg\" class=\"attachment-full size-full\" alt=\"3D \/ Endodoncias\" srcset=\"https:\/\/center4smiles.com\/wp-content\/uploads\/2019\/09\/3DRootCanals.jpg 1920w, https:\/\/center4smiles.com\/wp-content\/uploads\/2019\/09\/3DRootCanals-300x63.jpg 300w, https:\/\/center4smiles.com\/wp-content\/uploads\/2019\/09\/3DRootCanals-768x160.jpg 768w, https:\/\/center4smiles.com\/wp-content\/uploads\/2019\/09\/3DRootCanals-1024x213.jpg 1024w\" sizes=\"auto, (max-width: 1920px) 100vw, 1920px\" \/>   <\/div><\/div>[\/vc_column][\/vc_row][vc_row][vc_column][vc_custom_heading text=\u00bb3D \/ Endodoncias\u00bb font_container=\u00bbtag:h1|text_align:center\u00bb use_theme_fonts=\u00bbyes\u00bb][\/vc_column][\/vc_row][vc_row padding_top_multiplier=\u00bb2x\u00bb][vc_column width=\u00bb1\/2&#8243;]<div class=\"grve-element grve-image grve-align-center\" style=\"\">  <div class=\"grve-image-wrapper\"><a class=\"grve-image-popup\" href=\"https:\/\/center4smiles.com\/wp-content\/uploads\/2019\/09\/Root-Canal-Case-1.jpg\"><img loading=\"lazy\" decoding=\"async\" width=\"1600\" height=\"622\" src=\"https:\/\/center4smiles.com\/wp-content\/uploads\/2019\/09\/Root-Canal-Case-1.jpg\" class=\"attachment-full size-full\" alt=\"Imagen 3D del conducto radicular\" srcset=\"https:\/\/center4smiles.com\/wp-content\/uploads\/2019\/09\/Root-Canal-Case-1.jpg 1600w, https:\/\/center4smiles.com\/wp-content\/uploads\/2019\/09\/Root-Canal-Case-1-300x117.jpg 300w, https:\/\/center4smiles.com\/wp-content\/uploads\/2019\/09\/Root-Canal-Case-1-768x299.jpg 768w, https:\/\/center4smiles.com\/wp-content\/uploads\/2019\/09\/Root-Canal-Case-1-1024x398.jpg 1024w\" sizes=\"auto, (max-width: 1600px) 100vw, 1600px\" \/><\/a>   <\/div><\/div>[\/vc_column][vc_column width=\u00bb1\/2&#8243;][vc_column_text]<\/p>\n<h3>Imagen 3D \/ Endodoncia<\/h3>\n<p>Este paciente fue enviado para una evaluaci\u00f3n del conducto radicular del dolor dental en el diente n. \u00b0 3 (el primer molar superior derecho).<\/p>\n<p>No se pudo ver nada anormal en una radiograf\u00eda digital normal.<\/p>\n<p>Al utilizar nuestra imagenolog\u00eda avanzada en 3-D, qued\u00f3 muy claro que hay una gran reabsorci\u00f3n externa de la ra\u00edz en este diente.<\/p>\n<p>El tratamiento endod\u00f3ntico no habr\u00eda resuelto su problema.<\/p>\n<p>Ahora, con la tecnolog\u00eda 3-D es posible ver estas cosas sin tener que perforar el diente y exponer al paciente a un procedimiento innecesario.[\/vc_column_text][\/vc_column][\/vc_row][vc_row padding_top_multiplier=\u00bb2x\u00bb padding_bottom_multiplier=\u00bb2x\u00bb][vc_column width=\u00bb1\/2&#8243;]<div class=\"grve-element grve-image grve-align-center\" style=\"\">  <div class=\"grve-image-wrapper\"><a class=\"grve-image-popup\" href=\"https:\/\/center4smiles.com\/wp-content\/uploads\/2019\/09\/Root-Canal-Case-2.jpg\"><img loading=\"lazy\" decoding=\"async\" width=\"1600\" height=\"976\" src=\"https:\/\/center4smiles.com\/wp-content\/uploads\/2019\/09\/Root-Canal-Case-2.jpg\" class=\"attachment-full size-full\" alt=\"canal ra\u00edz\" srcset=\"https:\/\/center4smiles.com\/wp-content\/uploads\/2019\/09\/Root-Canal-Case-2.jpg 1600w, https:\/\/center4smiles.com\/wp-content\/uploads\/2019\/09\/Root-Canal-Case-2-300x183.jpg 300w, https:\/\/center4smiles.com\/wp-content\/uploads\/2019\/09\/Root-Canal-Case-2-768x468.jpg 768w, https:\/\/center4smiles.com\/wp-content\/uploads\/2019\/09\/Root-Canal-Case-2-1024x625.jpg 1024w\" sizes=\"auto, (max-width: 1600px) 100vw, 1600px\" \/><\/a>   <\/div><\/div>[\/vc_column][vc_column width=\u00bb1\/2&#8243;][vc_column_text]<\/p>\n<h3>Imagen 3D \/ Endodoncia<\/h3>\n<p>Este paciente hab\u00eda sido tratado por otro endodoncista, pero continu\u00f3 teniendo dolor despu\u00e9s de que se complet\u00f3 el tratamiento de conducto.<\/p>\n<p>Hab\u00eda regresado para m\u00faltiples seguimientos y le dijeron que nada estaba mal.<\/p>\n<p>Se obtuvo una exploraci\u00f3n tridimensional del diente y se descubri\u00f3 una ra\u00edz no tratada que estaba infectada y que le causaba dolor.<\/p>\n<p>Una vez que se trat\u00f3 esta ra\u00edz, el paciente tuvo la resoluci\u00f3n completa de su malestar.[\/vc_column_text][\/vc_column][\/vc_row][vc_row bg_type=\u00bbcolor\u00bb bg_color=\u00bb#10b8e0&#8243;][vc_column width=\u00bb3\/4&#8243;][vc_custom_heading text=\u00bbPara obtener m\u00e1s informaci\u00f3n sobre 3D \/ canales de la ra\u00edz\u00bb font_container=\u00bbtag:h3|text_align:center|color:%23ffffff\u00bb use_theme_fonts=\u00bbyes\u00bb][\/vc_column][vc_column width=\u00bb1\/4&#8243;]<div class=\"grve-element grve-align-left\"><a href=\"http:\/\/center4smiles.dragonetdesign.com\/es\/principal\/servicios\/endodoncia\/\" title=\"Endodoncia\" class=\"grve-btn grve-btn-medium grve-square grve-bg-black grve-bg-hover-white aboutbtn\"><span>Haga clic aqu\u00ed<\/span><\/a><\/div>[\/vc_column][\/vc_row][vc_row][vc_column]<div class=\"grve-empty-space grve-height-1x\" style=\"\"><\/div>[\/vc_column][\/vc_row]<\/p>\n<\/div>","protected":false},"excerpt":{"rendered":"<p>[vc_row section_type=\u00bbfullwidth\u00bb padding_top_multiplier=\u00bb\u00bb padding_bottom_multiplier=\u00bb\u00bb columns_gap=\u00bbnone\u00bb][vc_column][\/vc_column][\/vc_row][vc_row][vc_column][vc_custom_heading text=\u00bb3D \/ Endodoncias\u00bb font_container=\u00bbtag:h1|text_align:center\u00bb use_theme_fonts=\u00bbyes\u00bb][\/vc_column][\/vc_row][vc_row padding_top_multiplier=\u00bb2x\u00bb][vc_column width=\u00bb1\/2&#8243;][\/vc_column][vc_column width=\u00bb1\/2&#8243;][vc_column_text] Imagen 3D \/ Endodoncia Este paciente fue enviado para una evaluaci\u00f3n del conducto radicular del dolor dental en el diente n. \u00b0 3 (el primer molar superior derecho). No se pudo ver nada anormal en una radiograf\u00eda digital normal. Al utilizar nuestra [&hellip;]<\/p>\n","protected":false},"author":1,"featured_media":0,"parent":986,"menu_order":0,"comment_status":"closed","ping_status":"closed","template":"","meta":{"footnotes":""},"class_list":["post-1687","page","type-page","status-publish","hentry"],"yoast_head":"<!-- This site is optimized with the Yoast SEO plugin v25.4 - https:\/\/yoast.com\/wordpress\/plugins\/seo\/ -->\n<title>Imagen 3D y procedimiento del conducto radicular - Centro 4 sonrisas<\/title>\n<meta name=\"description\" content=\"La imagen 3D y el procedimiento del conducto radicular realizado en el Centro 4 Sonrisas muestra m\u00e1s informaci\u00f3n que la radiograf\u00eda tradicional, creando un mejor resultado para el paciente.\" \/>\n<meta name=\"robots\" content=\"index, follow, max-snippet:-1, max-image-preview:large, max-video-preview:-1\" \/>\n<link rel=\"canonical\" href=\"https:\/\/center4smiles.com\/es\/principal\/galeria-de-la-sonrisa\/3d-endodoncias\/\" \/>\n<meta property=\"og:locale\" content=\"es_ES\" \/>\n<meta property=\"og:type\" content=\"article\" \/>\n<meta property=\"og:title\" content=\"Imagen 3D y procedimiento del conducto radicular - Centro 4 sonrisas\" \/>\n<meta property=\"og:description\" content=\"La imagen 3D y el procedimiento del conducto radicular realizado en el Centro 4 Sonrisas muestra m\u00e1s informaci\u00f3n que la radiograf\u00eda tradicional, creando un mejor resultado para el paciente.\" \/>\n<meta property=\"og:url\" content=\"https:\/\/center4smiles.com\/es\/principal\/galeria-de-la-sonrisa\/3d-endodoncias\/\" \/>\n<meta property=\"og:site_name\" content=\"Center 4 Smiles\" \/>\n<meta property=\"article:modified_time\" content=\"2019-10-04T19:28:29+00:00\" \/>\n<meta name=\"twitter:card\" content=\"summary_large_image\" \/>\n<meta name=\"twitter:label1\" content=\"Tiempo de lectura\" \/>\n\t<meta name=\"twitter:data1\" content=\"2 minutos\" \/>\n<script type=\"application\/ld+json\" class=\"yoast-schema-graph\">{\"@context\":\"https:\/\/schema.org\",\"@graph\":[{\"@type\":\"WebPage\",\"@id\":\"https:\/\/center4smiles.com\/es\/principal\/galeria-de-la-sonrisa\/3d-endodoncias\/\",\"url\":\"https:\/\/center4smiles.com\/es\/principal\/galeria-de-la-sonrisa\/3d-endodoncias\/\",\"name\":\"Imagen 3D y procedimiento del conducto radicular - Centro 4 sonrisas\",\"isPartOf\":{\"@id\":\"https:\/\/center4smiles.com\/es\/#website\"},\"datePublished\":\"2019-09-26T18:34:36+00:00\",\"dateModified\":\"2019-10-04T19:28:29+00:00\",\"description\":\"La imagen 3D y el procedimiento del conducto radicular realizado en el Centro 4 Sonrisas muestra m\u00e1s informaci\u00f3n que la radiograf\u00eda tradicional, creando un mejor resultado para el paciente.\",\"breadcrumb\":{\"@id\":\"https:\/\/center4smiles.com\/es\/principal\/galeria-de-la-sonrisa\/3d-endodoncias\/#breadcrumb\"},\"inLanguage\":\"es\",\"potentialAction\":[{\"@type\":\"ReadAction\",\"target\":[\"https:\/\/center4smiles.com\/es\/principal\/galeria-de-la-sonrisa\/3d-endodoncias\/\"]}]},{\"@type\":\"BreadcrumbList\",\"@id\":\"https:\/\/center4smiles.com\/es\/principal\/galeria-de-la-sonrisa\/3d-endodoncias\/#breadcrumb\",\"itemListElement\":[{\"@type\":\"ListItem\",\"position\":1,\"name\":\"Home\",\"item\":\"https:\/\/center4smiles.com\/es\/principal\/\"},{\"@type\":\"ListItem\",\"position\":2,\"name\":\"Principal\",\"item\":\"https:\/\/center4smiles.com\/es\/principal\/\"},{\"@type\":\"ListItem\",\"position\":3,\"name\":\"Galer\u00eda de la sonrisa\",\"item\":\"https:\/\/center4smiles.com\/es\/principal\/galeria-de-la-sonrisa\/\"},{\"@type\":\"ListItem\",\"position\":4,\"name\":\"3D \/ Endodoncias\"}]},{\"@type\":\"WebSite\",\"@id\":\"https:\/\/center4smiles.com\/es\/#website\",\"url\":\"https:\/\/center4smiles.com\/es\/\",\"name\":\"Center 4 Smiles\",\"description\":\"Dental Implants &amp; Specialty Center\",\"potentialAction\":[{\"@type\":\"SearchAction\",\"target\":{\"@type\":\"EntryPoint\",\"urlTemplate\":\"https:\/\/center4smiles.com\/es\/?s={search_term_string}\"},\"query-input\":{\"@type\":\"PropertyValueSpecification\",\"valueRequired\":true,\"valueName\":\"search_term_string\"}}],\"inLanguage\":\"es\"}]}<\/script>\n<!-- \/ Yoast SEO plugin. -->","yoast_head_json":{"title":"Imagen 3D y procedimiento del conducto radicular - Centro 4 sonrisas","description":"La imagen 3D y el procedimiento del conducto radicular realizado en el Centro 4 Sonrisas muestra m\u00e1s informaci\u00f3n que la radiograf\u00eda tradicional, creando un mejor resultado para el paciente.","robots":{"index":"index","follow":"follow","max-snippet":"max-snippet:-1","max-image-preview":"max-image-preview:large","max-video-preview":"max-video-preview:-1"},"canonical":"https:\/\/center4smiles.com\/es\/principal\/galeria-de-la-sonrisa\/3d-endodoncias\/","og_locale":"es_ES","og_type":"article","og_title":"Imagen 3D y procedimiento del conducto radicular - Centro 4 sonrisas","og_description":"La imagen 3D y el procedimiento del conducto radicular realizado en el Centro 4 Sonrisas muestra m\u00e1s informaci\u00f3n que la radiograf\u00eda tradicional, creando un mejor resultado para el paciente.","og_url":"https:\/\/center4smiles.com\/es\/principal\/galeria-de-la-sonrisa\/3d-endodoncias\/","og_site_name":"Center 4 Smiles","article_modified_time":"2019-10-04T19:28:29+00:00","twitter_card":"summary_large_image","twitter_misc":{"Tiempo de lectura":"2 minutos"},"schema":{"@context":"https:\/\/schema.org","@graph":[{"@type":"WebPage","@id":"https:\/\/center4smiles.com\/es\/principal\/galeria-de-la-sonrisa\/3d-endodoncias\/","url":"https:\/\/center4smiles.com\/es\/principal\/galeria-de-la-sonrisa\/3d-endodoncias\/","name":"Imagen 3D y procedimiento del conducto radicular - Centro 4 sonrisas","isPartOf":{"@id":"https:\/\/center4smiles.com\/es\/#website"},"datePublished":"2019-09-26T18:34:36+00:00","dateModified":"2019-10-04T19:28:29+00:00","description":"La imagen 3D y el procedimiento del conducto radicular realizado en el Centro 4 Sonrisas muestra m\u00e1s informaci\u00f3n que la radiograf\u00eda tradicional, creando un mejor resultado para el paciente.","breadcrumb":{"@id":"https:\/\/center4smiles.com\/es\/principal\/galeria-de-la-sonrisa\/3d-endodoncias\/#breadcrumb"},"inLanguage":"es","potentialAction":[{"@type":"ReadAction","target":["https:\/\/center4smiles.com\/es\/principal\/galeria-de-la-sonrisa\/3d-endodoncias\/"]}]},{"@type":"BreadcrumbList","@id":"https:\/\/center4smiles.com\/es\/principal\/galeria-de-la-sonrisa\/3d-endodoncias\/#breadcrumb","itemListElement":[{"@type":"ListItem","position":1,"name":"Home","item":"https:\/\/center4smiles.com\/es\/principal\/"},{"@type":"ListItem","position":2,"name":"Principal","item":"https:\/\/center4smiles.com\/es\/principal\/"},{"@type":"ListItem","position":3,"name":"Galer\u00eda de la sonrisa","item":"https:\/\/center4smiles.com\/es\/principal\/galeria-de-la-sonrisa\/"},{"@type":"ListItem","position":4,"name":"3D \/ Endodoncias"}]},{"@type":"WebSite","@id":"https:\/\/center4smiles.com\/es\/#website","url":"https:\/\/center4smiles.com\/es\/","name":"Center 4 Smiles","description":"Dental Implants &amp; Specialty Center","potentialAction":[{"@type":"SearchAction","target":{"@type":"EntryPoint","urlTemplate":"https:\/\/center4smiles.com\/es\/?s={search_term_string}"},"query-input":{"@type":"PropertyValueSpecification","valueRequired":true,"valueName":"search_term_string"}}],"inLanguage":"es"}]}},"_links":{"self":[{"href":"https:\/\/center4smiles.com\/es\/wp-json\/wp\/v2\/pages\/1687","targetHints":{"allow":["GET"]}}],"collection":[{"href":"https:\/\/center4smiles.com\/es\/wp-json\/wp\/v2\/pages"}],"about":[{"href":"https:\/\/center4smiles.com\/es\/wp-json\/wp\/v2\/types\/page"}],"author":[{"embeddable":true,"href":"https:\/\/center4smiles.com\/es\/wp-json\/wp\/v2\/users\/1"}],"replies":[{"embeddable":true,"href":"https:\/\/center4smiles.com\/es\/wp-json\/wp\/v2\/comments?post=1687"}],"version-history":[{"count":3,"href":"https:\/\/center4smiles.com\/es\/wp-json\/wp\/v2\/pages\/1687\/revisions"}],"predecessor-version":[{"id":2449,"href":"https:\/\/center4smiles.com\/es\/wp-json\/wp\/v2\/pages\/1687\/revisions\/2449"}],"up":[{"embeddable":true,"href":"https:\/\/center4smiles.com\/es\/wp-json\/wp\/v2\/pages\/986"}],"wp:attachment":[{"href":"https:\/\/center4smiles.com\/es\/wp-json\/wp\/v2\/media?parent=1687"}],"curies":[{"name":"wp","href":"https:\/\/api.w.org\/{rel}","templated":true}]}}