{"id":1567,"date":"2019-09-26T18:10:01","date_gmt":"2019-09-26T18:10:01","guid":{"rendered":"https:\/\/center4smiles.com\/principal\/galeria-de-la-sonrisa\/retroceso-de-las-encias\/"},"modified":"2019-10-04T19:22:35","modified_gmt":"2019-10-04T19:22:35","slug":"retroceso-de-las-encias","status":"publish","type":"page","link":"https:\/\/center4smiles.com\/es\/principal\/galeria-de-la-sonrisa\/retroceso-de-las-encias\/","title":{"rendered":"Retroceso de las enc\u00edas"},"content":{"rendered":"<div class=\"wpb-content-wrapper\"><p>[vc_row padding_top_multiplier=\u00bb2x\u00bb][vc_column width=\u00bb1\/2&#8243;]<div class=\"grve-element grve-image grve-align-center\" style=\"\">  <div class=\"grve-image-wrapper\"><a class=\"grve-image-popup\" href=\"https:\/\/center4smiles.com\/wp-content\/uploads\/2019\/09\/Gum-Grafting.jpg\"><img loading=\"lazy\" decoding=\"async\" width=\"1600\" height=\"541\" src=\"https:\/\/center4smiles.com\/wp-content\/uploads\/2019\/09\/Gum-Grafting.jpg\" class=\"attachment-full size-full\" alt=\"Injerto de goma\" srcset=\"https:\/\/center4smiles.com\/wp-content\/uploads\/2019\/09\/Gum-Grafting.jpg 1600w, https:\/\/center4smiles.com\/wp-content\/uploads\/2019\/09\/Gum-Grafting-300x101.jpg 300w, https:\/\/center4smiles.com\/wp-content\/uploads\/2019\/09\/Gum-Grafting-768x260.jpg 768w, https:\/\/center4smiles.com\/wp-content\/uploads\/2019\/09\/Gum-Grafting-1024x346.jpg 1024w\" sizes=\"auto, (max-width: 1600px) 100vw, 1600px\" \/><\/a>   <\/div><\/div>[\/vc_column][vc_column width=\u00bb1\/2&#8243;][vc_column_text]<\/p>\n<h3>Retroceso de las enc\u00edas (injerto de enc\u00edas)<\/h3>\n<p>Este es un m\u00e9dico local con recesi\u00f3n avanzada de las enc\u00edas.<\/p>\n<p>Le dijeron que el injerto de goma no era una opci\u00f3n y que un material adhesivo de color rosa deber\u00eda colocarse en su ra\u00edz.<\/p>\n<p>Tras consultar con el Dr. Orphanos, se le asegur\u00f3 que un nuevo procedimiento, la nueva t\u00e9cnica microquir\u00fargica m\u00ednimamente invasiva disponible en el Centro 4 Sonrisas podr\u00eda corregir su recesi\u00f3n.<br \/>\n[\/vc_column_text][\/vc_column][\/vc_row][vc_row padding_top_multiplier=\u00bb2x\u00bb][vc_column width=\u00bb1\/2&#8243;]<div class=\"grve-element grve-image grve-align-center\" style=\"\">  <div class=\"grve-image-wrapper\"><a class=\"grve-image-popup\" href=\"https:\/\/center4smiles.com\/wp-content\/uploads\/2019\/09\/Gum-grafting2.jpg\"><img loading=\"lazy\" decoding=\"async\" width=\"1600\" height=\"582\" src=\"https:\/\/center4smiles.com\/wp-content\/uploads\/2019\/09\/Gum-grafting2.jpg\" class=\"attachment-full size-full\" alt=\"\" srcset=\"https:\/\/center4smiles.com\/wp-content\/uploads\/2019\/09\/Gum-grafting2.jpg 1600w, https:\/\/center4smiles.com\/wp-content\/uploads\/2019\/09\/Gum-grafting2-300x109.jpg 300w, https:\/\/center4smiles.com\/wp-content\/uploads\/2019\/09\/Gum-grafting2-768x279.jpg 768w, https:\/\/center4smiles.com\/wp-content\/uploads\/2019\/09\/Gum-grafting2-1024x372.jpg 1024w\" sizes=\"auto, (max-width: 1600px) 100vw, 1600px\" \/><\/a>   <\/div><\/div>[\/vc_column][vc_column width=\u00bb1\/2&#8243;][vc_column_text]<\/p>\n<h3>Retroceso de las enc\u00edas (injerto de enc\u00edas)<\/h3>\n<p>Esta paciente tuvo una severa recesi\u00f3n de su diente frontal inferior.<\/p>\n<p>Ella decidi\u00f3 seguir una t\u00e9cnica de injerto de microcirug\u00eda microquir\u00fargica m\u00ednimamente invasiva por el Dr. Orphanos.<\/p>\n<p>La foto posterior fue tomada 1 semana despu\u00e9s de su procedimiento.<\/p>\n<p>Este enfoque m\u00ednimamente invasivo del Dr. Orphanos resulta en poco o nada de molestias postoperatorias.[\/vc_column_text][\/vc_column][\/vc_row][vc_row padding_top_multiplier=\u00bb2x\u00bb][vc_column width=\u00bb1\/2&#8243;]<div class=\"grve-element grve-image grve-align-center\" style=\"\">  <div class=\"grve-image-wrapper\"><a class=\"grve-image-popup\" href=\"https:\/\/center4smiles.com\/wp-content\/uploads\/2019\/09\/Gum-Grafting-Case-4.jpg\"><img loading=\"lazy\" decoding=\"async\" width=\"1600\" height=\"652\" src=\"https:\/\/center4smiles.com\/wp-content\/uploads\/2019\/09\/Gum-Grafting-Case-4.jpg\" class=\"attachment-full size-full\" alt=\"Retroceso de las enc\u00edas 1\" srcset=\"https:\/\/center4smiles.com\/wp-content\/uploads\/2019\/09\/Gum-Grafting-Case-4.jpg 1600w, https:\/\/center4smiles.com\/wp-content\/uploads\/2019\/09\/Gum-Grafting-Case-4-300x122.jpg 300w, https:\/\/center4smiles.com\/wp-content\/uploads\/2019\/09\/Gum-Grafting-Case-4-768x313.jpg 768w, https:\/\/center4smiles.com\/wp-content\/uploads\/2019\/09\/Gum-Grafting-Case-4-1024x417.jpg 1024w\" sizes=\"auto, (max-width: 1600px) 100vw, 1600px\" \/><\/a>   <\/div><\/div>[\/vc_column][vc_column width=\u00bb1\/2&#8243;][vc_column_text]<\/p>\n<h3>Retroceso de las enc\u00edas (injerto de enc\u00edas)<\/h3>\n<p>El paciente tiene un procedimiento microquir\u00fargico m\u00ednimamente invasivo para el injerto de enc\u00edas.<\/p>\n<p>Observe el diente frontal inferior con recesi\u00f3n.<\/p>\n<p>Este diente recibi\u00f3 un injerto de enc\u00eda y este es el resultado 5 a\u00f1os despu\u00e9s.[\/vc_column_text][\/vc_column][\/vc_row][vc_row padding_top_multiplier=\u00bb2x\u00bb][vc_column width=\u00bb1\/2&#8243;]<div class=\"grve-element grve-image grve-align-center\" style=\"\">  <div class=\"grve-image-wrapper\"><a class=\"grve-image-popup\" href=\"https:\/\/center4smiles.com\/wp-content\/uploads\/2019\/09\/Gum-Grafting3.jpg\"><img loading=\"lazy\" decoding=\"async\" width=\"1600\" height=\"664\" src=\"https:\/\/center4smiles.com\/wp-content\/uploads\/2019\/09\/Gum-Grafting3.jpg\" class=\"attachment-full size-full\" alt=\"\" srcset=\"https:\/\/center4smiles.com\/wp-content\/uploads\/2019\/09\/Gum-Grafting3.jpg 1600w, https:\/\/center4smiles.com\/wp-content\/uploads\/2019\/09\/Gum-Grafting3-300x125.jpg 300w, https:\/\/center4smiles.com\/wp-content\/uploads\/2019\/09\/Gum-Grafting3-768x319.jpg 768w, https:\/\/center4smiles.com\/wp-content\/uploads\/2019\/09\/Gum-Grafting3-1024x425.jpg 1024w\" sizes=\"auto, (max-width: 1600px) 100vw, 1600px\" \/><\/a>   <\/div><\/div>[\/vc_column][vc_column width=\u00bb1\/2&#8243;][vc_column_text]<\/p>\n<h3>Retroceso de las enc\u00edas (injerto de enc\u00edas)<\/h3>\n<p>Esta paciente es una mujer joven de 27 a\u00f1os con recesi\u00f3n.<\/p>\n<p>Fue derivada al Dr. Orphanos para un procedimiento de injerto microquir\u00fargico de enc\u00edas. El procedimiento fue 100% exitoso y las ra\u00edces estaban completamente cubiertas.<\/p>\n<p>La recesi\u00f3n produce una superficie radicular expuesta que no est\u00e1 compuesta de esmalte, sino una sustancia mucho m\u00e1s blanda llamada cemento. Esta superficie de la ra\u00edz \/ cemento es propenso a la descomposici\u00f3n con bastante facilidad, por lo que se realiz\u00f3 un injerto de enc\u00eda para cubrir las ra\u00edces.<\/p>\n<p>El procedimiento de injerto de enc\u00eda ya no implica tomar el injerto de enc\u00eda desde el techo de la boca (paladar).<\/p>\n<p>Se puede comprar una variedad de materiales de injerto, evitando as\u00ed la necesidad de tomar el injerto de goma del techo de la boca.[\/vc_column_text][\/vc_column][\/vc_row][vc_row bg_type=\u00bbcolor\u00bb bg_color=\u00bb#10b8e0&#8243;][vc_column width=\u00bb3\/4&#8243;][vc_custom_heading text=\u00bbPara aprender m\u00e1s sobre el procedimiento de injerto de enc\u00edas\u00bb font_container=\u00bbtag:h3|text_align:center|color:%23ffffff\u00bb use_theme_fonts=\u00bbyes\u00bb][\/vc_column][vc_column width=\u00bb1\/4&#8243;]<div class=\"grve-element grve-align-left\"><a href=\"http:\/\/center4smiles.dragonetdesign.com\/es\/principal\/servicios\/injerto-de-goma\/\" title=\"Injerto de goma\" class=\"grve-btn grve-btn-medium grve-square grve-bg-black grve-bg-hover-white aboutbtn\"><span>Haga clic aqu\u00ed<\/span><\/a><\/div>[\/vc_column][\/vc_row][vc_row][vc_column]<div class=\"grve-empty-space grve-height-1x\" style=\"\"><\/div>[\/vc_column][\/vc_row]<\/p>\n<\/div>","protected":false},"excerpt":{"rendered":"<p>[vc_row padding_top_multiplier=\u00bb2x\u00bb][vc_column width=\u00bb1\/2&#8243;][\/vc_column][vc_column width=\u00bb1\/2&#8243;][vc_column_text] Retroceso de las enc\u00edas (injerto de enc\u00edas) Este es un m\u00e9dico local con recesi\u00f3n avanzada de las enc\u00edas. Le dijeron que el injerto de goma no era una opci\u00f3n y que un material adhesivo de color rosa deber\u00eda colocarse en su ra\u00edz. Tras consultar con el Dr. Orphanos, se le asegur\u00f3 [&hellip;]<\/p>\n","protected":false},"author":1,"featured_media":0,"parent":986,"menu_order":0,"comment_status":"closed","ping_status":"closed","template":"","meta":{"footnotes":""},"class_list":["post-1567","page","type-page","status-publish","hentry"],"yoast_head":"<!-- This site is optimized with the Yoast SEO plugin v25.4 - https:\/\/yoast.com\/wordpress\/plugins\/seo\/ -->\n<title>Retroceso de las enc\u00edas tambi\u00e9n conocido como injerto de enc\u00edas por el centro 4 sonrisas<\/title>\n<meta name=\"description\" content=\"Retroceso de las enc\u00edas o galer\u00eda de fotos de injerto de enc\u00edas de procedimientos para pacientes felices realizada por el Dr. Orphanos en el Center 4 Smiles en Boca Raton, FL.\" \/>\n<meta name=\"robots\" content=\"index, follow, max-snippet:-1, max-image-preview:large, max-video-preview:-1\" \/>\n<link rel=\"canonical\" href=\"https:\/\/center4smiles.com\/es\/principal\/galeria-de-la-sonrisa\/retroceso-de-las-encias\/\" \/>\n<meta property=\"og:locale\" content=\"es_ES\" \/>\n<meta property=\"og:type\" content=\"article\" \/>\n<meta property=\"og:title\" content=\"Retroceso de las enc\u00edas tambi\u00e9n conocido como injerto de enc\u00edas por el centro 4 sonrisas\" \/>\n<meta property=\"og:description\" content=\"Retroceso de las enc\u00edas o galer\u00eda de fotos de injerto de enc\u00edas de procedimientos para pacientes felices realizada por el Dr. Orphanos en el Center 4 Smiles en Boca Raton, FL.\" \/>\n<meta property=\"og:url\" content=\"https:\/\/center4smiles.com\/es\/principal\/galeria-de-la-sonrisa\/retroceso-de-las-encias\/\" \/>\n<meta property=\"og:site_name\" content=\"Center 4 Smiles\" \/>\n<meta property=\"article:modified_time\" content=\"2019-10-04T19:22:35+00:00\" \/>\n<meta name=\"twitter:card\" content=\"summary_large_image\" \/>\n<meta name=\"twitter:label1\" content=\"Tiempo de lectura\" \/>\n\t<meta name=\"twitter:data1\" content=\"3 minutos\" \/>\n<script type=\"application\/ld+json\" class=\"yoast-schema-graph\">{\"@context\":\"https:\/\/schema.org\",\"@graph\":[{\"@type\":\"WebPage\",\"@id\":\"https:\/\/center4smiles.com\/es\/principal\/galeria-de-la-sonrisa\/retroceso-de-las-encias\/\",\"url\":\"https:\/\/center4smiles.com\/es\/principal\/galeria-de-la-sonrisa\/retroceso-de-las-encias\/\",\"name\":\"Retroceso de las enc\u00edas tambi\u00e9n conocido como injerto de enc\u00edas por el centro 4 sonrisas\",\"isPartOf\":{\"@id\":\"https:\/\/center4smiles.com\/es\/#website\"},\"datePublished\":\"2019-09-26T18:10:01+00:00\",\"dateModified\":\"2019-10-04T19:22:35+00:00\",\"description\":\"Retroceso de las enc\u00edas o galer\u00eda de fotos de injerto de enc\u00edas de procedimientos para pacientes felices realizada por el Dr. Orphanos en el Center 4 Smiles en Boca Raton, FL.\",\"breadcrumb\":{\"@id\":\"https:\/\/center4smiles.com\/es\/principal\/galeria-de-la-sonrisa\/retroceso-de-las-encias\/#breadcrumb\"},\"inLanguage\":\"es\",\"potentialAction\":[{\"@type\":\"ReadAction\",\"target\":[\"https:\/\/center4smiles.com\/es\/principal\/galeria-de-la-sonrisa\/retroceso-de-las-encias\/\"]}]},{\"@type\":\"BreadcrumbList\",\"@id\":\"https:\/\/center4smiles.com\/es\/principal\/galeria-de-la-sonrisa\/retroceso-de-las-encias\/#breadcrumb\",\"itemListElement\":[{\"@type\":\"ListItem\",\"position\":1,\"name\":\"Home\",\"item\":\"https:\/\/center4smiles.com\/es\/principal\/\"},{\"@type\":\"ListItem\",\"position\":2,\"name\":\"Principal\",\"item\":\"https:\/\/center4smiles.com\/es\/principal\/\"},{\"@type\":\"ListItem\",\"position\":3,\"name\":\"Galer\u00eda de la sonrisa\",\"item\":\"https:\/\/center4smiles.com\/es\/principal\/galeria-de-la-sonrisa\/\"},{\"@type\":\"ListItem\",\"position\":4,\"name\":\"Retroceso de las enc\u00edas\"}]},{\"@type\":\"WebSite\",\"@id\":\"https:\/\/center4smiles.com\/es\/#website\",\"url\":\"https:\/\/center4smiles.com\/es\/\",\"name\":\"Center 4 Smiles\",\"description\":\"Dental Implants &amp; Specialty Center\",\"potentialAction\":[{\"@type\":\"SearchAction\",\"target\":{\"@type\":\"EntryPoint\",\"urlTemplate\":\"https:\/\/center4smiles.com\/es\/?s={search_term_string}\"},\"query-input\":{\"@type\":\"PropertyValueSpecification\",\"valueRequired\":true,\"valueName\":\"search_term_string\"}}],\"inLanguage\":\"es\"}]}<\/script>\n<!-- \/ Yoast SEO plugin. -->","yoast_head_json":{"title":"Retroceso de las enc\u00edas tambi\u00e9n conocido como injerto de enc\u00edas por el centro 4 sonrisas","description":"Retroceso de las enc\u00edas o galer\u00eda de fotos de injerto de enc\u00edas de procedimientos para pacientes felices realizada por el Dr. Orphanos en el Center 4 Smiles en Boca Raton, FL.","robots":{"index":"index","follow":"follow","max-snippet":"max-snippet:-1","max-image-preview":"max-image-preview:large","max-video-preview":"max-video-preview:-1"},"canonical":"https:\/\/center4smiles.com\/es\/principal\/galeria-de-la-sonrisa\/retroceso-de-las-encias\/","og_locale":"es_ES","og_type":"article","og_title":"Retroceso de las enc\u00edas tambi\u00e9n conocido como injerto de enc\u00edas por el centro 4 sonrisas","og_description":"Retroceso de las enc\u00edas o galer\u00eda de fotos de injerto de enc\u00edas de procedimientos para pacientes felices realizada por el Dr. Orphanos en el Center 4 Smiles en Boca Raton, FL.","og_url":"https:\/\/center4smiles.com\/es\/principal\/galeria-de-la-sonrisa\/retroceso-de-las-encias\/","og_site_name":"Center 4 Smiles","article_modified_time":"2019-10-04T19:22:35+00:00","twitter_card":"summary_large_image","twitter_misc":{"Tiempo de lectura":"3 minutos"},"schema":{"@context":"https:\/\/schema.org","@graph":[{"@type":"WebPage","@id":"https:\/\/center4smiles.com\/es\/principal\/galeria-de-la-sonrisa\/retroceso-de-las-encias\/","url":"https:\/\/center4smiles.com\/es\/principal\/galeria-de-la-sonrisa\/retroceso-de-las-encias\/","name":"Retroceso de las enc\u00edas tambi\u00e9n conocido como injerto de enc\u00edas por el centro 4 sonrisas","isPartOf":{"@id":"https:\/\/center4smiles.com\/es\/#website"},"datePublished":"2019-09-26T18:10:01+00:00","dateModified":"2019-10-04T19:22:35+00:00","description":"Retroceso de las enc\u00edas o galer\u00eda de fotos de injerto de enc\u00edas de procedimientos para pacientes felices realizada por el Dr. Orphanos en el Center 4 Smiles en Boca Raton, FL.","breadcrumb":{"@id":"https:\/\/center4smiles.com\/es\/principal\/galeria-de-la-sonrisa\/retroceso-de-las-encias\/#breadcrumb"},"inLanguage":"es","potentialAction":[{"@type":"ReadAction","target":["https:\/\/center4smiles.com\/es\/principal\/galeria-de-la-sonrisa\/retroceso-de-las-encias\/"]}]},{"@type":"BreadcrumbList","@id":"https:\/\/center4smiles.com\/es\/principal\/galeria-de-la-sonrisa\/retroceso-de-las-encias\/#breadcrumb","itemListElement":[{"@type":"ListItem","position":1,"name":"Home","item":"https:\/\/center4smiles.com\/es\/principal\/"},{"@type":"ListItem","position":2,"name":"Principal","item":"https:\/\/center4smiles.com\/es\/principal\/"},{"@type":"ListItem","position":3,"name":"Galer\u00eda de la sonrisa","item":"https:\/\/center4smiles.com\/es\/principal\/galeria-de-la-sonrisa\/"},{"@type":"ListItem","position":4,"name":"Retroceso de las enc\u00edas"}]},{"@type":"WebSite","@id":"https:\/\/center4smiles.com\/es\/#website","url":"https:\/\/center4smiles.com\/es\/","name":"Center 4 Smiles","description":"Dental Implants &amp; Specialty Center","potentialAction":[{"@type":"SearchAction","target":{"@type":"EntryPoint","urlTemplate":"https:\/\/center4smiles.com\/es\/?s={search_term_string}"},"query-input":{"@type":"PropertyValueSpecification","valueRequired":true,"valueName":"search_term_string"}}],"inLanguage":"es"}]}},"_links":{"self":[{"href":"https:\/\/center4smiles.com\/es\/wp-json\/wp\/v2\/pages\/1567","targetHints":{"allow":["GET"]}}],"collection":[{"href":"https:\/\/center4smiles.com\/es\/wp-json\/wp\/v2\/pages"}],"about":[{"href":"https:\/\/center4smiles.com\/es\/wp-json\/wp\/v2\/types\/page"}],"author":[{"embeddable":true,"href":"https:\/\/center4smiles.com\/es\/wp-json\/wp\/v2\/users\/1"}],"replies":[{"embeddable":true,"href":"https:\/\/center4smiles.com\/es\/wp-json\/wp\/v2\/comments?post=1567"}],"version-history":[{"count":4,"href":"https:\/\/center4smiles.com\/es\/wp-json\/wp\/v2\/pages\/1567\/revisions"}],"predecessor-version":[{"id":2435,"href":"https:\/\/center4smiles.com\/es\/wp-json\/wp\/v2\/pages\/1567\/revisions\/2435"}],"up":[{"embeddable":true,"href":"https:\/\/center4smiles.com\/es\/wp-json\/wp\/v2\/pages\/986"}],"wp:attachment":[{"href":"https:\/\/center4smiles.com\/es\/wp-json\/wp\/v2\/media?parent=1567"}],"curies":[{"name":"wp","href":"https:\/\/api.w.org\/{rel}","templated":true}]}}