{"id":1479,"date":"2019-09-26T17:16:01","date_gmt":"2019-09-26T17:16:01","guid":{"rendered":"https:\/\/center4smiles.com\/principal\/galeria-de-la-sonrisa\/risa-contagiosa\/"},"modified":"2019-10-04T19:19:06","modified_gmt":"2019-10-04T19:19:06","slug":"risa-contagiosa","status":"publish","type":"page","link":"https:\/\/center4smiles.com\/es\/principal\/galeria-de-la-sonrisa\/risa-contagiosa\/","title":{"rendered":"Sonrisa gomosa"},"content":{"rendered":"<div class=\"wpb-content-wrapper\"><p>[vc_row padding_top_multiplier=\u00bb2x\u00bb][vc_column width=\u00bb1\/2&#8243;]<div class=\"grve-element grve-image grve-align-center\" style=\"\">  <div class=\"grve-image-wrapper\"><a class=\"grve-image-popup\" href=\"https:\/\/center4smiles.com\/wp-content\/uploads\/2019\/09\/Gummy-Smile-Correction-photo3.jpg\"><img loading=\"lazy\" decoding=\"async\" width=\"1595\" height=\"1200\" src=\"https:\/\/center4smiles.com\/wp-content\/uploads\/2019\/09\/Gummy-Smile-Correction-photo3.jpg\" class=\"attachment-full size-full\" alt=\"Correcci\u00f3n de sonrisa gomosa\" srcset=\"https:\/\/center4smiles.com\/wp-content\/uploads\/2019\/09\/Gummy-Smile-Correction-photo3.jpg 1595w, https:\/\/center4smiles.com\/wp-content\/uploads\/2019\/09\/Gummy-Smile-Correction-photo3-300x226.jpg 300w, https:\/\/center4smiles.com\/wp-content\/uploads\/2019\/09\/Gummy-Smile-Correction-photo3-768x578.jpg 768w, https:\/\/center4smiles.com\/wp-content\/uploads\/2019\/09\/Gummy-Smile-Correction-photo3-1024x770.jpg 1024w, https:\/\/center4smiles.com\/wp-content\/uploads\/2019\/09\/Gummy-Smile-Correction-photo3-560x420.jpg 560w\" sizes=\"auto, (max-width: 1595px) 100vw, 1595px\" \/><\/a>   <\/div><\/div>[\/vc_column][vc_column width=\u00bb1\/2&#8243;][vc_column_text]<\/p>\n<h3> Correcci\u00f3n de sonrisa gomosa <\/h3>\n<p>La paciente no estaba contenta con su sonrisa gomosa. Ella decidi\u00f3 someterse a un procedimiento de correcci\u00f3n de sonrisa gomosa. No hace falta decir que el cambio fue extremadamente dram\u00e1tico.<\/p>\n<p>No solo tuvo una hermosa sonrisa despu\u00e9s del procedimiento, su sonrisa tambi\u00e9n mejor\u00f3 sus rasgos faciales con un procedimiento de remodelaci\u00f3n de enc\u00edas m\u00ednimamente invasivo.<\/p>\n<p>No es at\u00edpico, especialmente para las mujeres que tienen enc\u00edas excesivamente crecidas despu\u00e9s de los aparatos ortop\u00e9dicos (ortodoncia).<\/p>\n<p>Nuestra paciente estaba m\u00e1s que feliz con los cambios en su apariencia.<\/p>\n<p>Se obtuvo el permiso del paciente para ilustrar una foto facial completa.[\/vc_column_text][\/vc_column][\/vc_row][vc_row padding_top_multiplier=\u00bb2x\u00bb][vc_column width=\u00bb1\/2&#8243;]<div class=\"grve-element grve-image grve-align-center\" style=\"\">  <div class=\"grve-image-wrapper\"><a class=\"grve-image-popup\" href=\"https:\/\/center4smiles.com\/wp-content\/uploads\/2019\/09\/Gummy-Smile-Correction-photo4.jpg\"><img loading=\"lazy\" decoding=\"async\" width=\"1600\" height=\"1181\" src=\"https:\/\/center4smiles.com\/wp-content\/uploads\/2019\/09\/Gummy-Smile-Correction-photo4.jpg\" class=\"attachment-full size-full\" alt=\"Procedimiento de sonrisa gomosa\" srcset=\"https:\/\/center4smiles.com\/wp-content\/uploads\/2019\/09\/Gummy-Smile-Correction-photo4.jpg 1600w, https:\/\/center4smiles.com\/wp-content\/uploads\/2019\/09\/Gummy-Smile-Correction-photo4-300x221.jpg 300w, https:\/\/center4smiles.com\/wp-content\/uploads\/2019\/09\/Gummy-Smile-Correction-photo4-768x567.jpg 768w, https:\/\/center4smiles.com\/wp-content\/uploads\/2019\/09\/Gummy-Smile-Correction-photo4-1024x756.jpg 1024w\" sizes=\"auto, (max-width: 1600px) 100vw, 1600px\" \/><\/a>   <\/div><\/div>[\/vc_column][vc_column width=\u00bb1\/2&#8243;][vc_column_text]<\/p>\n<h3> Correcci\u00f3n de sonrisa gomosa <\/h3>\n<p>Esta paciente es una mujer de 25 a\u00f1os que no estaba contenta con su sonrisa gomosa.<\/p>\n<p>Tambi\u00e9n fue derivada al Dr. Orphanos por su experiencia. La mayor\u00eda de las personas con una sonrisa gomosa no tienen dientes peque\u00f1os, tienen demasiado tejido de las enc\u00edas.<\/p>\n<p>La Dra. Orphanos corrigi\u00f3 su sonrisa gomosa con un procedimiento simple y f\u00e1cil que requer\u00eda una recuperaci\u00f3n m\u00ednima. La paciente estaba extasiada con su resultado final.<\/p>\n<p>Se obtuvo el permiso del paciente para ilustrar una foto facial completa.[\/vc_column_text][\/vc_column][\/vc_row][vc_row][vc_column][vc_custom_heading text=\u00bbPacientes con correcci\u00f3n de sonrisa gomosa feliz\u00bb font_container=\u00bbtag:h2|text_align:center\u00bb use_theme_fonts=\u00bbyes\u00bb][\/vc_column][\/vc_row][vc_row][vc_column width=\u00bb1\/2&#8243;]<div class=\"grve-element grve-image grve-align-center\" style=\"\">  <div class=\"grve-image-wrapper\"><img loading=\"lazy\" decoding=\"async\" width=\"1200\" height=\"600\" src=\"https:\/\/center4smiles.com\/wp-content\/uploads\/2019\/09\/Before1-1.jpg\" class=\"attachment-full size-full\" alt=\"Antes de la sonrisa gomosa 1\" srcset=\"https:\/\/center4smiles.com\/wp-content\/uploads\/2019\/09\/Before1-1.jpg 1200w, https:\/\/center4smiles.com\/wp-content\/uploads\/2019\/09\/Before1-1-300x150.jpg 300w, https:\/\/center4smiles.com\/wp-content\/uploads\/2019\/09\/Before1-1-768x384.jpg 768w, https:\/\/center4smiles.com\/wp-content\/uploads\/2019\/09\/Before1-1-1024x512.jpg 1024w\" sizes=\"auto, (max-width: 1200px) 100vw, 1200px\" \/>   <\/div><\/div>[\/vc_column][vc_column width=\u00bb1\/2&#8243;]<div class=\"grve-element grve-image grve-align-center\" style=\"\">  <div class=\"grve-image-wrapper\"><img loading=\"lazy\" decoding=\"async\" width=\"1200\" height=\"600\" src=\"https:\/\/center4smiles.com\/wp-content\/uploads\/2019\/09\/After1-1.jpg\" class=\"attachment-full size-full\" alt=\"Despu\u00e9s de una sonrisa gomosa 1\" srcset=\"https:\/\/center4smiles.com\/wp-content\/uploads\/2019\/09\/After1-1.jpg 1200w, https:\/\/center4smiles.com\/wp-content\/uploads\/2019\/09\/After1-1-300x150.jpg 300w, https:\/\/center4smiles.com\/wp-content\/uploads\/2019\/09\/After1-1-768x384.jpg 768w, https:\/\/center4smiles.com\/wp-content\/uploads\/2019\/09\/After1-1-1024x512.jpg 1024w\" sizes=\"auto, (max-width: 1200px) 100vw, 1200px\" \/>   <\/div><\/div>[\/vc_column][\/vc_row][vc_row][vc_column width=\u00bb1\/2&#8243;]<div class=\"grve-element grve-image grve-align-center\" style=\"\">  <div class=\"grve-image-wrapper\"><img loading=\"lazy\" decoding=\"async\" width=\"1200\" height=\"600\" src=\"https:\/\/center4smiles.com\/wp-content\/uploads\/2019\/09\/Before2-1.jpg\" class=\"attachment-full size-full\" alt=\"Antes de la sonrisa gomosa 2\" srcset=\"https:\/\/center4smiles.com\/wp-content\/uploads\/2019\/09\/Before2-1.jpg 1200w, https:\/\/center4smiles.com\/wp-content\/uploads\/2019\/09\/Before2-1-300x150.jpg 300w, https:\/\/center4smiles.com\/wp-content\/uploads\/2019\/09\/Before2-1-768x384.jpg 768w, https:\/\/center4smiles.com\/wp-content\/uploads\/2019\/09\/Before2-1-1024x512.jpg 1024w\" sizes=\"auto, (max-width: 1200px) 100vw, 1200px\" \/>   <\/div><\/div>[\/vc_column][vc_column width=\u00bb1\/2&#8243;]<div class=\"grve-element grve-image grve-align-center\" style=\"\">  <div class=\"grve-image-wrapper\"><img loading=\"lazy\" decoding=\"async\" width=\"1200\" height=\"600\" src=\"https:\/\/center4smiles.com\/wp-content\/uploads\/2019\/09\/After2-1.jpg\" class=\"attachment-full size-full\" alt=\"Despu\u00e9s de una sonrisa gomosa 2\" srcset=\"https:\/\/center4smiles.com\/wp-content\/uploads\/2019\/09\/After2-1.jpg 1200w, https:\/\/center4smiles.com\/wp-content\/uploads\/2019\/09\/After2-1-300x150.jpg 300w, https:\/\/center4smiles.com\/wp-content\/uploads\/2019\/09\/After2-1-768x384.jpg 768w, https:\/\/center4smiles.com\/wp-content\/uploads\/2019\/09\/After2-1-1024x512.jpg 1024w\" sizes=\"auto, (max-width: 1200px) 100vw, 1200px\" \/>   <\/div><\/div>[\/vc_column][\/vc_row][vc_row bg_type=\u00bbcolor\u00bb bg_color=\u00bb#10b8e0&#8243;][vc_column width=\u00bb3\/4&#8243;][vc_custom_heading text=\u00bbPara aprender m\u00e1s sobre la correcci\u00f3n de la sonrisa gomosa\u00bb font_container=\u00bbtag:h3|text_align:center|color:%23ffffff\u00bb use_theme_fonts=\u00bbyes\u00bb][\/vc_column][vc_column width=\u00bb1\/4&#8243;]<div class=\"grve-element grve-align-left\"><a href=\"http:\/\/center4smiles.dragonetdesign.com\/es\/principal\/servicios\/correccion-de-sonrisa-gomosa\/\" title=\"Correcci\u00f3n de sonrisa gomosa\" class=\"grve-btn grve-btn-medium grve-square grve-bg-black grve-bg-hover-white aboutbtn\"><span>Haga clic aqu\u00ed<\/span><\/a><\/div>[\/vc_column][\/vc_row][vc_row][vc_column]<div class=\"grve-empty-space grve-height-1x\" style=\"\"><\/div>[\/vc_column][\/vc_row]<\/p>\n<\/div>","protected":false},"excerpt":{"rendered":"<p>[vc_row padding_top_multiplier=\u00bb2x\u00bb][vc_column width=\u00bb1\/2&#8243;][\/vc_column][vc_column width=\u00bb1\/2&#8243;][vc_column_text] Correcci\u00f3n de sonrisa gomosa La paciente no estaba contenta con su sonrisa gomosa. Ella decidi\u00f3 someterse a un procedimiento de correcci\u00f3n de sonrisa gomosa. No hace falta decir que el cambio fue extremadamente dram\u00e1tico. No solo tuvo una hermosa sonrisa despu\u00e9s del procedimiento, su sonrisa tambi\u00e9n mejor\u00f3 sus rasgos faciales con [&hellip;]<\/p>\n","protected":false},"author":1,"featured_media":0,"parent":986,"menu_order":0,"comment_status":"closed","ping_status":"closed","template":"","meta":{"footnotes":""},"class_list":["post-1479","page","type-page","status-publish","hentry"],"yoast_head":"<!-- This site is optimized with the Yoast SEO plugin v25.4 - https:\/\/yoast.com\/wordpress\/plugins\/seo\/ -->\n<title>Galer\u00eda de fotos de correcci\u00f3n de sonrisa gomosa - Center 4 Smiles<\/title>\n<meta name=\"description\" content=\"Galer\u00eda de fotos de correcci\u00f3n de sonrisa gomosa de pacientes completamente satisfechos antes y despu\u00e9s de su procedimiento en el centro 4 sonrisas\" \/>\n<meta name=\"robots\" content=\"index, follow, max-snippet:-1, max-image-preview:large, max-video-preview:-1\" \/>\n<link rel=\"canonical\" href=\"https:\/\/center4smiles.com\/es\/principal\/galeria-de-la-sonrisa\/risa-contagiosa\/\" \/>\n<meta property=\"og:locale\" content=\"es_ES\" \/>\n<meta property=\"og:type\" content=\"article\" \/>\n<meta property=\"og:title\" content=\"Galer\u00eda de fotos de correcci\u00f3n de sonrisa gomosa - Center 4 Smiles\" \/>\n<meta property=\"og:description\" content=\"Galer\u00eda de fotos de correcci\u00f3n de sonrisa gomosa de pacientes completamente satisfechos antes y despu\u00e9s de su procedimiento en el centro 4 sonrisas\" \/>\n<meta property=\"og:url\" content=\"https:\/\/center4smiles.com\/es\/principal\/galeria-de-la-sonrisa\/risa-contagiosa\/\" \/>\n<meta property=\"og:site_name\" content=\"Center 4 Smiles\" \/>\n<meta property=\"article:modified_time\" content=\"2019-10-04T19:19:06+00:00\" \/>\n<meta name=\"twitter:card\" content=\"summary_large_image\" \/>\n<meta name=\"twitter:label1\" content=\"Tiempo de lectura\" \/>\n\t<meta name=\"twitter:data1\" content=\"2 minutos\" \/>\n<script type=\"application\/ld+json\" class=\"yoast-schema-graph\">{\"@context\":\"https:\/\/schema.org\",\"@graph\":[{\"@type\":\"WebPage\",\"@id\":\"https:\/\/center4smiles.com\/es\/principal\/galeria-de-la-sonrisa\/risa-contagiosa\/\",\"url\":\"https:\/\/center4smiles.com\/es\/principal\/galeria-de-la-sonrisa\/risa-contagiosa\/\",\"name\":\"Galer\u00eda de fotos de correcci\u00f3n de sonrisa gomosa - Center 4 Smiles\",\"isPartOf\":{\"@id\":\"https:\/\/center4smiles.com\/es\/#website\"},\"datePublished\":\"2019-09-26T17:16:01+00:00\",\"dateModified\":\"2019-10-04T19:19:06+00:00\",\"description\":\"Galer\u00eda de fotos de correcci\u00f3n de sonrisa gomosa de pacientes completamente satisfechos antes y despu\u00e9s de su procedimiento en el centro 4 sonrisas\",\"breadcrumb\":{\"@id\":\"https:\/\/center4smiles.com\/es\/principal\/galeria-de-la-sonrisa\/risa-contagiosa\/#breadcrumb\"},\"inLanguage\":\"es\",\"potentialAction\":[{\"@type\":\"ReadAction\",\"target\":[\"https:\/\/center4smiles.com\/es\/principal\/galeria-de-la-sonrisa\/risa-contagiosa\/\"]}]},{\"@type\":\"BreadcrumbList\",\"@id\":\"https:\/\/center4smiles.com\/es\/principal\/galeria-de-la-sonrisa\/risa-contagiosa\/#breadcrumb\",\"itemListElement\":[{\"@type\":\"ListItem\",\"position\":1,\"name\":\"Home\",\"item\":\"https:\/\/center4smiles.com\/es\/principal\/\"},{\"@type\":\"ListItem\",\"position\":2,\"name\":\"Principal\",\"item\":\"https:\/\/center4smiles.com\/es\/principal\/\"},{\"@type\":\"ListItem\",\"position\":3,\"name\":\"Galer\u00eda de la sonrisa\",\"item\":\"https:\/\/center4smiles.com\/es\/principal\/galeria-de-la-sonrisa\/\"},{\"@type\":\"ListItem\",\"position\":4,\"name\":\"Sonrisa gomosa\"}]},{\"@type\":\"WebSite\",\"@id\":\"https:\/\/center4smiles.com\/es\/#website\",\"url\":\"https:\/\/center4smiles.com\/es\/\",\"name\":\"Center 4 Smiles\",\"description\":\"Dental Implants &amp; Specialty Center\",\"potentialAction\":[{\"@type\":\"SearchAction\",\"target\":{\"@type\":\"EntryPoint\",\"urlTemplate\":\"https:\/\/center4smiles.com\/es\/?s={search_term_string}\"},\"query-input\":{\"@type\":\"PropertyValueSpecification\",\"valueRequired\":true,\"valueName\":\"search_term_string\"}}],\"inLanguage\":\"es\"}]}<\/script>\n<!-- \/ Yoast SEO plugin. -->","yoast_head_json":{"title":"Galer\u00eda de fotos de correcci\u00f3n de sonrisa gomosa - Center 4 Smiles","description":"Galer\u00eda de fotos de correcci\u00f3n de sonrisa gomosa de pacientes completamente satisfechos antes y despu\u00e9s de su procedimiento en el centro 4 sonrisas","robots":{"index":"index","follow":"follow","max-snippet":"max-snippet:-1","max-image-preview":"max-image-preview:large","max-video-preview":"max-video-preview:-1"},"canonical":"https:\/\/center4smiles.com\/es\/principal\/galeria-de-la-sonrisa\/risa-contagiosa\/","og_locale":"es_ES","og_type":"article","og_title":"Galer\u00eda de fotos de correcci\u00f3n de sonrisa gomosa - Center 4 Smiles","og_description":"Galer\u00eda de fotos de correcci\u00f3n de sonrisa gomosa de pacientes completamente satisfechos antes y despu\u00e9s de su procedimiento en el centro 4 sonrisas","og_url":"https:\/\/center4smiles.com\/es\/principal\/galeria-de-la-sonrisa\/risa-contagiosa\/","og_site_name":"Center 4 Smiles","article_modified_time":"2019-10-04T19:19:06+00:00","twitter_card":"summary_large_image","twitter_misc":{"Tiempo de lectura":"2 minutos"},"schema":{"@context":"https:\/\/schema.org","@graph":[{"@type":"WebPage","@id":"https:\/\/center4smiles.com\/es\/principal\/galeria-de-la-sonrisa\/risa-contagiosa\/","url":"https:\/\/center4smiles.com\/es\/principal\/galeria-de-la-sonrisa\/risa-contagiosa\/","name":"Galer\u00eda de fotos de correcci\u00f3n de sonrisa gomosa - Center 4 Smiles","isPartOf":{"@id":"https:\/\/center4smiles.com\/es\/#website"},"datePublished":"2019-09-26T17:16:01+00:00","dateModified":"2019-10-04T19:19:06+00:00","description":"Galer\u00eda de fotos de correcci\u00f3n de sonrisa gomosa de pacientes completamente satisfechos antes y despu\u00e9s de su procedimiento en el centro 4 sonrisas","breadcrumb":{"@id":"https:\/\/center4smiles.com\/es\/principal\/galeria-de-la-sonrisa\/risa-contagiosa\/#breadcrumb"},"inLanguage":"es","potentialAction":[{"@type":"ReadAction","target":["https:\/\/center4smiles.com\/es\/principal\/galeria-de-la-sonrisa\/risa-contagiosa\/"]}]},{"@type":"BreadcrumbList","@id":"https:\/\/center4smiles.com\/es\/principal\/galeria-de-la-sonrisa\/risa-contagiosa\/#breadcrumb","itemListElement":[{"@type":"ListItem","position":1,"name":"Home","item":"https:\/\/center4smiles.com\/es\/principal\/"},{"@type":"ListItem","position":2,"name":"Principal","item":"https:\/\/center4smiles.com\/es\/principal\/"},{"@type":"ListItem","position":3,"name":"Galer\u00eda de la sonrisa","item":"https:\/\/center4smiles.com\/es\/principal\/galeria-de-la-sonrisa\/"},{"@type":"ListItem","position":4,"name":"Sonrisa gomosa"}]},{"@type":"WebSite","@id":"https:\/\/center4smiles.com\/es\/#website","url":"https:\/\/center4smiles.com\/es\/","name":"Center 4 Smiles","description":"Dental Implants &amp; Specialty Center","potentialAction":[{"@type":"SearchAction","target":{"@type":"EntryPoint","urlTemplate":"https:\/\/center4smiles.com\/es\/?s={search_term_string}"},"query-input":{"@type":"PropertyValueSpecification","valueRequired":true,"valueName":"search_term_string"}}],"inLanguage":"es"}]}},"_links":{"self":[{"href":"https:\/\/center4smiles.com\/es\/wp-json\/wp\/v2\/pages\/1479","targetHints":{"allow":["GET"]}}],"collection":[{"href":"https:\/\/center4smiles.com\/es\/wp-json\/wp\/v2\/pages"}],"about":[{"href":"https:\/\/center4smiles.com\/es\/wp-json\/wp\/v2\/types\/page"}],"author":[{"embeddable":true,"href":"https:\/\/center4smiles.com\/es\/wp-json\/wp\/v2\/users\/1"}],"replies":[{"embeddable":true,"href":"https:\/\/center4smiles.com\/es\/wp-json\/wp\/v2\/comments?post=1479"}],"version-history":[{"count":6,"href":"https:\/\/center4smiles.com\/es\/wp-json\/wp\/v2\/pages\/1479\/revisions"}],"predecessor-version":[{"id":2428,"href":"https:\/\/center4smiles.com\/es\/wp-json\/wp\/v2\/pages\/1479\/revisions\/2428"}],"up":[{"embeddable":true,"href":"https:\/\/center4smiles.com\/es\/wp-json\/wp\/v2\/pages\/986"}],"wp:attachment":[{"href":"https:\/\/center4smiles.com\/es\/wp-json\/wp\/v2\/media?parent=1479"}],"curies":[{"name":"wp","href":"https:\/\/api.w.org\/{rel}","templated":true}]}}