{"id":1082,"date":"2019-09-25T20:17:04","date_gmt":"2019-09-25T20:17:04","guid":{"rendered":"https:\/\/center4smiles.com\/politica-de-privacidad\/"},"modified":"2019-09-25T20:17:04","modified_gmt":"2019-09-25T20:17:04","slug":"politica-de-privacidad","status":"publish","type":"page","link":"https:\/\/center4smiles.com\/es\/politica-de-privacidad\/","title":{"rendered":"Pol\u00edtica de privacidad"},"content":{"rendered":"<h1><\/h1>\n<h1>Bienvenido a nuestra pol\u00edtica de privacidad<\/h1>\n<h3>Su privacidad es de vital importancia para nosotros.<\/h3>\n<p>Center 4 Smiles est\u00e1 ubicado en:<\/p>\n<address>Centro 4 sonrisas<br \/>\n9291 Glades Rd Boca Raton<br \/>\n33434 &#8211; Florida, Estados Unidos<br \/>\n5614777171<\/address>\n<p>La pol\u00edtica de Center 4 Smiles es respetar su privacidad con respecto a cualquier informaci\u00f3n que podamos recopilar mientras opera nuestro sitio web. Esta Pol\u00edtica de privacidad se aplica a https:\/\/center4smiles.com (en adelante, \u00abnosotros\u00bb, \u00abnosotros\u00bb o \u00abhttps:\/\/center4smiles.com\u00bb). Respetamos su privacidad y estamos comprometidos a proteger la informaci\u00f3n de identificaci\u00f3n personal que nos puede proporcionar a trav\u00e9s del sitio web. Hemos adoptado esta pol\u00edtica de privacidad (\u00abPol\u00edtica de privacidad\u00bb) para explicar qu\u00e9 informaci\u00f3n se puede recopilar en nuestro sitio web, c\u00f3mo usamos esta informaci\u00f3n y en qu\u00e9 circunstancias podemos divulgar la informaci\u00f3n a terceros. Esta Pol\u00edtica de privacidad se aplica solo a la informaci\u00f3n que recopilamos a trav\u00e9s del sitio web y no se aplica a nuestra recopilaci\u00f3n de informaci\u00f3n de otras fuentes.<\/p>\n<p>Esta Pol\u00edtica de privacidad, junto con los T\u00e9rminos y condiciones publicados en nuestro sitio web, establecen las reglas y pol\u00edticas generales que rigen el uso de nuestro sitio web. Dependiendo de sus actividades cuando visite nuestro sitio web, es posible que deba aceptar t\u00e9rminos y condiciones adicionales.<\/p>\n<h2>Visitantes del sitio web<\/h2>\n<p>Al igual que la mayor\u00eda de los operadores de sitios web, Center 4 Smiles recopila informaci\u00f3n de identificaci\u00f3n no personal del tipo que los navegadores web y servidores suelen poner a disposici\u00f3n, como el tipo de navegador, la preferencia de idioma, el sitio de referencia y la fecha y hora de cada solicitud de visitante. El prop\u00f3sito de Center 4 Smiles al recopilar informaci\u00f3n de identificaci\u00f3n no personal es comprender mejor c\u00f3mo los visitantes de Center 4 Smiles usan su sitio web. De vez en cuando, Center 4 Smiles puede divulgar informaci\u00f3n de identificaci\u00f3n no personal en conjunto, por ejemplo, mediante la publicaci\u00f3n de un informe sobre las tendencias en el uso de su sitio web.<\/p>\n<p>Center 4 Smiles tambi\u00e9n recopila informaci\u00f3n de identificaci\u00f3n personal como direcciones de Protocolo de Internet (IP) para usuarios registrados y para usuarios que dejan comentarios en las publicaciones del blog https:\/\/center4smiles.com. Center 4 Smiles solo divulga las direcciones IP de los usuarios registrados y comentaristas en las mismas circunstancias que usa y revela informaci\u00f3n de identificaci\u00f3n personal como se describe a continuaci\u00f3n.<\/p>\n<h2>Recopilaci\u00f3n de informaci\u00f3n de identificaci\u00f3n personal<\/h2>\n<p>Ciertos visitantes de los sitios web de Center 4 Smiles eligen interactuar con Center 4 Smiles de manera que requieren que Center 4 Smiles recopile informaci\u00f3n de identificaci\u00f3n personal. La cantidad y el tipo de informaci\u00f3n que recopila Center 4 Smiles depende de la naturaleza de la interacci\u00f3n. Por ejemplo, pedimos a los visitantes que se registran en un blog en https:\/\/center4smiles.com que proporcionen un nombre de usuario y una direcci\u00f3n de correo electr\u00f3nico.<\/p>\n<h2>Seguridad<\/h2>\n<p>La seguridad de su informaci\u00f3n personal es importante para nosotros, pero recuerde que ning\u00fan m\u00e9todo de transmisi\u00f3n por Internet o m\u00e9todo de almacenamiento electr\u00f3nico es 100% seguro. Si bien nos esforzamos por utilizar medios comercialmente aceptables para proteger su informaci\u00f3n personal, no podemos garantizar su seguridad absoluta.<\/p>\n<h2>Anuncios<\/h2>\n<p>Los anuncios que aparecen en nuestro sitio web pueden ser entregados a los usuarios por socios publicitarios, quienes pueden establecer cookies. Estas cookies permiten que el servidor de anuncios reconozca su computadora cada vez que le env\u00edan un anuncio en l\u00ednea para recopilar informaci\u00f3n sobre usted u otras personas que usan su computadora. Esta informaci\u00f3n permite a las redes publicitarias, entre otras cosas, entregar anuncios dirigidos que creen que ser\u00e1n de mayor inter\u00e9s para usted. Esta Pol\u00edtica de privacidad cubre el uso de cookies por parte de Center 4 Smiles y no cubre el uso de cookies por parte de ning\u00fan anunciante.<\/p>\n<h2>Enlaces a sitios externos<\/h2>\n<p>Nuestro servicio puede contener enlaces a sitios externos que no son operados por nosotros. Si hace clic en un enlace de un tercero, se lo dirigir\u00e1 al sitio de ese tercero. Le recomendamos encarecidamente que revise la Pol\u00edtica de privacidad y los t\u00e9rminos y condiciones de cada sitio que visite.<\/p>\n<p>No tenemos control ni asumimos ninguna responsabilidad por el contenido, las pol\u00edticas de privacidad o las pr\u00e1cticas de sitios, productos o servicios de terceros.<\/p>\n<h2>Estad\u00edsticas agregadas<\/h2>\n<p>Center 4 Smiles puede recopilar estad\u00edsticas sobre el comportamiento de los visitantes de su sitio web. Center 4 Smiles puede mostrar esta informaci\u00f3n p\u00fablicamente o proporcionarla a otros. Sin embargo, Center 4 Smiles no revela su informaci\u00f3n de identificaci\u00f3n personal.<\/p>\n<h2>Galletas<\/h2>\n<p>Para enriquecer y perfeccionar su experiencia en l\u00ednea, Center 4 Smiles utiliza \u00abCookies\u00bb, tecnolog\u00edas y servicios similares proporcionados por otros para mostrar contenido personalizado, publicidad adecuada y almacenar sus preferencias en su computadora.<\/p>\n<p>Una cookie es una cadena de informaci\u00f3n que un sitio web almacena en la computadora de un visitante y que el navegador del visitante proporciona al sitio web cada vez que el visitante regresa. Center 4 Smiles utiliza cookies para ayudar a Center 4 Smiles a identificar y rastrear a los visitantes, su uso de https:\/\/center4smiles.com y sus preferencias de acceso al sitio web. Los visitantes de Center 4 Smiles que no deseen que se coloquen cookies en sus computadoras deben configurar sus navegadores para rechazar las cookies antes de usar los sitios web de Center 4 Smiles, con el inconveniente de que ciertas caracter\u00edsticas de los sitios web de Center 4 Smiles pueden no funcionar correctamente sin la ayuda de las cookies.<\/p>\n<p>Al continuar navegando en nuestro sitio web sin cambiar la configuraci\u00f3n de cookies, usted reconoce y acepta el uso de cookies de Center 4 Smiles.<\/p>\n<h2>Cambios en la pol\u00edtica de privacidad<\/h2>\n<p>Aunque es probable que la mayor\u00eda de los cambios sean menores, Center 4 Smiles puede cambiar su Pol\u00edtica de privacidad de vez en cuando, y a exclusivo criterio de Center 4 Smiles. Center 4 Smiles alienta a los visitantes a consultar con frecuencia esta p\u00e1gina para ver si hay cambios en su Pol\u00edtica de privacidad. El uso continuado de este sitio despu\u00e9s de cualquier cambio en esta Pol\u00edtica de privacidad constituir\u00e1 su aceptaci\u00f3n de dicho cambio.<\/p>\n<h2>Im\u00e1genes del paciente<\/h2>\n<p>Se obtuvo el permiso del paciente para ilustrar una foto facial completa de todas las fotos que aparecen en nuestro sitio.<\/p>\n","protected":false},"excerpt":{"rendered":"<p>Bienvenido a nuestra pol\u00edtica de privacidad Su privacidad es de vital importancia para nosotros. Center 4 Smiles est\u00e1 ubicado en: Centro 4 sonrisas 9291 Glades Rd Boca Raton 33434 &#8211; Florida, Estados Unidos 5614777171 La pol\u00edtica de Center 4 Smiles es respetar su privacidad con respecto a cualquier informaci\u00f3n que podamos recopilar mientras opera nuestro [&hellip;]<\/p>\n","protected":false},"author":1,"featured_media":0,"parent":0,"menu_order":0,"comment_status":"closed","ping_status":"open","template":"","meta":{"footnotes":""},"class_list":["post-1082","page","type-page","status-publish","hentry"],"yoast_head":"<!-- This site is optimized with the Yoast SEO plugin v25.4 - https:\/\/yoast.com\/wordpress\/plugins\/seo\/ -->\n<title>Pol\u00edtica de privacidad - Center 4 Smiles<\/title>\n<meta name=\"robots\" content=\"index, follow, max-snippet:-1, max-image-preview:large, max-video-preview:-1\" \/>\n<link rel=\"canonical\" href=\"https:\/\/center4smiles.com\/es\/politica-de-privacidad\/\" \/>\n<meta property=\"og:locale\" content=\"es_ES\" \/>\n<meta property=\"og:type\" content=\"article\" \/>\n<meta property=\"og:title\" content=\"Pol\u00edtica de privacidad - Center 4 Smiles\" \/>\n<meta property=\"og:description\" content=\"Bienvenido a nuestra pol\u00edtica de privacidad Su privacidad es de vital importancia para nosotros. Center 4 Smiles est\u00e1 ubicado en: Centro 4 sonrisas 9291 Glades Rd Boca Raton 33434 &#8211; Florida, Estados Unidos 5614777171 La pol\u00edtica de Center 4 Smiles es respetar su privacidad con respecto a cualquier informaci\u00f3n que podamos recopilar mientras opera nuestro [&hellip;]\" \/>\n<meta property=\"og:url\" content=\"https:\/\/center4smiles.com\/es\/politica-de-privacidad\/\" \/>\n<meta property=\"og:site_name\" content=\"Center 4 Smiles\" \/>\n<meta name=\"twitter:card\" content=\"summary_large_image\" \/>\n<meta name=\"twitter:label1\" content=\"Tiempo de lectura\" \/>\n\t<meta name=\"twitter:data1\" content=\"5 minutos\" \/>\n<script type=\"application\/ld+json\" class=\"yoast-schema-graph\">{\"@context\":\"https:\/\/schema.org\",\"@graph\":[{\"@type\":\"WebPage\",\"@id\":\"https:\/\/center4smiles.com\/es\/politica-de-privacidad\/\",\"url\":\"https:\/\/center4smiles.com\/es\/politica-de-privacidad\/\",\"name\":\"Pol\u00edtica de privacidad - Center 4 Smiles\",\"isPartOf\":{\"@id\":\"https:\/\/center4smiles.com\/es\/#website\"},\"datePublished\":\"2019-09-25T20:17:04+00:00\",\"breadcrumb\":{\"@id\":\"https:\/\/center4smiles.com\/es\/politica-de-privacidad\/#breadcrumb\"},\"inLanguage\":\"es\",\"potentialAction\":[{\"@type\":\"ReadAction\",\"target\":[\"https:\/\/center4smiles.com\/es\/politica-de-privacidad\/\"]}]},{\"@type\":\"BreadcrumbList\",\"@id\":\"https:\/\/center4smiles.com\/es\/politica-de-privacidad\/#breadcrumb\",\"itemListElement\":[{\"@type\":\"ListItem\",\"position\":1,\"name\":\"Home\",\"item\":\"https:\/\/center4smiles.com\/es\/principal\/\"},{\"@type\":\"ListItem\",\"position\":2,\"name\":\"Pol\u00edtica de privacidad\"}]},{\"@type\":\"WebSite\",\"@id\":\"https:\/\/center4smiles.com\/es\/#website\",\"url\":\"https:\/\/center4smiles.com\/es\/\",\"name\":\"Center 4 Smiles\",\"description\":\"Dental Implants &amp; Specialty Center\",\"potentialAction\":[{\"@type\":\"SearchAction\",\"target\":{\"@type\":\"EntryPoint\",\"urlTemplate\":\"https:\/\/center4smiles.com\/es\/?s={search_term_string}\"},\"query-input\":{\"@type\":\"PropertyValueSpecification\",\"valueRequired\":true,\"valueName\":\"search_term_string\"}}],\"inLanguage\":\"es\"}]}<\/script>\n<!-- \/ Yoast SEO plugin. -->","yoast_head_json":{"title":"Pol\u00edtica de privacidad - Center 4 Smiles","robots":{"index":"index","follow":"follow","max-snippet":"max-snippet:-1","max-image-preview":"max-image-preview:large","max-video-preview":"max-video-preview:-1"},"canonical":"https:\/\/center4smiles.com\/es\/politica-de-privacidad\/","og_locale":"es_ES","og_type":"article","og_title":"Pol\u00edtica de privacidad - Center 4 Smiles","og_description":"Bienvenido a nuestra pol\u00edtica de privacidad Su privacidad es de vital importancia para nosotros. Center 4 Smiles est\u00e1 ubicado en: Centro 4 sonrisas 9291 Glades Rd Boca Raton 33434 &#8211; Florida, Estados Unidos 5614777171 La pol\u00edtica de Center 4 Smiles es respetar su privacidad con respecto a cualquier informaci\u00f3n que podamos recopilar mientras opera nuestro [&hellip;]","og_url":"https:\/\/center4smiles.com\/es\/politica-de-privacidad\/","og_site_name":"Center 4 Smiles","twitter_card":"summary_large_image","twitter_misc":{"Tiempo de lectura":"5 minutos"},"schema":{"@context":"https:\/\/schema.org","@graph":[{"@type":"WebPage","@id":"https:\/\/center4smiles.com\/es\/politica-de-privacidad\/","url":"https:\/\/center4smiles.com\/es\/politica-de-privacidad\/","name":"Pol\u00edtica de privacidad - Center 4 Smiles","isPartOf":{"@id":"https:\/\/center4smiles.com\/es\/#website"},"datePublished":"2019-09-25T20:17:04+00:00","breadcrumb":{"@id":"https:\/\/center4smiles.com\/es\/politica-de-privacidad\/#breadcrumb"},"inLanguage":"es","potentialAction":[{"@type":"ReadAction","target":["https:\/\/center4smiles.com\/es\/politica-de-privacidad\/"]}]},{"@type":"BreadcrumbList","@id":"https:\/\/center4smiles.com\/es\/politica-de-privacidad\/#breadcrumb","itemListElement":[{"@type":"ListItem","position":1,"name":"Home","item":"https:\/\/center4smiles.com\/es\/principal\/"},{"@type":"ListItem","position":2,"name":"Pol\u00edtica de privacidad"}]},{"@type":"WebSite","@id":"https:\/\/center4smiles.com\/es\/#website","url":"https:\/\/center4smiles.com\/es\/","name":"Center 4 Smiles","description":"Dental Implants &amp; Specialty Center","potentialAction":[{"@type":"SearchAction","target":{"@type":"EntryPoint","urlTemplate":"https:\/\/center4smiles.com\/es\/?s={search_term_string}"},"query-input":{"@type":"PropertyValueSpecification","valueRequired":true,"valueName":"search_term_string"}}],"inLanguage":"es"}]}},"_links":{"self":[{"href":"https:\/\/center4smiles.com\/es\/wp-json\/wp\/v2\/pages\/1082","targetHints":{"allow":["GET"]}}],"collection":[{"href":"https:\/\/center4smiles.com\/es\/wp-json\/wp\/v2\/pages"}],"about":[{"href":"https:\/\/center4smiles.com\/es\/wp-json\/wp\/v2\/types\/page"}],"author":[{"embeddable":true,"href":"https:\/\/center4smiles.com\/es\/wp-json\/wp\/v2\/users\/1"}],"replies":[{"embeddable":true,"href":"https:\/\/center4smiles.com\/es\/wp-json\/wp\/v2\/comments?post=1082"}],"version-history":[{"count":0,"href":"https:\/\/center4smiles.com\/es\/wp-json\/wp\/v2\/pages\/1082\/revisions"}],"wp:attachment":[{"href":"https:\/\/center4smiles.com\/es\/wp-json\/wp\/v2\/media?parent=1082"}],"curies":[{"name":"wp","href":"https:\/\/api.w.org\/{rel}","templated":true}]}}